{"id":1497,"date":"2021-10-01T06:41:59","date_gmt":"2021-10-01T09:41:59","guid":{"rendered":"https:\/\/pofo.themezaa.com\/?page_id=1497"},"modified":"2025-05-30T16:10:19","modified_gmt":"2025-05-30T19:10:19","slug":"home","status":"publish","type":"page","link":"https:\/\/oruralcomopaisagem.com.br\/atlas\/","title":{"rendered":"Home"},"content":{"rendered":"<section class=\"vc_row wpb_row vc_row-fluid  vc_custom_1637003436423\"><div class=\"wpb_column vc_column_container vc_col-sm-12  col-xs-mobile-fullwidth\"><div class=\"vc_column-inner vc_custom_1637003419433\"><div class=\"wpb_wrapper\">[vc_raw_html css=&#8221;.vc_custom_1652406811142{padding-top: 0px !important;padding-right: 0px !important;padding-bottom: 0px !important;padding-left: 0px !important;}&#8221;]JTVCaW5jbHVkZW1lJTIwZmlsZSUzRCUyMiUyRm1hcGFzJTJGbWFwYS1yai1ob21lLmh0bWwlMjIlNUQ=[\/vc_raw_html]<\/div><\/div><\/div><\/section><section data-vc-full-width=\"true\" data-vc-full-width-init=\"false\" class=\"vc_row wpb_row vc_row-fluid  vc_custom_1637004045098 wow fadeIn pofo-stretch-content pofo-stretch-row-container pofo-row-responsive-69d960ac07c77\"><div class=\"wpb_column vc_column_container vc_col-sm-6 vc_col-lg-4 vc_col-md-6 vc_col-xs-12 wow fadeInUp pofo-column-responsive-69d960ac07cde\"><div class=\"vc_column-inner vc_custom_1509533711722\"><div class=\"wpb_wrapper\"><div class=\"featurebox5 pofo-featurebox feature-box-5 position-relative featurebox5-1\" ><a class=\"feature-image-link\" href=\"https:\/\/oruralcomopaisagem.com.br\/atlas\/aguas-do-noroeste\/\"><img decoding=\"async\" src=\"https:\/\/oruralcomopaisagem.com.br\/atlas\/wp-content\/uploads\/2021\/10\/icon-rts-aguas-noroeste.svg\" alt=\"\u00c1guas do Noroeste\" class=\"icon-image\" style=\"max-width: 50px;\"\/><\/a><div class=\"feature-content\"><div class=\"text-extra-dark-gray margin-5px-bottom alt-font font-weight-600\"><a class=\"feature-title-link text-extra-dark-gray\" href=\"https:\/\/oruralcomopaisagem.com.br\/atlas\/aguas-do-noroeste\/\">\u00c1guas do Noroeste<\/a><\/div><div class=\"last-paragraph-no-margin\"><p><a class=\"text-black-hover\" href=\"aguas-do-noroeste\/\">A regi\u00e3o tur\u00edstica \u00c1guas do Noroeste \u00e9 formada pelos munic\u00edpios de Aperib\u00e9, Bom Jesus do Itabapoana, Cambuci, Italva, Itaocara\u2026 [ + ]<\/a><\/p>\n<\/div><\/div><\/div><\/div><\/div><\/div><div class=\"wpb_column vc_column_container vc_col-sm-6 vc_col-lg-4 vc_col-md-6 vc_col-xs-12 wow fadeInUp pofo-column-responsive-69d960ac082c7\" data-wow-delay= 200ms><div class=\"vc_column-inner vc_custom_1509533717955\"><div class=\"wpb_wrapper\"><div class=\"featurebox5 pofo-featurebox feature-box-5 position-relative featurebox5-2\" ><a class=\"feature-image-link\" href=\"https:\/\/oruralcomopaisagem.com.br\/atlas\/agulhas-negras\/\"><img decoding=\"async\" src=\"https:\/\/oruralcomopaisagem.com.br\/atlas\/wp-content\/uploads\/2021\/10\/icon-rts-agulhas-negras.svg\" alt=\"Agulhas Negras\" class=\"icon-image\" style=\"max-width: 60px;\"\/><\/a><div class=\"feature-content\"><div class=\"text-extra-dark-gray margin-5px-bottom alt-font font-weight-600\"><a class=\"feature-title-link text-extra-dark-gray\" href=\"https:\/\/oruralcomopaisagem.com.br\/atlas\/agulhas-negras\/\">Agulhas Negras<\/a><\/div><div class=\"last-paragraph-no-margin\"><p><a class=\"text-black-hover\" href=\"agulhas-negras\/\">Aenean vitae magna convallis, iaculis mi non, aliquet justo. Curabitur arcu eros, feugiat eu lorem ut, pulvinar aliquam nunc. Suspendisse et nulla eget leo vestibulum convallis&#8230;<\/a><\/p>\n<\/div><\/div><\/div><\/div><\/div><\/div><div class=\"wpb_column vc_column_container vc_col-sm-6 vc_col-lg-4 vc_col-md-6 vc_col-xs-12 md-clear-both wow fadeInUp pofo-column-responsive-69d960ac0853a\" data-wow-delay= 400ms data-clear-both=\"md-clear-both\"><div class=\"vc_column-inner vc_custom_1748631211167\"><div class=\"wpb_wrapper\"><div class=\"featurebox5 pofo-featurebox feature-box-5 position-relative featurebox5-3\" ><a class=\"feature-image-link\" href=\"https:\/\/oruralcomopaisagem.com.br\/atlas\/caminhos-coloniais\/\"><img decoding=\"async\" src=\"https:\/\/oruralcomopaisagem.com.br\/atlas\/wp-content\/uploads\/2025\/05\/icon-rts-caminhos-coloniais-2.svg\" alt=\"Caminhos Coloniais\" class=\"icon-image\" style=\"max-width: 60px;\"\/><\/a><div class=\"feature-content\"><div class=\"text-extra-dark-gray margin-5px-bottom alt-font font-weight-600\"><a class=\"feature-title-link text-extra-dark-gray\" href=\"https:\/\/oruralcomopaisagem.com.br\/atlas\/caminhos-coloniais\/\">Caminhos Coloniais<\/a><\/div><div class=\"last-paragraph-no-margin\"><p><a class=\"text-black-hover\" href=\"caminhos-coloniais\/\">Aenean vitae magna convallis, iaculis mi non, aliquet justo. Curabitur arcu eros, feugiat eu lorem ut, pulvinar aliquam nunc. Suspendisse et nulla eget leo vestibulum convallis&#8230;<\/a><\/p>\n<\/div><\/div><\/div><\/div><\/div><\/div><div class=\"wpb_column vc_column_container vc_col-sm-6 vc_col-lg-4 vc_col-md-6 vc_col-xs-12 clear-both md-clear-none wow fadeInUp pofo-column-responsive-69d960ac08817\" data-wow-delay= 600ms data-clear-both=\"clear-both md-clear-none\"><div class=\"vc_column-inner vc_custom_1748631219464\"><div class=\"wpb_wrapper\"><div class=\"featurebox5 pofo-featurebox feature-box-5 position-relative featurebox5-4\" ><a class=\"feature-image-link\" href=\"https:\/\/oruralcomopaisagem.com.br\/atlas\/caminhos-da-mata\/\"><img decoding=\"async\" src=\"https:\/\/oruralcomopaisagem.com.br\/atlas\/wp-content\/uploads\/2021\/10\/icon-rts-caminhos-mata.svg\" alt=\"Caminhos da Mata\" class=\"icon-image\" style=\"max-width: 60px;\"\/><\/a><div class=\"feature-content\"><div class=\"text-extra-dark-gray margin-5px-bottom alt-font font-weight-600\"><a class=\"feature-title-link text-extra-dark-gray\" href=\"https:\/\/oruralcomopaisagem.com.br\/atlas\/caminhos-da-mata\/\">Caminhos da Mata<\/a><\/div><div class=\"last-paragraph-no-margin\"><p><a class=\"text-black-hover\" href=\"caminhos-da-mata\/\">Aenean vitae magna convallis, iaculis mi non, aliquet justo. Curabitur arcu eros, feugiat eu lorem ut, pulvinar aliquam nunc. Suspendisse et nulla eget leo vestibulum convallis&#8230;<\/a><\/p>\n<\/div><\/div><\/div><\/div><\/div><\/div><div class=\"wpb_column vc_column_container vc_col-sm-6 vc_col-lg-4 vc_col-md-6 vc_col-xs-12 md-clear-both wow fadeInUp pofo-column-responsive-69d960ac089ee\" data-wow-delay= 800ms data-clear-both=\"md-clear-both\"><div class=\"vc_column-inner vc_custom_1748631227667\"><div class=\"wpb_wrapper\"><div class=\"featurebox5 pofo-featurebox feature-box-5 position-relative featurebox5-5\" ><a class=\"feature-image-link\" href=\"https:\/\/oruralcomopaisagem.com.br\/atlas\/costa-do-sol\/\"><img decoding=\"async\" src=\"https:\/\/oruralcomopaisagem.com.br\/atlas\/wp-content\/uploads\/2021\/10\/icon-rts-costa-sol.svg\" alt=\"Costa do Sol\" class=\"icon-image\" style=\"max-width: 60px;\"\/><\/a><div class=\"feature-content\"><div class=\"text-extra-dark-gray margin-5px-bottom alt-font font-weight-600\"><a class=\"feature-title-link text-extra-dark-gray\" href=\"https:\/\/oruralcomopaisagem.com.br\/atlas\/costa-do-sol\/\">Costa do Sol<\/a><\/div><div class=\"last-paragraph-no-margin\"><p><a class=\"text-black-hover\" href=\"costa-do-sol\/\">Aenean vitae magna convallis, iaculis mi non, aliquet justo. Curabitur arcu eros, feugiat eu lorem ut, pulvinar aliquam nunc. Suspendisse et nulla eget leo vestibulum convallis&#8230;<\/a><\/p>\n<\/div><\/div><\/div><\/div><\/div><\/div><div class=\"wpb_column vc_column_container vc_col-sm-6 vc_col-lg-4 vc_col-md-6 vc_col-xs-12 wow fadeInUp pofo-column-responsive-69d960ac08c17\" data-wow-delay= 1000ms><div class=\"vc_column-inner vc_custom_1748631234060\"><div class=\"wpb_wrapper\"><div class=\"featurebox5 pofo-featurebox feature-box-5 position-relative featurebox5-6\" ><a class=\"feature-image-link\" href=\"https:\/\/oruralcomopaisagem.com.br\/atlas\/costa-doce\/\"><img decoding=\"async\" src=\"https:\/\/oruralcomopaisagem.com.br\/atlas\/wp-content\/uploads\/2021\/10\/icon-rts-costa-doce.svg\" alt=\"Costa Doce\" class=\"icon-image\" style=\"max-width: 50px;\"\/><\/a><div class=\"feature-content\"><div class=\"text-extra-dark-gray margin-5px-bottom alt-font font-weight-600\"><a class=\"feature-title-link text-extra-dark-gray\" href=\"https:\/\/oruralcomopaisagem.com.br\/atlas\/costa-doce\/\">Costa Doce<\/a><\/div><div class=\"last-paragraph-no-margin\"><p><a class=\"text-black-hover\" href=\"costa-doce\/\">A regi\u00e3o tur\u00edstica da Costa Doce, formada pelos munic\u00edpios de Campos dos Goytacazes, Cardoso Moreira, S\u00e3o Fid\u00e9lis, S\u00e3o Francisco de Itabapoana e S\u00e3o Jo\u00e3o da Barra\u2026 [ + ]<\/a><\/p>\n<\/div><\/div><\/div><\/div><\/div><\/div><div class=\"wpb_column vc_column_container vc_col-sm-6 vc_col-lg-4 vc_col-md-6 vc_col-xs-12 clear-both md-clear-both wow fadeInUp pofo-column-responsive-69d960ac08e03\" data-wow-delay= 1200ms data-clear-both=\"clear-both md-clear-both\"><div class=\"vc_column-inner vc_custom_1748631240640\"><div class=\"wpb_wrapper\"><div class=\"featurebox5 pofo-featurebox feature-box-5 position-relative featurebox5-7\" ><a class=\"feature-image-link\" href=\"https:\/\/oruralcomopaisagem.com.br\/atlas\/costa-verde\/\"><img decoding=\"async\" src=\"https:\/\/oruralcomopaisagem.com.br\/atlas\/wp-content\/uploads\/2021\/10\/icon-rts-costa-verde.svg\" alt=\"Costa Verde\" class=\"icon-image\" style=\"max-width: 65px;\"\/><\/a><div class=\"feature-content\"><div class=\"text-extra-dark-gray margin-5px-bottom alt-font font-weight-600\"><a class=\"feature-title-link text-extra-dark-gray\" href=\"https:\/\/oruralcomopaisagem.com.br\/atlas\/costa-verde\/\">Costa Verde<\/a><\/div><div class=\"last-paragraph-no-margin\"><p><a class=\"text-black-hover\" href=\"costa-verde\/\">Aenean vitae magna convallis, iaculis mi non, aliquet justo. Curabitur arcu eros, feugiat eu lorem ut, pulvinar aliquam nunc. Suspendisse et nulla eget leo vestibulum convallis&#8230;<\/a><\/p>\n<\/div><\/div><\/div><\/div><\/div><\/div><div class=\"wpb_column vc_column_container vc_col-sm-6 vc_col-lg-4 vc_col-md-6 vc_col-xs-12 wow fadeInUp pofo-column-responsive-69d960ac08fe3\" data-wow-delay= 1400ms><div class=\"vc_column-inner vc_custom_1748631246635\"><div class=\"wpb_wrapper\"><div class=\"featurebox5 pofo-featurebox feature-box-5 position-relative featurebox5-8\" ><a class=\"feature-image-link\" href=\"https:\/\/oruralcomopaisagem.com.br\/atlas\/serra-verde-imperial\/\"><img decoding=\"async\" src=\"https:\/\/oruralcomopaisagem.com.br\/atlas\/wp-content\/uploads\/2021\/10\/icon-rts-serra-verde-imperial.svg\" alt=\"Serra Verde Imperial\" class=\"icon-image\" style=\"max-width: 60px;\"\/><\/a><div class=\"feature-content\"><div class=\"text-extra-dark-gray margin-5px-bottom alt-font font-weight-600\"><a class=\"feature-title-link text-extra-dark-gray\" href=\"https:\/\/oruralcomopaisagem.com.br\/atlas\/serra-verde-imperial\/\">Serra Verde Imperial<\/a><\/div><div class=\"last-paragraph-no-margin\"><p><a class=\"text-black-hover\" href=\"serra-verde-imperial\/\">A regi\u00e3o tur\u00edstica da Serra Verde Imperial \u00e9 formada pelos munic\u00edpios de Cachoeiras de Macacu, Guapimirim, Nova Friburgo, Petr\u00f3polis e Teres\u00f3polis\u2026 [ + ]<\/a><\/p>\n<\/div><\/div><\/div><\/div><\/div><\/div><div class=\"wpb_column vc_column_container vc_col-sm-6 vc_col-lg-4 vc_col-md-6 vc_col-xs-12 md-clear-both wow fadeInUp pofo-column-responsive-69d960ac091d5\" data-wow-delay= 1600ms data-clear-both=\"md-clear-both\"><div class=\"vc_column-inner vc_custom_1748631254940\"><div class=\"wpb_wrapper\"><div class=\"featurebox5 pofo-featurebox feature-box-5 position-relative featurebox5-9\" ><a class=\"feature-image-link\" href=\"https:\/\/oruralcomopaisagem.com.br\/atlas\/vale-do-cafe\/\"><img decoding=\"async\" src=\"https:\/\/oruralcomopaisagem.com.br\/atlas\/wp-content\/uploads\/2025\/05\/icon-rts-vale-cafe-2.svg\" alt=\"Vale do Caf\u00e9\" class=\"icon-image\" style=\"max-width: 50px;\"\/><\/a><div class=\"feature-content\"><div class=\"text-extra-dark-gray margin-5px-bottom alt-font font-weight-600\"><a class=\"feature-title-link text-extra-dark-gray\" href=\"https:\/\/oruralcomopaisagem.com.br\/atlas\/vale-do-cafe\/\">Vale do Caf\u00e9<\/a><\/div><div class=\"last-paragraph-no-margin\"><p><a class=\"text-black-hover\" href=\"vale-do-cafe\/\">Cada munic\u00edpio do Vale do Caf\u00e9 re\u00fane elementos que o aproximam dos outros, mas tamb\u00e9m possuem singularidades. Essa regi\u00e3o tur\u00edstica est\u00e1 localizada\u2026 [ + ]<\/a><\/p>\n<\/div><\/div><\/div><\/div><\/div><\/div><\/section><div class=\"vc_row-full-width vc_clearfix\"><\/div><section data-vc-full-width=\"true\" data-vc-full-width-init=\"false\" class=\"vc_row wpb_row vc_row-fluid  vc_custom_1510224421369 vc_row-has-fill pofo-stretch-content pofo-stretch-row-container vc_row-o-content-middle vc_row-flex pofo-row-responsive-69d960ac093f3\"><div class=\"wpb_column vc_column_container vc_col-sm-12  col-xs-mobile-fullwidth wow fadeIn pofo-column-responsive-69d960ac09424\"><div class=\"vc_column-inner \"><div class=\"wpb_wrapper\">[vc_raw_html]JTNDZGl2JTIwc3R5bGUlM0QlMjItd2Via2l0LWNvbHVtbnMlM0ElMjAzJTIwMzAwcHglM0ItbW96LWNvbHVtbnMlM0ElMjAzJTIwMzAwcHglM0IlMjAlMjBjb2x1bW5zJTNBJTIwMyUyMDMwMHB4JTNCJTIwLXdlYmtpdC1jb2x1bW4tZ2FwJTNBJTIwNGVtJTNCJTIwLW1vei1jb2x1bW4tZ2FwJTNBJTIwNGVtJTNCJTIwY29sdW1uLWdhcCUzQSUyMDRlbSUzQiUyMC13ZWJraXQtY29sdW1uLXJ1bGUlM0ElMjAxcHglMjBkb3R0ZWQlMjAlMjMyYzJjMmMlM0IlMjAtbW96LWNvbHVtbi1ydWxlJTNBJTIwMXB4JTIwZG90dGVkJTIwJTIzMmMyYzJjJTNCJTIwY29sdW1uLXJ1bGUlM0ElMjAxcHglMjBkb3R0ZWQlMjAlMjMyYzJjMmMlM0IlMjIlM0UlMEElMEElM0NzcGFuJTIwY2xhc3MlM0QlMjJ0ZXh0LWV4dHJhLWxhcmdlJTIwbWFyZ2luLTI1cHgtYm90dG9tJTIwZGlzcGxheS1pbmxpbmUtYmxvY2slMjBhbHQtZm9udCUyMGhlYWRpbmctc3R5bGUzJTIwcG9mby1idXR0b24tcmVzcG9uc2l2ZS02MmIyM2E3MTVlNDViJTIwJTIwaGVhZGluZy0xJTIyJTIwJTIwc3R5bGUlM0QlMjJjb2xvciUzQSUyMCUyM2ZmZmZmZiUzQiUyMiUzRVNvYnJlJTIwbyUyMEF0bGFzJTIwZGFzJTIwUGFpc2FnZW5zJTIwUnVyYWlzJTIwZG8lMjBFc3RhZG8lMjBkbyUyMFJpbyUyMGRlJTIwSmFuZWlybyUzQyUyRnNwYW4lM0UlMEElMEElM0NkaXYlMjBjbGFzcyUzRCUyMnZjX3NlcGFyYXRvciUyMHdwYl9jb250ZW50X2VsZW1lbnQlMjB2Y19zZXBhcmF0b3JfYWxpZ25fY2VudGVyJTIwdmNfc2VwX3dpZHRoXzEwMCUyMHZjX3NlcF9wb3NfYWxpZ25fbGVmdCUyMHZjX3NlcGFyYXRvcl9ub190ZXh0JTIwdmNfY3VzdG9tXzE2MzM1NTI5NDA1MDglMjAlMjB2Y19jdXN0b21fMTYzMzU1Mjk0MDUwOCUyMHNlcGFyYXRvci1saW5lLWhvcnJpem9udGFsLW1lZGl1bS1saWdodDMlMjIlMjAlM0UlM0NzcGFuJTIwY2xhc3MlM0QlMjJ2Y19zZXBfaG9sZGVyJTIwdmNfc2VwX2hvbGRlcl9sJTIyJTNFJTNDc3BhbiUyMCUyMHN0eWxlJTNEJTIyYm9yZGVyLWNvbG9yJTNBJTIzZmYyMTRmJTNCJTIyJTIwY2xhc3MlM0QlMjJ2Y19zZXBfbGluZSUyMiUzRSUzQyUyRnNwYW4lM0UlM0MlMkZzcGFuJTNFJTNDc3BhbiUyMGNsYXNzJTNEJTIydmNfc2VwX2hvbGRlciUyMHZjX3NlcF9ob2xkZXJfciUyMiUzRSUzQ3NwYW4lMjAlMjBzdHlsZSUzRCUyMmJvcmRlci1jb2xvciUzQSUyM2U0OGI4YiUzQiUyMiUyMGNsYXNzJTNEJTIydmNfc2VwX2xpbmUlMjIlM0UlM0MlMkZzcGFuJTNFJTNDJTJGc3BhbiUzRSUwQSUzQyUyRmRpdiUzRSUwQSUwQSUzQ3AlMjBjbGFzcyUzRCUyMm1hcmdpbi0yNXB4LXRvcCUyMiUzRUFsaXF1YW0lMjBpbnRlcmR1bSUyQyUyMGV4JTIwcXVpcyUyMHJ1dHJ1bSUyMGFjY3Vtc2FuJTJDJTIwZXN0JTIwYW50ZSUyMHN1c2NpcGl0JTIwdXJuYSUyQyUyMHZpdGFlJTIwbGFjaW5pYSUyMGRpYW0lMjBtZXR1cyUyMGF0JTIwanVzdG8uJTIwVmVzdGlidWx1bSUyMGxhb3JlZXQlMjBpZCUyMG5lcXVlJTIwcXVpcyUyMHZlc3RpYnVsdW0uJTIwTG9yZW0lMjBpcHN1bSUyMGRvbG9yJTIwc2l0JTIwYW1ldCUyQyUyMGNvbnNlY3RldHVyJTIwYWRpcGlzY2luZyUyMGVsaXQuJTIwTnVsbGFtJTIwaW4lMjBlcm9zJTIwZHVpLiUyMFBlbGxlbnRlc3F1ZSUyMGhhYml0YW50JTIwbW9yYmklMjB0cmlzdGlxdWUlMjBzZW5lY3R1cyUyMGV0JTIwbmV0dXMlMjBldCUyMG1hbGVzdWFkYSUyMGZhbWVzJTIwYWMlMjB0dXJwaXMlMjBlZ2VzdGFzLiUyMFBoYXNlbGx1cyUyMGNvbnZhbGxpcyUyMGludGVyZHVtJTIwbWFzc2ElMkMlMjBub24lMjB2dWxwdXRhdGUlMjBtYXVyaXMlMjBwdWx2aW5hciUyMG5vbi4lM0MlMkZwJTNFJTBBJTBBJTNDcCUzRVBlbGxlbnRlc3F1ZSUyMHNvbGxpY2l0dWRpbiUyMG1vbGVzdGllJTIwbWV0dXMlMkMlMjBpZCUyMHVsdHJpY2llcyUyMG5lcXVlJTIwZWZmaWNpdHVyJTIwdXQuJTIwTmFtJTIwcXVpcyUyMGFyY3UlMjBmYXVjaWJ1cyUyQyUyMHN1c2NpcGl0JTIwbGFjdXMlMjBldCUyQyUyMHZlc3RpYnVsdW0lMjBuaXNpLiUyMFNlZCUyMGNvbnNlY3RldHVyJTIwdnVscHV0YXRlJTIwbmliaCUyQyUyMGV1aXNtb2QlMjB2YXJpdXMlMjBsaWJlcm8lMjBpbXBlcmRpZXQlMjBldC4lMjBBZW5lYW4lMjBpYWN1bGlzJTIwdmVoaWN1bGElMjBwZWxsZW50ZXNxdWUuJTIwUHJvaW4lMjB0cmlzdGlxdWUlMjBsYWNpbmlhJTIwc2NlbGVyaXNxdWUuJTIwTWFlY2VuYXMlMjByaG9uY3VzJTJDJTIwbGVjdHVzJTIwYSUyMG1hdHRpcyUyMHNhZ2l0dGlzJTJDJTIwbWF1cmlzJTIwbmVxdWUlMjB2ZXN0aWJ1bHVtJTIwbG9yZW0lMkMlMjBzZWQlMjBsYWNpbmlhJTIwbGVjdHVzJTIwb3JjaSUyMGluJTIwYXJjdS4lM0MlMkZwJTNFJTBBJTBBJTNDcCUzRUR1aXMlMjB0aW5jaWR1bnQlMjBkb2xvciUyMGElMjBtYWduYSUyMHRpbmNpZHVudCUyMGZyaW5naWxsYS4lMjBJbiUyMHNpdCUyMGFtZXQlMjBtZXR1cyUyMHNvZGFsZXMlMkMlMjB2b2x1dHBhdCUyMGxpYmVybyUyMGV1JTJDJTIwcnV0cnVtJTIwb3JjaS4lMjBTdXNwZW5kaXNzZSUyMGVyb3MlMjBmZWxpcyUyQyUyMGxhY2luaWElMjB1dCUyMG5pYmglMjBldSUyQyUyMGdyYXZpZGElMjBpYWN1bGlzJTIwZXguJTIwQ2xhc3MlMjBhcHRlbnQlMjB0YWNpdGklMjBzb2Npb3NxdSUyMGFkJTIwbGl0b3JhJTIwdG9ycXVlbnQlMjBwZXIlMjBjb251YmlhJTIwbm9zdHJhJTJDJTIwcGVyJTIwaW5jZXB0b3MlMjBoaW1lbmFlb3MuJTIwTWFlY2VuYXMlMjBtYWduYSUyMGVyYXQlMkMlMjBhY2N1bXNhbiUyMHZlbCUyMGlwc3VtJTIwZXQlMkMlMjB1bGxhbWNvcnBlciUyMHJ1dHJ1bSUyMGVyYXQuJTIwRHVpcyUyMHNlZCUyMG1hbGVzdWFkYSUyMHRlbGx1cy4lM0MlMkZwJTNFJTBBJTNDJTJGZGl2JTNF[\/vc_raw_html]<\/div><\/div><\/div><\/section><div class=\"vc_row-full-width vc_clearfix\"><\/div>\n","protected":false},"excerpt":{"rendered":"[vc_raw_html css=\".vc_custom_1652406811142{padding-top: 0px !important;padding-right: 0px !important;padding-bottom: 0px !important;padding-left: 0px !important;}\"]JTVCaW5jbHVkZW1lJTIwZmlsZSUzRCUyMiUyRm1hcGFzJTJGbWFwYS1yai1ob21lLmh0bWwlMjIlNUQ=[\/vc_raw_html]\u00c1guas do NoroesteA regi\u00e3o tur\u00edstica \u00c1guas do Noroeste \u00e9 formada pelos munic\u00edpios de Aperib\u00e9, Bom Jesus do Itabapoana, Cambuci, Italva, Itaocara\u2026 [ + ] Agulhas NegrasAenean vitae magna convallis, iaculis mi non, aliquet justo. Curabitur arcu eros, feugiat eu lorem ut, pulvinar aliquam nunc. Suspendisse et nulla eget leo vestibulum convallis... Caminhos ColoniaisAenean vitae magna convallis, iaculis mi non, aliquet justo. Curabitur arcu eros, feugiat eu lorem ut, pulvinar aliquam nunc. Suspendisse et nulla eget leo vestibulum convallis... Caminhos da MataAenean vitae magna convallis, iaculis mi non, aliquet justo. Curabitur arcu eros, feugiat eu lorem ut, pulvinar aliquam nunc. Suspendisse et nulla eget leo vestibulum convallis... Costa do SolAenean vitae magna convallis, iaculis mi non, aliquet justo. Curabitur arcu eros, feugiat eu lorem ut, pulvinar aliquam nunc. Suspendisse et nulla eget leo vestibulum convallis... Costa DoceA regi\u00e3o tur\u00edstica da Costa Doce, formada pelos munic\u00edpios de Campos dos Goytacazes, Cardoso Moreira, S\u00e3o Fid\u00e9lis, S\u00e3o Francisco de Itabapoana e S\u00e3o Jo\u00e3o da Barra\u2026 [ + ] Costa VerdeAenean vitae magna convallis, iaculis mi non, aliquet justo. Curabitur arcu eros, feugiat eu lorem ut, pulvinar aliquam nunc. Suspendisse et nulla eget leo vestibulum convallis......","protected":false},"author":1,"featured_media":0,"parent":0,"menu_order":0,"comment_status":"closed","ping_status":"closed","template":"","meta":{"inline_featured_image":false,"footnotes":""},"class_list":["post-1497","page","type-page","status-publish","hentry"],"_links":{"self":[{"href":"https:\/\/oruralcomopaisagem.com.br\/atlas\/wp-json\/wp\/v2\/pages\/1497"}],"collection":[{"href":"https:\/\/oruralcomopaisagem.com.br\/atlas\/wp-json\/wp\/v2\/pages"}],"about":[{"href":"https:\/\/oruralcomopaisagem.com.br\/atlas\/wp-json\/wp\/v2\/types\/page"}],"author":[{"embeddable":true,"href":"https:\/\/oruralcomopaisagem.com.br\/atlas\/wp-json\/wp\/v2\/users\/1"}],"replies":[{"embeddable":true,"href":"https:\/\/oruralcomopaisagem.com.br\/atlas\/wp-json\/wp\/v2\/comments?post=1497"}],"version-history":[{"count":43,"href":"https:\/\/oruralcomopaisagem.com.br\/atlas\/wp-json\/wp\/v2\/pages\/1497\/revisions"}],"predecessor-version":[{"id":23614,"href":"https:\/\/oruralcomopaisagem.com.br\/atlas\/wp-json\/wp\/v2\/pages\/1497\/revisions\/23614"}],"wp:attachment":[{"href":"https:\/\/oruralcomopaisagem.com.br\/atlas\/wp-json\/wp\/v2\/media?parent=1497"}],"curies":[{"name":"wp","href":"https:\/\/api.w.org\/{rel}","templated":true}]}}