{"id":22945,"date":"2022-05-06T12:17:40","date_gmt":"2022-05-06T15:17:40","guid":{"rendered":"https:\/\/oruralcomopaisagem.com.br\/atlas\/?page_id=22945"},"modified":"2023-10-13T17:34:29","modified_gmt":"2023-10-13T20:34:29","slug":"cardoso-moreira","status":"publish","type":"page","link":"https:\/\/oruralcomopaisagem.com.br\/atlas\/costa-doce\/cardoso-moreira\/","title":{"rendered":"Cardoso Moreira"},"content":{"rendered":"<section id=\"about\" data-vc-full-width=\"true\" data-vc-full-width-init=\"false\" class=\"vc_row wpb_row vc_row-fluid  vc_custom_1652820255772 wow none vc_row-has-fill pofo-stretch-content pofo-stretch-row-container pofo-row-responsive-69d979717bbcb\"><div class=\"wpb_column vc_column_container vc_col-sm-4 vc_col-xs-12 pofo-column-responsive-69d979717bc0e\"><div class=\"vc_column-inner \"><div class=\"wpb_wrapper\">[vc_single_image image=&#8221;22814&#8243; img_size=&#8221;full&#8221; css_animation=&#8221;left-to-right&#8221; css=&#8221;.vc_custom_1697229264753{padding-right: 35px !important;}&#8221;]<\/div><\/div><\/div><div class=\"wpb_column vc_column_container vc_col-sm-8  col-xs-mobile-fullwidth\"><div class=\"vc_column-inner \"><div class=\"wpb_wrapper\"><div class=\" vc_custom_1651855633106 last-paragraph-no-margin\" style=\"color: #ffffff;\"><p><span class=\"alt-font text-large width-100 line-height-40 display-table-cell vertical-align-middle\" style=\"font-size: 33px;\">Cardoso Moreira<\/span><\/p>\n<\/div>[vc_separator color=&#8221;white&#8221; align=&#8221;align_left&#8221; el_class=&#8221;separator-line-horrizontal-medium-light3&#8243;]<div class=\" vc_custom_1655927626675 last-paragraph-no-margin\" style=\"color: #ffffff;\"><p><a class=\"section-link text-white text-black-hover\" href=\"#texto\">O munic\u00edpio de Cardoso Moreira fica localizado na por\u00e7\u00e3o norte do Estado do Rio de Janeiro, pertencendo \u00e0 Regi\u00e3o de Governo do Norte Fluminense. O munic\u00edpio, que possui uma \u00e1rea total de 517,2 km\u00b2 e correspondente a 5,3% da \u00e1rea da Regi\u00e3o Norte Fluminense, tem seu principal acesso pela BR-356, que liga Campos dos Goytacazes ao estado de Minas Gerais. De acordo com o Censo Demogr\u00e1fico do IBGE (2010)&#8230;\u00a0[ + ]<\/a><\/p>\n<\/div><\/div><\/div><\/div><\/section><div class=\"vc_row-full-width vc_clearfix\"><\/div><section data-vc-full-width=\"true\" data-vc-full-width-init=\"false\" class=\"vc_row wpb_row vc_row-fluid  vc_custom_1652820351414 wow none vc_row-has-fill pofo-stretch-content pofo-stretch-row-container pofo-row-responsive-69d979717bcb3\"><div class=\"wpb_column vc_column_container vc_col-sm-12  col-xs-mobile-fullwidth\"><div class=\"vc_column-inner vc_custom_1636927375865\"><div class=\"wpb_wrapper\">[vc_raw_html]JTVCaW5jbHVkZW1lJTIwZmlsZSUzRCUyMiUyRm1hcGFzJTJGY29zdGEtZG9jZSUyRnN2Zy1tYXBhLXJqLWNvc3RhLWRvY2UtY2FyZG9zby1tb3JlaXJhLmh0bWwlMjIlNUQ=[\/vc_raw_html]<\/div><\/div><\/div><\/section><div class=\"vc_row-full-width vc_clearfix\"><\/div><section data-vc-full-width=\"true\" data-vc-full-width-init=\"false\" class=\"vc_row wpb_row vc_row-fluid  vc_custom_1636927135699 wow fadeIn pofo-stretch-content pofo-stretch-row-container pofo-row-responsive-69d979717bcf5\"><div class=\"wpb_column vc_column_container vc_col-sm-12  col-xs-mobile-fullwidth\"><div class=\"vc_column-inner \"><div class=\"wpb_wrapper\"><div class=\"tab-style2\"><div class=\"row\"><div class=\"col-md-12 col-sm-12\"><ul class=\"nav nav-tabs alt-font text-small display-inherit font-weight-600 text-left text-uppercase\"><li  class=\"active\"><a href=\"#pofotabitem-21652820230-1-19-0\" data-toggle=\"tab\" class=\"\"><span>Alambique Engenho Ba\u00fa<\/span><\/a><\/li><li ><a href=\"#pofotabitem-21652820230-2-15-1\" data-toggle=\"tab\" class=\"\"><span>Granja Nh\u00f4 Z\u00e9<\/span><\/a><\/li><\/ul><div class=\"tab-content position-relative overflow-hidden\"><div class=\"tab-pane fade in active\" id=\"pofotabitem-21652820230-1-19-0\"><\/div><div class=\"tab-pane fade\" id=\"pofotabitem-21652820230-2-15-1\"><ul  class=\"portfolio-grid hover-option10 metro-gallery lightbox-portfolio work-3col gutter-medium\"><li class=\"grid-sizer\"><\/li><li class=\"grid-item\"><figure><div class=\"portfolio-img pofo-portfolio-page-background bg-black\"><img loading=\"lazy\" decoding=\"async\" src=\"https:\/\/oruralcomopaisagem.com.br\/atlas\/wp-content\/uploads\/2022\/05\/CD06-2-Granja-do-Nho-Ze-CD-CM-GBB.jpg\"  alt=\"\" width=\"1444\" height=\"960\" srcset=\"https:\/\/oruralcomopaisagem.com.br\/atlas\/wp-content\/uploads\/2022\/05\/CD06-2-Granja-do-Nho-Ze-CD-CM-GBB.jpg 1444w, https:\/\/oruralcomopaisagem.com.br\/atlas\/wp-content\/uploads\/2022\/05\/CD06-2-Granja-do-Nho-Ze-CD-CM-GBB-300x199.jpg 300w, https:\/\/oruralcomopaisagem.com.br\/atlas\/wp-content\/uploads\/2022\/05\/CD06-2-Granja-do-Nho-Ze-CD-CM-GBB-1024x681.jpg 1024w, https:\/\/oruralcomopaisagem.com.br\/atlas\/wp-content\/uploads\/2022\/05\/CD06-2-Granja-do-Nho-Ze-CD-CM-GBB-768x511.jpg 768w, https:\/\/oruralcomopaisagem.com.br\/atlas\/wp-content\/uploads\/2022\/05\/CD06-2-Granja-do-Nho-Ze-CD-CM-GBB-1160x771.jpg 1160w, https:\/\/oruralcomopaisagem.com.br\/atlas\/wp-content\/uploads\/2022\/05\/CD06-2-Granja-do-Nho-Ze-CD-CM-GBB-120x80.jpg 120w, https:\/\/oruralcomopaisagem.com.br\/atlas\/wp-content\/uploads\/2022\/05\/CD06-2-Granja-do-Nho-Ze-CD-CM-GBB-81x54.jpg 81w\" sizes=\"(max-width: 1444px) 100vw, 1444px\" class=\"project-img-gallery\" data-no-retina=\"\" \/><\/div><figcaption><div class=\"portfolio-hover-main text-center\"><div class=\"portfolio-hover-box vertical-align-middle\"><div class=\"portfolio-icon\"><a href=\"https:\/\/oruralcomopaisagem.com.br\/atlas\/wp-content\/uploads\/2022\/05\/CD06-2-Granja-do-Nho-Ze-CD-CM-GBB.jpg\" class=\"gallery-link\" data-group=\"pofo-lightbox-1\"  title=\"Cardoso Moreira &#8211; Granja do Nh\u00f4 Z\u00e9 &#8211; Produ\u00e7\u00e3o de ovos. \u2013 Cr\u00e9dito: Negef\/IGEOG-UERJ &#8211; Gustavo Bezerra Brito\"><i class=\"ti-zoom-in text-white fa-2x\" aria-hidden=\"true\"><\/i><\/a><\/div><\/div><\/div><\/figcaption><figure><\/li><li class=\"grid-item\"><figure><div class=\"portfolio-img pofo-portfolio-page-background bg-black\"><img loading=\"lazy\" decoding=\"async\" src=\"https:\/\/oruralcomopaisagem.com.br\/atlas\/wp-content\/uploads\/2022\/05\/CD06-5-Granja-do-Nho-Ze-CD-CM-GBB.jpg\"  alt=\"\" width=\"1444\" height=\"960\" srcset=\"https:\/\/oruralcomopaisagem.com.br\/atlas\/wp-content\/uploads\/2022\/05\/CD06-5-Granja-do-Nho-Ze-CD-CM-GBB.jpg 1444w, https:\/\/oruralcomopaisagem.com.br\/atlas\/wp-content\/uploads\/2022\/05\/CD06-5-Granja-do-Nho-Ze-CD-CM-GBB-300x199.jpg 300w, https:\/\/oruralcomopaisagem.com.br\/atlas\/wp-content\/uploads\/2022\/05\/CD06-5-Granja-do-Nho-Ze-CD-CM-GBB-1024x681.jpg 1024w, https:\/\/oruralcomopaisagem.com.br\/atlas\/wp-content\/uploads\/2022\/05\/CD06-5-Granja-do-Nho-Ze-CD-CM-GBB-768x511.jpg 768w, https:\/\/oruralcomopaisagem.com.br\/atlas\/wp-content\/uploads\/2022\/05\/CD06-5-Granja-do-Nho-Ze-CD-CM-GBB-1160x771.jpg 1160w, https:\/\/oruralcomopaisagem.com.br\/atlas\/wp-content\/uploads\/2022\/05\/CD06-5-Granja-do-Nho-Ze-CD-CM-GBB-120x80.jpg 120w, https:\/\/oruralcomopaisagem.com.br\/atlas\/wp-content\/uploads\/2022\/05\/CD06-5-Granja-do-Nho-Ze-CD-CM-GBB-81x54.jpg 81w\" sizes=\"(max-width: 1444px) 100vw, 1444px\" class=\"project-img-gallery\" data-no-retina=\"\" \/><\/div><figcaption><div class=\"portfolio-hover-main text-center\"><div class=\"portfolio-hover-box vertical-align-middle\"><div class=\"portfolio-icon\"><a href=\"https:\/\/oruralcomopaisagem.com.br\/atlas\/wp-content\/uploads\/2022\/05\/CD06-5-Granja-do-Nho-Ze-CD-CM-GBB.jpg\" class=\"gallery-link\" data-group=\"pofo-lightbox-1\"  title=\"Cardoso Moreira &#8211; Granja do Nh\u00f4 Z\u00e9 &#8211; Produ\u00e7\u00e3o de ovos. \u2013 Cr\u00e9dito: Negef\/IGEOG-UERJ &#8211; Gustavo Bezerra Brito\"><i class=\"ti-zoom-in text-white fa-2x\" aria-hidden=\"true\"><\/i><\/a><\/div><\/div><\/div><\/figcaption><figure><\/li><li class=\"grid-item\"><figure><div class=\"portfolio-img pofo-portfolio-page-background bg-black\"><img loading=\"lazy\" decoding=\"async\" src=\"https:\/\/oruralcomopaisagem.com.br\/atlas\/wp-content\/uploads\/2022\/05\/CD06-Granja-Nho-Ze-DSC-0848.jpg\"  alt=\"\" width=\"1444\" height=\"960\" srcset=\"https:\/\/oruralcomopaisagem.com.br\/atlas\/wp-content\/uploads\/2022\/05\/CD06-Granja-Nho-Ze-DSC-0848.jpg 1444w, https:\/\/oruralcomopaisagem.com.br\/atlas\/wp-content\/uploads\/2022\/05\/CD06-Granja-Nho-Ze-DSC-0848-300x199.jpg 300w, https:\/\/oruralcomopaisagem.com.br\/atlas\/wp-content\/uploads\/2022\/05\/CD06-Granja-Nho-Ze-DSC-0848-1024x681.jpg 1024w, https:\/\/oruralcomopaisagem.com.br\/atlas\/wp-content\/uploads\/2022\/05\/CD06-Granja-Nho-Ze-DSC-0848-768x511.jpg 768w, https:\/\/oruralcomopaisagem.com.br\/atlas\/wp-content\/uploads\/2022\/05\/CD06-Granja-Nho-Ze-DSC-0848-1160x771.jpg 1160w, https:\/\/oruralcomopaisagem.com.br\/atlas\/wp-content\/uploads\/2022\/05\/CD06-Granja-Nho-Ze-DSC-0848-120x80.jpg 120w, https:\/\/oruralcomopaisagem.com.br\/atlas\/wp-content\/uploads\/2022\/05\/CD06-Granja-Nho-Ze-DSC-0848-81x54.jpg 81w\" sizes=\"(max-width: 1444px) 100vw, 1444px\" class=\"project-img-gallery\" data-no-retina=\"\" \/><\/div><figcaption><div class=\"portfolio-hover-main text-center\"><div class=\"portfolio-hover-box vertical-align-middle\"><div class=\"portfolio-icon\"><a href=\"https:\/\/oruralcomopaisagem.com.br\/atlas\/wp-content\/uploads\/2022\/05\/CD06-Granja-Nho-Ze-DSC-0848.jpg\" class=\"gallery-link\" data-group=\"pofo-lightbox-1\"  title=\"Cardoso Moreira &#8211; Granja do Nh\u00f4 Z\u00e9 &#8211; Produ\u00e7\u00e3o de ovos. \u2013 Cr\u00e9dito: Negef\/IGEOG-UERJ &#8211; Gustavo Bezerra Brito\"><i class=\"ti-zoom-in text-white fa-2x\" aria-hidden=\"true\"><\/i><\/a><\/div><\/div><\/div><\/figcaption><figure><\/li><\/ul><\/div><\/div><\/div><\/div><\/div><\/div><\/div><\/div><\/section><div class=\"vc_row-full-width vc_clearfix\"><\/div><section id=\"texto\" data-vc-full-width=\"true\" data-vc-full-width-init=\"false\" class=\"vc_row wpb_row vc_row-fluid  vc_custom_1655926378386 vc_row-has-fill pofo-stretch-content pofo-stretch-row-container vc_row-o-content-middle vc_row-flex pofo-row-responsive-69d979717c846\"><div class=\"wpb_column vc_column_container vc_col-sm-12  col-xs-mobile-fullwidth wow fadeInUp\"><div class=\"vc_column-inner \"><div class=\"wpb_wrapper\">[vc_raw_html]JTNDZGl2JTIwc3R5bGUlM0QlMjItd2Via2l0LWNvbHVtbnMlM0ElMjAzJTIwMzAwcHglM0ItbW96LWNvbHVtbnMlM0ElMjAzJTIwMzAwcHglM0IlMjAlMjBjb2x1bW5zJTNBJTIwMyUyMDMwMHB4JTNCJTIwLXdlYmtpdC1jb2x1bW4tZ2FwJTNBJTIwNGVtJTNCJTIwLW1vei1jb2x1bW4tZ2FwJTNBJTIwNGVtJTNCJTIwY29sdW1uLWdhcCUzQSUyMDRlbSUzQiUyMC13ZWJraXQtY29sdW1uLXJ1bGUlM0ElMjAxcHglMjBkb3R0ZWQlMjAlMjMyYzJjMmMlM0IlMjAtbW96LWNvbHVtbi1ydWxlJTNBJTIwMXB4JTIwZG90dGVkJTIwJTIzMmMyYzJjJTNCJTIwY29sdW1uLXJ1bGUlM0ElMjAxcHglMjBkb3R0ZWQlMjAlMjMyYzJjMmMlM0IlMjIlM0UlMEElMEElM0NzcGFuJTIwY2xhc3MlM0QlMjJ0ZXh0LWV4dHJhLWxhcmdlJTIwbWFyZ2luLTI1cHgtYm90dG9tJTIwZGlzcGxheS1pbmxpbmUtYmxvY2slMjBhbHQtZm9udCUyMGhlYWRpbmctc3R5bGUzJTIwcG9mby1idXR0b24tcmVzcG9uc2l2ZS02MmIyM2E3MTVlNDViJTIwJTIwaGVhZGluZy0xJTIyJTIwJTIwc3R5bGUlM0QlMjJjb2xvciUzQSUyMCUyM2ZmZmZmZiUzQiUyMiUzRUNhcmRvc28lMjBNb3JlaXJhJTNDJTJGc3BhbiUzRSUwQSUwQSUzQ2RpdiUyMGNsYXNzJTNEJTIydmNfc2VwYXJhdG9yJTIwd3BiX2NvbnRlbnRfZWxlbWVudCUyMHZjX3NlcGFyYXRvcl9hbGlnbl9jZW50ZXIlMjB2Y19zZXBfd2lkdGhfMTAwJTIwdmNfc2VwX3Bvc19hbGlnbl9sZWZ0JTIwdmNfc2VwYXJhdG9yX25vX3RleHQlMjB2Y19jdXN0b21fMTYzMzU1Mjk0MDUwOCUyMCUyMHZjX2N1c3RvbV8xNjMzNTUyOTQwNTA4JTIwc2VwYXJhdG9yLWxpbmUtaG9ycml6b250YWwtbWVkaXVtLWxpZ2h0MyUyMiUyMCUzRSUzQ3NwYW4lMjBjbGFzcyUzRCUyMnZjX3NlcF9ob2xkZXIlMjB2Y19zZXBfaG9sZGVyX2wlMjIlM0UlM0NzcGFuJTIwJTIwc3R5bGUlM0QlMjJib3JkZXItY29sb3IlM0ElMjNlNTM5MzUlM0IlMjIlMjBjbGFzcyUzRCUyMnZjX3NlcF9saW5lJTIyJTNFJTNDJTJGc3BhbiUzRSUzQyUyRnNwYW4lM0UlM0NzcGFuJTIwY2xhc3MlM0QlMjJ2Y19zZXBfaG9sZGVyJTIwdmNfc2VwX2hvbGRlcl9yJTIyJTNFJTNDc3BhbiUyMCUyMHN0eWxlJTNEJTIyYm9yZGVyLWNvbG9yJTNBJTIzZTUzOTM1JTNCJTIyJTIwY2xhc3MlM0QlMjJ2Y19zZXBfbGluZSUyMiUzRSUzQyUyRnNwYW4lM0UlM0MlMkZzcGFuJTNFJTBBJTNDJTJGZGl2JTNFJTBBJTBBJTNDcCUyMGNsYXNzJTNEJTIybWFyZ2luLTI1cHgtdG9wJTIyJTNFTyUyMG11bmljJUMzJUFEcGlvJTIwZGUlMjBDYXJkb3NvJTIwTW9yZWlyYSUyMGZpY2ElMjBsb2NhbGl6YWRvJTIwbmElMjBwb3IlQzMlQTclQzMlQTNvJTIwbm9ydGUlMjBkbyUyMEVzdGFkbyUyMGRvJTIwUmlvJTIwZGUlMjBKYW5laXJvJTJDJTIwcGVydGVuY2VuZG8lMjAlQzMlQTAlMjBSZWdpJUMzJUEzbyUyMGRlJTIwR292ZXJubyUyMGRvJTIwTm9ydGUlMjBGbHVtaW5lbnNlLiUyME8lMjBtdW5pYyVDMyVBRHBpbyUyQyUyMHF1ZSUyMHBvc3N1aSUyMHVtYSUyMCVDMyVBMXJlYSUyMHRvdGFsJTIwZGUlMjA1MTclMkMyJTIwa20lQzIlQjIlMjBlJTIwY29ycmVzcG9uZGVudGUlMjBhJTIwNSUyQzMlMjUlMjBkYSUyMCVDMyVBMXJlYSUyMGRhJTIwUmVnaSVDMyVBM28lMjBOb3J0ZSUyMEZsdW1pbmVuc2UlMkMlMjB0ZW0lMjBzZXUlMjBwcmluY2lwYWwlMjBhY2Vzc28lMjBwZWxhJTIwQlItMzU2JTJDJTIwcXVlJTIwbGlnYSUyMENhbXBvcyUyMGRvcyUyMEdveXRhY2F6ZXMlMjBhbyUyMGVzdGFkbyUyMGRlJTIwTWluYXMlMjBHZXJhaXMuJTIwRGUlMjBhY29yZG8lMjBjb20lMjBvJTIwQ2Vuc28lMjBEZW1vZ3IlQzMlQTFmaWNvJTIwZG8lMjBJQkdFJTIwJTI4MjAxMCUyOSUyQyUyMHN1YSUyMHBvcHVsYSVDMyVBNyVDMyVBM28lMjAlQzMlQTklMjBlc3RpbWFkYSUyMGVtJTIwMTIuNjAwJTIwaGFiaXRhbnRlcy4lM0MlMkZwJTNFJTBBJTBBJTNDcCUzRUVjb25vbWljYW1lbnRlJTJDJTIwc3VhcyUyMHByaW5jaXBhaXMlMjBhdGl2aWRhZGVzJTIwZW52b2x2ZW0lMjBhJTIwYWdyb3BlY3UlQzMlQTFyaWElMjBlJTIwb3MlMjBzZXJ2aSVDMyVBN29zJTJDJTIwcG9zc3VpbmRvJTIwcG91Y2ElMjB0cmFkaSVDMyVBNyVDMyVBM28lMjBubyUyMHR1cmlzbW8uJTIwRW50cmV0YW50byUyQyUyMGElMjBhdGl2aWRhZGUlMjB0dXIlQzMlQURzdGljYSUyMHZlbSUyMGNyZXNjZW5kbyUyMG5hJTIwcmVnaSVDMyVBM28lMjBlJTJDJTIwcG9yJTIwQ2FyZG9zbyUyME1vcmVpcmElMjBwb3NzdWlyJTIwdW1hJTIwbG9uZ2ElMjB0cmFkaSVDMyVBNyVDMyVBM28lMjBubyUyMGN1bHRpdm8lMjBkYSUyMGNhbmElMjBkZSUyMGElQzMlQTclQzMlQkFjYXIlMkMlMjB0YW1iJUMzJUE5bSUyMHNlJTIwZW5jb250cmElMjBpbnNlcmlkbyUyMG5hJTIwUmVnaSVDMyVBM28lMjBUdXIlQzMlQURzdGljYSUyMGRhJTIwQ29zdGElMjBEb2NlLiUyMEVtJTIwc2V1JTIwY2FsZW5kJUMzJUExcmlvJTIwYW51YWwlMjBkZSUyMGV2ZW50b3MlMkMlMjBkZXN0YWNhbS1zZSUyMGElMjBmZXN0YSUyMGRvJTIwcGFkcm9laXJvJTIwUyVDMyVBM28lMjBKb3MlQzMlQTklMkMlMjBlbSUyMDE5JTIwZGUlMjBtYXIlQzMlQTdvJTJDJTIwZSUyMGElMjBmZXN0YSUyMGRlJTIwYW5pdmVycyVDMyVBMXJpbyUyMGRvJTIwbXVuaWMlQzMlQURwaW8lMkMlMjBlbSUyMDMwJTIwZGUlMjBub3ZlbWJyby4lM0MlMkZwJTNFJTBBJTBBJTNDcCUzRUElMjBwcm9kdSVDMyVBNyVDMyVBM28lMjBkZSUyMGNhbmElMjBlJTIwZG8lMjBnYWRvJTIwbGVpdGVpcm8lMjBhaW5kYSUyMHMlQzMlQTNvJTIwZGVzdGFxdWVzJTIwbm8lMjBzZXRvciUyMHByaW0lQzMlQTFyaW8lMjBtdW5pY2lwYWwlMkMlMjBhcGVzYXIlMjBkYSUyMHBlcmRhJTIwZG8lMjBwcm90YWdvbmlzbW8lMjBlJTIwZGElMjBiYWl4YSUyMHByb2R1dGl2aWRhZGUlMjByZWdpb25hbCUyMGZyZW50ZSUyMGElMjBvdXRyb3MlMjBlc3BhJUMzJUE3b3MlMjBwcm9kdXRpdm9zJTIwZG8lMjBTdWRlc3RlJTIwZSUyME5vcmRlc3RlJTIwJTI4TUFSQUZPTiUyQyUyMDIwMTElMjkuJTIwUG9yJTIwb3V0cm8lMjBsYWRvJTJDJTIwb3MlMjBjYXNhciVDMyVCNWVzJTIwZSUyMHVzaW5hcyUyMGRhcyUyMGFudGlnYXMlMjBmYXplbmRhcyUyMGNvbnN0aXR1ZW0lMjBhcyUyMG1hcmNhcyUyMG5hJTIwcGFpc2FnZW0lMjBkZSUyMGNhciVDMyVBMXRlciUyMGhpc3QlQzMlQjNyaWNvJTJDJTIwc2VuZG8lMkMlMjBob2plJTJDJTIwcmVzZ2F0YWRhcyUyMGUlMjByZWZ1bmNpb25hbGl6YWRhcyUyMHBhcmElMjBjdW1wcmlyJTIwbyUyMHBhcGVsJTIwdHVyJUMzJUFEc3RpY28lMjAlRTIlODAlOTMlMjBwcm9jZXNzbyUyMHNpbWlsYXIlMjAlQzMlQTAlMjBSZWdpJUMzJUEzbyUyMFR1ciVDMyVBRHN0aWNhJTIwZG8lMjBWYWxlJTIwZG8lMjBDYWYlQzMlQTkuJTNDJTJGcCUzRSUwQSUzQyUyRmRpdiUzRQ==[\/vc_raw_html]<\/div><\/div><\/div><\/section><div class=\"vc_row-full-width vc_clearfix\"><\/div>\n","protected":false},"excerpt":{"rendered":"[vc_single_image image=\"22814\" img_size=\"full\" css_animation=\"left-to-right\" css=\".vc_custom_1697229264753{padding-right: 35px !important;}\"]Cardoso Moreira [vc_separator color=\"white\" align=\"align_left\" el_class=\"separator-line-horrizontal-medium-light3\"]O munic\u00edpio de Cardoso Moreira fica localizado na por\u00e7\u00e3o norte do Estado do Rio de Janeiro, pertencendo \u00e0 Regi\u00e3o de Governo do Norte Fluminense. O munic\u00edpio, que possui uma \u00e1rea total de 517,2 km\u00b2 e correspondente a 5,3% da \u00e1rea da Regi\u00e3o Norte Fluminense, tem seu principal acesso pela BR-356, que liga Campos dos Goytacazes ao estado de Minas Gerais. De acordo com o Censo Demogr\u00e1fico do IBGE (2010)...\u00a0[ + ] [vc_raw_html]JTVCaW5jbHVkZW1lJTIwZmlsZSUzRCUyMiUyRm1hcGFzJTJGY29zdGEtZG9jZSUyRnN2Zy1tYXBhLXJqLWNvc3RhLWRvY2UtY2FyZG9zby1tb3JlaXJhLmh0bWwlMjIlNUQ=[\/vc_raw_html]Alambique Engenho Ba\u00faGranja Nh\u00f4 Z\u00e9[vc_raw_html]JTNDZGl2JTIwc3R5bGUlM0QlMjItd2Via2l0LWNvbHVtbnMlM0ElMjAzJTIwMzAwcHglM0ItbW96LWNvbHVtbnMlM0ElMjAzJTIwMzAwcHglM0IlMjAlMjBjb2x1bW5zJTNBJTIwMyUyMDMwMHB4JTNCJTIwLXdlYmtpdC1jb2x1bW4tZ2FwJTNBJTIwNGVtJTNCJTIwLW1vei1jb2x1bW4tZ2FwJTNBJTIwNGVtJTNCJTIwY29sdW1uLWdhcCUzQSUyMDRlbSUzQiUyMC13ZWJraXQtY29sdW1uLXJ1bGUlM0ElMjAxcHglMjBkb3R0ZWQlMjAlMjMyYzJjMmMlM0IlMjAtbW96LWNvbHVtbi1ydWxlJTNBJTIwMXB4JTIwZG90dGVkJTIwJTIzMmMyYzJjJTNCJTIwY29sdW1uLXJ1bGUlM0ElMjAxcHglMjBkb3R0ZWQlMjAlMjMyYzJjMmMlM0IlMjIlM0UlMEElMEElM0NzcGFuJTIwY2xhc3MlM0QlMjJ0ZXh0LWV4dHJhLWxhcmdlJTIwbWFyZ2luLTI1cHgtYm90dG9tJTIwZGlzcGxheS1pbmxpbmUtYmxvY2slMjBhbHQtZm9udCUyMGhlYWRpbmctc3R5bGUzJTIwcG9mby1idXR0b24tcmVzcG9uc2l2ZS02MmIyM2E3MTVlNDViJTIwJTIwaGVhZGluZy0xJTIyJTIwJTIwc3R5bGUlM0QlMjJjb2xvciUzQSUyMCUyM2ZmZmZmZiUzQiUyMiUzRUNhcmRvc28lMjBNb3JlaXJhJTNDJTJGc3BhbiUzRSUwQSUwQSUzQ2RpdiUyMGNsYXNzJTNEJTIydmNfc2VwYXJhdG9yJTIwd3BiX2NvbnRlbnRfZWxlbWVudCUyMHZjX3NlcGFyYXRvcl9hbGlnbl9jZW50ZXIlMjB2Y19zZXBfd2lkdGhfMTAwJTIwdmNfc2VwX3Bvc19hbGlnbl9sZWZ0JTIwdmNfc2VwYXJhdG9yX25vX3RleHQlMjB2Y19jdXN0b21fMTYzMzU1Mjk0MDUwOCUyMCUyMHZjX2N1c3RvbV8xNjMzNTUyOTQwNTA4JTIwc2VwYXJhdG9yLWxpbmUtaG9ycml6b250YWwtbWVkaXVtLWxpZ2h0MyUyMiUyMCUzRSUzQ3NwYW4lMjBjbGFzcyUzRCUyMnZjX3NlcF9ob2xkZXIlMjB2Y19zZXBfaG9sZGVyX2wlMjIlM0UlM0NzcGFuJTIwJTIwc3R5bGUlM0QlMjJib3JkZXItY29sb3IlM0ElMjNlNTM5MzUlM0IlMjIlMjBjbGFzcyUzRCUyMnZjX3NlcF9saW5lJTIyJTNFJTNDJTJGc3BhbiUzRSUzQyUyRnNwYW4lM0UlM0NzcGFuJTIwY2xhc3MlM0QlMjJ2Y19zZXBfaG9sZGVyJTIwdmNfc2VwX2hvbGRlcl9yJTIyJTNFJTNDc3BhbiUyMCUyMHN0eWxlJTNEJTIyYm9yZGVyLWNvbG9yJTNBJTIzZTUzOTM1JTNCJTIyJTIwY2xhc3MlM0QlMjJ2Y19zZXBfbGluZSUyMiUzRSUzQyUyRnNwYW4lM0UlM0MlMkZzcGFuJTNFJTBBJTNDJTJGZGl2JTNFJTBBJTBBJTNDcCUyMGNsYXNzJTNEJTIybWFyZ2luLTI1cHgtdG9wJTIyJTNFTyUyMG11bmljJUMzJUFEcGlvJTIwZGUlMjBDYXJkb3NvJTIwTW9yZWlyYSUyMGZpY2ElMjBsb2NhbGl6YWRvJTIwbmElMjBwb3IlQzMlQTclQzMlQTNvJTIwbm9ydGUlMjBkbyUyMEVzdGFkbyUyMGRvJTIwUmlvJTIwZGUlMjBKYW5laXJvJTJDJTIwcGVydGVuY2VuZG8lMjAlQzMlQTAlMjBSZWdpJUMzJUEzbyUyMGRlJTIwR292ZXJubyUyMGRvJTIwTm9ydGUlMjBGbHVtaW5lbnNlLiUyME8lMjBtdW5pYyVDMyVBRHBpbyUyQyUyMHF1ZSUyMHBvc3N1aSUyMHVtYSUyMCVDMyVBMXJlYSUyMHRvdGFsJTIwZGUlMjA1MTclMkMyJTIwa20lQzIlQjIlMjBlJTIwY29ycmVzcG9uZGVudGUlMjBhJTIwNSUyQzMlMjUlMjBkYSUyMCVDMyVBMXJlYSUyMGRhJTIwUmVnaSVDMyVBM28lMjBOb3J0ZSUyMEZsdW1pbmVuc2UlMkMlMjB0ZW0lMjBzZXUlMjBwcmluY2lwYWwlMjBhY2Vzc28lMjBwZWxhJTIwQlItMzU2JTJDJTIwcXVlJTIwbGlnYSUyMENhbXBvcyUyMGRvcyUyMEdveXRhY2F6ZXMlMjBhbyUyMGVzdGFkbyUyMGRlJTIwTWluYXMlMjBHZXJhaXMuJTIwRGUlMjBhY29yZG8lMjBjb20lMjBvJTIwQ2Vuc28lMjBEZW1vZ3IlQzMlQTFmaWNvJTIwZG8lMjBJQkdFJTIwJTI4MjAxMCUyOSUyQyUyMHN1YSUyMHBvcHVsYSVDMyVBNyVDMyVBM28lMjAlQzMlQTklMjBlc3RpbWFkYSUyMGVtJTIwMTIuNjAwJTIwaGFiaXRhbnRlcy4lM0MlMkZwJTNFJTBBJTBBJTNDcCUzRUVjb25vbWljYW1lbnRlJTJDJTIwc3VhcyUyMHByaW5jaXBhaXMlMjBhdGl2aWRhZGVzJTIwZW52b2x2ZW0lMjBhJTIwYWdyb3BlY3UlQzMlQTFyaWElMjBlJTIwb3MlMjBzZXJ2aSVDMyVBN29zJTJDJTIwcG9zc3VpbmRvJTIwcG91Y2ElMjB0cmFkaSVDMyVBNyVDMyVBM28lMjBubyUyMHR1cmlzbW8uJTIwRW50cmV0YW50byUyQyUyMGElMjBhdGl2aWRhZGUlMjB0dXIlQzMlQURzdGljYSUyMHZlbSUyMGNyZXNjZW5kbyUyMG5hJTIwcmVnaSVDMyVBM28lMjBlJTJDJTIwcG9yJTIwQ2FyZG9zbyUyME1vcmVpcmElMjBwb3NzdWlyJTIwdW1hJTIwbG9uZ2ElMjB0cmFkaSVDMyVBNyVDMyVBM28lMjBubyUyMGN1bHRpdm8lMjBkYSUyMGNhbmElMjBkZSUyMGElQzMlQTclQzMlQkFjYXIlMkMlMjB0YW1iJUMzJUE5bSUyMHNlJTIwZW5jb250cmElMjBpbnNlcmlkbyUyMG5hJTIwUmVnaSVDMyVBM28lMjBUdXIlQzMlQURzdGljYSUyMGRhJTIwQ29zdGElMjBEb2NlLiUyMEVtJTIwc2V1JTIwY2FsZW5kJUMzJUExcmlvJTIwYW51YWwlMjBkZSUyMGV2ZW50b3MlMkMlMjBkZXN0YWNhbS1zZSUyMGElMjBmZXN0YSUyMGRvJTIwcGFkcm9laXJvJTIwUyVDMyVBM28lMjBKb3MlQzMlQTklMkMlMjBlbSUyMDE5JTIwZGUlMjBtYXIlQzMlQTdvJTJDJTIwZSUyMGElMjBmZXN0YSUyMGRlJTIwYW5pdmVycyVDMyVBMXJpbyUyMGRvJTIwbXVuaWMlQzMlQURwaW8lMkMlMjBlbSUyMDMwJTIwZGUlMjBub3ZlbWJyby4lM0MlMkZwJTNFJTBBJTBBJTNDcCUzRUElMjBwcm9kdSVDMyVBNyVDMyVBM28lMjBkZSUyMGNhbmElMjBlJTIwZG8lMjBnYWRvJTIwbGVpdGVpcm8lMjBhaW5kYSUyMHMlQzMlQTNvJTIwZGVzdGFxdWVzJTIwbm8lMjBzZXRvciUyMHByaW0lQzMlQTFyaW8lMjBtdW5pY2lwYWwlMkMlMjBhcGVzYXIlMjBkYSUyMHBlcmRhJTIwZG8lMjBwcm90YWdvbmlzbW8lMjBlJTIwZGElMjBiYWl4YSUyMHByb2R1dGl2aWRhZGUlMjByZWdpb25hbCUyMGZyZW50ZSUyMGElMjBvdXRyb3MlMjBlc3BhJUMzJUE3b3MlMjBwcm9kdXRpdm9zJTIwZG8lMjBTdWRlc3RlJTIwZSUyME5vcmRlc3RlJTIwJTI4TUFSQUZPTiUyQyUyMDIwMTElMjkuJTIwUG9yJTIwb3V0cm8lMjBsYWRvJTJDJTIwb3MlMjBjYXNhciVDMyVCNWVzJTIwZSUyMHVzaW5hcyUyMGRhcyUyMGFudGlnYXMlMjBmYXplbmRhcyUyMGNvbnN0aXR1ZW0lMjBhcyUyMG1hcmNhcyUyMG5hJTIwcGFpc2FnZW0lMjBkZSUyMGNhciVDMyVBMXRlciUyMGhpc3QlQzMlQjNyaWNvJTJDJTIwc2VuZG8lMkMlMjBob2plJTJDJTIwcmVzZ2F0YWRhcyUyMGUlMjByZWZ1bmNpb25hbGl6YWRhcyUyMHBhcmElMjBjdW1wcmlyJTIwbyUyMHBhcGVsJTIwdHVyJUMzJUFEc3RpY28lMjAlRTIlODAlOTMlMjBwcm9jZXNzbyUyMHNpbWlsYXIlMjAlQzMlQTAlMjBSZWdpJUMzJUEzbyUyMFR1ciVDMyVBRHN0aWNhJTIwZG8lMjBWYWxlJTIwZG8lMjBDYWYlQzMlQTkuJTNDJTJGcCUzRSUwQSUzQyUyRmRpdiUzRQ==[\/vc_raw_html]","protected":false},"author":1,"featured_media":0,"parent":22711,"menu_order":0,"comment_status":"closed","ping_status":"closed","template":"","meta":{"inline_featured_image":false,"footnotes":""},"class_list":["post-22945","page","type-page","status-publish","hentry"],"_links":{"self":[{"href":"https:\/\/oruralcomopaisagem.com.br\/atlas\/wp-json\/wp\/v2\/pages\/22945"}],"collection":[{"href":"https:\/\/oruralcomopaisagem.com.br\/atlas\/wp-json\/wp\/v2\/pages"}],"about":[{"href":"https:\/\/oruralcomopaisagem.com.br\/atlas\/wp-json\/wp\/v2\/types\/page"}],"author":[{"embeddable":true,"href":"https:\/\/oruralcomopaisagem.com.br\/atlas\/wp-json\/wp\/v2\/users\/1"}],"replies":[{"embeddable":true,"href":"https:\/\/oruralcomopaisagem.com.br\/atlas\/wp-json\/wp\/v2\/comments?post=22945"}],"version-history":[{"count":1,"href":"https:\/\/oruralcomopaisagem.com.br\/atlas\/wp-json\/wp\/v2\/pages\/22945\/revisions"}],"predecessor-version":[{"id":23012,"href":"https:\/\/oruralcomopaisagem.com.br\/atlas\/wp-json\/wp\/v2\/pages\/22945\/revisions\/23012"}],"up":[{"embeddable":true,"href":"https:\/\/oruralcomopaisagem.com.br\/atlas\/wp-json\/wp\/v2\/pages\/22711"}],"wp:attachment":[{"href":"https:\/\/oruralcomopaisagem.com.br\/atlas\/wp-json\/wp\/v2\/media?parent=22945"}],"curies":[{"name":"wp","href":"https:\/\/api.w.org\/{rel}","templated":true}]}}