{"id":22956,"date":"2022-05-06T23:29:02","date_gmt":"2022-05-07T02:29:02","guid":{"rendered":"https:\/\/oruralcomopaisagem.com.br\/atlas\/?page_id=22956"},"modified":"2025-06-11T11:13:01","modified_gmt":"2025-06-11T14:13:01","slug":"vassouras","status":"publish","type":"page","link":"https:\/\/oruralcomopaisagem.com.br\/atlas\/vale-do-cafe\/vassouras\/","title":{"rendered":"Vassouras"},"content":{"rendered":"<section id=\"about\" data-vc-full-width=\"true\" data-vc-full-width-init=\"false\" class=\"vc_row wpb_row vc_row-fluid  vc_custom_1651890656987 wow fadeIn vc_row-has-fill pofo-stretch-content pofo-stretch-row-container pofo-row-responsive-69d97a03a49e4\"><div class=\"wpb_column vc_column_container vc_col-sm-4 vc_col-xs-12 pofo-column-responsive-69d97a03a4a23\"><div class=\"vc_column-inner \"><div class=\"wpb_wrapper\">[vc_single_image image=&#8221;23510&#8243; img_size=&#8221;full&#8221; css_animation=&#8221;left-to-right&#8221; css=&#8221;.vc_custom_1748550556251{padding-right: 35px !important;}&#8221;]<\/div><\/div><\/div><div class=\"wpb_column vc_column_container vc_col-sm-8  col-xs-mobile-fullwidth\"><div class=\"vc_column-inner \"><div class=\"wpb_wrapper\"><div class=\" vc_custom_1651890597848 last-paragraph-no-margin\" style=\"color: #ffffff;\"><p><span class=\"alt-font text-large width-100 line-height-40 display-table-cell vertical-align-middle\" style=\"font-size: 33px;\">Vassouras<\/span><\/p>\n<\/div>[vc_separator color=&#8221;white&#8221; align=&#8221;align_left&#8221; el_class=&#8221;separator-line-horrizontal-medium-light3&#8243;]<div class=\" vc_custom_1747244544011 last-paragraph-no-margin\" style=\"color: #ffffff;\"><p><a class=\"section-link text-white text-black-hover\" href=\"#texto\">O nome Vassouras est\u00e1 associado a um arbusto que foi muito abundante na regi\u00e3o conhecido como \u201ctupei\u00e7aba\u201d ou \u201cguaxima\u201d, popularmente chamado de vassourinha. Com um rico patrim\u00f4nio material e imaterial presente em pr\u00e9dios, fazendas, o cal\u00e7amento da \u00e1rea pr\u00f3xima a igreja matriz, museus, o cemit\u00e9rio dentre outros pontos&#8230; [ + ]<\/a><\/p>\n<\/div><\/div><\/div><\/div><\/section><div class=\"vc_row-full-width vc_clearfix\"><\/div><section data-vc-full-width=\"true\" data-vc-full-width-init=\"false\" class=\"vc_row wpb_row vc_row-fluid  vc_custom_1651890667031 wow fadeIn vc_row-has-fill pofo-stretch-content pofo-stretch-row-container pofo-row-responsive-69d97a03a4abe\"><div class=\"wpb_column vc_column_container vc_col-sm-12  col-xs-mobile-fullwidth\"><div class=\"vc_column-inner vc_custom_1636927375865\"><div class=\"wpb_wrapper\">[vc_raw_html]JTVCaW5jbHVkZW1lJTIwZmlsZSUzRCUyMiUyRm1hcGFzJTJGdmFsZS1jYWZlJTJGc3ZnLW1hcGEtcmotdmFsZS1jYWZlLXZhc3NvdXJhcy5odG1sJTIyJTVE[\/vc_raw_html]<\/div><\/div><\/div><\/section><div class=\"vc_row-full-width vc_clearfix\"><\/div><section data-vc-full-width=\"true\" data-vc-full-width-init=\"false\" class=\"vc_row wpb_row vc_row-fluid  vc_custom_1636927135699 wow fadeIn pofo-stretch-content pofo-stretch-row-container pofo-row-responsive-69d97a03a4afe\"><div class=\"wpb_column vc_column_container vc_col-sm-12  col-xs-mobile-fullwidth\"><div class=\"vc_column-inner \"><div class=\"wpb_wrapper\"><div class=\"tab-style2\"><div class=\"row\"><div class=\"col-md-12 col-sm-12\"><ul class=\"nav nav-tabs alt-font text-small display-inherit font-weight-600 text-left text-uppercase\"><li  class=\"active\"><a href=\"#pofotabitem-21697208438-1-10-0\" data-toggle=\"tab\" class=\"\"><span>Ch\u00e1cara Modelo<\/span><\/a><\/li><\/ul><div class=\"tab-content position-relative overflow-hidden\"><div class=\"tab-pane fade in active\" id=\"pofotabitem-21697208438-1-10-0\"><ul  class=\"portfolio-grid hover-option10 metro-gallery lightbox-portfolio work-3col gutter-medium\"><li class=\"grid-sizer\"><\/li><li class=\"grid-item\"><figure><div class=\"portfolio-img pofo-portfolio-page-background bg-black\"><img loading=\"lazy\" decoding=\"async\" src=\"https:\/\/oruralcomopaisagem.com.br\/atlas\/wp-content\/uploads\/2017\/08\/800x1600-ph.jpg\"  alt=\"\" width=\"800\" height=\"1600\" sizes=\"(max-width: 800px) 100vw, 800px\" class=\"project-img-gallery\" data-no-retina=\"\" \/><\/div><figcaption><div class=\"portfolio-hover-main text-center\"><div class=\"portfolio-hover-box vertical-align-middle\"><div class=\"portfolio-icon\"><a href=\"https:\/\/oruralcomopaisagem.com.br\/atlas\/wp-content\/uploads\/2017\/08\/800x1600-ph.jpg\" class=\"gallery-link\" data-group=\"pofo-lightbox-1\"  title=\"pofo 800&#215;1600-ph\"><i class=\"ti-zoom-in text-white fa-2x\" aria-hidden=\"true\"><\/i><\/a><\/div><\/div><\/div><\/figcaption><figure><\/li><\/ul><\/div><\/div><\/div><\/div><\/div><\/div><\/div><\/div><\/section><div class=\"vc_row-full-width vc_clearfix\"><\/div><section id=\"texto\" data-vc-full-width=\"true\" data-vc-full-width-init=\"false\" class=\"vc_row wpb_row vc_row-fluid  vc_custom_1697208513334 vc_row-has-fill pofo-stretch-content pofo-stretch-row-container vc_row-o-content-middle vc_row-flex pofo-row-responsive-69d97a03a4e0f\"><div class=\"wpb_column vc_column_container vc_col-sm-12  col-xs-mobile-fullwidth wow fadeInUp pofo-column-responsive-69d97a03a4e4f\"><div class=\"vc_column-inner \"><div class=\"wpb_wrapper\">[vc_raw_html]JTNDZGl2JTIwc3R5bGUlM0QlMjItd2Via2l0LWNvbHVtbnMlM0ElMjAzJTIwMzAwcHglM0ItbW96LWNvbHVtbnMlM0ElMjAzJTIwMzAwcHglM0IlMjAlMjBjb2x1bW5zJTNBJTIwMyUyMDMwMHB4JTNCJTIwLXdlYmtpdC1jb2x1bW4tZ2FwJTNBJTIwNGVtJTNCJTIwLW1vei1jb2x1bW4tZ2FwJTNBJTIwNGVtJTNCJTIwY29sdW1uLWdhcCUzQSUyMDRlbSUzQiUyMC13ZWJraXQtY29sdW1uLXJ1bGUlM0ElMjAxcHglMjBkb3R0ZWQlMjAlMjMyYzJjMmMlM0IlMjAtbW96LWNvbHVtbi1ydWxlJTNBJTIwMXB4JTIwZG90dGVkJTIwJTIzMmMyYzJjJTNCJTIwY29sdW1uLXJ1bGUlM0ElMjAxcHglMjBkb3R0ZWQlMjAlMjMyYzJjMmMlM0IlMjIlM0UlMEElMEElM0NzcGFuJTIwY2xhc3MlM0QlMjJ0ZXh0LWV4dHJhLWxhcmdlJTIwbWFyZ2luLTI1cHgtYm90dG9tJTIwZGlzcGxheS1pbmxpbmUtYmxvY2slMjBhbHQtZm9udCUyMGhlYWRpbmctc3R5bGUzJTIwcG9mby1idXR0b24tcmVzcG9uc2l2ZS02MmIyM2E3MTVlNDViJTIwJTIwaGVhZGluZy0xJTIyJTIwJTIwc3R5bGUlM0QlMjJjb2xvciUzQSUyMCUyM2ZmZmZmZiUzQiUyMiUzRVZhc3NvdXJhcyUzQyUyRnNwYW4lM0UlMEElMEElM0NkaXYlMjBjbGFzcyUzRCUyMnZjX3NlcGFyYXRvciUyMHdwYl9jb250ZW50X2VsZW1lbnQlMjB2Y19zZXBhcmF0b3JfYWxpZ25fY2VudGVyJTIwdmNfc2VwX3dpZHRoXzEwMCUyMHZjX3NlcF9wb3NfYWxpZ25fbGVmdCUyMHZjX3NlcGFyYXRvcl9ub190ZXh0JTIwdmNfY3VzdG9tXzE2MzM1NTI5NDA1MDglMjAlMjB2Y19jdXN0b21fMTYzMzU1Mjk0MDUwOCUyMHNlcGFyYXRvci1saW5lLWhvcnJpem9udGFsLW1lZGl1bS1saWdodDMlMjIlMjAlM0UlM0NzcGFuJTIwY2xhc3MlM0QlMjJ2Y19zZXBfaG9sZGVyJTIwdmNfc2VwX2hvbGRlcl9sJTIyJTNFJTNDc3BhbiUyMCUyMHN0eWxlJTNEJTIyYm9yZGVyLWNvbG9yJTNBJTIzYTMyZjJmJTNCJTIyJTIwY2xhc3MlM0QlMjJ2Y19zZXBfbGluZSUyMiUzRSUzQyUyRnNwYW4lM0UlM0MlMkZzcGFuJTNFJTNDc3BhbiUyMGNsYXNzJTNEJTIydmNfc2VwX2hvbGRlciUyMHZjX3NlcF9ob2xkZXJfciUyMiUzRSUzQ3NwYW4lMjAlMjBzdHlsZSUzRCUyMmJvcmRlci1jb2xvciUzQSUyM2EzMmYyZiUzQiUyMiUyMGNsYXNzJTNEJTIydmNfc2VwX2xpbmUlMjIlM0UlM0MlMkZzcGFuJTNFJTNDJTJGc3BhbiUzRSUwQSUzQyUyRmRpdiUzRSUwQSUwQSUzQ3AlMjBjbGFzcyUzRCUyMm1hcmdpbi0yNXB4LXRvcCUyMiUzRU8lMjBub21lJTIwVmFzc291cmFzJTIwZXN0JUMzJUExJTIwYXNzb2NpYWRvJTIwYSUyMHVtJTIwYXJidXN0byUyMHF1ZSUyMGZvaSUyMG11aXRvJTIwYWJ1bmRhbnRlJTIwbmElMjByZWdpJUMzJUEzbyUyMGNvbmhlY2lkbyUyMGNvbW8lMjAlRTIlODAlOUN0dXBlaSVDMyVBN2FiYSVFMiU4MCU5RCUyMG91JTIwJUUyJTgwJTlDZ3VheGltYSVFMiU4MCU5RCUyQyUyMHBvcHVsYXJtZW50ZSUyMGNoYW1hZG8lMjBkZSUyMHZhc3NvdXJpbmhhLiUyMENvbSUyMHVtJTIwcmljbyUyMHBhdHJpbSVDMyVCNG5pbyUyMG1hdGVyaWFsJTIwZSUyMGltYXRlcmlhbCUyMHByZXNlbnRlJTIwZW0lMjBwciVDMyVBOWRpb3MlMkMlMjBmYXplbmRhcyUyQyUyMG8lMjBjYWwlQzMlQTdhbWVudG8lMjBkYSUyMCVDMyVBMXJlYSUyMHByJUMzJUIzeGltYSUyMGElMjBpZ3JlamElMjBtYXRyaXolMkMlMjBtdXNldXMlMkMlMjBvJTIwY2VtaXQlQzMlQTlyaW8lMjBkZW50cmUlMjBvdXRyb3MlMjBwb250b3MlMjBjb25mZXJlbSUyMGElMjBWYXNzb3VyYXMlMjB1bSUyMGNoYXJtZSUyMHF1ZSUyMGVuY2FudGElMjBxdWUlMjBhJTIwdmlzaXRhLiUyMENvbSUyMHVtYSUyMCVDMyVBMXJlYSUyMHRlcnJpdG9yaWFsJTIwZGUlMjA1MzYlMkMwNzNrbSVDMiVCMiUyMGUlMjB1bWElMjBwb3B1bGElQzMlQTclQzMlQTNvJTIwZGUlMjAzMy45NzYlMjBwZXNzb2FzJTJDJTIwVmFzc291cmFzJTIwZW5jYW50YSUyMHBlbGFzJTIwYmVsZXphcyUyMGhpc3QlQzMlQjNyaWNhcyUyMGUlMjBuYXR1cmFpcy4lMjBTdWElMjByZWNlaXRhJTIwYnJ1dGElMjBmb2klMjBkYSUyMG9yZGVtJTIwZGUlMjBSJTI0JTIwMzAyLjMzNS44NjglMkMyNCUyMGUlMjBzZXUlMjBwcm9kdXRvJTIwaW50ZXJubyUyMGJydXRvJTIwcGVyJTIwY2FwaXRhbCUyMGRlJTIwUiUyNCUyMDM1LjQ1OCUyQzk2LiUzQyUyRnAlM0UlMEElMEElM0NwJTNFTyUyMHR1cmlzbW8lMjBlJTIwbyUyMGNvbSVDMyVBOXJjaW8lMjBzJUMzJUEzbyUyMG11aXRvJTIwaW1wb3J0YW50ZXMlMjBwYXJhJTIwbyUyMG11bmljJUMzJUFEcGlvJTJDJTIwcXVlJTIwcG9yJTIwZXN0YXIlMjAlQzMlQTBzJTIwbWFyZ2VucyUyMGRhJTIwQnIlMjAzOTMlMjBlJTIwcHIlQzMlQjN4aW1hJTIwJUMzJUEwJTIwQnIlMjAwNDAlMjB0b3JuYS1zZSUyMHVtJTIwZGVzdGlubyUyMHByJUMzJUIzeGltbyUyQyUyMHBvc3RvJTIwZXN0YXIlMjBhcGVuYXMlMjBhJTIwMTE2JTIwa20lMjBkYSUyMGNhcGl0YWwlMjBmbHVtaW5lbnNlLiUyMFNldXMlMjB2aXppbmhvcyUyMG11bmljaXBhaXMlMjBzJUMzJUEzbyUyMEJhcnJhJTIwZG8lMjBQaXJhJUMzJUFEJTJDJTIwRW5nZW5oZWlybyUyMFBhdWxvJTIwZGUlMjBGcm9udGluJTJDJTIwTWVuZGVzJTJDJTIwTWlndWVsJTIwUGVyZWlyYSUyQyUyMFBhcmElQzMlQURiYSUyMGRvJTIwU3VsJTJDJTIwUGF0eSUyMGRvJTIwQWxmZXJlcyUyQyUyMFJpbyUyMGRhcyUyMEZsb3JlcyUyMGUlMjBWYWxlbiVDMyVBN2EuJTIwTyUyMG11bmljJUMzJUFEcGlvJTIwZmF6JTIwcGFydGUlMjBkYSUyMHJlZ2klQzMlQTNvJTIwZGUlMjBnb3Zlcm5vJTIwQ2VudHJvLVN1bCUyMEZsdW1pbmVuc2UlMkMlMjBxdWUlMjB0YW1iJUMzJUE5bSUyMGFicmFuZ2UlMjBvcyUyMG11bmljJUMzJUFEcGlvcyUyMGRlJTIwQXJlYWwlMkMlMjBDb21lbmRhZG9yJTIwTGV2eSUyMEdhc3BhcmlhbiUyQyUyMEVuZ2VuaGVpcm8lMjBQYXVsbyUyMGRlJTIwRnJvbnRpbiUyQyUyME1lbmRlcyUyQyUyME1pZ3VlbCUyMFBlcmVpcmElMkMlMjBQYXJhJUMzJUFEYmElMjBkbyUyMFN1bCUyQyUyMFBhdHklMjBkbyUyMEFsZmVyZXMlMkMlMjBTYXB1Y2FpYSUyMGUlMjBUciVDMyVBQXMlMjBSaW9zLiUzQyUyRnAlM0UlMEElMEElM0NwJTNFUyVDMyVBM28lMjBpbiVDMyVCQW1lcm9zJTIwcGF0cmltJUMzJUI0bmlvcyUyMHF1ZSUyMHBvZGVtJTIwc2VyJTIwYWRtaXJhZG9zJTIwcGVsb3MlMjB2aXNpdGFudGVzJTIwY29tbyUyMG11c2V1cyUyQyUyMHBhbGFjZXRlcyUyQyUyMGlncmVqYXMlMkMlMjBmYXplbmRhcyUyQyUyMGZvbGlhcyUyMGRlJTIwcmVpcyUyQyUyMGpvbmdvJTJDJTIwbWVtb3JpYWwlMjBNYW5vZWwlMjBDb25nbyUyQyUyMGNhcG9laXJhJTIwZSUyMG1hY3VsZWwlQzMlQUEuJTIwQWwlQzMlQTltJTIwZGlzc28lMkMlMjBvJTIwbXVuaWMlQzMlQURwaW8lMjB0YW1iJUMzJUE5bSUyMGNvbnRhJTIwY29tJTIwcG90ZW5jaWFpcyUyMGRlc3Rpbm9zJTIwZGUlMjB0dXJpc21vJTIwcnVyYWwlMjBjb21vJTIwcHJvZHV0b3JlcyUyMGRlJTIwY2FmJUMzJUE5JTIwYXJ0ZXNhbmFsJTIwb3JnJUMzJUEybmljbyUyMGUlMjBmYW1pbGlhciUyQyUyMHByb3ByaWVkYWRlcyUyMHF1ZSUyMG9mZXJlY2VtJTIwYSUyMGV4cGVyaSVDMyVBQW5jaWElMjBkZSUyMGNvbnYlQzMlQUR2aW8lMjBubyUyMGNhbXBvJTIwY29tJTIwY2FtaW5oYWRhcyUyMG5hJTIwbWF0YSUyMGUlMjBnYXN0cm9ub21pYS4lM0MlMkZwJTNFJTBBJTNDJTJGZGl2JTNF[\/vc_raw_html]<\/div><\/div><\/div><\/section><div class=\"vc_row-full-width vc_clearfix\"><\/div>\n","protected":false},"excerpt":{"rendered":"[vc_single_image image=\"23510\" img_size=\"full\" css_animation=\"left-to-right\" css=\".vc_custom_1748550556251{padding-right: 35px !important;}\"]Vassouras [vc_separator color=\"white\" align=\"align_left\" el_class=\"separator-line-horrizontal-medium-light3\"]O nome Vassouras est\u00e1 associado a um arbusto que foi muito abundante na regi\u00e3o conhecido como \u201ctupei\u00e7aba\u201d ou \u201cguaxima\u201d, popularmente chamado de vassourinha. Com um rico patrim\u00f4nio material e imaterial presente em pr\u00e9dios, fazendas, o cal\u00e7amento da \u00e1rea pr\u00f3xima a igreja matriz, museus, o cemit\u00e9rio dentre outros pontos... [ + ] [vc_raw_html]JTVCaW5jbHVkZW1lJTIwZmlsZSUzRCUyMiUyRm1hcGFzJTJGdmFsZS1jYWZlJTJGc3ZnLW1hcGEtcmotdmFsZS1jYWZlLXZhc3NvdXJhcy5odG1sJTIyJTVE[\/vc_raw_html]Ch\u00e1cara Modelo[vc_raw_html]JTNDZGl2JTIwc3R5bGUlM0QlMjItd2Via2l0LWNvbHVtbnMlM0ElMjAzJTIwMzAwcHglM0ItbW96LWNvbHVtbnMlM0ElMjAzJTIwMzAwcHglM0IlMjAlMjBjb2x1bW5zJTNBJTIwMyUyMDMwMHB4JTNCJTIwLXdlYmtpdC1jb2x1bW4tZ2FwJTNBJTIwNGVtJTNCJTIwLW1vei1jb2x1bW4tZ2FwJTNBJTIwNGVtJTNCJTIwY29sdW1uLWdhcCUzQSUyMDRlbSUzQiUyMC13ZWJraXQtY29sdW1uLXJ1bGUlM0ElMjAxcHglMjBkb3R0ZWQlMjAlMjMyYzJjMmMlM0IlMjAtbW96LWNvbHVtbi1ydWxlJTNBJTIwMXB4JTIwZG90dGVkJTIwJTIzMmMyYzJjJTNCJTIwY29sdW1uLXJ1bGUlM0ElMjAxcHglMjBkb3R0ZWQlMjAlMjMyYzJjMmMlM0IlMjIlM0UlMEElMEElM0NzcGFuJTIwY2xhc3MlM0QlMjJ0ZXh0LWV4dHJhLWxhcmdlJTIwbWFyZ2luLTI1cHgtYm90dG9tJTIwZGlzcGxheS1pbmxpbmUtYmxvY2slMjBhbHQtZm9udCUyMGhlYWRpbmctc3R5bGUzJTIwcG9mby1idXR0b24tcmVzcG9uc2l2ZS02MmIyM2E3MTVlNDViJTIwJTIwaGVhZGluZy0xJTIyJTIwJTIwc3R5bGUlM0QlMjJjb2xvciUzQSUyMCUyM2ZmZmZmZiUzQiUyMiUzRVZhc3NvdXJhcyUzQyUyRnNwYW4lM0UlMEElMEElM0NkaXYlMjBjbGFzcyUzRCUyMnZjX3NlcGFyYXRvciUyMHdwYl9jb250ZW50X2VsZW1lbnQlMjB2Y19zZXBhcmF0b3JfYWxpZ25fY2VudGVyJTIwdmNfc2VwX3dpZHRoXzEwMCUyMHZjX3NlcF9wb3NfYWxpZ25fbGVmdCUyMHZjX3NlcGFyYXRvcl9ub190ZXh0JTIwdmNfY3VzdG9tXzE2MzM1NTI5NDA1MDglMjAlMjB2Y19jdXN0b21fMTYzMzU1Mjk0MDUwOCUyMHNlcGFyYXRvci1saW5lLWhvcnJpem9udGFsLW1lZGl1bS1saWdodDMlMjIlMjAlM0UlM0NzcGFuJTIwY2xhc3MlM0QlMjJ2Y19zZXBfaG9sZGVyJTIwdmNfc2VwX2hvbGRlcl9sJTIyJTNFJTNDc3BhbiUyMCUyMHN0eWxlJTNEJTIyYm9yZGVyLWNvbG9yJTNBJTIzYTMyZjJmJTNCJTIyJTIwY2xhc3MlM0QlMjJ2Y19zZXBfbGluZSUyMiUzRSUzQyUyRnNwYW4lM0UlM0MlMkZzcGFuJTNFJTNDc3BhbiUyMGNsYXNzJTNEJTIydmNfc2VwX2hvbGRlciUyMHZjX3NlcF9ob2xkZXJfciUyMiUzRSUzQ3NwYW4lMjAlMjBzdHlsZSUzRCUyMmJvcmRlci1jb2xvciUzQSUyM2EzMmYyZiUzQiUyMiUyMGNsYXNzJTNEJTIydmNfc2VwX2xpbmUlMjIlM0UlM0MlMkZzcGFuJTNFJTNDJTJGc3BhbiUzRSUwQSUzQyUyRmRpdiUzRSUwQSUwQSUzQ3AlMjBjbGFzcyUzRCUyMm1hcmdpbi0yNXB4LXRvcCUyMiUzRU8lMjBub21lJTIwVmFzc291cmFzJTIwZXN0JUMzJUExJTIwYXNzb2NpYWRvJTIwYSUyMHVtJTIwYXJidXN0byUyMHF1ZSUyMGZvaSUyMG11aXRvJTIwYWJ1bmRhbnRlJTIwbmElMjByZWdpJUMzJUEzbyUyMGNvbmhlY2lkbyUyMGNvbW8lMjAlRTIlODAlOUN0dXBlaSVDMyVBN2FiYSVFMiU4MCU5RCUyMG91JTIwJUUyJTgwJTlDZ3VheGltYSVFMiU4MCU5RCUyQyUyMHBvcHVsYXJtZW50ZSUyMGNoYW1hZG8lMjBkZSUyMHZhc3NvdXJpbmhhLiUyMENvbSUyMHVtJTIwcmljbyUyMHBhdHJpbSVDMyVCNG5pbyUyMG1hdGVyaWFsJTIwZSUyMGltYXRlcmlhbCUyMHByZXNlbnRlJTIwZW0lMjBwciVDMyVBOWRpb3MlMkMlMjBmYXplbmRhcyUyQyUyMG8lMjBjYWwlQzMlQTdhbWVudG8lMjBkYSUyMCVDMyVBMXJlYSUyMHByJUMzJUIzeGltYSUyMGElMjBpZ3JlamElMjBtYXRyaXolMkMlMjBtdXNldXMlMkMlMjBvJTIwY2VtaXQlQzMlQTlyaW8lMjBkZW50cmUlMjBvdXRyb3MlMjBwb250b3MlMjBjb25mZXJlbSUyMGElMjBWYXNzb3VyYXMlMjB1bSUyMGNoYXJtZSUyMHF1ZSUyMGVuY2FudGElMjBxdWUlMjBhJTIwdmlzaXRhLiUyMENvbSUyMHVtYSUyMCVDMyVBMXJlYSUyMHRlcnJpdG9yaWFsJTIwZGUlMjA1MzYlMkMwNzNrbSVDMiVCMiUyMGUlMjB1bWElMjBwb3B1bGElQzMlQTclQzMlQTNvJTIwZGUlMjAzMy45NzYlMjBwZXNzb2FzJTJDJTIwVmFzc291cmFzJTIwZW5jYW50YSUyMHBlbGFzJTIwYmVsZXphcyUyMGhpc3QlQzMlQjNyaWNhcyUyMGUlMjBuYXR1cmFpcy4lMjBTdWElMjByZWNlaXRhJTIwYnJ1dGElMjBmb2klMjBkYSUyMG9yZGVtJTIwZGUlMjBSJTI0JTIwMzAyLjMzNS44NjglMkMyNCUyMGUlMjBzZXUlMjBwcm9kdXRvJTIwaW50ZXJubyUyMGJydXRvJTIwcGVyJTIwY2FwaXRhbCUyMGRlJTIwUiUyNCUyMDM1LjQ1OCUyQzk2LiUzQyUyRnAlM0UlMEElMEElM0NwJTNFTyUyMHR1cmlzbW8lMjBlJTIwbyUyMGNvbSVDMyVBOXJjaW8lMjBzJUMzJUEzbyUyMG11aXRvJTIwaW1wb3J0YW50ZXMlMjBwYXJhJTIwbyUyMG11bmljJUMzJUFEcGlvJTJDJTIwcXVlJTIwcG9yJTIwZXN0YXIlMjAlQzMlQTBzJTIwbWFyZ2VucyUyMGRhJTIwQnIlMjAzOTMlMjBlJTIwcHIlQzMlQjN4aW1hJTIwJUMzJUEwJTIwQnIlMjAwNDAlMjB0b3JuYS1zZSUyMHVtJTIwZGVzdGlubyUyMHByJUMzJUIzeGltbyUyQyUyMHBvc3RvJTIwZXN0YXIlMjBhcGVuYXMlMjBhJTIwMTE2JTIwa20lMjBkYSUyMGNhcGl0YWwlMjBmbHVtaW5lbnNlLiUyMFNldXMlMjB2aXppbmhvcyUyMG11bmljaXBhaXMlMjBzJUMzJUEzbyUyMEJhcnJhJTIwZG8lMjBQaXJhJUMzJUFEJTJDJTIwRW5nZW5oZWlybyUyMFBhdWxvJTIwZGUlMjBGcm9udGluJTJDJTIwTWVuZGVzJTJDJTIwTWlndWVsJTIwUGVyZWlyYSUyQyUyMFBhcmElQzMlQURiYSUyMGRvJTIwU3VsJTJDJTIwUGF0eSUyMGRvJTIwQWxmZXJlcyUyQyUyMFJpbyUyMGRhcyUyMEZsb3JlcyUyMGUlMjBWYWxlbiVDMyVBN2EuJTIwTyUyMG11bmljJUMzJUFEcGlvJTIwZmF6JTIwcGFydGUlMjBkYSUyMHJlZ2klQzMlQTNvJTIwZGUlMjBnb3Zlcm5vJTIwQ2VudHJvLVN1bCUyMEZsdW1pbmVuc2UlMkMlMjBxdWUlMjB0YW1iJUMzJUE5bSUyMGFicmFuZ2UlMjBvcyUyMG11bmljJUMzJUFEcGlvcyUyMGRlJTIwQXJlYWwlMkMlMjBDb21lbmRhZG9yJTIwTGV2eSUyMEdhc3BhcmlhbiUyQyUyMEVuZ2VuaGVpcm8lMjBQYXVsbyUyMGRlJTIwRnJvbnRpbiUyQyUyME1lbmRlcyUyQyUyME1pZ3VlbCUyMFBlcmVpcmElMkMlMjBQYXJhJUMzJUFEYmElMjBkbyUyMFN1bCUyQyUyMFBhdHklMjBkbyUyMEFsZmVyZXMlMkMlMjBTYXB1Y2FpYSUyMGUlMjBUciVDMyVBQXMlMjBSaW9zLiUzQyUyRnAlM0UlMEElMEElM0NwJTNFUyVDMyVBM28lMjBpbiVDMyVCQW1lcm9zJTIwcGF0cmltJUMzJUI0bmlvcyUyMHF1ZSUyMHBvZGVtJTIwc2VyJTIwYWRtaXJhZG9zJTIwcGVsb3MlMjB2aXNpdGFudGVzJTIwY29tbyUyMG11c2V1cyUyQyUyMHBhbGFjZXRlcyUyQyUyMGlncmVqYXMlMkMlMjBmYXplbmRhcyUyQyUyMGZvbGlhcyUyMGRlJTIwcmVpcyUyQyUyMGpvbmdvJTJDJTIwbWVtb3JpYWwlMjBNYW5vZWwlMjBDb25nbyUyQyUyMGNhcG9laXJhJTIwZSUyMG1hY3VsZWwlQzMlQUEuJTIwQWwlQzMlQTltJTIwZGlzc28lMkMlMjBvJTIwbXVuaWMlQzMlQURwaW8lMjB0YW1iJUMzJUE5bSUyMGNvbnRhJTIwY29tJTIwcG90ZW5jaWFpcyUyMGRlc3Rpbm9zJTIwZGUlMjB0dXJpc21vJTIwcnVyYWwlMjBjb21vJTIwcHJvZHV0b3JlcyUyMGRlJTIwY2FmJUMzJUE5JTIwYXJ0ZXNhbmFsJTIwb3JnJUMzJUEybmljbyUyMGUlMjBmYW1pbGlhciUyQyUyMHByb3ByaWVkYWRlcyUyMHF1ZSUyMG9mZXJlY2VtJTIwYSUyMGV4cGVyaSVDMyVBQW5jaWElMjBkZSUyMGNvbnYlQzMlQUR2aW8lMjBubyUyMGNhbXBvJTIwY29tJTIwY2FtaW5oYWRhcyUyMG5hJTIwbWF0YSUyMGUlMjBnYXN0cm9ub21pYS4lM0MlMkZwJTNFJTBBJTNDJTJGZGl2JTNF[\/vc_raw_html]","protected":false},"author":1,"featured_media":0,"parent":22929,"menu_order":0,"comment_status":"closed","ping_status":"closed","template":"","meta":{"inline_featured_image":false,"footnotes":""},"class_list":["post-22956","page","type-page","status-publish","hentry"],"_links":{"self":[{"href":"https:\/\/oruralcomopaisagem.com.br\/atlas\/wp-json\/wp\/v2\/pages\/22956"}],"collection":[{"href":"https:\/\/oruralcomopaisagem.com.br\/atlas\/wp-json\/wp\/v2\/pages"}],"about":[{"href":"https:\/\/oruralcomopaisagem.com.br\/atlas\/wp-json\/wp\/v2\/types\/page"}],"author":[{"embeddable":true,"href":"https:\/\/oruralcomopaisagem.com.br\/atlas\/wp-json\/wp\/v2\/users\/1"}],"replies":[{"embeddable":true,"href":"https:\/\/oruralcomopaisagem.com.br\/atlas\/wp-json\/wp\/v2\/comments?post=22956"}],"version-history":[{"count":6,"href":"https:\/\/oruralcomopaisagem.com.br\/atlas\/wp-json\/wp\/v2\/pages\/22956\/revisions"}],"predecessor-version":[{"id":24008,"href":"https:\/\/oruralcomopaisagem.com.br\/atlas\/wp-json\/wp\/v2\/pages\/22956\/revisions\/24008"}],"up":[{"embeddable":true,"href":"https:\/\/oruralcomopaisagem.com.br\/atlas\/wp-json\/wp\/v2\/pages\/22929"}],"wp:attachment":[{"href":"https:\/\/oruralcomopaisagem.com.br\/atlas\/wp-json\/wp\/v2\/media?parent=22956"}],"curies":[{"name":"wp","href":"https:\/\/api.w.org\/{rel}","templated":true}]}}