{"id":22965,"date":"2022-05-13T10:24:48","date_gmt":"2022-05-13T13:24:48","guid":{"rendered":"https:\/\/oruralcomopaisagem.com.br\/atlas\/?page_id=22965"},"modified":"2025-06-11T15:02:47","modified_gmt":"2025-06-11T18:02:47","slug":"tangua","status":"publish","type":"page","link":"https:\/\/oruralcomopaisagem.com.br\/atlas\/caminhos-da-mata\/tangua\/","title":{"rendered":"Tangu\u00e1"},"content":{"rendered":"<section id=\"about\" data-vc-full-width=\"true\" data-vc-full-width-init=\"false\" class=\"vc_row wpb_row vc_row-fluid  vc_custom_1652448933633 wow fadeIn vc_row-has-fill pofo-stretch-content pofo-stretch-row-container pofo-row-responsive-69d979cb30be3\"><div class=\"wpb_column vc_column_container vc_col-sm-4 vc_col-xs-12 pofo-column-responsive-69d979cb30c38\"><div class=\"vc_column-inner \"><div class=\"wpb_wrapper\">[vc_single_image image=&#8221;22851&#8243; img_size=&#8221;full&#8221; css_animation=&#8221;left-to-right&#8221; css=&#8221;.vc_custom_1697229833275{padding-right: 35px !important;}&#8221;]<\/div><\/div><\/div><div class=\"wpb_column vc_column_container vc_col-sm-8  col-xs-mobile-fullwidth\"><div class=\"vc_column-inner \"><div class=\"wpb_wrapper\"><div class=\" vc_custom_1652448899420 last-paragraph-no-margin\" style=\"color: #ffffff;\"><p><span class=\"alt-font text-large width-100 line-height-40 display-table-cell vertical-align-middle\" style=\"font-size: 33px;\">Tangu\u00e1<\/span><\/p>\n<\/div>[vc_separator color=&#8221;white&#8221; align=&#8221;align_left&#8221; el_class=&#8221;separator-line-horrizontal-medium-light3&#8243;]<div class=\" vc_custom_1697208180191 last-paragraph-no-margin\" style=\"color: #ffffff;\"><p><a class=\"section-link text-white text-black-hover\" href=\"#texto\">Aliquam interdum, ex quis rutrum accumsan, est ante suscipit urna, vitae lacinia diam metus at justo. Vestibulum laoreet id neque quis vestibulum. Lorem ipsum dolor sit amet, consectetur adipiscing elit. Nullam in eros dui. Pellentesque habitant morbi tristique senectus et netus et malesuada fames ac turpis egestas. [ + ]<\/a><\/p>\n<\/div><\/div><\/div><\/div><\/section><div class=\"vc_row-full-width vc_clearfix\"><\/div><section data-vc-full-width=\"true\" data-vc-full-width-init=\"false\" class=\"vc_row wpb_row vc_row-fluid  vc_custom_1652448944540 wow fadeIn vc_row-has-fill pofo-stretch-content pofo-stretch-row-container pofo-row-responsive-69d979cb30d1c\"><div class=\"wpb_column vc_column_container vc_col-sm-12  col-xs-mobile-fullwidth\"><div class=\"vc_column-inner vc_custom_1636927375865\"><div class=\"wpb_wrapper\">[vc_raw_html]JTVCaW5jbHVkZW1lJTIwZmlsZSUzRCUyMiUyRm1hcGFzJTJGY2FtaW5ob3MtbWF0YSUyRnN2Zy1tYXBhLXJqLWNhbWluaG9zLW1hdGEtdGFuZ3VhLmh0bWwlMjIlNUQ=[\/vc_raw_html]<\/div><\/div><\/div><\/section><div class=\"vc_row-full-width vc_clearfix\"><\/div><section data-vc-full-width=\"true\" data-vc-full-width-init=\"false\" class=\"vc_row wpb_row vc_row-fluid  vc_custom_1636927135699 wow fadeIn pofo-stretch-content pofo-stretch-row-container pofo-row-responsive-69d979cb30d71\"><div class=\"wpb_column vc_column_container vc_col-sm-12  col-xs-mobile-fullwidth\"><div class=\"vc_column-inner \"><div class=\"wpb_wrapper\"><div class=\"tab-style2\"><div class=\"row\"><div class=\"col-md-12 col-sm-12\"><ul class=\"nav nav-tabs alt-font text-small display-inherit font-weight-600 text-left text-uppercase\"><li  class=\"active\"><a href=\"#pofotabitem-21697208289-1-15-0\" data-toggle=\"tab\" class=\"\"><span>S\u00edtio Juvak<\/span><\/a><\/li><li ><a href=\"#pofotabitem-21697208289-2-18-1\" data-toggle=\"tab\" class=\"\"><span>Portal<\/span><\/a><\/li><li ><a href=\"#pofotabitem-21749664902663-2-5-2\" data-toggle=\"tab\" class=\"\"><span>S\u00edtio D\u00e9lcio<\/span><\/a><\/li><li ><a href=\"#pofotabitem-21749664903693-3-10-3\" data-toggle=\"tab\" class=\"\"><span>Engenho de Farinha<\/span><\/a><\/li><li ><a href=\"#pofotabitem-21749664904322-4-5-4\" data-toggle=\"tab\" class=\"\"><span>S\u00edtio Engenho d\u2019\u00c1gua<\/span><\/a><\/li><\/ul><div class=\"tab-content position-relative overflow-hidden\"><div class=\"tab-pane fade in active\" id=\"pofotabitem-21697208289-1-15-0\"><ul  class=\"portfolio-grid hover-option10 metro-gallery lightbox-portfolio work-3col gutter-medium\"><li class=\"grid-sizer\"><\/li><li class=\"grid-item\"><figure><div class=\"portfolio-img pofo-portfolio-page-background bg-black\"><img loading=\"lazy\" decoding=\"async\" src=\"https:\/\/oruralcomopaisagem.com.br\/atlas\/wp-content\/uploads\/2017\/07\/950x550-ph.jpg\"  alt=\"\" width=\"950\" height=\"550\" sizes=\"(max-width: 950px) 100vw, 950px\" class=\"project-img-gallery\" data-no-retina=\"\" \/><\/div><figcaption><div class=\"portfolio-hover-main text-center\"><div class=\"portfolio-hover-box vertical-align-middle\"><div class=\"portfolio-icon\"><a href=\"https:\/\/oruralcomopaisagem.com.br\/atlas\/wp-content\/uploads\/2017\/07\/950x550-ph.jpg\" class=\"gallery-link\" data-group=\"pofo-lightbox-1\"  title=\"pofo 950&#215;550-ph\"><i class=\"ti-zoom-in text-white fa-2x\" aria-hidden=\"true\"><\/i><\/a><\/div><\/div><\/div><\/figcaption><figure><\/li><\/ul><\/div><div class=\"tab-pane fade\" id=\"pofotabitem-21697208289-2-18-1\"><ul  class=\"portfolio-grid hover-option10 metro-gallery lightbox-portfolio work-3col gutter-medium\"><li class=\"grid-sizer\"><\/li><li class=\"grid-item\"><figure><div class=\"portfolio-img pofo-portfolio-page-background bg-black\"><img loading=\"lazy\" decoding=\"async\" src=\"https:\/\/oruralcomopaisagem.com.br\/atlas\/wp-content\/uploads\/2017\/08\/500x730-ph.jpg\"  alt=\"\" width=\"500\" height=\"730\" sizes=\"(max-width: 500px) 100vw, 500px\" class=\"project-img-gallery\" data-no-retina=\"\" \/><\/div><figcaption><div class=\"portfolio-hover-main text-center\"><div class=\"portfolio-hover-box vertical-align-middle\"><div class=\"portfolio-icon\"><a href=\"https:\/\/oruralcomopaisagem.com.br\/atlas\/wp-content\/uploads\/2017\/08\/500x730-ph.jpg\" class=\"gallery-link\" data-group=\"pofo-lightbox-2\"  title=\"pofo 500&#215;730-ph\"><i class=\"ti-zoom-in text-white fa-2x\" aria-hidden=\"true\"><\/i><\/a><\/div><\/div><\/div><\/figcaption><figure><\/li><\/ul><\/div><div class=\"tab-pane fade\" id=\"pofotabitem-21749664902663-2-5-2\"><ul  class=\"portfolio-grid hover-option10 metro-gallery lightbox-portfolio work-3col gutter-medium\"><li class=\"grid-sizer\"><\/li><li class=\"grid-item\"><figure><div class=\"portfolio-img pofo-portfolio-page-background bg-black\"><img loading=\"lazy\" decoding=\"async\" src=\"https:\/\/oruralcomopaisagem.com.br\/atlas\/wp-content\/uploads\/2017\/08\/500x730-ph.jpg\"  alt=\"\" width=\"500\" height=\"730\" sizes=\"(max-width: 500px) 100vw, 500px\" class=\"project-img-gallery\" data-no-retina=\"\" \/><\/div><figcaption><div class=\"portfolio-hover-main text-center\"><div class=\"portfolio-hover-box vertical-align-middle\"><div class=\"portfolio-icon\"><a href=\"https:\/\/oruralcomopaisagem.com.br\/atlas\/wp-content\/uploads\/2017\/08\/500x730-ph.jpg\" class=\"gallery-link\" data-group=\"pofo-lightbox-3\"  title=\"pofo 500&#215;730-ph\"><i class=\"ti-zoom-in text-white fa-2x\" aria-hidden=\"true\"><\/i><\/a><\/div><\/div><\/div><\/figcaption><figure><\/li><\/ul><\/div><div class=\"tab-pane fade\" id=\"pofotabitem-21749664903693-3-10-3\"><ul  class=\"portfolio-grid hover-option10 metro-gallery lightbox-portfolio work-3col gutter-medium\"><li class=\"grid-sizer\"><\/li><li class=\"grid-item\"><figure><div class=\"portfolio-img pofo-portfolio-page-background bg-black\"><img loading=\"lazy\" decoding=\"async\" src=\"https:\/\/oruralcomopaisagem.com.br\/atlas\/wp-content\/uploads\/2017\/08\/500x730-ph.jpg\"  alt=\"\" width=\"500\" height=\"730\" sizes=\"(max-width: 500px) 100vw, 500px\" class=\"project-img-gallery\" data-no-retina=\"\" \/><\/div><figcaption><div class=\"portfolio-hover-main text-center\"><div class=\"portfolio-hover-box vertical-align-middle\"><div class=\"portfolio-icon\"><a href=\"https:\/\/oruralcomopaisagem.com.br\/atlas\/wp-content\/uploads\/2017\/08\/500x730-ph.jpg\" class=\"gallery-link\" data-group=\"pofo-lightbox-4\"  title=\"pofo 500&#215;730-ph\"><i class=\"ti-zoom-in text-white fa-2x\" aria-hidden=\"true\"><\/i><\/a><\/div><\/div><\/div><\/figcaption><figure><\/li><\/ul><\/div><div class=\"tab-pane fade\" id=\"pofotabitem-21749664904322-4-5-4\"><ul  class=\"portfolio-grid hover-option10 metro-gallery lightbox-portfolio work-3col gutter-medium\"><li class=\"grid-sizer\"><\/li><li class=\"grid-item\"><figure><div class=\"portfolio-img pofo-portfolio-page-background bg-black\"><img loading=\"lazy\" decoding=\"async\" src=\"https:\/\/oruralcomopaisagem.com.br\/atlas\/wp-content\/uploads\/2017\/08\/500x730-ph.jpg\"  alt=\"\" width=\"500\" height=\"730\" sizes=\"(max-width: 500px) 100vw, 500px\" class=\"project-img-gallery\" data-no-retina=\"\" \/><\/div><figcaption><div class=\"portfolio-hover-main text-center\"><div class=\"portfolio-hover-box vertical-align-middle\"><div class=\"portfolio-icon\"><a href=\"https:\/\/oruralcomopaisagem.com.br\/atlas\/wp-content\/uploads\/2017\/08\/500x730-ph.jpg\" class=\"gallery-link\" data-group=\"pofo-lightbox-5\"  title=\"pofo 500&#215;730-ph\"><i class=\"ti-zoom-in text-white fa-2x\" aria-hidden=\"true\"><\/i><\/a><\/div><\/div><\/div><\/figcaption><figure><\/li><\/ul><\/div><\/div><\/div><\/div><\/div><\/div><\/div><\/div><\/section><div class=\"vc_row-full-width vc_clearfix\"><\/div><section id=\"texto\" data-vc-full-width=\"true\" data-vc-full-width-init=\"false\" class=\"vc_row wpb_row vc_row-fluid  vc_custom_1697208212598 vc_row-has-fill pofo-stretch-content pofo-stretch-row-container vc_row-o-content-middle vc_row-flex pofo-row-responsive-69d979cb319b8\"><div class=\"wpb_column vc_column_container vc_col-sm-12  col-xs-mobile-fullwidth wow fadeInUp pofo-column-responsive-69d979cb31a0a\"><div class=\"vc_column-inner \"><div class=\"wpb_wrapper\">[vc_raw_html]JTNDZGl2JTIwc3R5bGUlM0QlMjItd2Via2l0LWNvbHVtbnMlM0ElMjAzJTIwMzAwcHglM0ItbW96LWNvbHVtbnMlM0ElMjAzJTIwMzAwcHglM0IlMjAlMjBjb2x1bW5zJTNBJTIwMyUyMDMwMHB4JTNCJTIwLXdlYmtpdC1jb2x1bW4tZ2FwJTNBJTIwNGVtJTNCJTIwLW1vei1jb2x1bW4tZ2FwJTNBJTIwNGVtJTNCJTIwY29sdW1uLWdhcCUzQSUyMDRlbSUzQiUyMC13ZWJraXQtY29sdW1uLXJ1bGUlM0ElMjAxcHglMjBkb3R0ZWQlMjAlMjMyYzJjMmMlM0IlMjAtbW96LWNvbHVtbi1ydWxlJTNBJTIwMXB4JTIwZG90dGVkJTIwJTIzMmMyYzJjJTNCJTIwY29sdW1uLXJ1bGUlM0ElMjAxcHglMjBkb3R0ZWQlMjAlMjMyYzJjMmMlM0IlMjIlM0UlMEElMEElM0NzcGFuJTIwY2xhc3MlM0QlMjJ0ZXh0LWV4dHJhLWxhcmdlJTIwbWFyZ2luLTI1cHgtYm90dG9tJTIwZGlzcGxheS1pbmxpbmUtYmxvY2slMjBhbHQtZm9udCUyMGhlYWRpbmctc3R5bGUzJTIwcG9mby1idXR0b24tcmVzcG9uc2l2ZS02MmIyM2E3MTVlNDViJTIwJTIwaGVhZGluZy0xJTIyJTIwJTIwc3R5bGUlM0QlMjJjb2xvciUzQSUyMCUyM2ZmZmZmZiUzQiUyMiUzRVRhbmd1JUMzJUExJTNDJTJGc3BhbiUzRSUwQSUwQSUzQ2RpdiUyMGNsYXNzJTNEJTIydmNfc2VwYXJhdG9yJTIwd3BiX2NvbnRlbnRfZWxlbWVudCUyMHZjX3NlcGFyYXRvcl9hbGlnbl9jZW50ZXIlMjB2Y19zZXBfd2lkdGhfMTAwJTIwdmNfc2VwX3Bvc19hbGlnbl9sZWZ0JTIwdmNfc2VwYXJhdG9yX25vX3RleHQlMjB2Y19jdXN0b21fMTYzMzU1Mjk0MDUwOCUyMCUyMHZjX2N1c3RvbV8xNjMzNTUyOTQwNTA4JTIwc2VwYXJhdG9yLWxpbmUtaG9ycml6b250YWwtbWVkaXVtLWxpZ2h0MyUyMiUyMCUzRSUzQ3NwYW4lMjBjbGFzcyUzRCUyMnZjX3NlcF9ob2xkZXIlMjB2Y19zZXBfaG9sZGVyX2wlMjIlM0UlM0NzcGFuJTIwJTIwc3R5bGUlM0QlMjJib3JkZXItY29sb3IlM0ElMjNjMTdmY2MlM0IlMjIlMjBjbGFzcyUzRCUyMnZjX3NlcF9saW5lJTIyJTNFJTNDJTJGc3BhbiUzRSUzQyUyRnNwYW4lM0UlM0NzcGFuJTIwY2xhc3MlM0QlMjJ2Y19zZXBfaG9sZGVyJTIwdmNfc2VwX2hvbGRlcl9yJTIyJTNFJTNDc3BhbiUyMCUyMHN0eWxlJTNEJTIyYm9yZGVyLWNvbG9yJTNBJTIzYzE3ZmNjJTNCJTIyJTIwY2xhc3MlM0QlMjJ2Y19zZXBfbGluZSUyMiUzRSUzQyUyRnNwYW4lM0UlM0MlMkZzcGFuJTNFJTBBJTNDJTJGZGl2JTNFJTBBJTBBJTNDcCUyMGNsYXNzJTNEJTIybWFyZ2luLTI1cHgtdG9wJTIyJTNFQWxpcXVhbSUyMGludGVyZHVtJTJDJTIwZXglMjBxdWlzJTIwcnV0cnVtJTIwYWNjdW1zYW4lMkMlMjBlc3QlMjBhbnRlJTIwc3VzY2lwaXQlMjB1cm5hJTJDJTIwdml0YWUlMjBsYWNpbmlhJTIwZGlhbSUyMG1ldHVzJTIwYXQlMjBqdXN0by4lMjBWZXN0aWJ1bHVtJTIwbGFvcmVldCUyMGlkJTIwbmVxdWUlMjBxdWlzJTIwdmVzdGlidWx1bS4lMjBMb3JlbSUyMGlwc3VtJTIwZG9sb3IlMjBzaXQlMjBhbWV0JTJDJTIwY29uc2VjdGV0dXIlMjBhZGlwaXNjaW5nJTIwZWxpdC4lMjBOdWxsYW0lMjBpbiUyMGVyb3MlMjBkdWkuJTIwUGVsbGVudGVzcXVlJTIwaGFiaXRhbnQlMjBtb3JiaSUyMHRyaXN0aXF1ZSUyMHNlbmVjdHVzJTIwZXQlMjBuZXR1cyUyMGV0JTIwbWFsZXN1YWRhJTIwZmFtZXMlMjBhYyUyMHR1cnBpcyUyMGVnZXN0YXMuJTIwUGhhc2VsbHVzJTIwY29udmFsbGlzJTIwaW50ZXJkdW0lMjBtYXNzYSUyQyUyMG5vbiUyMHZ1bHB1dGF0ZSUyMG1hdXJpcyUyMHB1bHZpbmFyJTIwbm9uLiUzQyUyRnAlM0UlMEElMEElM0NwJTNFUGVsbGVudGVzcXVlJTIwc29sbGljaXR1ZGluJTIwbW9sZXN0aWUlMjBtZXR1cyUyQyUyMGlkJTIwdWx0cmljaWVzJTIwbmVxdWUlMjBlZmZpY2l0dXIlMjB1dC4lMjBOYW0lMjBxdWlzJTIwYXJjdSUyMGZhdWNpYnVzJTJDJTIwc3VzY2lwaXQlMjBsYWN1cyUyMGV0JTJDJTIwdmVzdGlidWx1bSUyMG5pc2kuJTIwU2VkJTIwY29uc2VjdGV0dXIlMjB2dWxwdXRhdGUlMjBuaWJoJTJDJTIwZXVpc21vZCUyMHZhcml1cyUyMGxpYmVybyUyMGltcGVyZGlldCUyMGV0LiUyMEFlbmVhbiUyMGlhY3VsaXMlMjB2ZWhpY3VsYSUyMHBlbGxlbnRlc3F1ZS4lMjBQcm9pbiUyMHRyaXN0aXF1ZSUyMGxhY2luaWElMjBzY2VsZXJpc3F1ZS4lMjBNYWVjZW5hcyUyMHJob25jdXMlMkMlMjBsZWN0dXMlMjBhJTIwbWF0dGlzJTIwc2FnaXR0aXMlMkMlMjBtYXVyaXMlMjBuZXF1ZSUyMHZlc3RpYnVsdW0lMjBsb3JlbSUyQyUyMHNlZCUyMGxhY2luaWElMjBsZWN0dXMlMjBvcmNpJTIwaW4lMjBhcmN1LiUzQyUyRnAlM0UlMEElMEElM0NwJTNFRHVpcyUyMHRpbmNpZHVudCUyMGRvbG9yJTIwYSUyMG1hZ25hJTIwdGluY2lkdW50JTIwZnJpbmdpbGxhLiUyMEluJTIwc2l0JTIwYW1ldCUyMG1ldHVzJTIwc29kYWxlcyUyQyUyMHZvbHV0cGF0JTIwbGliZXJvJTIwZXUlMkMlMjBydXRydW0lMjBvcmNpLiUyMFN1c3BlbmRpc3NlJTIwZXJvcyUyMGZlbGlzJTJDJTIwbGFjaW5pYSUyMHV0JTIwbmliaCUyMGV1JTJDJTIwZ3JhdmlkYSUyMGlhY3VsaXMlMjBleC4lMjBDbGFzcyUyMGFwdGVudCUyMHRhY2l0aSUyMHNvY2lvc3F1JTIwYWQlMjBsaXRvcmElMjB0b3JxdWVudCUyMHBlciUyMGNvbnViaWElMjBub3N0cmElMkMlMjBwZXIlMjBpbmNlcHRvcyUyMGhpbWVuYWVvcy4lMjBNYWVjZW5hcyUyMG1hZ25hJTIwZXJhdCUyQyUyMGFjY3Vtc2FuJTIwdmVsJTIwaXBzdW0lMjBldCUyQyUyMHVsbGFtY29ycGVyJTIwcnV0cnVtJTIwZXJhdC4lMjBEdWlzJTIwc2VkJTIwbWFsZXN1YWRhJTIwdGVsbHVzLiUzQyUyRnAlM0UlMEElM0MlMkZkaXYlM0U=[\/vc_raw_html]<\/div><\/div><\/div><\/section><div class=\"vc_row-full-width vc_clearfix\"><\/div>\n","protected":false},"excerpt":{"rendered":"[vc_single_image image=\"22851\" img_size=\"full\" css_animation=\"left-to-right\" css=\".vc_custom_1697229833275{padding-right: 35px !important;}\"]Tangu\u00e1 [vc_separator color=\"white\" align=\"align_left\" el_class=\"separator-line-horrizontal-medium-light3\"]Aliquam interdum, ex quis rutrum accumsan, est ante suscipit urna, vitae lacinia diam metus at justo. Vestibulum laoreet id neque quis vestibulum. Lorem ipsum dolor sit amet, consectetur adipiscing elit. Nullam in eros dui. Pellentesque habitant morbi tristique senectus et netus et malesuada fames ac turpis egestas. [ + ] [vc_raw_html]JTVCaW5jbHVkZW1lJTIwZmlsZSUzRCUyMiUyRm1hcGFzJTJGY2FtaW5ob3MtbWF0YSUyRnN2Zy1tYXBhLXJqLWNhbWluaG9zLW1hdGEtdGFuZ3VhLmh0bWwlMjIlNUQ=[\/vc_raw_html]S\u00edtio JuvakPortalS\u00edtio D\u00e9lcioEngenho de FarinhaS\u00edtio Engenho d\u2019\u00c1gua[vc_raw_html]JTNDZGl2JTIwc3R5bGUlM0QlMjItd2Via2l0LWNvbHVtbnMlM0ElMjAzJTIwMzAwcHglM0ItbW96LWNvbHVtbnMlM0ElMjAzJTIwMzAwcHglM0IlMjAlMjBjb2x1bW5zJTNBJTIwMyUyMDMwMHB4JTNCJTIwLXdlYmtpdC1jb2x1bW4tZ2FwJTNBJTIwNGVtJTNCJTIwLW1vei1jb2x1bW4tZ2FwJTNBJTIwNGVtJTNCJTIwY29sdW1uLWdhcCUzQSUyMDRlbSUzQiUyMC13ZWJraXQtY29sdW1uLXJ1bGUlM0ElMjAxcHglMjBkb3R0ZWQlMjAlMjMyYzJjMmMlM0IlMjAtbW96LWNvbHVtbi1ydWxlJTNBJTIwMXB4JTIwZG90dGVkJTIwJTIzMmMyYzJjJTNCJTIwY29sdW1uLXJ1bGUlM0ElMjAxcHglMjBkb3R0ZWQlMjAlMjMyYzJjMmMlM0IlMjIlM0UlMEElMEElM0NzcGFuJTIwY2xhc3MlM0QlMjJ0ZXh0LWV4dHJhLWxhcmdlJTIwbWFyZ2luLTI1cHgtYm90dG9tJTIwZGlzcGxheS1pbmxpbmUtYmxvY2slMjBhbHQtZm9udCUyMGhlYWRpbmctc3R5bGUzJTIwcG9mby1idXR0b24tcmVzcG9uc2l2ZS02MmIyM2E3MTVlNDViJTIwJTIwaGVhZGluZy0xJTIyJTIwJTIwc3R5bGUlM0QlMjJjb2xvciUzQSUyMCUyM2ZmZmZmZiUzQiUyMiUzRVRhbmd1JUMzJUExJTNDJTJGc3BhbiUzRSUwQSUwQSUzQ2RpdiUyMGNsYXNzJTNEJTIydmNfc2VwYXJhdG9yJTIwd3BiX2NvbnRlbnRfZWxlbWVudCUyMHZjX3NlcGFyYXRvcl9hbGlnbl9jZW50ZXIlMjB2Y19zZXBfd2lkdGhfMTAwJTIwdmNfc2VwX3Bvc19hbGlnbl9sZWZ0JTIwdmNfc2VwYXJhdG9yX25vX3RleHQlMjB2Y19jdXN0b21fMTYzMzU1Mjk0MDUwOCUyMCUyMHZjX2N1c3RvbV8xNjMzNTUyOTQwNTA4JTIwc2VwYXJhdG9yLWxpbmUtaG9ycml6b250YWwtbWVkaXVtLWxpZ2h0MyUyMiUyMCUzRSUzQ3NwYW4lMjBjbGFzcyUzRCUyMnZjX3NlcF9ob2xkZXIlMjB2Y19zZXBfaG9sZGVyX2wlMjIlM0UlM0NzcGFuJTIwJTIwc3R5bGUlM0QlMjJib3JkZXItY29sb3IlM0ElMjNjMTdmY2MlM0IlMjIlMjBjbGFzcyUzRCUyMnZjX3NlcF9saW5lJTIyJTNFJTNDJTJGc3BhbiUzRSUzQyUyRnNwYW4lM0UlM0NzcGFuJTIwY2xhc3MlM0QlMjJ2Y19zZXBfaG9sZGVyJTIwdmNfc2VwX2hvbGRlcl9yJTIyJTNFJTNDc3BhbiUyMCUyMHN0eWxlJTNEJTIyYm9yZGVyLWNvbG9yJTNBJTIzYzE3ZmNjJTNCJTIyJTIwY2xhc3MlM0QlMjJ2Y19zZXBfbGluZSUyMiUzRSUzQyUyRnNwYW4lM0UlM0MlMkZzcGFuJTNFJTBBJTNDJTJGZGl2JTNFJTBBJTBBJTNDcCUyMGNsYXNzJTNEJTIybWFyZ2luLTI1cHgtdG9wJTIyJTNFQWxpcXVhbSUyMGludGVyZHVtJTJDJTIwZXglMjBxdWlzJTIwcnV0cnVtJTIwYWNjdW1zYW4lMkMlMjBlc3QlMjBhbnRlJTIwc3VzY2lwaXQlMjB1cm5hJTJDJTIwdml0YWUlMjBsYWNpbmlhJTIwZGlhbSUyMG1ldHVzJTIwYXQlMjBqdXN0by4lMjBWZXN0aWJ1bHVtJTIwbGFvcmVldCUyMGlkJTIwbmVxdWUlMjBxdWlzJTIwdmVzdGlidWx1bS4lMjBMb3JlbSUyMGlwc3VtJTIwZG9sb3IlMjBzaXQlMjBhbWV0JTJDJTIwY29uc2VjdGV0dXIlMjBhZGlwaXNjaW5nJTIwZWxpdC4lMjBOdWxsYW0lMjBpbiUyMGVyb3MlMjBkdWkuJTIwUGVsbGVudGVzcXVlJTIwaGFiaXRhbnQlMjBtb3JiaSUyMHRyaXN0aXF1ZSUyMHNlbmVjdHVzJTIwZXQlMjBuZXR1cyUyMGV0JTIwbWFsZXN1YWRhJTIwZmFtZXMlMjBhYyUyMHR1cnBpcyUyMGVnZXN0YXMuJTIwUGhhc2VsbHVzJTIwY29udmFsbGlzJTIwaW50ZXJkdW0lMjBtYXNzYSUyQyUyMG5vbiUyMHZ1bHB1dGF0ZSUyMG1hdXJpcyUyMHB1bHZpbmFyJTIwbm9uLiUzQyUyRnAlM0UlMEElMEElM0NwJTNFUGVsbGVudGVzcXVlJTIwc29sbGljaXR1ZGluJTIwbW9sZXN0aWUlMjBtZXR1cyUyQyUyMGlkJTIwdWx0cmljaWVzJTIwbmVxdWUlMjBlZmZpY2l0dXIlMjB1dC4lMjBOYW0lMjBxdWlzJTIwYXJjdSUyMGZhdWNpYnVzJTJDJTIwc3VzY2lwaXQlMjBsYWN1cyUyMGV0JTJDJTIwdmVzdGlidWx1bSUyMG5pc2kuJTIwU2VkJTIwY29uc2VjdGV0dXIlMjB2dWxwdXRhdGUlMjBuaWJoJTJDJTIwZXVpc21vZCUyMHZhcml1cyUyMGxpYmVybyUyMGltcGVyZGlldCUyMGV0LiUyMEFlbmVhbiUyMGlhY3VsaXMlMjB2ZWhpY3VsYSUyMHBlbGxlbnRlc3F1ZS4lMjBQcm9pbiUyMHRyaXN0aXF1ZSUyMGxhY2luaWElMjBzY2VsZXJpc3F1ZS4lMjBNYWVjZW5hcyUyMHJob25jdXMlMkMlMjBsZWN0dXMlMjBhJTIwbWF0dGlzJTIwc2FnaXR0aXMlMkMlMjBtYXVyaXMlMjBuZXF1ZSUyMHZlc3RpYnVsdW0lMjBsb3JlbSUyQyUyMHNlZCUyMGxhY2luaWElMjBsZWN0dXMlMjBvcmNpJTIwaW4lMjBhcmN1LiUzQyUyRnAlM0UlMEElMEElM0NwJTNFRHVpcyUyMHRpbmNpZHVudCUyMGRvbG9yJTIwYSUyMG1hZ25hJTIwdGluY2lkdW50JTIwZnJpbmdpbGxhLiUyMEluJTIwc2l0JTIwYW1ldCUyMG1ldHVzJTIwc29kYWxlcyUyQyUyMHZvbHV0cGF0JTIwbGliZXJvJTIwZXUlMkMlMjBydXRydW0lMjBvcmNpLiUyMFN1c3BlbmRpc3NlJTIwZXJvcyUyMGZlbGlzJTJDJTIwbGFjaW5pYSUyMHV0JTIwbmliaCUyMGV1JTJDJTIwZ3JhdmlkYSUyMGlhY3VsaXMlMjBleC4lMjBDbGFzcyUyMGFwdGVudCUyMHRhY2l0aSUyMHNvY2lvc3F1JTIwYWQlMjBsaXRvcmElMjB0b3JxdWVudCUyMHBlciUyMGNvbnViaWElMjBub3N0cmElMkMlMjBwZXIlMjBpbmNlcHRvcyUyMGhpbWVuYWVvcy4lMjBNYWVjZW5hcyUyMG1hZ25hJTIwZXJhdCUyQyUyMGFjY3Vtc2FuJTIwdmVsJTIwaXBzdW0lMjBldCUyQyUyMHVsbGFtY29ycGVyJTIwcnV0cnVtJTIwZXJhdC4lMjBEdWlzJTIwc2VkJTIwbWFsZXN1YWRhJTIwdGVsbHVzLiUzQyUyRnAlM0UlMEElM0MlMkZkaXYlM0U=[\/vc_raw_html]","protected":false},"author":1,"featured_media":0,"parent":22923,"menu_order":0,"comment_status":"closed","ping_status":"closed","template":"","meta":{"inline_featured_image":false,"footnotes":""},"class_list":["post-22965","page","type-page","status-publish","hentry"],"_links":{"self":[{"href":"https:\/\/oruralcomopaisagem.com.br\/atlas\/wp-json\/wp\/v2\/pages\/22965"}],"collection":[{"href":"https:\/\/oruralcomopaisagem.com.br\/atlas\/wp-json\/wp\/v2\/pages"}],"about":[{"href":"https:\/\/oruralcomopaisagem.com.br\/atlas\/wp-json\/wp\/v2\/types\/page"}],"author":[{"embeddable":true,"href":"https:\/\/oruralcomopaisagem.com.br\/atlas\/wp-json\/wp\/v2\/users\/1"}],"replies":[{"embeddable":true,"href":"https:\/\/oruralcomopaisagem.com.br\/atlas\/wp-json\/wp\/v2\/comments?post=22965"}],"version-history":[{"count":2,"href":"https:\/\/oruralcomopaisagem.com.br\/atlas\/wp-json\/wp\/v2\/pages\/22965\/revisions"}],"predecessor-version":[{"id":24019,"href":"https:\/\/oruralcomopaisagem.com.br\/atlas\/wp-json\/wp\/v2\/pages\/22965\/revisions\/24019"}],"up":[{"embeddable":true,"href":"https:\/\/oruralcomopaisagem.com.br\/atlas\/wp-json\/wp\/v2\/pages\/22923"}],"wp:attachment":[{"href":"https:\/\/oruralcomopaisagem.com.br\/atlas\/wp-json\/wp\/v2\/media?parent=22965"}],"curies":[{"name":"wp","href":"https:\/\/api.w.org\/{rel}","templated":true}]}}