{"id":23007,"date":"2022-05-16T13:23:15","date_gmt":"2022-05-16T16:23:15","guid":{"rendered":"https:\/\/oruralcomopaisagem.com.br\/atlas\/?page_id=23007"},"modified":"2025-05-30T15:01:30","modified_gmt":"2025-05-30T18:01:30","slug":"artigos","status":"publish","type":"page","link":"https:\/\/oruralcomopaisagem.com.br\/atlas\/artigos\/","title":{"rendered":"Artigos"},"content":{"rendered":"<section id=\"about\" data-vc-full-width=\"true\" data-vc-full-width-init=\"false\" class=\"vc_row wpb_row vc_row-fluid  vc_custom_1652718388994 wow fadeIn vc_row-has-fill pofo-stretch-content pofo-stretch-row-container pofo-row-responsive-69d979cab5869\"><div class=\"wpb_column vc_column_container vc_col-sm-12 vc_col-xs-12 pofo-column-responsive-69d979cab58a5\"><div class=\"vc_column-inner \"><div class=\"wpb_wrapper\"><div class=\" vc_custom_1652719367751 last-paragraph-no-margin\" style=\"color: #ffffff;\"><p><span class=\"alt-font text-large width-100 line-height-40 display-table-cell vertical-align-middle\" style=\"font-size: 33px;\">Artigos<\/span><\/p>\n<\/div>[vc_separator color=&#8221;custom&#8221; align=&#8221;align_left&#8221; el_class=&#8221;separator-line-horrizontal-medium-light3&#8243; accent_color=&#8221;#ff355f&#8221;]<div class=\" vc_custom_1748628087730 last-paragraph-no-margin\" style=\"color: #ffffff;\"><\/div><\/div><\/div><\/div><\/section><div class=\"vc_row-full-width vc_clearfix\"><\/div><section data-vc-full-width=\"true\" data-vc-full-width-init=\"false\" class=\"vc_row wpb_row vc_row-fluid  vc_custom_1652725750748 wow fadeIn vc_column-gap-20 pofo-stretch-content pofo-stretch-row-container pofo-row-responsive-69d979cab5940\"><div class=\"wpb_column vc_column_container vc_col-sm-3  col-xs-mobile-fullwidth\"><div class=\"vc_column-inner \"><div class=\"wpb_wrapper\"><div class=\"position-relative featurebox24-1 featurebox24 pofo-featurebox\" ><i class=\"link-icon margin-15px-bottom text-deep-pink fas fa-file-pdf icon-medium\"><\/i><div class=\"feature-content\"><span class=\"text-medium text-extra-dark-gray font-weight-600 display-inline-block margin-5px-bottom alt-font\">Paisagens Rurais Fluminenses<\/span><div class=\"opacity7 margin-15px-bottom xs-margin-5px-bottom\">Glaucio Jos\u00e9 Marafon<\/div><div class=\"last-paragraph-no-margin\"><p>A an\u00e1lise das atuais transforma\u00e7\u00f5es no campo torna-se fundamental, pois, al\u00e9m de desempenhar as fun\u00e7\u00f5es tradicionais, como refer\u00eancia de perman\u00eancia de atividades, de fornecer m\u00e3o de obra para a cidade, mat\u00e9rias-primas e de consumir produtos oriundos da cidade, o campo abriga, cada vez mais, atividades n\u00e3o agr\u00edcolas, como a produ\u00e7\u00e3o industrial, os servi\u00e7os associados \u00e0s atividades de turismo que valorizam as \u00e1reas com aspectos naturais e que remetem \u00e0s mudan\u00e7as em curso. O campo, al\u00e9m de ser o local da produ\u00e7\u00e3o agropecu\u00e1ria, transforma-se em um espa\u00e7o, no qual in\u00fameras atividades n\u00e3o agr\u00edcolas s\u00e3o efetuadas, como o trabalho de caseiros, diaristas, jardineiros etc.<\/p>\n<\/div><\/div><\/div>[vc_separator color=&#8221;custom&#8221; align=&#8221;align_left&#8221; accent_color=&#8221;#e53935&#8243; el_class=&#8221;separator-line-horrizontal-medium-light3&#8243; css=&#8221;.vc_custom_1633552940508{padding-top: 25px !important;padding-bottom: 25px !important;}&#8221;]<a  href=\"https:\/\/oruralcomopaisagem.com.br\/atlas\/wp-content\/uploads\/2025\/05\/paisagens-rurais-fluminenses.pdf\" target=\"_blank\" class=\"btn pofo-button-1 button-style1  btn-dark-gray  btn-small \" ><i class=\"ti-download icon-very-small  margin-5px-right no-margin-left\" aria-hidden=\"true\"><\/i>Baixar o arquivo<\/a>[vc_empty_space height=&#8221;70px&#8221;]<\/div><\/div><\/div><div class=\"wpb_column vc_column_container vc_col-sm-3  col-xs-mobile-fullwidth\"><div class=\"vc_column-inner \"><div class=\"wpb_wrapper\"><div class=\"position-relative featurebox24-2 featurebox24 pofo-featurebox\" ><i class=\"link-icon margin-15px-bottom text-deep-pink fas fa-file-pdf icon-medium\"><\/i><div class=\"feature-content\"><span class=\"text-medium text-extra-dark-gray font-weight-600 display-inline-block margin-5px-bottom alt-font\">Turismo de Experi\u00eancia: Uma Modalidade de Turismo Alternativo e Oportunidade para \u00c1reas Rurais<\/span><div class=\"opacity7 margin-15px-bottom xs-margin-5px-bottom\">Meylin Alvarado S\u00e1nchez <br \/>Lilliam Quir\u00f3s Arias <br \/>Samira Jalet Quesada<\/div><div class=\"last-paragraph-no-margin\"><p>O principal objetivo deste artigo \u00e9 apresentar uma discuss\u00e3o te\u00f3rico-conceitual sobre as principais defini\u00e7\u00f5es do Turismo de Experi\u00eancia como uma nova modalidade de turismo, desenvolvida principalmente no meio rural. Diante do exposto, divide-se em cinco se\u00e7\u00f5es, partindo de suas principais defini\u00e7\u00f5es, para depois refletir sobre sua adaptabilidade em rela\u00e7\u00e3o a outros tipos de turismo. Como terceiro eixo de discuss\u00e3o, apresenta-se uma discuss\u00e3o a respeito de sua aplicabilidade ao caso da Costa Rica . Como quarto ponto, este aponta a rela\u00e7\u00e3o entre turismo rural e Turismo de Experi\u00eancia. Antes das considera\u00e7\u00f5es finais, o texto apresenta uma reflex\u00e3o sobre os rumos do turismo, isso em rela\u00e7\u00e3o \u00e0 pandemia provocada pela Covid-19.<\/p>\n<\/div><\/div><\/div>[vc_separator color=&#8221;custom&#8221; align=&#8221;align_left&#8221; accent_color=&#8221;#e53935&#8243; el_class=&#8221;separator-line-horrizontal-medium-light3&#8243; css=&#8221;.vc_custom_1633552940508{padding-top: 25px !important;padding-bottom: 25px !important;}&#8221;]<a  href=\"https:\/\/oruralcomopaisagem.com.br\/atlas\/wp-content\/uploads\/2025\/05\/turismo-de-experiencia.pdf\" target=\"_blank\" class=\"btn pofo-button-2 button-style1  btn-dark-gray  btn-small \" ><i class=\"ti-download icon-very-small  margin-5px-right no-margin-left\" aria-hidden=\"true\"><\/i>Baixar o arquivo<\/a>[vc_empty_space height=&#8221;70px&#8221;]<\/div><\/div><\/div><div class=\"wpb_column vc_column_container vc_col-sm-3  col-xs-mobile-fullwidth\"><div class=\"vc_column-inner \"><div class=\"wpb_wrapper\"><div class=\"position-relative featurebox24-3 featurebox24 pofo-featurebox\" ><i class=\"link-icon margin-15px-bottom text-deep-pink fas fa-file-pdf icon-medium\"><\/i><div class=\"feature-content\"><span class=\"text-medium text-extra-dark-gray font-weight-600 display-inline-block margin-5px-bottom alt-font\">As Regi\u00f5es Tur\u00edsticas Fluminenses<\/span><div class=\"opacity7 margin-15px-bottom xs-margin-5px-bottom\">Val\u00e9ria Maria de Souza Lima<\/div><div class=\"last-paragraph-no-margin\"><p>A estrat\u00e9gia da regionaliza\u00e7\u00e3o \u00e9 empregada pelos \u00f3rg\u00e3os estaduais oficiais de turismo no Brasil desde os anos 1980, tendo ganhado for\u00e7a a partir da cria\u00e7\u00e3o do Minist\u00e9rio do Turismo (MTUR), em 2003, e da aplica\u00e7\u00e3o do Programa de Regionaliza\u00e7\u00e3o do Turismo (PRT), em \u00e2mbito nacional, a partir de 2004. Culmina essa pol\u00edtica com a ado\u00e7\u00e3o do Mapa do Turismo Brasileiro, em 2013, como instrumento orientador de programas, a\u00e7\u00f5es e investimentos. Em alinhamento com as diretrizes do MTUR, a pol\u00edtica estadual do turismo fluminense adere ao PRT e concorre para atender aos crit\u00e9rios estabelecidos no PRT, sem, contudo, deixar de considerar os 92 munic\u00edpios do territ\u00f3rio fluminense na composi\u00e7\u00e3o do Mapa das Regi\u00f5es Tur\u00edsticas do Estado do Rio de Janeiro, para fins de planejamento, gest\u00e3o e marketing. Atualmente, s\u00e3o 12 as regi\u00f5es tur\u00edsticas do estado, cada qual com peculiaridades e atributos particulares, refletindo relevante diversidade paisag\u00edstica natural e cultural. Cada vez mais, tais elementos tornam-se atrativos para visitantes que afluem a esses territ\u00f3rios movidos por diferentes expectativas, provocando a constru\u00e7\u00e3o de roteiros e circuitos tur\u00edsticos que agregam diferentes segmentos.<\/p>\n<\/div><\/div><\/div>[vc_separator color=&#8221;custom&#8221; align=&#8221;align_left&#8221; accent_color=&#8221;#e53935&#8243; el_class=&#8221;separator-line-horrizontal-medium-light3&#8243; css=&#8221;.vc_custom_1633552940508{padding-top: 25px !important;padding-bottom: 25px !important;}&#8221;]<a  href=\"https:\/\/oruralcomopaisagem.com.br\/atlas\/wp-content\/uploads\/2025\/05\/regioes-turisticas-fluminenses.pdf\" target=\"_blank\" class=\"btn pofo-button-3 button-style1  btn-dark-gray  btn-small \" ><i class=\"ti-download icon-very-small  margin-5px-right no-margin-left\" aria-hidden=\"true\"><\/i>Baixar o arquivo<\/a>[vc_empty_space height=&#8221;70px&#8221;]<\/div><\/div><\/div><div class=\"wpb_column vc_column_container vc_col-sm-3  col-xs-mobile-fullwidth\"><div class=\"vc_column-inner \"><div class=\"wpb_wrapper\"><div class=\"position-relative featurebox24-4 featurebox24 pofo-featurebox\" ><i class=\"link-icon margin-15px-bottom text-deep-pink fas fa-file-pdf icon-medium\"><\/i><div class=\"feature-content\"><span class=\"text-medium text-extra-dark-gray font-weight-600 display-inline-block margin-5px-bottom alt-font\">Transforma\u00e7\u00f5es das Paisagens Rurais na Fran\u00e7a nas Duas \u00faltimas d\u00e9cadas<\/span><div class=\"opacity7 margin-15px-bottom xs-margin-5px-bottom\">Andr\u00e9a ACIOLI <br \/>Universidade de Lyon 2 <br \/>Laboratoire Am\u00e9nagement \u00c9conomie Transport (LAET)<\/div><div class=\"last-paragraph-no-margin\"><p>O S\u00e9culo XX foi um divisor de \u00e1guas na transforma\u00e7\u00e3o das paisagens rurais francesas. Contudo, as duas \u00faltimas d\u00e9cadas trouxeram novos elementos para essa transforma\u00e7\u00e3o. Se, por um lado, parte da sociedade francesa se voltou a um questionamento sobre as bases da sociedade de consumo; de outro lado, o campo e suas paisagens t\u00eam aparecido cada vez mais como um o\u00e1sis para uma vida mais saud\u00e1vel. In\u00fameros s\u00e3o os desafios nesse processo, e ainda que n\u00e3o se tenham respostas para tais questionamentos, alguns caminhos j\u00e1 v\u00eam sendo delineados. Ser\u00e1 que as paisagens rurais francesas est\u00e3o em vias de sofrerem uma nova transforma\u00e7\u00e3o significativa? Talvez ainda n\u00e3o, mas cabe construir um olhar mais apurado para o fen\u00f4meno que vem se desenvolvendo nos \u00faltimos anos.<\/p>\n<\/div><\/div><\/div>[vc_separator color=&#8221;custom&#8221; align=&#8221;align_left&#8221; accent_color=&#8221;#e53935&#8243; el_class=&#8221;separator-line-horrizontal-medium-light3&#8243; css=&#8221;.vc_custom_1633552940508{padding-top: 25px !important;padding-bottom: 25px !important;}&#8221;]<a  href=\"https:\/\/oruralcomopaisagem.com.br\/atlas\/wp-content\/uploads\/2025\/05\/transformacoes-das-paisagens-rurais-na-franca-nas-duas-ultimas-decadas.pdf\" target=\"_blank\" class=\"btn pofo-button-4 button-style1  btn-dark-gray  btn-small \" ><i class=\"ti-download icon-very-small  margin-5px-right no-margin-left\" aria-hidden=\"true\"><\/i>Baixar o arquivo<\/a>[vc_empty_space height=&#8221;70px&#8221;]<\/div><\/div><\/div><div class=\"wpb_column vc_column_container vc_col-sm-3  col-xs-mobile-fullwidth\"><div class=\"vc_column-inner \"><div class=\"wpb_wrapper\"><\/div><\/div><\/div><div class=\"wpb_column vc_column_container vc_col-sm-3  col-xs-mobile-fullwidth\"><div class=\"vc_column-inner \"><div class=\"wpb_wrapper\"><\/div><\/div><\/div><div class=\"wpb_column vc_column_container vc_col-sm-3  col-xs-mobile-fullwidth\"><div class=\"vc_column-inner \"><div class=\"wpb_wrapper\"><\/div><\/div><\/div><div class=\"wpb_column vc_column_container vc_col-sm-3  col-xs-mobile-fullwidth\"><div class=\"vc_column-inner \"><div class=\"wpb_wrapper\"><\/div><\/div><\/div><\/section><div class=\"vc_row-full-width vc_clearfix\"><\/div>\n","protected":false},"excerpt":{"rendered":"Artigos [vc_separator color=\"custom\" align=\"align_left\" el_class=\"separator-line-horrizontal-medium-light3\" accent_color=\"#ff355f\"]Paisagens Rurais FluminensesGlaucio Jos\u00e9 MarafonA an\u00e1lise das atuais transforma\u00e7\u00f5es no campo torna-se fundamental, pois, al\u00e9m de desempenhar as fun\u00e7\u00f5es tradicionais, como refer\u00eancia de perman\u00eancia de atividades, de fornecer m\u00e3o de obra para a cidade, mat\u00e9rias-primas e de consumir produtos oriundos da cidade, o campo abriga, cada vez mais, atividades n\u00e3o agr\u00edcolas, como a produ\u00e7\u00e3o industrial, os servi\u00e7os associados \u00e0s atividades de turismo que valorizam as \u00e1reas com aspectos naturais e que remetem \u00e0s mudan\u00e7as em curso. O campo, al\u00e9m de ser o local da produ\u00e7\u00e3o agropecu\u00e1ria, transforma-se em um espa\u00e7o, no qual in\u00fameras atividades n\u00e3o agr\u00edcolas s\u00e3o efetuadas, como o trabalho de caseiros, diaristas, jardineiros etc. [vc_separator color=\"custom\" align=\"align_left\" accent_color=\"#e53935\" el_class=\"separator-line-horrizontal-medium-light3\" css=\".vc_custom_1633552940508{padding-top: 25px !important;padding-bottom: 25px !important;}\"]Baixar o arquivo[vc_empty_space height=\"70px\"]Turismo de Experi\u00eancia: Uma Modalidade de Turismo Alternativo e Oportunidade para \u00c1reas RuraisMeylin Alvarado S\u00e1nchez Lilliam Quir\u00f3s Arias Samira Jalet QuesadaO principal objetivo deste artigo \u00e9 apresentar uma discuss\u00e3o te\u00f3rico-conceitual sobre as principais defini\u00e7\u00f5es do Turismo de Experi\u00eancia como uma nova modalidade de turismo, desenvolvida principalmente no meio rural. Diante do exposto, divide-se em cinco se\u00e7\u00f5es, partindo de suas principais defini\u00e7\u00f5es, para depois refletir sobre sua adaptabilidade em rela\u00e7\u00e3o a outros tipos de turismo. Como terceiro eixo...","protected":false},"author":1,"featured_media":0,"parent":0,"menu_order":0,"comment_status":"closed","ping_status":"closed","template":"","meta":{"inline_featured_image":false,"footnotes":""},"class_list":["post-23007","page","type-page","status-publish","hentry"],"_links":{"self":[{"href":"https:\/\/oruralcomopaisagem.com.br\/atlas\/wp-json\/wp\/v2\/pages\/23007"}],"collection":[{"href":"https:\/\/oruralcomopaisagem.com.br\/atlas\/wp-json\/wp\/v2\/pages"}],"about":[{"href":"https:\/\/oruralcomopaisagem.com.br\/atlas\/wp-json\/wp\/v2\/types\/page"}],"author":[{"embeddable":true,"href":"https:\/\/oruralcomopaisagem.com.br\/atlas\/wp-json\/wp\/v2\/users\/1"}],"replies":[{"embeddable":true,"href":"https:\/\/oruralcomopaisagem.com.br\/atlas\/wp-json\/wp\/v2\/comments?post=23007"}],"version-history":[{"count":7,"href":"https:\/\/oruralcomopaisagem.com.br\/atlas\/wp-json\/wp\/v2\/pages\/23007\/revisions"}],"predecessor-version":[{"id":23599,"href":"https:\/\/oruralcomopaisagem.com.br\/atlas\/wp-json\/wp\/v2\/pages\/23007\/revisions\/23599"}],"wp:attachment":[{"href":"https:\/\/oruralcomopaisagem.com.br\/atlas\/wp-json\/wp\/v2\/media?parent=23007"}],"curies":[{"name":"wp","href":"https:\/\/api.w.org\/{rel}","templated":true}]}}