{"id":23095,"date":"2023-10-13T14:05:35","date_gmt":"2023-10-13T17:05:35","guid":{"rendered":"https:\/\/oruralcomopaisagem.com.br\/atlas\/?page_id=23095"},"modified":"2023-11-17T11:49:15","modified_gmt":"2023-11-17T14:49:15","slug":"porciuncula","status":"publish","type":"page","link":"https:\/\/oruralcomopaisagem.com.br\/atlas\/aguas-do-noroeste\/porciuncula\/","title":{"rendered":"Porci\u00fancula"},"content":{"rendered":"<section id=\"about\" data-vc-full-width=\"true\" data-vc-full-width-init=\"false\" class=\"vc_row wpb_row vc_row-fluid  vc_custom_1651800514498 wow fadeIn vc_row-has-fill pofo-stretch-content pofo-stretch-row-container pofo-row-responsive-69d97a035ff6f\"><div class=\"wpb_column vc_column_container vc_col-sm-4 vc_col-xs-12 pofo-column-responsive-69d97a035ffb3\"><div class=\"vc_column-inner \"><div class=\"wpb_wrapper\">[vc_single_image image=&#8221;22916&#8243; img_size=&#8221;full&#8221; css_animation=&#8221;left-to-right&#8221; css=&#8221;.vc_custom_1697229574821{padding-right: 35px !important;}&#8221;]<\/div><\/div><\/div><div class=\"wpb_column vc_column_container vc_col-sm-8  col-xs-mobile-fullwidth\"><div class=\"vc_column-inner \"><div class=\"wpb_wrapper\"><div class=\" vc_custom_1697218191340 last-paragraph-no-margin\" style=\"color: #ffffff;\"><p><span class=\"alt-font text-large width-100 line-height-40 display-table-cell vertical-align-middle\" style=\"font-size: 33px;\">Porci\u00fancula<\/span><\/p>\n<\/div>[vc_separator color=&#8221;white&#8221; align=&#8221;align_left&#8221; el_class=&#8221;separator-line-horrizontal-medium-light3&#8243;]<div class=\" vc_custom_1697218254522 last-paragraph-no-margin\" style=\"color: #ffffff;\"><p><a class=\"section-link text-white text-black-hover\" href=\"#texto\">O munic\u00edpio se localiza no norte do Estado, fazendo divisa com os estados de Minas Gerais e Esp\u00edrito Santo. A origem e evolu\u00e7\u00e3o do munic\u00edpio est\u00e1 ligada ao crescimento de Itaperuna. Essa regi\u00e3o foi utilizada, antes do s\u00e9culo XIX, apenas por bandeirantes e aventureiros que demandavam a baixada pelos afluentes&#8230; [ + ]<\/a><\/p>\n<\/div><\/div><\/div><\/div><\/section><div class=\"vc_row-full-width vc_clearfix\"><\/div><section data-vc-full-width=\"true\" data-vc-full-width-init=\"false\" class=\"vc_row wpb_row vc_row-fluid  vc_custom_1651800534527 wow fadeIn vc_row-has-fill pofo-stretch-content pofo-stretch-row-container pofo-row-responsive-69d97a036004f\"><div class=\"wpb_column vc_column_container vc_col-sm-12  col-xs-mobile-fullwidth\"><div class=\"vc_column-inner vc_custom_1636927375865\"><div class=\"wpb_wrapper\">[vc_raw_html]JTVCaW5jbHVkZW1lJTIwZmlsZSUzRCUyMiUyRm1hcGFzJTJGYWd1YXMtbm9yb2VzdGUlMkZzdmctbWFwYS1yai1hZ3Vhcy1ub3JvZXN0ZS1wb3JjaXVuY3VsYS5odG1sJTIyJTVE[\/vc_raw_html]<\/div><\/div><\/div><\/section><div class=\"vc_row-full-width vc_clearfix\"><\/div><section data-vc-full-width=\"true\" data-vc-full-width-init=\"false\" class=\"vc_row wpb_row vc_row-fluid  vc_custom_1697050646185 wow fadeIn pofo-stretch-content pofo-stretch-row-container pofo-row-responsive-69d97a036008e\"><div class=\"wpb_column vc_column_container vc_col-sm-12  col-xs-mobile-fullwidth\"><div class=\"vc_column-inner \"><div class=\"wpb_wrapper\"><div class=\"tab-style2\"><div class=\"row\"><div class=\"col-md-12 col-sm-12\"><ul class=\"nav nav-tabs alt-font text-small display-inherit font-weight-600 text-left text-uppercase\"><li  class=\"active\"><a href=\"#pofotabitem-21697046461-1-36-0\" data-toggle=\"tab\" class=\"\"><span>S\u00edtio Iranita<\/span><\/a><\/li><\/ul><div class=\"tab-content position-relative overflow-hidden\"><div class=\"tab-pane fade in active\" id=\"pofotabitem-21697046461-1-36-0\"><ul  class=\"portfolio-grid hover-option10 metro-gallery lightbox-portfolio work-3col gutter-medium\"><li class=\"grid-sizer\"><\/li><li class=\"grid-item\"><figure><div class=\"portfolio-img pofo-portfolio-page-background bg-black\"><img loading=\"lazy\" decoding=\"async\" src=\"https:\/\/oruralcomopaisagem.com.br\/atlas\/wp-content\/uploads\/2023\/11\/DSC_0060-1.jpg\"  alt=\"\" width=\"1280\" height=\"698\" srcset=\"https:\/\/oruralcomopaisagem.com.br\/atlas\/wp-content\/uploads\/2023\/11\/DSC_0060-1.jpg 1280w, https:\/\/oruralcomopaisagem.com.br\/atlas\/wp-content\/uploads\/2023\/11\/DSC_0060-1-300x164.jpg 300w, https:\/\/oruralcomopaisagem.com.br\/atlas\/wp-content\/uploads\/2023\/11\/DSC_0060-1-1024x558.jpg 1024w, https:\/\/oruralcomopaisagem.com.br\/atlas\/wp-content\/uploads\/2023\/11\/DSC_0060-1-768x419.jpg 768w, https:\/\/oruralcomopaisagem.com.br\/atlas\/wp-content\/uploads\/2023\/11\/DSC_0060-1-1200x654.jpg 1200w, https:\/\/oruralcomopaisagem.com.br\/atlas\/wp-content\/uploads\/2023\/11\/DSC_0060-1-120x65.jpg 120w, https:\/\/oruralcomopaisagem.com.br\/atlas\/wp-content\/uploads\/2023\/11\/DSC_0060-1-81x44.jpg 81w\" sizes=\"(max-width: 1280px) 100vw, 1280px\" class=\"project-img-gallery\" data-no-retina=\"\" \/><\/div><figcaption><div class=\"portfolio-hover-main text-center\"><div class=\"portfolio-hover-box vertical-align-middle\"><div class=\"portfolio-icon\"><a href=\"https:\/\/oruralcomopaisagem.com.br\/atlas\/wp-content\/uploads\/2023\/11\/DSC_0060-1.jpg\" class=\"gallery-link\" data-group=\"pofo-lightbox-1\"  title=\"Porci\u00fancula\t&#8211; S\u00edtio Iranita &#8211; Cr\u00e9dito: Negef\/IGEO-UERJ\/Gustavo Bezerra de Brito\"><i class=\"ti-zoom-in text-white fa-2x\" aria-hidden=\"true\"><\/i><\/a><\/div><\/div><\/div><\/figcaption><figure><\/li><li class=\"grid-item\"><figure><div class=\"portfolio-img pofo-portfolio-page-background bg-black\"><img loading=\"lazy\" decoding=\"async\" src=\"https:\/\/oruralcomopaisagem.com.br\/atlas\/wp-content\/uploads\/2023\/11\/DSC_0062-1.jpg\"  alt=\"\" width=\"1280\" height=\"851\" srcset=\"https:\/\/oruralcomopaisagem.com.br\/atlas\/wp-content\/uploads\/2023\/11\/DSC_0062-1.jpg 1280w, https:\/\/oruralcomopaisagem.com.br\/atlas\/wp-content\/uploads\/2023\/11\/DSC_0062-1-300x199.jpg 300w, https:\/\/oruralcomopaisagem.com.br\/atlas\/wp-content\/uploads\/2023\/11\/DSC_0062-1-1024x681.jpg 1024w, https:\/\/oruralcomopaisagem.com.br\/atlas\/wp-content\/uploads\/2023\/11\/DSC_0062-1-768x511.jpg 768w, https:\/\/oruralcomopaisagem.com.br\/atlas\/wp-content\/uploads\/2023\/11\/DSC_0062-1-1160x771.jpg 1160w, https:\/\/oruralcomopaisagem.com.br\/atlas\/wp-content\/uploads\/2023\/11\/DSC_0062-1-120x80.jpg 120w, https:\/\/oruralcomopaisagem.com.br\/atlas\/wp-content\/uploads\/2023\/11\/DSC_0062-1-81x54.jpg 81w\" sizes=\"(max-width: 1280px) 100vw, 1280px\" class=\"project-img-gallery\" data-no-retina=\"\" \/><\/div><figcaption><div class=\"portfolio-hover-main text-center\"><div class=\"portfolio-hover-box vertical-align-middle\"><div class=\"portfolio-icon\"><a href=\"https:\/\/oruralcomopaisagem.com.br\/atlas\/wp-content\/uploads\/2023\/11\/DSC_0062-1.jpg\" class=\"gallery-link\" data-group=\"pofo-lightbox-1\"  title=\"Porci\u00fancula\t&#8211; S\u00edtio Iranita &#8211; Cr\u00e9dito: Negef\/IGEO-UERJ\/Gustavo Bezerra de Brito\"><i class=\"ti-zoom-in text-white fa-2x\" aria-hidden=\"true\"><\/i><\/a><\/div><\/div><\/div><\/figcaption><figure><\/li><li class=\"grid-item\"><figure><div class=\"portfolio-img pofo-portfolio-page-background bg-black\"><img loading=\"lazy\" decoding=\"async\" src=\"https:\/\/oruralcomopaisagem.com.br\/atlas\/wp-content\/uploads\/2023\/11\/DSC_0057-1.jpg\"  alt=\"\" width=\"1280\" height=\"904\" srcset=\"https:\/\/oruralcomopaisagem.com.br\/atlas\/wp-content\/uploads\/2023\/11\/DSC_0057-1.jpg 1280w, https:\/\/oruralcomopaisagem.com.br\/atlas\/wp-content\/uploads\/2023\/11\/DSC_0057-1-300x212.jpg 300w, https:\/\/oruralcomopaisagem.com.br\/atlas\/wp-content\/uploads\/2023\/11\/DSC_0057-1-1024x723.jpg 1024w, https:\/\/oruralcomopaisagem.com.br\/atlas\/wp-content\/uploads\/2023\/11\/DSC_0057-1-768x542.jpg 768w, https:\/\/oruralcomopaisagem.com.br\/atlas\/wp-content\/uploads\/2023\/11\/DSC_0057-1-1092x771.jpg 1092w, https:\/\/oruralcomopaisagem.com.br\/atlas\/wp-content\/uploads\/2023\/11\/DSC_0057-1-120x85.jpg 120w, https:\/\/oruralcomopaisagem.com.br\/atlas\/wp-content\/uploads\/2023\/11\/DSC_0057-1-81x57.jpg 81w\" sizes=\"(max-width: 1280px) 100vw, 1280px\" class=\"project-img-gallery\" data-no-retina=\"\" \/><\/div><figcaption><div class=\"portfolio-hover-main text-center\"><div class=\"portfolio-hover-box vertical-align-middle\"><div class=\"portfolio-icon\"><a href=\"https:\/\/oruralcomopaisagem.com.br\/atlas\/wp-content\/uploads\/2023\/11\/DSC_0057-1.jpg\" class=\"gallery-link\" data-group=\"pofo-lightbox-1\"  title=\"Porci\u00fancula\t&#8211; S\u00edtio Iranita &#8211; Cr\u00e9dito: Negef\/IGEO-UERJ\/Gustavo Bezerra de Brito\"><i class=\"ti-zoom-in text-white fa-2x\" aria-hidden=\"true\"><\/i><\/a><\/div><\/div><\/div><\/figcaption><figure><\/li><li class=\"grid-item\"><figure><div class=\"portfolio-img pofo-portfolio-page-background bg-black\"><img loading=\"lazy\" decoding=\"async\" src=\"https:\/\/oruralcomopaisagem.com.br\/atlas\/wp-content\/uploads\/2023\/11\/DSC_0063-1.jpg\"  alt=\"\" width=\"1280\" height=\"851\" srcset=\"https:\/\/oruralcomopaisagem.com.br\/atlas\/wp-content\/uploads\/2023\/11\/DSC_0063-1.jpg 1280w, https:\/\/oruralcomopaisagem.com.br\/atlas\/wp-content\/uploads\/2023\/11\/DSC_0063-1-300x199.jpg 300w, https:\/\/oruralcomopaisagem.com.br\/atlas\/wp-content\/uploads\/2023\/11\/DSC_0063-1-1024x681.jpg 1024w, https:\/\/oruralcomopaisagem.com.br\/atlas\/wp-content\/uploads\/2023\/11\/DSC_0063-1-768x511.jpg 768w, https:\/\/oruralcomopaisagem.com.br\/atlas\/wp-content\/uploads\/2023\/11\/DSC_0063-1-1160x771.jpg 1160w, https:\/\/oruralcomopaisagem.com.br\/atlas\/wp-content\/uploads\/2023\/11\/DSC_0063-1-120x80.jpg 120w, https:\/\/oruralcomopaisagem.com.br\/atlas\/wp-content\/uploads\/2023\/11\/DSC_0063-1-81x54.jpg 81w\" sizes=\"(max-width: 1280px) 100vw, 1280px\" class=\"project-img-gallery\" data-no-retina=\"\" \/><\/div><figcaption><div class=\"portfolio-hover-main text-center\"><div class=\"portfolio-hover-box vertical-align-middle\"><div class=\"portfolio-icon\"><a href=\"https:\/\/oruralcomopaisagem.com.br\/atlas\/wp-content\/uploads\/2023\/11\/DSC_0063-1.jpg\" class=\"gallery-link\" data-group=\"pofo-lightbox-1\"  title=\"Porci\u00fancula\t&#8211; S\u00edtio Iranita &#8211; Cr\u00e9dito: Negef\/IGEO-UERJ\/Gustavo Bezerra de Brito\"><i class=\"ti-zoom-in text-white fa-2x\" aria-hidden=\"true\"><\/i><\/a><\/div><\/div><\/div><\/figcaption><figure><\/li><\/ul><\/div><\/div><\/div><\/div><\/div><\/div><\/div><\/div><\/section><div class=\"vc_row-full-width vc_clearfix\"><\/div><section id=\"texto\" data-vc-full-width=\"true\" data-vc-full-width-init=\"false\" class=\"vc_row wpb_row vc_row-fluid  vc_custom_1697050664032 vc_row-has-fill pofo-stretch-content pofo-stretch-row-container vc_row-o-content-middle vc_row-flex pofo-row-responsive-69d97a0360b74\"><div class=\"wpb_column vc_column_container vc_col-sm-12  col-xs-mobile-fullwidth wow fadeInUp pofo-column-responsive-69d97a0360bac\"><div class=\"vc_column-inner \"><div class=\"wpb_wrapper\">[vc_raw_html]JTNDZGl2JTIwc3R5bGUlM0QlMjItd2Via2l0LWNvbHVtbnMlM0ElMjAzJTIwMzAwcHglM0ItbW96LWNvbHVtbnMlM0ElMjAzJTIwMzAwcHglM0IlMjAlMjBjb2x1bW5zJTNBJTIwMyUyMDMwMHB4JTNCJTIwLXdlYmtpdC1jb2x1bW4tZ2FwJTNBJTIwNGVtJTNCJTIwLW1vei1jb2x1bW4tZ2FwJTNBJTIwNGVtJTNCJTIwY29sdW1uLWdhcCUzQSUyMDRlbSUzQiUyMC13ZWJraXQtY29sdW1uLXJ1bGUlM0ElMjAxcHglMjBkb3R0ZWQlMjAlMjMyYzJjMmMlM0IlMjAtbW96LWNvbHVtbi1ydWxlJTNBJTIwMXB4JTIwZG90dGVkJTIwJTIzMmMyYzJjJTNCJTIwY29sdW1uLXJ1bGUlM0ElMjAxcHglMjBkb3R0ZWQlMjAlMjMyYzJjMmMlM0IlMjIlM0UlMEElMEElM0NzcGFuJTIwY2xhc3MlM0QlMjJ0ZXh0LWV4dHJhLWxhcmdlJTIwbWFyZ2luLTI1cHgtYm90dG9tJTIwZGlzcGxheS1pbmxpbmUtYmxvY2slMjBhbHQtZm9udCUyMGhlYWRpbmctc3R5bGUzJTIwcG9mby1idXR0b24tcmVzcG9uc2l2ZS02MmIyM2E3MTVlNDViJTIwJTIwaGVhZGluZy0xJTIyJTIwJTIwc3R5bGUlM0QlMjJjb2xvciUzQSUyMCUyM2ZmZmZmZiUzQiUyMiUzRVBvcmNpJUMzJUJBbmN1bGElM0MlMkZzcGFuJTNFJTBBJTBBJTNDZGl2JTIwY2xhc3MlM0QlMjJ2Y19zZXBhcmF0b3IlMjB3cGJfY29udGVudF9lbGVtZW50JTIwdmNfc2VwYXJhdG9yX2FsaWduX2NlbnRlciUyMHZjX3NlcF93aWR0aF8xMDAlMjB2Y19zZXBfcG9zX2FsaWduX2xlZnQlMjB2Y19zZXBhcmF0b3Jfbm9fdGV4dCUyMHZjX2N1c3RvbV8xNjMzNTUyOTQwNTA4JTIwJTIwdmNfY3VzdG9tXzE2MzM1NTI5NDA1MDglMjBzZXBhcmF0b3ItbGluZS1ob3JyaXpvbnRhbC1tZWRpdW0tbGlnaHQzJTIyJTIwJTNFJTNDc3BhbiUyMGNsYXNzJTNEJTIydmNfc2VwX2hvbGRlciUyMHZjX3NlcF9ob2xkZXJfbCUyMiUzRSUzQ3NwYW4lMjAlMjBzdHlsZSUzRCUyMmJvcmRlci1jb2xvciUzQSUyM2VjOGY0MyUzQiUyMiUyMGNsYXNzJTNEJTIydmNfc2VwX2xpbmUlMjIlM0UlM0MlMkZzcGFuJTNFJTNDJTJGc3BhbiUzRSUzQ3NwYW4lMjBjbGFzcyUzRCUyMnZjX3NlcF9ob2xkZXIlMjB2Y19zZXBfaG9sZGVyX3IlMjIlM0UlM0NzcGFuJTIwJTIwc3R5bGUlM0QlMjJib3JkZXItY29sb3IlM0ElMjNlYzhmNDMlM0IlMjIlMjBjbGFzcyUzRCUyMnZjX3NlcF9saW5lJTIyJTNFJTNDJTJGc3BhbiUzRSUzQyUyRnNwYW4lM0UlMEElM0MlMkZkaXYlM0UlMEElMEElM0NwJTIwY2xhc3MlM0QlMjJtYXJnaW4tMjVweC10b3AlMjIlM0VPJTIwbXVuaWMlQzMlQURwaW8lMjBzZSUyMGxvY2FsaXphJTIwbm8lMjBub3J0ZSUyMGRvJTIwRXN0YWRvJTJDJTIwZmF6ZW5kbyUyMGRpdmlzYSUyMGNvbSUyMG9zJTIwZXN0YWRvcyUyMGRlJTIwTWluYXMlMjBHZXJhaXMlMjBlJTIwRXNwJUMzJUFEcml0byUyMFNhbnRvLiUyMEElMjBvcmlnZW0lMjBlJTIwZXZvbHUlQzMlQTclQzMlQTNvJTIwZG8lMjBtdW5pYyVDMyVBRHBpbyUyMGVzdCVDMyVBMSUyMGxpZ2FkYSUyMGFvJTIwY3Jlc2NpbWVudG8lMjBkZSUyMEl0YXBlcnVuYS4lMjBFc3NhJTIwcmVnaSVDMyVBM28lMjBmb2klMjB1dGlsaXphZGElMkMlMjBhbnRlcyUyMGRvJTIwcyVDMyVBOWN1bG8lMjBYSVglMkMlMjBhcGVuYXMlMjBwb3IlMjBiYW5kZWlyYW50ZXMlMjBlJTIwYXZlbnR1cmVpcm9zJTIwcXVlJTIwZGVtYW5kYXZhbSUyMGElMjBiYWl4YWRhJTIwcGVsb3MlMjBhZmx1ZW50ZXMlMjBkYSUyMG1hcmdlbSUyMGVzcXVlcmRhJTIwZG8lMjBSaW8lMjBQYXJhJUMzJUFEYmElMjBkbyUyMFN1bCUyMCUyOFRDRSUyQyUyMDIwMTQlMjkuJTNDJTJGcCUzRSUwQSUwQSUzQ3AlM0VQb3JjaSVDMyVCQW5jdWxhJTIwZm9pJTIwdW0lMjBkb3MlMjBwcmluY2lwYWlzJTIwcHJvZHV0b3JlcyUyMGRlJTIwY2FmJUMzJUE5JTIwZG8lMjBlc3RhZG8lMjBlJTJDJTIwcG9yJTIwaXNzbyUyQyUyMGElMjBvY3VwYSVDMyVBNyVDMyVBM28lMjB1cmJhbmElMjB0ZXZlJTIwaW4lQzMlQURjaW8lMjBlbSUyMG1lYWRvcyUyMGRvJTIwcyVDMyVBOWN1bG8lMjBYSVglMkMlMjBlbSUyMGZ1biVDMyVBNyVDMyVBM28lMjBkbyUyMGF2YW4lQzMlQTdvJTIwZGElMjBsYXZvdXJhJTIwY2FmZWVpcmElMjBuYSUyMHJlZ2klQzMlQTNvLiUzQyUyRnAlM0UlMEElMEElM0NwJTNFRGlhbnRlJTIwZGVzc2UlMjBjb250ZXh0byUyQyUyMGNvbnNpZGVyYW1vcyUyMGElMjBleHBlcmklQzMlQUFuY2lhJTIwZG8lMjAlRTIlODAlOUNDYWYlQzMlQTklMjBJcmFuaXRhJUUyJTgwJTlEJTIwcmVsYWNpb25hZG8lMjBhbyUyMHByb2pldG8uJTIwTyUyMGNhZiVDMyVBOSUyMCVDMyVBOSUyMHByb2R1emlkbyUyMGElMjBwYXJ0aXIlMjBkYSUyMHNlbWVudGUlMjAxMDAlMjUlMjBhciVDMyVBMWJpY2ElMkMlMjBkZSUyMG9yaWdlbSUyMGRhJTIwYWdyaWN1bHR1cmElMjBmYW1pbGlhciUyQyUyMHByb2R1emlkbyUyMGVtJTIwbGF2b3VyYXMlMjBzdXN0ZW50JUMzJUExdmVpcyUyMGRlJTIwUHVyaWwlQzMlQTJuZGlhJTJDJTIwMiVDMiVCQSUyMGRpc3RyaXRvJTIwZGUlMjBQb3JjaSVDMyVCQW5jdWxhLiUyMEElMjBjYWZlaWN1bHR1cmElMjBmYXolMjBwYXJ0ZSUyMGRhJTIwaGlzdCVDMyVCM3JpYSUyMGRvJTIwZGlzdHJpdG8lMjBlJTIwZG8lMjBwciVDMyVCM3ByaW8lMjBOb3JvZXN0ZSUyMEZsdW1pbmVuc2UuJTNDJTJGcCUzRSUwQSUzQyUyRmRpdiUzRQ==[\/vc_raw_html]<\/div><\/div><\/div><\/section><div class=\"vc_row-full-width vc_clearfix\"><\/div>\n","protected":false},"excerpt":{"rendered":"[vc_single_image image=\"22916\" img_size=\"full\" css_animation=\"left-to-right\" css=\".vc_custom_1697229574821{padding-right: 35px !important;}\"]Porci\u00fancula [vc_separator color=\"white\" align=\"align_left\" el_class=\"separator-line-horrizontal-medium-light3\"]O munic\u00edpio se localiza no norte do Estado, fazendo divisa com os estados de Minas Gerais e Esp\u00edrito Santo. A origem e evolu\u00e7\u00e3o do munic\u00edpio est\u00e1 ligada ao crescimento de Itaperuna. Essa regi\u00e3o foi utilizada, antes do s\u00e9culo XIX, apenas por bandeirantes e aventureiros que demandavam a baixada pelos afluentes... [ + ] [vc_raw_html]JTVCaW5jbHVkZW1lJTIwZmlsZSUzRCUyMiUyRm1hcGFzJTJGYWd1YXMtbm9yb2VzdGUlMkZzdmctbWFwYS1yai1hZ3Vhcy1ub3JvZXN0ZS1wb3JjaXVuY3VsYS5odG1sJTIyJTVE[\/vc_raw_html]S\u00edtio Iranita[vc_raw_html]JTNDZGl2JTIwc3R5bGUlM0QlMjItd2Via2l0LWNvbHVtbnMlM0ElMjAzJTIwMzAwcHglM0ItbW96LWNvbHVtbnMlM0ElMjAzJTIwMzAwcHglM0IlMjAlMjBjb2x1bW5zJTNBJTIwMyUyMDMwMHB4JTNCJTIwLXdlYmtpdC1jb2x1bW4tZ2FwJTNBJTIwNGVtJTNCJTIwLW1vei1jb2x1bW4tZ2FwJTNBJTIwNGVtJTNCJTIwY29sdW1uLWdhcCUzQSUyMDRlbSUzQiUyMC13ZWJraXQtY29sdW1uLXJ1bGUlM0ElMjAxcHglMjBkb3R0ZWQlMjAlMjMyYzJjMmMlM0IlMjAtbW96LWNvbHVtbi1ydWxlJTNBJTIwMXB4JTIwZG90dGVkJTIwJTIzMmMyYzJjJTNCJTIwY29sdW1uLXJ1bGUlM0ElMjAxcHglMjBkb3R0ZWQlMjAlMjMyYzJjMmMlM0IlMjIlM0UlMEElMEElM0NzcGFuJTIwY2xhc3MlM0QlMjJ0ZXh0LWV4dHJhLWxhcmdlJTIwbWFyZ2luLTI1cHgtYm90dG9tJTIwZGlzcGxheS1pbmxpbmUtYmxvY2slMjBhbHQtZm9udCUyMGhlYWRpbmctc3R5bGUzJTIwcG9mby1idXR0b24tcmVzcG9uc2l2ZS02MmIyM2E3MTVlNDViJTIwJTIwaGVhZGluZy0xJTIyJTIwJTIwc3R5bGUlM0QlMjJjb2xvciUzQSUyMCUyM2ZmZmZmZiUzQiUyMiUzRVBvcmNpJUMzJUJBbmN1bGElM0MlMkZzcGFuJTNFJTBBJTBBJTNDZGl2JTIwY2xhc3MlM0QlMjJ2Y19zZXBhcmF0b3IlMjB3cGJfY29udGVudF9lbGVtZW50JTIwdmNfc2VwYXJhdG9yX2FsaWduX2NlbnRlciUyMHZjX3NlcF93aWR0aF8xMDAlMjB2Y19zZXBfcG9zX2FsaWduX2xlZnQlMjB2Y19zZXBhcmF0b3Jfbm9fdGV4dCUyMHZjX2N1c3RvbV8xNjMzNTUyOTQwNTA4JTIwJTIwdmNfY3VzdG9tXzE2MzM1NTI5NDA1MDglMjBzZXBhcmF0b3ItbGluZS1ob3JyaXpvbnRhbC1tZWRpdW0tbGlnaHQzJTIyJTIwJTNFJTNDc3BhbiUyMGNsYXNzJTNEJTIydmNfc2VwX2hvbGRlciUyMHZjX3NlcF9ob2xkZXJfbCUyMiUzRSUzQ3NwYW4lMjAlMjBzdHlsZSUzRCUyMmJvcmRlci1jb2xvciUzQSUyM2VjOGY0MyUzQiUyMiUyMGNsYXNzJTNEJTIydmNfc2VwX2xpbmUlMjIlM0UlM0MlMkZzcGFuJTNFJTNDJTJGc3BhbiUzRSUzQ3NwYW4lMjBjbGFzcyUzRCUyMnZjX3NlcF9ob2xkZXIlMjB2Y19zZXBfaG9sZGVyX3IlMjIlM0UlM0NzcGFuJTIwJTIwc3R5bGUlM0QlMjJib3JkZXItY29sb3IlM0ElMjNlYzhmNDMlM0IlMjIlMjBjbGFzcyUzRCUyMnZjX3NlcF9saW5lJTIyJTNFJTNDJTJGc3BhbiUzRSUzQyUyRnNwYW4lM0UlMEElM0MlMkZkaXYlM0UlMEElMEElM0NwJTIwY2xhc3MlM0QlMjJtYXJnaW4tMjVweC10b3AlMjIlM0VPJTIwbXVuaWMlQzMlQURwaW8lMjBzZSUyMGxvY2FsaXphJTIwbm8lMjBub3J0ZSUyMGRvJTIwRXN0YWRvJTJDJTIwZmF6ZW5kbyUyMGRpdmlzYSUyMGNvbSUyMG9zJTIwZXN0YWRvcyUyMGRlJTIwTWluYXMlMjBHZXJhaXMlMjBlJTIwRXNwJUMzJUFEcml0byUyMFNhbnRvLiUyMEElMjBvcmlnZW0lMjBlJTIwZXZvbHUlQzMlQTclQzMlQTNvJTIwZG8lMjBtdW5pYyVDMyVBRHBpbyUyMGVzdCVDMyVBMSUyMGxpZ2FkYSUyMGFvJTIwY3Jlc2NpbWVudG8lMjBkZSUyMEl0YXBlcnVuYS4lMjBFc3NhJTIwcmVnaSVDMyVBM28lMjBmb2klMjB1dGlsaXphZGElMkMlMjBhbnRlcyUyMGRvJTIwcyVDMyVBOWN1bG8lMjBYSVglMkMlMjBhcGVuYXMlMjBwb3IlMjBiYW5kZWlyYW50ZXMlMjBlJTIwYXZlbnR1cmVpcm9zJTIwcXVlJTIwZGVtYW5kYXZhbSUyMGElMjBiYWl4YWRhJTIwcGVsb3MlMjBhZmx1ZW50ZXMlMjBkYSUyMG1hcmdlbSUyMGVzcXVlcmRhJTIwZG8lMjBSaW8lMjBQYXJhJUMzJUFEYmElMjBkbyUyMFN1bCUyMCUyOFRDRSUyQyUyMDIwMTQlMjkuJTNDJTJGcCUzRSUwQSUwQSUzQ3AlM0VQb3JjaSVDMyVCQW5jdWxhJTIwZm9pJTIwdW0lMjBkb3MlMjBwcmluY2lwYWlzJTIwcHJvZHV0b3JlcyUyMGRlJTIwY2FmJUMzJUE5JTIwZG8lMjBlc3RhZG8lMjBlJTJDJTIwcG9yJTIwaXNzbyUyQyUyMGElMjBvY3VwYSVDMyVBNyVDMyVBM28lMjB1cmJhbmElMjB0ZXZlJTIwaW4lQzMlQURjaW8lMjBlbSUyMG1lYWRvcyUyMGRvJTIwcyVDMyVBOWN1bG8lMjBYSVglMkMlMjBlbSUyMGZ1biVDMyVBNyVDMyVBM28lMjBkbyUyMGF2YW4lQzMlQTdvJTIwZGElMjBsYXZvdXJhJTIwY2FmZWVpcmElMjBuYSUyMHJlZ2klQzMlQTNvLiUzQyUyRnAlM0UlMEElMEElM0NwJTNFRGlhbnRlJTIwZGVzc2UlMjBjb250ZXh0byUyQyUyMGNvbnNpZGVyYW1vcyUyMGElMjBleHBlcmklQzMlQUFuY2lhJTIwZG8lMjAlRTIlODAlOUNDYWYlQzMlQTklMjBJcmFuaXRhJUUyJTgwJTlEJTIwcmVsYWNpb25hZG8lMjBhbyUyMHByb2pldG8uJTIwTyUyMGNhZiVDMyVBOSUyMCVDMyVBOSUyMHByb2R1emlkbyUyMGElMjBwYXJ0aXIlMjBkYSUyMHNlbWVudGUlMjAxMDAlMjUlMjBhciVDMyVBMWJpY2ElMkMlMjBkZSUyMG9yaWdlbSUyMGRhJTIwYWdyaWN1bHR1cmElMjBmYW1pbGlhciUyQyUyMHByb2R1emlkbyUyMGVtJTIwbGF2b3VyYXMlMjBzdXN0ZW50JUMzJUExdmVpcyUyMGRlJTIwUHVyaWwlQzMlQTJuZGlhJTJDJTIwMiVDMiVCQSUyMGRpc3RyaXRvJTIwZGUlMjBQb3JjaSVDMyVCQW5jdWxhLiUyMEElMjBjYWZlaWN1bHR1cmElMjBmYXolMjBwYXJ0ZSUyMGRhJTIwaGlzdCVDMyVCM3JpYSUyMGRvJTIwZGlzdHJpdG8lMjBlJTIwZG8lMjBwciVDMyVCM3ByaW8lMjBOb3JvZXN0ZSUyMEZsdW1pbmVuc2UuJTNDJTJGcCUzRSUwQSUzQyUyRmRpdiUzRQ==[\/vc_raw_html]","protected":false},"author":1,"featured_media":0,"parent":22719,"menu_order":0,"comment_status":"closed","ping_status":"closed","template":"","meta":{"inline_featured_image":false,"footnotes":""},"class_list":["post-23095","page","type-page","status-publish","hentry"],"_links":{"self":[{"href":"https:\/\/oruralcomopaisagem.com.br\/atlas\/wp-json\/wp\/v2\/pages\/23095"}],"collection":[{"href":"https:\/\/oruralcomopaisagem.com.br\/atlas\/wp-json\/wp\/v2\/pages"}],"about":[{"href":"https:\/\/oruralcomopaisagem.com.br\/atlas\/wp-json\/wp\/v2\/types\/page"}],"author":[{"embeddable":true,"href":"https:\/\/oruralcomopaisagem.com.br\/atlas\/wp-json\/wp\/v2\/users\/1"}],"replies":[{"embeddable":true,"href":"https:\/\/oruralcomopaisagem.com.br\/atlas\/wp-json\/wp\/v2\/comments?post=23095"}],"version-history":[{"count":1,"href":"https:\/\/oruralcomopaisagem.com.br\/atlas\/wp-json\/wp\/v2\/pages\/23095\/revisions"}],"predecessor-version":[{"id":23102,"href":"https:\/\/oruralcomopaisagem.com.br\/atlas\/wp-json\/wp\/v2\/pages\/23095\/revisions\/23102"}],"up":[{"embeddable":true,"href":"https:\/\/oruralcomopaisagem.com.br\/atlas\/wp-json\/wp\/v2\/pages\/22719"}],"wp:attachment":[{"href":"https:\/\/oruralcomopaisagem.com.br\/atlas\/wp-json\/wp\/v2\/media?parent=23095"}],"curies":[{"name":"wp","href":"https:\/\/api.w.org\/{rel}","templated":true}]}}