{"id":23327,"date":"2024-05-20T14:29:04","date_gmt":"2024-05-20T17:29:04","guid":{"rendered":"https:\/\/oruralcomopaisagem.com.br\/atlas\/?page_id=23327"},"modified":"2024-05-20T15:06:05","modified_gmt":"2024-05-20T18:06:05","slug":"publicacoes-negef","status":"publish","type":"page","link":"https:\/\/oruralcomopaisagem.com.br\/atlas\/publicacoes-negef\/","title":{"rendered":"Publica\u00e7\u00f5es Negef"},"content":{"rendered":"<section id=\"about\" data-vc-full-width=\"true\" data-vc-full-width-init=\"false\" class=\"vc_row wpb_row vc_row-fluid  vc_custom_1652718388994 wow fadeIn vc_row-has-fill pofo-stretch-content pofo-stretch-row-container pofo-row-responsive-69d979a97ff27\"><div class=\"wpb_column vc_column_container vc_col-sm-12 vc_col-xs-12 pofo-column-responsive-69d979a97ff9b\"><div class=\"vc_column-inner \"><div class=\"wpb_wrapper\"><div class=\" vc_custom_1716226262680 last-paragraph-no-margin\" style=\"color: #ffffff;\"><p><span class=\"alt-font text-large width-100 line-height-40 display-table-cell vertical-align-middle\" style=\"font-size: 33px;\">Publica\u00e7\u00f5es Negef<\/span><\/p>\n<\/div>[vc_separator color=&#8221;custom&#8221; align=&#8221;align_left&#8221; el_class=&#8221;separator-line-horrizontal-medium-light3&#8243; accent_color=&#8221;#ff355f&#8221;]<div class=\" vc_custom_1716227055985 last-paragraph-no-margin\" style=\"color: #ffffff;\"><p>Avan\u00e7ar sobre a investiga\u00e7\u00e3o do espa\u00e7o rural \u00e9 das tarefas mais necess\u00e1rias e urgentes para os estudos da geografia fluminense nos tempos atuais. A refuncionaliza\u00e7\u00e3o e a reconfigura\u00e7\u00e3o do rural fluminense carecem de olhar atento e investimento no trabalho de campo para que sua face diversa seja mapeada e conhecida.<\/p>\n<\/div><\/div><\/div><\/div><\/section><div class=\"vc_row-full-width vc_clearfix\"><\/div><section data-vc-full-width=\"true\" data-vc-full-width-init=\"false\" class=\"vc_row wpb_row vc_row-fluid  vc_custom_1652725750748 wow fadeIn vc_column-gap-20 pofo-stretch-content pofo-stretch-row-container pofo-row-responsive-69d979a980064\"><div class=\"wpb_column vc_column_container vc_col-sm-3  col-xs-mobile-fullwidth\"><div class=\"vc_column-inner \"><div class=\"wpb_wrapper\"><div class=\"position-relative featurebox24-1 featurebox24 pofo-featurebox\" ><i class=\"link-icon margin-15px-bottom text-deep-pink fas fa-file-pdf icon-medium\"><\/i><div class=\"feature-content\"><span class=\"text-medium text-extra-dark-gray font-weight-600 display-inline-block margin-5px-bottom alt-font\">Atlas do Espa\u00e7o Rural Fluminense<\/span><div class=\"opacity7 margin-15px-bottom xs-margin-5px-bottom\">Uma viagem ao espa\u00e7o rural fluminense e a enorme diversidade presente nele.<\/div><div class=\"last-paragraph-no-margin\"><p>A an\u00e1lise das atuais transforma\u00e7\u00f5es no campo torna-se fundamental, pois, al\u00e9m de desempenhar as fun\u00e7\u00f5es tradicionais, como refer\u00eancia de perman\u00eancia de atividades, de fornecer m\u00e3o de obra para a cidade, mat\u00e9rias-primas e de consumir produtos oriundos da cidade, o campo abriga, cada vez mais, atividades n\u00e3o agr\u00edcolas, como a produ\u00e7\u00e3o industrial e os servi\u00e7os associados \u00e0s atividades de turismo, que valorizam&#8230;<\/p>\n<\/div><\/div><\/div>[vc_separator color=&#8221;custom&#8221; align=&#8221;align_left&#8221; accent_color=&#8221;#e53935&#8243; el_class=&#8221;separator-line-horrizontal-medium-light3&#8243; css=&#8221;.vc_custom_1633552940508{padding-top: 25px !important;padding-bottom: 25px !important;}&#8221;]<a  href=\"https:\/\/oruralcomopaisagem.com.br\/atlas\/wp-content\/publicacoes\/atlas-do-espa\u00e7o-rural-fluminense-maio2024.pdf\" target=\"_blank\" class=\"btn pofo-button-1 button-style1  btn-dark-gray  btn-small \" ><i class=\"ti-download icon-very-small  margin-5px-right no-margin-left\" aria-hidden=\"true\"><\/i>Baixar o arquivo<\/a>[vc_empty_space height=&#8221;70px&#8221;]<\/div><\/div><\/div><div class=\"wpb_column vc_column_container vc_col-sm-3  col-xs-mobile-fullwidth\"><div class=\"vc_column-inner \"><div class=\"wpb_wrapper\"><\/div><\/div><\/div><div class=\"wpb_column vc_column_container vc_col-sm-3  col-xs-mobile-fullwidth\"><div class=\"vc_column-inner \"><div class=\"wpb_wrapper\"><\/div><\/div><\/div><div class=\"wpb_column vc_column_container vc_col-sm-3  col-xs-mobile-fullwidth\"><div class=\"vc_column-inner \"><div class=\"wpb_wrapper\"><\/div><\/div><\/div><div class=\"wpb_column vc_column_container vc_col-sm-3  col-xs-mobile-fullwidth\"><div class=\"vc_column-inner \"><div class=\"wpb_wrapper\"><\/div><\/div><\/div><div class=\"wpb_column vc_column_container vc_col-sm-3  col-xs-mobile-fullwidth\"><div class=\"vc_column-inner \"><div class=\"wpb_wrapper\"><\/div><\/div><\/div><div class=\"wpb_column vc_column_container vc_col-sm-3  col-xs-mobile-fullwidth\"><div class=\"vc_column-inner \"><div class=\"wpb_wrapper\"><\/div><\/div><\/div><\/section><div class=\"vc_row-full-width vc_clearfix\"><\/div>\n","protected":false},"excerpt":{"rendered":"Publica\u00e7\u00f5es Negef [vc_separator color=\"custom\" align=\"align_left\" el_class=\"separator-line-horrizontal-medium-light3\" accent_color=\"#ff355f\"]Avan\u00e7ar sobre a investiga\u00e7\u00e3o do espa\u00e7o rural \u00e9 das tarefas mais necess\u00e1rias e urgentes para os estudos da geografia fluminense nos tempos atuais. A refuncionaliza\u00e7\u00e3o e a reconfigura\u00e7\u00e3o do rural fluminense carecem de olhar atento e investimento no trabalho de campo para que sua face diversa seja mapeada e conhecida. Atlas do Espa\u00e7o Rural FluminenseUma viagem ao espa\u00e7o rural fluminense e a enorme diversidade presente nele.A an\u00e1lise das atuais transforma\u00e7\u00f5es no campo torna-se fundamental, pois, al\u00e9m de desempenhar as fun\u00e7\u00f5es tradicionais, como refer\u00eancia de perman\u00eancia de atividades, de fornecer m\u00e3o de obra para a cidade, mat\u00e9rias-primas e de consumir produtos oriundos da cidade, o campo abriga, cada vez mais, atividades n\u00e3o agr\u00edcolas, como a produ\u00e7\u00e3o industrial e os servi\u00e7os associados \u00e0s atividades de turismo, que valorizam... [vc_separator color=\"custom\" align=\"align_left\" accent_color=\"#e53935\" el_class=\"separator-line-horrizontal-medium-light3\" css=\".vc_custom_1633552940508{padding-top: 25px !important;padding-bottom: 25px !important;}\"]Baixar o arquivo[vc_empty_space height=\"70px\"]","protected":false},"author":1,"featured_media":0,"parent":0,"menu_order":0,"comment_status":"closed","ping_status":"closed","template":"","meta":{"inline_featured_image":false,"footnotes":""},"class_list":["post-23327","page","type-page","status-publish","hentry"],"_links":{"self":[{"href":"https:\/\/oruralcomopaisagem.com.br\/atlas\/wp-json\/wp\/v2\/pages\/23327"}],"collection":[{"href":"https:\/\/oruralcomopaisagem.com.br\/atlas\/wp-json\/wp\/v2\/pages"}],"about":[{"href":"https:\/\/oruralcomopaisagem.com.br\/atlas\/wp-json\/wp\/v2\/types\/page"}],"author":[{"embeddable":true,"href":"https:\/\/oruralcomopaisagem.com.br\/atlas\/wp-json\/wp\/v2\/users\/1"}],"replies":[{"embeddable":true,"href":"https:\/\/oruralcomopaisagem.com.br\/atlas\/wp-json\/wp\/v2\/comments?post=23327"}],"version-history":[{"count":1,"href":"https:\/\/oruralcomopaisagem.com.br\/atlas\/wp-json\/wp\/v2\/pages\/23327\/revisions"}],"predecessor-version":[{"id":23328,"href":"https:\/\/oruralcomopaisagem.com.br\/atlas\/wp-json\/wp\/v2\/pages\/23327\/revisions\/23328"}],"wp:attachment":[{"href":"https:\/\/oruralcomopaisagem.com.br\/atlas\/wp-json\/wp\/v2\/media?parent=23327"}],"curies":[{"name":"wp","href":"https:\/\/api.w.org\/{rel}","templated":true}]}}