{"id":23389,"date":"2025-05-14T16:06:29","date_gmt":"2025-05-14T19:06:29","guid":{"rendered":"https:\/\/oruralcomopaisagem.com.br\/atlas\/?page_id=23389"},"modified":"2025-06-09T18:11:02","modified_gmt":"2025-06-09T21:11:02","slug":"barra-mansa","status":"publish","type":"page","link":"https:\/\/oruralcomopaisagem.com.br\/atlas\/vale-do-cafe\/barra-mansa\/","title":{"rendered":"Barra Mansa"},"content":{"rendered":"<section id=\"about\" data-vc-full-width=\"true\" data-vc-full-width-init=\"false\" class=\"vc_row wpb_row vc_row-fluid  vc_custom_1651890656987 wow fadeIn vc_row-has-fill pofo-stretch-content pofo-stretch-row-container pofo-row-responsive-69d97a71ef22b\"><div class=\"wpb_column vc_column_container vc_col-sm-4 vc_col-xs-12 pofo-column-responsive-69d97a71ef295\"><div class=\"vc_column-inner \"><div class=\"wpb_wrapper\">[vc_single_image image=&#8221;23494&#8243; img_size=&#8221;full&#8221; css_animation=&#8221;left-to-right&#8221; css=&#8221;.vc_custom_1748549772346{padding-right: 35px !important;}&#8221;]<\/div><\/div><\/div><div class=\"wpb_column vc_column_container vc_col-sm-8  col-xs-mobile-fullwidth\"><div class=\"vc_column-inner \"><div class=\"wpb_wrapper\"><div class=\" vc_custom_1747251524304 last-paragraph-no-margin\" style=\"color: #ffffff;\"><p><span class=\"alt-font text-large width-100 line-height-40 display-table-cell vertical-align-middle\" style=\"font-size: 33px;\">Barra Mansa<\/span><\/p>\n<\/div>[vc_separator color=&#8221;white&#8221; align=&#8221;align_left&#8221; el_class=&#8221;separator-line-horrizontal-medium-light3&#8243;]<div class=\" vc_custom_1747251542724 last-paragraph-no-margin\" style=\"color: #ffffff;\"><p><a class=\"section-link text-white text-black-hover\" href=\"#texto\">O munic\u00edpio de Barra Mansa \u00e9 um dos mais populosos do sul do estado, com uma popula\u00e7\u00e3o de 169.894 pessoas, distribu\u00edda por 547,133km\u00b2 conferindo ao munic\u00edpio 310,52 hab\/km\u00b2. O munic\u00edpio \u00e9 constitu\u00eddo por 6 distritos, s\u00e3o eles: Barra Mansa, Ant\u00f4nio Rocha, Floriano, Nossa Senhora do Amparo, Rialto e Santa Rita de C\u00e1ssia&#8230; [ + ]<\/a><\/p>\n<\/div><\/div><\/div><\/div><\/section><div class=\"vc_row-full-width vc_clearfix\"><\/div><section data-vc-full-width=\"true\" data-vc-full-width-init=\"false\" class=\"vc_row wpb_row vc_row-fluid  vc_custom_1651890667031 wow fadeIn vc_row-has-fill pofo-stretch-content pofo-stretch-row-container pofo-row-responsive-69d97a71ef39a\"><div class=\"wpb_column vc_column_container vc_col-sm-12  col-xs-mobile-fullwidth\"><div class=\"vc_column-inner vc_custom_1636927375865\"><div class=\"wpb_wrapper\">[vc_raw_html]JTVCaW5jbHVkZW1lJTIwZmlsZSUzRCUyMiUyRm1hcGFzJTJGdmFsZS1jYWZlJTJGc3ZnLW1hcGEtcmotdmFsZS1jYWZlLWJhcnJhLW1hbnNhLmh0bWwlMjIlNUQ=[\/vc_raw_html]<\/div><\/div><\/div><\/section><div class=\"vc_row-full-width vc_clearfix\"><\/div><section data-vc-full-width=\"true\" data-vc-full-width-init=\"false\" class=\"vc_row wpb_row vc_row-fluid  vc_custom_1636927135699 wow fadeIn pofo-stretch-content pofo-stretch-row-container pofo-row-responsive-69d97a71ef40c\"><div class=\"wpb_column vc_column_container vc_col-sm-12  col-xs-mobile-fullwidth\"><div class=\"vc_column-inner \"><div class=\"wpb_wrapper\"><div class=\"tab-style2\"><div class=\"row\"><div class=\"col-md-12 col-sm-12\"><ul class=\"nav nav-tabs alt-font text-small display-inherit font-weight-600 text-left text-uppercase\"><li  class=\"active\"><a href=\"#pofotabitem-21697208438-1-10-0\" data-toggle=\"tab\" class=\"\"><span>JN Hortali\u00e7as<\/span><\/a><\/li><li ><a href=\"#pofotabitem-21697208438-2-25-1\" data-toggle=\"tab\" class=\"\"><span>Associa\u00e7\u00e3o dos Produtores Familiares de Santa Rita e Regi\u00e3o<\/span><\/a><\/li><li ><a href=\"#pofotabitem-21749233141016-2-10-2\" data-toggle=\"tab\" class=\"\"><span>Alimentos F\u00e1cil - Processados Santa Rita de C\u00e1ssia Ltda<\/span><\/a><\/li><li ><a href=\"#pofotabitem-21749233141668-3-10-3\" data-toggle=\"tab\" class=\"\"><span>Fazenda Santana do Turvo<\/span><\/a><\/li><li ><a href=\"#pofotabitem-21749233142280-4-2-4\" data-toggle=\"tab\" class=\"\"><span>Fazenda Cachoeira<\/span><\/a><\/li><\/ul><div class=\"tab-content position-relative overflow-hidden\"><div class=\"tab-pane fade in active\" id=\"pofotabitem-21697208438-1-10-0\"><ul  class=\"portfolio-grid hover-option10 metro-gallery lightbox-portfolio work-3col gutter-medium\"><li class=\"grid-sizer\"><\/li><li class=\"grid-item\"><figure><div class=\"portfolio-img pofo-portfolio-page-background bg-black\"><img loading=\"lazy\" decoding=\"async\" src=\"https:\/\/oruralcomopaisagem.com.br\/atlas\/wp-content\/uploads\/2017\/08\/800x1600-ph.jpg\"  alt=\"\" width=\"800\" height=\"1600\" sizes=\"(max-width: 800px) 100vw, 800px\" class=\"project-img-gallery\" data-no-retina=\"\" \/><\/div><figcaption><div class=\"portfolio-hover-main text-center\"><div class=\"portfolio-hover-box vertical-align-middle\"><div class=\"portfolio-icon\"><a href=\"https:\/\/oruralcomopaisagem.com.br\/atlas\/wp-content\/uploads\/2017\/08\/800x1600-ph.jpg\" class=\"gallery-link\" data-group=\"pofo-lightbox-1\"  title=\"pofo 800&#215;1600-ph\"><i class=\"ti-zoom-in text-white fa-2x\" aria-hidden=\"true\"><\/i><\/a><\/div><\/div><\/div><\/figcaption><figure><\/li><\/ul><\/div><div class=\"tab-pane fade\" id=\"pofotabitem-21697208438-2-25-1\"><ul  class=\"portfolio-grid hover-option10 metro-gallery lightbox-portfolio work-3col gutter-medium\"><li class=\"grid-sizer\"><\/li><li class=\"grid-item\"><figure><div class=\"portfolio-img pofo-portfolio-page-background bg-black\"><img loading=\"lazy\" decoding=\"async\" src=\"https:\/\/oruralcomopaisagem.com.br\/atlas\/wp-content\/uploads\/2017\/08\/850x1000-ph.jpg\"  alt=\"\" width=\"850\" height=\"1000\" sizes=\"(max-width: 850px) 100vw, 850px\" class=\"project-img-gallery\" data-no-retina=\"\" \/><\/div><figcaption><div class=\"portfolio-hover-main text-center\"><div class=\"portfolio-hover-box vertical-align-middle\"><div class=\"portfolio-icon\"><a href=\"https:\/\/oruralcomopaisagem.com.br\/atlas\/wp-content\/uploads\/2017\/08\/850x1000-ph.jpg\" class=\"gallery-link\" data-group=\"pofo-lightbox-2\"  title=\"pofo 850&#215;1000-ph\"><i class=\"ti-zoom-in text-white fa-2x\" aria-hidden=\"true\"><\/i><\/a><\/div><\/div><\/div><\/figcaption><figure><\/li><\/ul><\/div><div class=\"tab-pane fade\" id=\"pofotabitem-21749233141016-2-10-2\"><ul  class=\"portfolio-grid hover-option10 metro-gallery lightbox-portfolio work-3col gutter-medium\"><li class=\"grid-sizer\"><\/li><li class=\"grid-item\"><figure><div class=\"portfolio-img pofo-portfolio-page-background bg-black\"><img loading=\"lazy\" decoding=\"async\" src=\"https:\/\/oruralcomopaisagem.com.br\/atlas\/wp-content\/uploads\/2017\/08\/850x1000-ph.jpg\"  alt=\"\" width=\"850\" height=\"1000\" sizes=\"(max-width: 850px) 100vw, 850px\" class=\"project-img-gallery\" data-no-retina=\"\" \/><\/div><figcaption><div class=\"portfolio-hover-main text-center\"><div class=\"portfolio-hover-box vertical-align-middle\"><div class=\"portfolio-icon\"><a href=\"https:\/\/oruralcomopaisagem.com.br\/atlas\/wp-content\/uploads\/2017\/08\/850x1000-ph.jpg\" class=\"gallery-link\" data-group=\"pofo-lightbox-3\"  title=\"pofo 850&#215;1000-ph\"><i class=\"ti-zoom-in text-white fa-2x\" aria-hidden=\"true\"><\/i><\/a><\/div><\/div><\/div><\/figcaption><figure><\/li><\/ul><\/div><div class=\"tab-pane fade\" id=\"pofotabitem-21749233141668-3-10-3\"><ul  class=\"portfolio-grid hover-option10 metro-gallery lightbox-portfolio work-3col gutter-medium\"><li class=\"grid-sizer\"><\/li><li class=\"grid-item\"><figure><div class=\"portfolio-img pofo-portfolio-page-background bg-black\"><img loading=\"lazy\" decoding=\"async\" src=\"https:\/\/oruralcomopaisagem.com.br\/atlas\/wp-content\/uploads\/2017\/08\/850x1000-ph.jpg\"  alt=\"\" width=\"850\" height=\"1000\" sizes=\"(max-width: 850px) 100vw, 850px\" class=\"project-img-gallery\" data-no-retina=\"\" \/><\/div><figcaption><div class=\"portfolio-hover-main text-center\"><div class=\"portfolio-hover-box vertical-align-middle\"><div class=\"portfolio-icon\"><a href=\"https:\/\/oruralcomopaisagem.com.br\/atlas\/wp-content\/uploads\/2017\/08\/850x1000-ph.jpg\" class=\"gallery-link\" data-group=\"pofo-lightbox-4\"  title=\"pofo 850&#215;1000-ph\"><i class=\"ti-zoom-in text-white fa-2x\" aria-hidden=\"true\"><\/i><\/a><\/div><\/div><\/div><\/figcaption><figure><\/li><\/ul><\/div><div class=\"tab-pane fade\" id=\"pofotabitem-21749233142280-4-2-4\"><ul  class=\"portfolio-grid hover-option10 metro-gallery lightbox-portfolio work-3col gutter-medium\"><li class=\"grid-sizer\"><\/li><li class=\"grid-item\"><figure><div class=\"portfolio-img pofo-portfolio-page-background bg-black\"><img loading=\"lazy\" decoding=\"async\" src=\"https:\/\/oruralcomopaisagem.com.br\/atlas\/wp-content\/uploads\/2017\/08\/850x1000-ph.jpg\"  alt=\"\" width=\"850\" height=\"1000\" sizes=\"(max-width: 850px) 100vw, 850px\" class=\"project-img-gallery\" data-no-retina=\"\" \/><\/div><figcaption><div class=\"portfolio-hover-main text-center\"><div class=\"portfolio-hover-box vertical-align-middle\"><div class=\"portfolio-icon\"><a href=\"https:\/\/oruralcomopaisagem.com.br\/atlas\/wp-content\/uploads\/2017\/08\/850x1000-ph.jpg\" class=\"gallery-link\" data-group=\"pofo-lightbox-5\"  title=\"pofo 850&#215;1000-ph\"><i class=\"ti-zoom-in text-white fa-2x\" aria-hidden=\"true\"><\/i><\/a><\/div><\/div><\/div><\/figcaption><figure><\/li><\/ul><\/div><\/div><\/div><\/div><\/div><\/div><\/div><\/div><\/section><div class=\"vc_row-full-width vc_clearfix\"><\/div><section id=\"texto\" data-vc-full-width=\"true\" data-vc-full-width-init=\"false\" class=\"vc_row wpb_row vc_row-fluid  vc_custom_1697208513334 vc_row-has-fill pofo-stretch-content pofo-stretch-row-container vc_row-o-content-middle vc_row-flex pofo-row-responsive-69d97a71f01e0\"><div class=\"wpb_column vc_column_container vc_col-sm-12  col-xs-mobile-fullwidth wow fadeInUp pofo-column-responsive-69d97a71f0237\"><div class=\"vc_column-inner \"><div class=\"wpb_wrapper\">[vc_raw_html]JTNDZGl2JTIwc3R5bGUlM0QlMjItd2Via2l0LWNvbHVtbnMlM0ElMjAzJTIwMzAwcHglM0ItbW96LWNvbHVtbnMlM0ElMjAzJTIwMzAwcHglM0IlMjAlMjBjb2x1bW5zJTNBJTIwMyUyMDMwMHB4JTNCJTIwLXdlYmtpdC1jb2x1bW4tZ2FwJTNBJTIwNGVtJTNCJTIwLW1vei1jb2x1bW4tZ2FwJTNBJTIwNGVtJTNCJTIwY29sdW1uLWdhcCUzQSUyMDRlbSUzQiUyMC13ZWJraXQtY29sdW1uLXJ1bGUlM0ElMjAxcHglMjBkb3R0ZWQlMjAlMjMyYzJjMmMlM0IlMjAtbW96LWNvbHVtbi1ydWxlJTNBJTIwMXB4JTIwZG90dGVkJTIwJTIzMmMyYzJjJTNCJTIwY29sdW1uLXJ1bGUlM0ElMjAxcHglMjBkb3R0ZWQlMjAlMjMyYzJjMmMlM0IlMjIlM0UlMEElMEElM0NzcGFuJTIwY2xhc3MlM0QlMjJ0ZXh0LWV4dHJhLWxhcmdlJTIwbWFyZ2luLTI1cHgtYm90dG9tJTIwZGlzcGxheS1pbmxpbmUtYmxvY2slMjBhbHQtZm9udCUyMGhlYWRpbmctc3R5bGUzJTIwcG9mby1idXR0b24tcmVzcG9uc2l2ZS02MmIyM2E3MTVlNDViJTIwJTIwaGVhZGluZy0xJTIyJTIwJTIwc3R5bGUlM0QlMjJjb2xvciUzQSUyMCUyM2ZmZmZmZiUzQiUyMiUzRUJhcnJhJTIwTWFuc2ElM0MlMkZzcGFuJTNFJTBBJTBBJTNDZGl2JTIwY2xhc3MlM0QlMjJ2Y19zZXBhcmF0b3IlMjB3cGJfY29udGVudF9lbGVtZW50JTIwdmNfc2VwYXJhdG9yX2FsaWduX2NlbnRlciUyMHZjX3NlcF93aWR0aF8xMDAlMjB2Y19zZXBfcG9zX2FsaWduX2xlZnQlMjB2Y19zZXBhcmF0b3Jfbm9fdGV4dCUyMHZjX2N1c3RvbV8xNjMzNTUyOTQwNTA4JTIwJTIwdmNfY3VzdG9tXzE2MzM1NTI5NDA1MDglMjBzZXBhcmF0b3ItbGluZS1ob3JyaXpvbnRhbC1tZWRpdW0tbGlnaHQzJTIyJTIwJTNFJTNDc3BhbiUyMGNsYXNzJTNEJTIydmNfc2VwX2hvbGRlciUyMHZjX3NlcF9ob2xkZXJfbCUyMiUzRSUzQ3NwYW4lMjAlMjBzdHlsZSUzRCUyMmJvcmRlci1jb2xvciUzQSUyM2EzMmYyZiUzQiUyMiUyMGNsYXNzJTNEJTIydmNfc2VwX2xpbmUlMjIlM0UlM0MlMkZzcGFuJTNFJTNDJTJGc3BhbiUzRSUzQ3NwYW4lMjBjbGFzcyUzRCUyMnZjX3NlcF9ob2xkZXIlMjB2Y19zZXBfaG9sZGVyX3IlMjIlM0UlM0NzcGFuJTIwJTIwc3R5bGUlM0QlMjJib3JkZXItY29sb3IlM0ElMjNhMzJmMmYlM0IlMjIlMjBjbGFzcyUzRCUyMnZjX3NlcF9saW5lJTIyJTNFJTNDJTJGc3BhbiUzRSUzQyUyRnNwYW4lM0UlMEElM0MlMkZkaXYlM0UlMEElMEElM0NwJTIwY2xhc3MlM0QlMjJtYXJnaW4tMjVweC10b3AlMjIlM0VPJTIwbXVuaWMlQzMlQURwaW8lMjBkZSUyMEJhcnJhJTIwTWFuc2ElMjAlQzMlQTklMjB1bSUyMGRvcyUyMG1haXMlMjBwb3B1bG9zb3MlMjBkbyUyMHN1bCUyMGRvJTIwZXN0YWRvJTJDJTIwY29tJTIwdW1hJTIwcG9wdWxhJUMzJUE3JUMzJUEzbyUyMGRlJTIwMTY5Ljg5NCUyMHBlc3NvYXMlMkMlMjBkaXN0cmlidSVDMyVBRGRhJTIwcG9yJTIwNTQ3JTJDMTMza20lQzIlQjIlMjBjb25mZXJpbmRvJTIwYW8lMjBtdW5pYyVDMyVBRHBpbyUyMDMxMCUyQzUyJTIwaGFiJTJGa20lQzIlQjIuJTIwTyUyMG11bmljJUMzJUFEcGlvJTIwJUMzJUE5JTIwY29uc3RpdHUlQzMlQURkbyUyMHBvciUyMDYlMjBkaXN0cml0b3MlMkMlMjBzJUMzJUEzbyUyMGVsZXMlM0ElMjBCYXJyYSUyME1hbnNhJTJDJTIwQW50JUMzJUI0bmlvJTIwUm9jaGElMkMlMjBGbG9yaWFubyUyQyUyME5vc3NhJTIwU2VuaG9yYSUyMGRvJTIwQW1wYXJvJTJDJTIwUmlhbHRvJTIwZSUyMFNhbnRhJTIwUml0YSUyMGRlJTIwQyVDMyVBMXNzaWEuJTIwRW0lMjAzJTIwZGUlMjBvdXR1YnJvJTIwZGUlMjAxODMyJTJDJTIwbyUyMGdvdmVybm8lMjBkZWNyZXRvdSUyMGElMjBlbWFuY2lwYSVDMyVBNyVDMyVBM28lMjBkbyUyMG11bmljJUMzJUFEcGlvJTJDJTIwY29tJTIwZGVzbWVtYnJhbWVudG8lMjBkZSUyMHRlcnJhcyUyMGRlJTIwUmVzZW5kZSUyQyUyMGNvbSUyMGElMjBpbnN0YWxhJUMzJUE3JUMzJUEzbyUyMGRhZGElMjBlbSUyMDE0JTIwZGUlMjBhYnJpbCUyMGRlJTIwMTgzMy4lMjBFbSUyMDE4NTclMkMlMjBhJTIwdmlsYSUyMGRlJTIwQmFycmElMjBNYW5zYSUyMGZvaSUyMGVsZXZhZGElMjAlQzMlQTAlMjBjYXRlZ29yaWElMjBkZSUyMGNpZGFkZS4lM0MlMkZwJTNFJTBBJTBBJTNDcCUzRUJhcnJhJTIwTWFuc2ElMjBmYXolMjBwYXJ0ZSUyMGRhJTIwcmVnaSVDMyVBM28lMjB0dXIlQzMlQURzdGljYSUyMGRvJTIwVmFsZSUyMGRvJTIwQ2FmJUMzJUE5JTIwZSUyQyUyMG5vJTIwJUMzJUEybWJpdG8lMjBkYXMlMjByZWdpJUMzJUI1ZXMlMjBkZSUyMGdvdmVybm8lMjBkbyUyMGVzdGFkbyUyMGRvJTIwUmlvJTIwZGUlMjBKYW5laXJvJTIwZmF6JTIwcGFydGUlMjBkYSUyMFJlZ2klQzMlQTNvJTIwZG8lMjBNJUMzJUE5ZGlvJTIwUGFyYSVDMyVBRGJhJTJDJTIwcXVlJTIwdGFtYiVDMyVBOW0lMjBhYnJhbmdlJTIwb3MlMjBtdW5pYyVDMyVBRHBpb3MlMjBkZSUyMEJhcnJhJTIwZG8lMjBQaXJhJUMzJUFEJTJDJTIwSXRhdGlhaWElMkMlMjBQaW5oZWlyYWwlMkMlMjBQaXJhJUMzJUFEJTJDJTIwUG9ydG8lMjBSZWFsJTJDJTIwUXVhdGlzJTJDJTIwUmVzZW5kZSUyQyUyMFJpbyUyMENsYXJvJTJDJTIwUmlvJTIwZGFzJTIwRmxvcmVzJTJDJTIwVmFsZW4lQzMlQTdhJTIwZSUyMFZvbHRhJTIwUmVkb25kYS4lMjBPJTIwbXVuaWMlQzMlQURwaW8lMjBmYXolMjBsaW1pdGUlMjBjb20lMjBQb3J0byUyMFJlYWwlMkMlMjBRdWF0aXMlMkMlMjBWYWxlbiVDMyVBN2ElMkMlMjBCYXJyYSUyMGRvJTIwUGlyYSVDMyVBRCUyQyUyMFZvbHRhJTIwUmVkb25kYSUyQyUyMFJpbyUyMENsYXJvJTJDJTIwUmVzZW5kZSUyMGUlMjBmYXolMjBkaXZpc2ElMjBjb20lMjBvJTIwZXN0YWRvJTIwZGUlMjBTJUMzJUEzbyUyMFBhdWxvLiUzQyUyRnAlM0UlMEElMEElM0NwJTNFTyUyMG11bmljJUMzJUFEcGlvJTIwcG9zc3VpJTIwdW1hJTIwbG9uZ2ElMjBoaXN0JUMzJUIzcmlhJTIwc2VuZG8lMjBvJTIwY2FmJUMzJUE5JTIwdW0lMjBkb3MlMjBzZXVzJTIwbWFpb3JlcyUyMHMlQzMlQURtYm9sb3MlMjBzZWd1aWRvJTIwZGElMjBwZWN1JUMzJUExcmlhJTIwbGVpdGVpcmEuJTIwQXR1YWxtZW50ZSUyQyUyMGRlc3RhY2Etc2UlMjBuYSUyMGF0aXZpZGFkZSUyMGluZHVzdHJpYWwlMkMlMjBtYXMlMjB0YW1iJUMzJUE5bSUyMGFwcmVzZW50YSUyMHVtYSUyMGltcG9ydGFudGUlMjBmb250ZSUyMGRlJTIwZ2VyYSVDMyVBNyVDMyVBM28lMjBkZSUyMHJlbmRhJTIwcXVlJTIwJUMzJUE5JTIwYSUyMHByb2R1JUMzJUE3JUMzJUEzbyUyMGRlJTIwb2xlciVDMyVBRGNvbGFzJTIwbm8lMjBiYWlycm8lMjBTYW50YSUyMFJpdGElMjBkZSUyMEMlQzMlQTFzc2lhJTJDJTIwcXVlJTIwYXRlbmRlJTIwbyUyMGNvbSVDMyVBOXJjaW8lMjByZWdpb25hbCUyMGZsdW1pbmVuc2UlMjBlJTIwcGF1bGlzdGEuJTIwQSUyMHByJUMzJUExdGljYSUyMG9sZXIlQzMlQURjb2xhJTIwZW0lMjBTYW50YSUyMFJpdGElMjBkZSUyMEMlQzMlQTFzc2lhJTIwJUMzJUE5JTIwY29tcG9zdGElMjBwb3IlMjBhZ3JpY3VsdG9yZXMlMjBmYW1pbGlhcmVzJTIwcXVlJTIwcGFydGljaXBhbSUyMGRhJTIwQXNzb2NpYSVDMyVBNyVDMyVBM28lMjBkb3MlMjBQcm9kdXRvcyUyMEZhbWlsaWFyZXMlMjBkZSUyMFNhbnRhJTIwUml0YSUyMGUlMjBSZWdpJUMzJUEzbyUyMCVFMiU4MCU5MyUyMEFQRkFNJTIwcXVlJTIwdGFtYiVDMyVBOW0lMjBwYXJ0aWNpcGElMjBkb3MlMjBlZGl0YWlzJTIwZG8lMjBQcm9ncmFtYSUyME5hY2lvbmFsJTIwZGUlMjBBbGltZW50YSVDMyVBNyVDMyVBM28lMjBFc2NvbGFyJTIwJUUyJTgwJTkzJTIwUE5BRSUyMGZvcm5lY2VuZG8lMjBhbGltZW50b3MlMjBkYSUyMGFncmljdWx0dXJhJTIwZmFtaWxpYXIlMjBhcyUyMGVzY29sYXMlMjBkYSUyMHJlZ2klQzMlQTNvLiUyMEFsJUMzJUE5bSUyMGRpc3NvJTJDJTIwbyUyMG11bmljJUMzJUFEcGlvJTIwcG9zc3VpJTIwaW4lQzMlQkFtZXJvcyUyMGRlc3Rpbm9zJTIwY29tJTIwcG90ZW5jaWFsJTIwZGUlMjBvZmVydGElMjBkZSUyMHR1cmlzbW8lMjBydXJhbCUyMHBlZGFnJUMzJUIzZ2ljbyUyMGUlMjBleHBlcmllbmNpYSUyQyUyMGJlbSUyMGNvbW8lMjBvJTIwdHVyaXNtbyUyMGVtJTIwZXNwYSVDMyVBN28lMjBydXJhbCUyMGUlMjBoaXN0JUMzJUIzcmljby4lM0MlMkZwJTNFJTBBJTNDJTJGZGl2JTNF[\/vc_raw_html]<\/div><\/div><\/div><\/section><div class=\"vc_row-full-width vc_clearfix\"><\/div>\n","protected":false},"excerpt":{"rendered":"[vc_single_image image=\"23494\" img_size=\"full\" css_animation=\"left-to-right\" css=\".vc_custom_1748549772346{padding-right: 35px !important;}\"]Barra Mansa [vc_separator color=\"white\" align=\"align_left\" el_class=\"separator-line-horrizontal-medium-light3\"]O munic\u00edpio de Barra Mansa \u00e9 um dos mais populosos do sul do estado, com uma popula\u00e7\u00e3o de 169.894 pessoas, distribu\u00edda por 547,133km\u00b2 conferindo ao munic\u00edpio 310,52 hab\/km\u00b2. O munic\u00edpio \u00e9 constitu\u00eddo por 6 distritos, s\u00e3o eles: Barra Mansa, Ant\u00f4nio Rocha, Floriano, Nossa Senhora do Amparo, Rialto e Santa Rita de C\u00e1ssia... [ + ] [vc_raw_html]JTVCaW5jbHVkZW1lJTIwZmlsZSUzRCUyMiUyRm1hcGFzJTJGdmFsZS1jYWZlJTJGc3ZnLW1hcGEtcmotdmFsZS1jYWZlLWJhcnJhLW1hbnNhLmh0bWwlMjIlNUQ=[\/vc_raw_html]JN Hortali\u00e7asAssocia\u00e7\u00e3o dos Produtores Familiares de Santa Rita e Regi\u00e3oAlimentos F\u00e1cil - Processados Santa Rita de C\u00e1ssia LtdaFazenda Santana do TurvoFazenda Cachoeira[vc_raw_html]JTNDZGl2JTIwc3R5bGUlM0QlMjItd2Via2l0LWNvbHVtbnMlM0ElMjAzJTIwMzAwcHglM0ItbW96LWNvbHVtbnMlM0ElMjAzJTIwMzAwcHglM0IlMjAlMjBjb2x1bW5zJTNBJTIwMyUyMDMwMHB4JTNCJTIwLXdlYmtpdC1jb2x1bW4tZ2FwJTNBJTIwNGVtJTNCJTIwLW1vei1jb2x1bW4tZ2FwJTNBJTIwNGVtJTNCJTIwY29sdW1uLWdhcCUzQSUyMDRlbSUzQiUyMC13ZWJraXQtY29sdW1uLXJ1bGUlM0ElMjAxcHglMjBkb3R0ZWQlMjAlMjMyYzJjMmMlM0IlMjAtbW96LWNvbHVtbi1ydWxlJTNBJTIwMXB4JTIwZG90dGVkJTIwJTIzMmMyYzJjJTNCJTIwY29sdW1uLXJ1bGUlM0ElMjAxcHglMjBkb3R0ZWQlMjAlMjMyYzJjMmMlM0IlMjIlM0UlMEElMEElM0NzcGFuJTIwY2xhc3MlM0QlMjJ0ZXh0LWV4dHJhLWxhcmdlJTIwbWFyZ2luLTI1cHgtYm90dG9tJTIwZGlzcGxheS1pbmxpbmUtYmxvY2slMjBhbHQtZm9udCUyMGhlYWRpbmctc3R5bGUzJTIwcG9mby1idXR0b24tcmVzcG9uc2l2ZS02MmIyM2E3MTVlNDViJTIwJTIwaGVhZGluZy0xJTIyJTIwJTIwc3R5bGUlM0QlMjJjb2xvciUzQSUyMCUyM2ZmZmZmZiUzQiUyMiUzRUJhcnJhJTIwTWFuc2ElM0MlMkZzcGFuJTNFJTBBJTBBJTNDZGl2JTIwY2xhc3MlM0QlMjJ2Y19zZXBhcmF0b3IlMjB3cGJfY29udGVudF9lbGVtZW50JTIwdmNfc2VwYXJhdG9yX2FsaWduX2NlbnRlciUyMHZjX3NlcF93aWR0aF8xMDAlMjB2Y19zZXBfcG9zX2FsaWduX2xlZnQlMjB2Y19zZXBhcmF0b3Jfbm9fdGV4dCUyMHZjX2N1c3RvbV8xNjMzNTUyOTQwNTA4JTIwJTIwdmNfY3VzdG9tXzE2MzM1NTI5NDA1MDglMjBzZXBhcmF0b3ItbGluZS1ob3JyaXpvbnRhbC1tZWRpdW0tbGlnaHQzJTIyJTIwJTNFJTNDc3BhbiUyMGNsYXNzJTNEJTIydmNfc2VwX2hvbGRlciUyMHZjX3NlcF9ob2xkZXJfbCUyMiUzRSUzQ3NwYW4lMjAlMjBzdHlsZSUzRCUyMmJvcmRlci1jb2xvciUzQSUyM2EzMmYyZiUzQiUyMiUyMGNsYXNzJTNEJTIydmNfc2VwX2xpbmUlMjIlM0UlM0MlMkZzcGFuJTNFJTNDJTJGc3BhbiUzRSUzQ3NwYW4lMjBjbGFzcyUzRCUyMnZjX3NlcF9ob2xkZXIlMjB2Y19zZXBfaG9sZGVyX3IlMjIlM0UlM0NzcGFuJTIwJTIwc3R5bGUlM0QlMjJib3JkZXItY29sb3IlM0ElMjNhMzJmMmYlM0IlMjIlMjBjbGFzcyUzRCUyMnZjX3NlcF9saW5lJTIyJTNFJTNDJTJGc3BhbiUzRSUzQyUyRnNwYW4lM0UlMEElM0MlMkZkaXYlM0UlMEElMEElM0NwJTIwY2xhc3MlM0QlMjJtYXJnaW4tMjVweC10b3AlMjIlM0VPJTIwbXVuaWMlQzMlQURwaW8lMjBkZSUyMEJhcnJhJTIwTWFuc2ElMjAlQzMlQTklMjB1bSUyMGRvcyUyMG1haXMlMjBwb3B1bG9zb3MlMjBkbyUyMHN1bCUyMGRvJTIwZXN0YWRvJTJDJTIwY29tJTIwdW1hJTIwcG9wdWxhJUMzJUE3JUMzJUEzbyUyMGRlJTIwMTY5Ljg5NCUyMHBlc3NvYXMlMkMlMjBkaXN0cmlidSVDMyVBRGRhJTIwcG9yJTIwNTQ3JTJDMTMza20lQzIlQjIlMjBjb25mZXJpbmRvJTIwYW8lMjBtdW5pYyVDMyVBRHBpbyUyMDMxMCUyQzUyJTIwaGFiJTJGa20lQzIlQjIuJTIwTyUyMG11bmljJUMzJUFEcGlvJTIwJUMzJUE5JTIwY29uc3RpdHUlQzMlQURkbyUyMHBvciUyMDYlMjBkaXN0cml0b3MlMkMlMjBzJUMzJUEzbyUyMGVsZXMlM0ElMjBCYXJyYSUyME1hbnNhJTJDJTIwQW50JUMzJUI0bmlvJTIwUm9jaGElMkMlMjBGbG9yaWFubyUyQyUyME5vc3NhJTIwU2VuaG9yYSUyMGRvJTIwQW1wYXJvJTJDJTIwUmlhbHRvJTIwZSUyMFNhbnRhJTIwUml0YSUyMGRlJTIwQyVDMyVBMXNzaWEuJTIwRW0lMjAzJTIwZGUlMjBvdXR1YnJvJTIwZGUlMjAxODMyJTJDJTIwbyUyMGdvdmVybm8lMjBkZWNyZXRvdSUyMGElMjBlbWFuY2lwYSVDMyVBNyVDMyVBM28lMjBkbyUyMG11bmljJUMzJUFEcGlvJTJDJTIwY29tJTIwZGVzbWVtYnJhbWVudG8lMjBkZSUyMHRlcnJhcyUyMGRlJTIwUmVzZW5kZSUyQyUyMGNvbSUyMGElMjBpbnN0YWxhJUMzJUE3JUMzJUEzbyUyMGRhZGElMjBlbSUyMDE0JTIwZGUlMjBhYnJpbCUyMGRlJTIwMTgzMy4lMjBFbSUyMDE4NTclMkMlMjBhJTIwdmlsYSUyMGRlJTIwQmFycmElMjBNYW5zYSUyMGZvaSUyMGVsZXZhZGElMjAlQzMlQTAlMjBjYXRlZ29yaWElMjBkZSUyMGNpZGFkZS4lM0MlMkZwJTNFJTBBJTBBJTNDcCUzRUJhcnJhJTIwTWFuc2ElMjBmYXolMjBwYXJ0ZSUyMGRhJTIwcmVnaSVDMyVBM28lMjB0dXIlQzMlQURzdGljYSUyMGRvJTIwVmFsZSUyMGRvJTIwQ2FmJUMzJUE5JTIwZSUyQyUyMG5vJTIwJUMzJUEybWJpdG8lMjBkYXMlMjByZWdpJUMzJUI1ZXMlMjBkZSUyMGdvdmVybm8lMjBkbyUyMGVzdGFkbyUyMGRvJTIwUmlvJTIwZGUlMjBKYW5laXJvJTIwZmF6JTIwcGFydGUlMjBkYSUyMFJlZ2klQzMlQTNvJTIwZG8lMjBNJUMzJUE5ZGlvJTIwUGFyYSVDMyVBRGJhJTJDJTIwcXVlJTIwdGFtYiVDMyVBOW0lMjBhYnJhbmdlJTIwb3MlMjBtdW5pYyVDMyVBRHBpb3MlMjBkZSUyMEJhcnJhJTIwZG8lMjBQaXJhJUMzJUFEJTJDJTIwSXRhdGlhaWElMkMlMjBQaW5oZWlyYWwlMkMlMjBQaXJhJUMzJUFEJTJDJTIwUG9ydG8lMjBSZWFsJTJDJTIwUXVhdGlzJTJDJTIwUmVzZW5kZSUyQyUyMFJpbyUyMENsYXJvJTJDJTIwUmlvJTIwZGFzJTIwRmxvcmVzJTJDJTIwVmFsZW4lQzMlQTdhJTIwZSUyMFZvbHRhJTIwUmVkb25kYS4lMjBPJTIwbXVuaWMlQzMlQURwaW8lMjBmYXolMjBsaW1pdGUlMjBjb20lMjBQb3J0byUyMFJlYWwlMkMlMjBRdWF0aXMlMkMlMjBWYWxlbiVDMyVBN2ElMkMlMjBCYXJyYSUyMGRvJTIwUGlyYSVDMyVBRCUyQyUyMFZvbHRhJTIwUmVkb25kYSUyQyUyMFJpbyUyMENsYXJvJTJDJTIwUmVzZW5kZSUyMGUlMjBmYXolMjBkaXZpc2ElMjBjb20lMjBvJTIwZXN0YWRvJTIwZGUlMjBTJUMzJUEzbyUyMFBhdWxvLiUzQyUyRnAlM0UlMEElMEElM0NwJTNFTyUyMG11bmljJUMzJUFEcGlvJTIwcG9zc3VpJTIwdW1hJTIwbG9uZ2ElMjBoaXN0JUMzJUIzcmlhJTIwc2VuZG8lMjBvJTIwY2FmJUMzJUE5JTIwdW0lMjBkb3MlMjBzZXVzJTIwbWFpb3JlcyUyMHMlQzMlQURtYm9sb3MlMjBzZWd1aWRvJTIwZGElMjBwZWN1JUMzJUExcmlhJTIwbGVpdGVpcmEuJTIwQXR1YWxtZW50ZSUyQyUyMGRlc3RhY2Etc2UlMjBuYSUyMGF0aXZpZGFkZSUyMGluZHVzdHJpYWwlMkMlMjBtYXMlMjB0YW1iJUMzJUE5bSUyMGFwcmVzZW50YSUyMHVtYSUyMGltcG9ydGFudGUlMjBmb250ZSUyMGRlJTIwZ2VyYSVDMyVBNyVDMyVBM28lMjBkZSUyMHJlbmRhJTIwcXVlJTIwJUMzJUE5JTIwYSUyMHByb2R1JUMzJUE3JUMzJUEzbyUyMGRlJTIwb2xlciVDMyVBRGNvbGFzJTIwbm8lMjBiYWlycm8lMjBTYW50YSUyMFJpdGElMjBkZSUyMEMlQzMlQTFzc2lhJTJDJTIwcXVlJTIwYXRlbmRlJTIwbyUyMGNvbSVDMyVBOXJjaW8lMjByZWdpb25hbCUyMGZsdW1pbmVuc2UlMjBlJTIwcGF1bGlzdGEuJTIwQSUyMHByJUMzJUExdGljYSUyMG9sZXIlQzMlQURjb2xhJTIwZW0lMjBTYW50YSUyMFJpdGElMjBkZSUyMEMlQzMlQTFzc2lhJTIwJUMzJUE5JTIwY29tcG9zdGElMjBwb3IlMjBhZ3JpY3VsdG9yZXMlMjBmYW1pbGlhcmVzJTIwcXVlJTIwcGFydGljaXBhbSUyMGRhJTIwQXNzb2NpYSVDMyVBNyVDMyVBM28lMjBkb3MlMjBQcm9kdXRvcyUyMEZhbWlsaWFyZXMlMjBkZSUyMFNhbnRhJTIwUml0YSUyMGUlMjBSZWdpJUMzJUEzbyUyMCVFMiU4MCU5MyUyMEFQRkFNJTIwcXVlJTIwdGFtYiVDMyVBOW0lMjBwYXJ0aWNpcGElMjBkb3MlMjBlZGl0YWlzJTIwZG8lMjBQcm9ncmFtYSUyME5hY2lvbmFsJTIwZGUlMjBBbGltZW50YSVDMyVBNyVDMyVBM28lMjBFc2NvbGFyJTIwJUUyJTgwJTkzJTIwUE5BRSUyMGZvcm5lY2VuZG8lMjBhbGltZW50b3MlMjBkYSUyMGFncmljdWx0dXJhJTIwZmFtaWxpYXIlMjBhcyUyMGVzY29sYXMlMjBkYSUyMHJlZ2klQzMlQTNvLiUyMEFsJUMzJUE5bSUyMGRpc3NvJTJDJTIwbyUyMG11bmljJUMzJUFEcGlvJTIwcG9zc3VpJTIwaW4lQzMlQkFtZXJvcyUyMGRlc3Rpbm9zJTIwY29tJTIwcG90ZW5jaWFsJTIwZGUlMjBvZmVydGElMjBkZSUyMHR1cmlzbW8lMjBydXJhbCUyMHBlZGFnJUMzJUIzZ2ljbyUyMGUlMjBleHBlcmllbmNpYSUyQyUyMGJlbSUyMGNvbW8lMjBvJTIwdHVyaXNtbyUyMGVtJTIwZXNwYSVDMyVBN28lMjBydXJhbCUyMGUlMjBoaXN0JUMzJUIzcmljby4lM0MlMkZwJTNFJTBBJTNDJTJGZGl2JTNF[\/vc_raw_html]","protected":false},"author":1,"featured_media":0,"parent":22929,"menu_order":0,"comment_status":"closed","ping_status":"closed","template":"","meta":{"inline_featured_image":false,"footnotes":""},"class_list":["post-23389","page","type-page","status-publish","hentry"],"_links":{"self":[{"href":"https:\/\/oruralcomopaisagem.com.br\/atlas\/wp-json\/wp\/v2\/pages\/23389"}],"collection":[{"href":"https:\/\/oruralcomopaisagem.com.br\/atlas\/wp-json\/wp\/v2\/pages"}],"about":[{"href":"https:\/\/oruralcomopaisagem.com.br\/atlas\/wp-json\/wp\/v2\/types\/page"}],"author":[{"embeddable":true,"href":"https:\/\/oruralcomopaisagem.com.br\/atlas\/wp-json\/wp\/v2\/users\/1"}],"replies":[{"embeddable":true,"href":"https:\/\/oruralcomopaisagem.com.br\/atlas\/wp-json\/wp\/v2\/comments?post=23389"}],"version-history":[{"count":6,"href":"https:\/\/oruralcomopaisagem.com.br\/atlas\/wp-json\/wp\/v2\/pages\/23389\/revisions"}],"predecessor-version":[{"id":24004,"href":"https:\/\/oruralcomopaisagem.com.br\/atlas\/wp-json\/wp\/v2\/pages\/23389\/revisions\/24004"}],"up":[{"embeddable":true,"href":"https:\/\/oruralcomopaisagem.com.br\/atlas\/wp-json\/wp\/v2\/pages\/22929"}],"wp:attachment":[{"href":"https:\/\/oruralcomopaisagem.com.br\/atlas\/wp-json\/wp\/v2\/media?parent=23389"}],"curies":[{"name":"wp","href":"https:\/\/api.w.org\/{rel}","templated":true}]}}