{"id":23391,"date":"2025-05-14T16:06:54","date_gmt":"2025-05-14T19:06:54","guid":{"rendered":"https:\/\/oruralcomopaisagem.com.br\/atlas\/?page_id=23391"},"modified":"2025-06-11T11:09:29","modified_gmt":"2025-06-11T14:09:29","slug":"pinheiral","status":"publish","type":"page","link":"https:\/\/oruralcomopaisagem.com.br\/atlas\/vale-do-cafe\/pinheiral\/","title":{"rendered":"Pinheiral"},"content":{"rendered":"<section id=\"about\" data-vc-full-width=\"true\" data-vc-full-width-init=\"false\" class=\"vc_row wpb_row vc_row-fluid  vc_custom_1651890656987 wow fadeIn vc_row-has-fill pofo-stretch-content pofo-stretch-row-container pofo-row-responsive-69d9794ac4ff5\"><div class=\"wpb_column vc_column_container vc_col-sm-4 vc_col-xs-12 pofo-column-responsive-69d9794ac5043\"><div class=\"vc_column-inner \"><div class=\"wpb_wrapper\">[vc_single_image image=&#8221;23504&#8243; img_size=&#8221;full&#8221; css_animation=&#8221;left-to-right&#8221; css=&#8221;.vc_custom_1748550414195{padding-right: 35px !important;}&#8221;]<\/div><\/div><\/div><div class=\"wpb_column vc_column_container vc_col-sm-8  col-xs-mobile-fullwidth\"><div class=\"vc_column-inner \"><div class=\"wpb_wrapper\"><div class=\" vc_custom_1747252544524 last-paragraph-no-margin\" style=\"color: #ffffff;\"><p><span class=\"alt-font text-large width-100 line-height-40 display-table-cell vertical-align-middle\" style=\"font-size: 33px;\">Pinheiral<\/span><\/p>\n<\/div>[vc_separator color=&#8221;white&#8221; align=&#8221;align_left&#8221; el_class=&#8221;separator-line-horrizontal-medium-light3&#8243;]<div class=\" vc_custom_1747252566400 last-paragraph-no-margin\" style=\"color: #ffffff;\"><p><a class=\"section-link text-white text-black-hover\" href=\"#texto\">Pinheiral \u00e9 um munic\u00edpio fluminense novo se considerarmos a data de sua emancipa\u00e7\u00e3o que ocorreu em 13 de junho de 1995, entretanto seu territ\u00f3rio guarda mem\u00f3rias e remonta ao per\u00edodo da produ\u00e7\u00e3o cafeeira no vale do para\u00edba. Distante cerca de 121 km da capital do estado e pertencente \u00e0 Regi\u00e3o do M\u00e9dio Para\u00edba, que tamb\u00e9m abrange&#8230; [ + ]<\/a><\/p>\n<\/div><\/div><\/div><\/div><\/section><div class=\"vc_row-full-width vc_clearfix\"><\/div><section data-vc-full-width=\"true\" data-vc-full-width-init=\"false\" class=\"vc_row wpb_row vc_row-fluid  vc_custom_1651890667031 wow fadeIn vc_row-has-fill pofo-stretch-content pofo-stretch-row-container pofo-row-responsive-69d9794ac50ec\"><div class=\"wpb_column vc_column_container vc_col-sm-12  col-xs-mobile-fullwidth\"><div class=\"vc_column-inner vc_custom_1636927375865\"><div class=\"wpb_wrapper\">[vc_raw_html]JTVCaW5jbHVkZW1lJTIwZmlsZSUzRCUyMiUyRm1hcGFzJTJGdmFsZS1jYWZlJTJGc3ZnLW1hcGEtcmotdmFsZS1jYWZlLXBpbmhlaXJhbC5odG1sJTIyJTVE[\/vc_raw_html]<\/div><\/div><\/div><\/section><div class=\"vc_row-full-width vc_clearfix\"><\/div><section data-vc-full-width=\"true\" data-vc-full-width-init=\"false\" class=\"vc_row wpb_row vc_row-fluid  vc_custom_1636927135699 wow fadeIn pofo-stretch-content pofo-stretch-row-container pofo-row-responsive-69d9794ac5145\"><div class=\"wpb_column vc_column_container vc_col-sm-12  col-xs-mobile-fullwidth\"><div class=\"vc_column-inner \"><div class=\"wpb_wrapper\"><div class=\"tab-style2\"><div class=\"row\"><div class=\"col-md-12 col-sm-12\"><ul class=\"nav nav-tabs alt-font text-small display-inherit font-weight-600 text-left text-uppercase\"><li  class=\"active\"><a href=\"#pofotabitem-21697208438-1-10-0\" data-toggle=\"tab\" class=\"\"><span>Ch\u00e1cara Vilarinho<\/span><\/a><\/li><li ><a href=\"#pofotabitem-21697208438-2-25-1\" data-toggle=\"tab\" class=\"\"><span>S\u00edtio Nossas Ra\u00edzes<\/span><\/a><\/li><li ><a href=\"#pofotabitem-21749650955414-2-1-2\" data-toggle=\"tab\" class=\"\"><span>S\u00edtio do Beija Flor da Dona Fia<\/span><\/a><\/li><\/ul><div class=\"tab-content position-relative overflow-hidden\"><div class=\"tab-pane fade in active\" id=\"pofotabitem-21697208438-1-10-0\"><ul  class=\"portfolio-grid hover-option10 metro-gallery lightbox-portfolio work-3col gutter-medium\"><li class=\"grid-sizer\"><\/li><li class=\"grid-item\"><figure><div class=\"portfolio-img pofo-portfolio-page-background bg-black\"><img loading=\"lazy\" decoding=\"async\" src=\"https:\/\/oruralcomopaisagem.com.br\/atlas\/wp-content\/uploads\/2017\/08\/800x1600-ph.jpg\"  alt=\"\" width=\"800\" height=\"1600\" sizes=\"(max-width: 800px) 100vw, 800px\" class=\"project-img-gallery\" data-no-retina=\"\" \/><\/div><figcaption><div class=\"portfolio-hover-main text-center\"><div class=\"portfolio-hover-box vertical-align-middle\"><div class=\"portfolio-icon\"><a href=\"https:\/\/oruralcomopaisagem.com.br\/atlas\/wp-content\/uploads\/2017\/08\/800x1600-ph.jpg\" class=\"gallery-link\" data-group=\"pofo-lightbox-1\"  title=\"pofo 800&#215;1600-ph\"><i class=\"ti-zoom-in text-white fa-2x\" aria-hidden=\"true\"><\/i><\/a><\/div><\/div><\/div><\/figcaption><figure><\/li><\/ul><\/div><div class=\"tab-pane fade\" id=\"pofotabitem-21697208438-2-25-1\"><ul  class=\"portfolio-grid hover-option10 metro-gallery lightbox-portfolio work-3col gutter-medium\"><li class=\"grid-sizer\"><\/li><li class=\"grid-item\"><figure><div class=\"portfolio-img pofo-portfolio-page-background bg-black\"><img loading=\"lazy\" decoding=\"async\" src=\"https:\/\/oruralcomopaisagem.com.br\/atlas\/wp-content\/uploads\/2017\/08\/850x1000-ph.jpg\"  alt=\"\" width=\"850\" height=\"1000\" sizes=\"(max-width: 850px) 100vw, 850px\" class=\"project-img-gallery\" data-no-retina=\"\" \/><\/div><figcaption><div class=\"portfolio-hover-main text-center\"><div class=\"portfolio-hover-box vertical-align-middle\"><div class=\"portfolio-icon\"><a href=\"https:\/\/oruralcomopaisagem.com.br\/atlas\/wp-content\/uploads\/2017\/08\/850x1000-ph.jpg\" class=\"gallery-link\" data-group=\"pofo-lightbox-2\"  title=\"pofo 850&#215;1000-ph\"><i class=\"ti-zoom-in text-white fa-2x\" aria-hidden=\"true\"><\/i><\/a><\/div><\/div><\/div><\/figcaption><figure><\/li><\/ul><\/div><div class=\"tab-pane fade\" id=\"pofotabitem-21749650955414-2-1-2\"><ul  class=\"portfolio-grid hover-option10 metro-gallery lightbox-portfolio work-3col gutter-medium\"><li class=\"grid-sizer\"><\/li><li class=\"grid-item\"><figure><div class=\"portfolio-img pofo-portfolio-page-background bg-black\"><img loading=\"lazy\" decoding=\"async\" src=\"https:\/\/oruralcomopaisagem.com.br\/atlas\/wp-content\/uploads\/2017\/08\/850x1000-ph.jpg\"  alt=\"\" width=\"850\" height=\"1000\" sizes=\"(max-width: 850px) 100vw, 850px\" class=\"project-img-gallery\" data-no-retina=\"\" \/><\/div><figcaption><div class=\"portfolio-hover-main text-center\"><div class=\"portfolio-hover-box vertical-align-middle\"><div class=\"portfolio-icon\"><a href=\"https:\/\/oruralcomopaisagem.com.br\/atlas\/wp-content\/uploads\/2017\/08\/850x1000-ph.jpg\" class=\"gallery-link\" data-group=\"pofo-lightbox-3\"  title=\"pofo 850&#215;1000-ph\"><i class=\"ti-zoom-in text-white fa-2x\" aria-hidden=\"true\"><\/i><\/a><\/div><\/div><\/div><\/figcaption><figure><\/li><\/ul><\/div><\/div><\/div><\/div><\/div><\/div><\/div><\/div><\/section><div class=\"vc_row-full-width vc_clearfix\"><\/div><section id=\"texto\" data-vc-full-width=\"true\" data-vc-full-width-init=\"false\" class=\"vc_row wpb_row vc_row-fluid  vc_custom_1697208513334 vc_row-has-fill pofo-stretch-content pofo-stretch-row-container vc_row-o-content-middle vc_row-flex pofo-row-responsive-69d9794ac591e\"><div class=\"wpb_column vc_column_container vc_col-sm-12  col-xs-mobile-fullwidth wow fadeInUp pofo-column-responsive-69d9794ac595c\"><div class=\"vc_column-inner \"><div class=\"wpb_wrapper\">[vc_raw_html]JTNDZGl2JTIwc3R5bGUlM0QlMjItd2Via2l0LWNvbHVtbnMlM0ElMjAzJTIwMzAwcHglM0ItbW96LWNvbHVtbnMlM0ElMjAzJTIwMzAwcHglM0IlMjAlMjBjb2x1bW5zJTNBJTIwMyUyMDMwMHB4JTNCJTIwLXdlYmtpdC1jb2x1bW4tZ2FwJTNBJTIwNGVtJTNCJTIwLW1vei1jb2x1bW4tZ2FwJTNBJTIwNGVtJTNCJTIwY29sdW1uLWdhcCUzQSUyMDRlbSUzQiUyMC13ZWJraXQtY29sdW1uLXJ1bGUlM0ElMjAxcHglMjBkb3R0ZWQlMjAlMjMyYzJjMmMlM0IlMjAtbW96LWNvbHVtbi1ydWxlJTNBJTIwMXB4JTIwZG90dGVkJTIwJTIzMmMyYzJjJTNCJTIwY29sdW1uLXJ1bGUlM0ElMjAxcHglMjBkb3R0ZWQlMjAlMjMyYzJjMmMlM0IlMjIlM0UlMEElMEElM0NzcGFuJTIwY2xhc3MlM0QlMjJ0ZXh0LWV4dHJhLWxhcmdlJTIwbWFyZ2luLTI1cHgtYm90dG9tJTIwZGlzcGxheS1pbmxpbmUtYmxvY2slMjBhbHQtZm9udCUyMGhlYWRpbmctc3R5bGUzJTIwcG9mby1idXR0b24tcmVzcG9uc2l2ZS02MmIyM2E3MTVlNDViJTIwJTIwaGVhZGluZy0xJTIyJTIwJTIwc3R5bGUlM0QlMjJjb2xvciUzQSUyMCUyM2ZmZmZmZiUzQiUyMiUzRVBpbmhlaXJhbCUzQyUyRnNwYW4lM0UlMEElMEElM0NkaXYlMjBjbGFzcyUzRCUyMnZjX3NlcGFyYXRvciUyMHdwYl9jb250ZW50X2VsZW1lbnQlMjB2Y19zZXBhcmF0b3JfYWxpZ25fY2VudGVyJTIwdmNfc2VwX3dpZHRoXzEwMCUyMHZjX3NlcF9wb3NfYWxpZ25fbGVmdCUyMHZjX3NlcGFyYXRvcl9ub190ZXh0JTIwdmNfY3VzdG9tXzE2MzM1NTI5NDA1MDglMjAlMjB2Y19jdXN0b21fMTYzMzU1Mjk0MDUwOCUyMHNlcGFyYXRvci1saW5lLWhvcnJpem9udGFsLW1lZGl1bS1saWdodDMlMjIlMjAlM0UlM0NzcGFuJTIwY2xhc3MlM0QlMjJ2Y19zZXBfaG9sZGVyJTIwdmNfc2VwX2hvbGRlcl9sJTIyJTNFJTNDc3BhbiUyMCUyMHN0eWxlJTNEJTIyYm9yZGVyLWNvbG9yJTNBJTIzYTMyZjJmJTNCJTIyJTIwY2xhc3MlM0QlMjJ2Y19zZXBfbGluZSUyMiUzRSUzQyUyRnNwYW4lM0UlM0MlMkZzcGFuJTNFJTNDc3BhbiUyMGNsYXNzJTNEJTIydmNfc2VwX2hvbGRlciUyMHZjX3NlcF9ob2xkZXJfciUyMiUzRSUzQ3NwYW4lMjAlMjBzdHlsZSUzRCUyMmJvcmRlci1jb2xvciUzQSUyM2EzMmYyZiUzQiUyMiUyMGNsYXNzJTNEJTIydmNfc2VwX2xpbmUlMjIlM0UlM0MlMkZzcGFuJTNFJTNDJTJGc3BhbiUzRSUwQSUzQyUyRmRpdiUzRSUwQSUwQSUzQ3AlMjBjbGFzcyUzRCUyMm1hcmdpbi0yNXB4LXRvcCUyMiUzRVBpbmhlaXJhbCUyMCVDMyVBOSUyMHVtJTIwbXVuaWMlQzMlQURwaW8lMjBmbHVtaW5lbnNlJTIwbm92byUyMHNlJTIwY29uc2lkZXJhcm1vcyUyMGElMjBkYXRhJTIwZGUlMjBzdWElMjBlbWFuY2lwYSVDMyVBNyVDMyVBM28lMjBxdWUlMjBvY29ycmV1JTIwZW0lMjAxMyUyMGRlJTIwanVuaG8lMjBkZSUyMDE5OTUlMkMlMjBlbnRyZXRhbnRvJTIwc2V1JTIwdGVycml0JUMzJUIzcmlvJTIwZ3VhcmRhJTIwbWVtJUMzJUIzcmlhcyUyMGUlMjByZW1vbnRhJTIwYW8lMjBwZXIlQzMlQURvZG8lMjBkYSUyMHByb2R1JUMzJUE3JUMzJUEzbyUyMGNhZmVlaXJhJTIwbm8lMjB2YWxlJTIwZG8lMjBwYXJhJUMzJUFEYmEuJTIwRGlzdGFudGUlMjBjZXJjYSUyMGRlJTIwMTIxJTIwa20lMjBkYSUyMGNhcGl0YWwlMjBkbyUyMGVzdGFkbyUyMGUlMjBwZXJ0ZW5jZW50ZSUyMCVDMyVBMCUyMFJlZ2klQzMlQTNvJTIwZG8lMjBNJUMzJUE5ZGlvJTIwUGFyYSVDMyVBRGJhJTJDJTIwcXVlJTIwdGFtYiVDMyVBOW0lMjBhYnJhbmdlJTIwb3MlMjBtdW5pYyVDMyVBRHBpb3MlMjBkZSUyMEJhcnJhJTIwZG8lMjBQaXJhJUMzJUFEJTJDJTIwQmFycmElMjBNYW5zYSUyQyUyMEl0YXRpYWlhJTJDJTIwUGlyYSVDMyVBRCUyQyUyMFBvcnRvJTIwUmVhbCUyQyUyMFF1YXRpcyUyQyUyMFJlc2VuZGUlMkMlMjBSaW8lMjBDbGFybyUyQyUyMFJpbyUyMGRhcyUyMEZsb3JlcyUyQyUyMFZhbGVuJUMzJUE3YSUyMGUlMjBWb2x0YSUyMFJlZG9uZGEuJTIwU2V1cyUyMHZpemluaG9zJTIwbXVuaWNpcGFpcyUyMHMlQzMlQTNvJTNBJTIwQmFycmElMjBkbyUyMFBpcmElQzMlQUQlMkMlMjBQaXJhJUMzJUFEJTIwZSUyMFZvbHRhJTIwUmVkb25kYS4lM0MlMkZwJTNFJTBBJTBBJTNDcCUzRUElMjBmYXplbmRhJTIwUyVDMyVBM28lMjBKb3MlQzMlQTklMjBkb3MlMjBQaW5oZWlyb3MlMkMlMjBkbyUyMGNvbWVuZGFkb3IlMjBKb3MlQzMlQTklMjBKb2FxdWltJTIwZGUlMjBTb3V6YSUyMEJyZXZlcyUyQyUyMG8lMjBSZWklMjBkbyUyMENhZiVDMyVBOSUyQyUyMGZvaSUyMG8lMjBiZXIlQzMlQTdvJTIwZGUlMjBQaW5oZWlyYWwlMkMlMjBhJTIwcGFydGlyJTIwZGVsYSUyMHF1ZSUyMHN1cmdpdSUyMG8lMjB0b3AlQzMlQjRuaW1vJTIwZG8lMjBtdW5pYyVDMyVBRHBpby4lMjBDb20lMjAlQzMlQTFyZWElMjBkZSUyMDgyJTJDMjU0JTIwa20lQzIlQjIlMjBlJTIwcG9wdWxhJUMzJUE3JUMzJUEzbyUyMGRlJTIwMjQuMjk4JTIwaGFiaXRhbnRlcyUyMGRlJTIwYWNvcmRvJTIwY29tJTIwbyUyMGNlbnNvJTIwZGUlMjAyMDIyJTJDJTIwbyUyMG11bmljJUMzJUFEcGlvJTIwYXByZXNlbnRhJTIwcmVuZGElMjBicnV0YSUyMGRlJTIwUiUyNCUyMDE3OS43ODEuNDAxJTJDNTElMjBlJTIwcHJvZHV0byUyMGludGVybm8lMjBicnV0byUyMHBlciUyMGNhcGl0YSUyMGRlJTIwUiUyNCUyMDU2LjgyNiUyQzE3JTIwbyUyMHF1ZSUyMGxoZSUyMGNvbmZlcmUlMjBpbXBvcnQlQzMlQTJuY2lhJTIwbm8lMjAlQzMlQTJtYml0byUyMGRvcyUyMG11bmljJUMzJUFEcGlvcyUyMGZsdW1pbmVuc2VzJTIwY29tbyUyMGElMjBwcmVzZW4lQzMlQTdhJTIwZG8lMjBlbnNpbm8lMjBwcm9maXNzaW9uYWxpemFuZG8lMjBuJUMzJUFEdmVsJTIwbSVDMyVBOWRpbyUyMGUlMjBzdXBlcmlvciUyMGZlZGVyYWwlMkMlMjBhJTIwZXhpc3QlQzMlQUFuY2lhJTIwZGUlMjBwb3NzJUMzJUFEdmVpcyUyMGRlc3Rpbm9zJTIwcnVyYWlzJTIwcXVlJTIwYXRyYWVtJTIwbW9yYWRvcmVzJTIwZGElMjBjYXBpdGFsJTIwZSUyMGRlJTIwbXVuaWMlQzMlQURwaW9zJTIwdml6aW5ob3MlMjBjb21vJTIwcG9yJTIwZXhlbXBsbyUyMFZvbHRhJTIwUmVkb25kYS4lMjBBbCVDMyVBOW0lMjBkbyUyMHR1cmlzbW8lMjBydXJhbCUyQyUyMG8lMjBtdW5pYyVDMyVBRHBpbyUyMHRhbWIlQzMlQTltJTIwcmUlQzMlQkFuZSUyMG91dHJhcyUyMG1vZGFsaWRhZGVzJTIwZGUlMjB0dXJpc21vJTIwYSUyMHBhcnRpciUyMGRlJTIwZGVzdGlub3MlMjBoaXN0JUMzJUIzcmljb3MlMjBlJTIwY3VsdHVyYWlzJTJDJTIwY29tbyUyMHBvciUyMGV4ZW1wbG8lMkMlMjBvJTIwQ2VudHJvJTIwZGUlMjBSZWZlciVDMyVBQW5jaWElMjBkZSUyMEVzdHVkbyUyMEFmcm8lMjBkbyUyMFN1bCUyMEZsdW1pbmVuc2UlMjAlRTIlODAlOTMlMjBPJTIwQ3JlYXNmJTIwZm9pJTIwZnVuZGFkbyUyMGVtJTIwMTk5OCUyMHBhcmElMjBwcmVzZXJ2YXIlMjBvJTIwam9uZ28lMjBlJTIwc3VhcyUyMHRyYWRpJUMzJUE3JUMzJUI1ZXMlM0IlMjBGb2xpYSUyMGRlJTIwUmVpcyUyMEpvcm5hZGElMjBFc3RyZWxhJTIwR3VpYSUyMGRvJTIwT3JpZW50ZSUyMCVFMiU4MCU5MyUyMEZ1bmRhZGElMjBlbSUyMDE5ODQlM0IlMjBSdSVDMyVBRG5hcyUyMGRvJTIwQ2FzYXIlQzMlQTNvJTIwZSUyMGElMjBJZ3JlamElMjBkYSUyME5vc3NhJTIwU2VuaG9yYSUyMGRhJTIwQ29uY2VpJUMzJUE3JUMzJUEzby4lMjBBbCVDMyVBOW0lMjBkaXNzbyUyQyUyMGV4aXN0ZW0lMjBtb3JhZG9yZXMlMjBxdWUlMjBzZSUyMGRlZGljYW0lMjBhJTIwcHIlQzMlQTF0aWNhJTIwZGElMjBhZ3JpY3VsdHVyYSUyMG9yZyVDMyVBMm5pY2ElMjBkZSUyMGhvcnRhbGklQzMlQTdhcyUyQyUyMHVtYSUyMG1vcmFkb3JhJTIwcXVlJTIwcHJvZHV6JTIwZmFyaW5oYSUyMGRlJTIwbWFuZGlvY2ElMjBhcnRlc2FuYWxtZW50ZSUyMGUlMjB1bSUyMHByb2R1dG9yJTIwZGUlMjBwbGFudGFzJTIwbWVkaWNpbmFpcyUyMHBhcmElMjBmYXJtJUMzJUExY2lhcyUyMGRlJTIwbWFuaXB1bGElQzMlQTclQzMlQTNvJTIwbG9jYWwuJTNDJTJGcCUzRSUwQSUzQyUyRmRpdiUzRQ==[\/vc_raw_html]<\/div><\/div><\/div><\/section><div class=\"vc_row-full-width vc_clearfix\"><\/div>\n","protected":false},"excerpt":{"rendered":"[vc_single_image image=\"23504\" img_size=\"full\" css_animation=\"left-to-right\" css=\".vc_custom_1748550414195{padding-right: 35px !important;}\"]Pinheiral [vc_separator color=\"white\" align=\"align_left\" el_class=\"separator-line-horrizontal-medium-light3\"]Pinheiral \u00e9 um munic\u00edpio fluminense novo se considerarmos a data de sua emancipa\u00e7\u00e3o que ocorreu em 13 de junho de 1995, entretanto seu territ\u00f3rio guarda mem\u00f3rias e remonta ao per\u00edodo da produ\u00e7\u00e3o cafeeira no vale do para\u00edba. Distante cerca de 121 km da capital do estado e pertencente \u00e0 Regi\u00e3o do M\u00e9dio Para\u00edba, que tamb\u00e9m abrange... [ + ] [vc_raw_html]JTVCaW5jbHVkZW1lJTIwZmlsZSUzRCUyMiUyRm1hcGFzJTJGdmFsZS1jYWZlJTJGc3ZnLW1hcGEtcmotdmFsZS1jYWZlLXBpbmhlaXJhbC5odG1sJTIyJTVE[\/vc_raw_html]Ch\u00e1cara VilarinhoS\u00edtio Nossas Ra\u00edzesS\u00edtio do Beija Flor da Dona Fia[vc_raw_html]JTNDZGl2JTIwc3R5bGUlM0QlMjItd2Via2l0LWNvbHVtbnMlM0ElMjAzJTIwMzAwcHglM0ItbW96LWNvbHVtbnMlM0ElMjAzJTIwMzAwcHglM0IlMjAlMjBjb2x1bW5zJTNBJTIwMyUyMDMwMHB4JTNCJTIwLXdlYmtpdC1jb2x1bW4tZ2FwJTNBJTIwNGVtJTNCJTIwLW1vei1jb2x1bW4tZ2FwJTNBJTIwNGVtJTNCJTIwY29sdW1uLWdhcCUzQSUyMDRlbSUzQiUyMC13ZWJraXQtY29sdW1uLXJ1bGUlM0ElMjAxcHglMjBkb3R0ZWQlMjAlMjMyYzJjMmMlM0IlMjAtbW96LWNvbHVtbi1ydWxlJTNBJTIwMXB4JTIwZG90dGVkJTIwJTIzMmMyYzJjJTNCJTIwY29sdW1uLXJ1bGUlM0ElMjAxcHglMjBkb3R0ZWQlMjAlMjMyYzJjMmMlM0IlMjIlM0UlMEElMEElM0NzcGFuJTIwY2xhc3MlM0QlMjJ0ZXh0LWV4dHJhLWxhcmdlJTIwbWFyZ2luLTI1cHgtYm90dG9tJTIwZGlzcGxheS1pbmxpbmUtYmxvY2slMjBhbHQtZm9udCUyMGhlYWRpbmctc3R5bGUzJTIwcG9mby1idXR0b24tcmVzcG9uc2l2ZS02MmIyM2E3MTVlNDViJTIwJTIwaGVhZGluZy0xJTIyJTIwJTIwc3R5bGUlM0QlMjJjb2xvciUzQSUyMCUyM2ZmZmZmZiUzQiUyMiUzRVBpbmhlaXJhbCUzQyUyRnNwYW4lM0UlMEElMEElM0NkaXYlMjBjbGFzcyUzRCUyMnZjX3NlcGFyYXRvciUyMHdwYl9jb250ZW50X2VsZW1lbnQlMjB2Y19zZXBhcmF0b3JfYWxpZ25fY2VudGVyJTIwdmNfc2VwX3dpZHRoXzEwMCUyMHZjX3NlcF9wb3NfYWxpZ25fbGVmdCUyMHZjX3NlcGFyYXRvcl9ub190ZXh0JTIwdmNfY3VzdG9tXzE2MzM1NTI5NDA1MDglMjAlMjB2Y19jdXN0b21fMTYzMzU1Mjk0MDUwOCUyMHNlcGFyYXRvci1saW5lLWhvcnJpem9udGFsLW1lZGl1bS1saWdodDMlMjIlMjAlM0UlM0NzcGFuJTIwY2xhc3MlM0QlMjJ2Y19zZXBfaG9sZGVyJTIwdmNfc2VwX2hvbGRlcl9sJTIyJTNFJTNDc3BhbiUyMCUyMHN0eWxlJTNEJTIyYm9yZGVyLWNvbG9yJTNBJTIzYTMyZjJmJTNCJTIyJTIwY2xhc3MlM0QlMjJ2Y19zZXBfbGluZSUyMiUzRSUzQyUyRnNwYW4lM0UlM0MlMkZzcGFuJTNFJTNDc3BhbiUyMGNsYXNzJTNEJTIydmNfc2VwX2hvbGRlciUyMHZjX3NlcF9ob2xkZXJfciUyMiUzRSUzQ3NwYW4lMjAlMjBzdHlsZSUzRCUyMmJvcmRlci1jb2xvciUzQSUyM2EzMmYyZiUzQiUyMiUyMGNsYXNzJTNEJTIydmNfc2VwX2xpbmUlMjIlM0UlM0MlMkZzcGFuJTNFJTNDJTJGc3BhbiUzRSUwQSUzQyUyRmRpdiUzRSUwQSUwQSUzQ3AlMjBjbGFzcyUzRCUyMm1hcmdpbi0yNXB4LXRvcCUyMiUzRVBpbmhlaXJhbCUyMCVDMyVBOSUyMHVtJTIwbXVuaWMlQzMlQURwaW8lMjBmbHVtaW5lbnNlJTIwbm92byUyMHNlJTIwY29uc2lkZXJhcm1vcyUyMGElMjBkYXRhJTIwZGUlMjBzdWElMjBlbWFuY2lwYSVDMyVBNyVDMyVBM28lMjBxdWUlMjBvY29ycmV1JTIwZW0lMjAxMyUyMGRlJTIwanVuaG8lMjBkZSUyMDE5OTUlMkMlMjBlbnRyZXRhbnRvJTIwc2V1JTIwdGVycml0JUMzJUIzcmlvJTIwZ3VhcmRhJTIwbWVtJUMzJUIzcmlhcyUyMGUlMjByZW1vbnRhJTIwYW8lMjBwZXIlQzMlQURvZG8lMjBkYSUyMHByb2R1JUMzJUE3JUMzJUEzbyUyMGNhZmVlaXJhJTIwbm8lMjB2YWxlJTIwZG8lMjBwYXJhJUMzJUFEYmEuJTIwRGlzdGFudGUlMjBjZXJjYSUyMGRlJTIwMTIxJTIwa20lMjBkYSUyMGNhcGl0YWwlMjBkbyUyMGVzdGFkbyUyMGUlMjBwZXJ0ZW5jZW50ZSUyMCVDMyVBMCUyMFJlZ2klQzMlQTNvJTIwZG8lMjBNJUMzJUE5ZGlvJTIwUGFyYSVDMyVBRGJhJTJDJTIwcXVlJTIwdGFtYiVDMyVBOW0lMjBhYnJhbmdlJTIwb3MlMjBtdW5pYyVDMyVBRHBpb3MlMjBkZSUyMEJhcnJhJTIwZG8lMjBQaXJhJUMzJUFEJTJDJTIwQmFycmElMjBNYW5zYSUyQyUyMEl0YXRpYWlhJTJDJTIwUGlyYSVDMyVBRCUyQyUyMFBvcnRvJTIwUmVhbCUyQyUyMFF1YXRpcyUyQyUyMFJlc2VuZGUlMkMlMjBSaW8lMjBDbGFybyUyQyUyMFJpbyUyMGRhcyUyMEZsb3JlcyUyQyUyMFZhbGVuJUMzJUE3YSUyMGUlMjBWb2x0YSUyMFJlZG9uZGEuJTIwU2V1cyUyMHZpemluaG9zJTIwbXVuaWNpcGFpcyUyMHMlQzMlQTNvJTNBJTIwQmFycmElMjBkbyUyMFBpcmElQzMlQUQlMkMlMjBQaXJhJUMzJUFEJTIwZSUyMFZvbHRhJTIwUmVkb25kYS4lM0MlMkZwJTNFJTBBJTBBJTNDcCUzRUElMjBmYXplbmRhJTIwUyVDMyVBM28lMjBKb3MlQzMlQTklMjBkb3MlMjBQaW5oZWlyb3MlMkMlMjBkbyUyMGNvbWVuZGFkb3IlMjBKb3MlQzMlQTklMjBKb2FxdWltJTIwZGUlMjBTb3V6YSUyMEJyZXZlcyUyQyUyMG8lMjBSZWklMjBkbyUyMENhZiVDMyVBOSUyQyUyMGZvaSUyMG8lMjBiZXIlQzMlQTdvJTIwZGUlMjBQaW5oZWlyYWwlMkMlMjBhJTIwcGFydGlyJTIwZGVsYSUyMHF1ZSUyMHN1cmdpdSUyMG8lMjB0b3AlQzMlQjRuaW1vJTIwZG8lMjBtdW5pYyVDMyVBRHBpby4lMjBDb20lMjAlQzMlQTFyZWElMjBkZSUyMDgyJTJDMjU0JTIwa20lQzIlQjIlMjBlJTIwcG9wdWxhJUMzJUE3JUMzJUEzbyUyMGRlJTIwMjQuMjk4JTIwaGFiaXRhbnRlcyUyMGRlJTIwYWNvcmRvJTIwY29tJTIwbyUyMGNlbnNvJTIwZGUlMjAyMDIyJTJDJTIwbyUyMG11bmljJUMzJUFEcGlvJTIwYXByZXNlbnRhJTIwcmVuZGElMjBicnV0YSUyMGRlJTIwUiUyNCUyMDE3OS43ODEuNDAxJTJDNTElMjBlJTIwcHJvZHV0byUyMGludGVybm8lMjBicnV0byUyMHBlciUyMGNhcGl0YSUyMGRlJTIwUiUyNCUyMDU2LjgyNiUyQzE3JTIwbyUyMHF1ZSUyMGxoZSUyMGNvbmZlcmUlMjBpbXBvcnQlQzMlQTJuY2lhJTIwbm8lMjAlQzMlQTJtYml0byUyMGRvcyUyMG11bmljJUMzJUFEcGlvcyUyMGZsdW1pbmVuc2VzJTIwY29tbyUyMGElMjBwcmVzZW4lQzMlQTdhJTIwZG8lMjBlbnNpbm8lMjBwcm9maXNzaW9uYWxpemFuZG8lMjBuJUMzJUFEdmVsJTIwbSVDMyVBOWRpbyUyMGUlMjBzdXBlcmlvciUyMGZlZGVyYWwlMkMlMjBhJTIwZXhpc3QlQzMlQUFuY2lhJTIwZGUlMjBwb3NzJUMzJUFEdmVpcyUyMGRlc3Rpbm9zJTIwcnVyYWlzJTIwcXVlJTIwYXRyYWVtJTIwbW9yYWRvcmVzJTIwZGElMjBjYXBpdGFsJTIwZSUyMGRlJTIwbXVuaWMlQzMlQURwaW9zJTIwdml6aW5ob3MlMjBjb21vJTIwcG9yJTIwZXhlbXBsbyUyMFZvbHRhJTIwUmVkb25kYS4lMjBBbCVDMyVBOW0lMjBkbyUyMHR1cmlzbW8lMjBydXJhbCUyQyUyMG8lMjBtdW5pYyVDMyVBRHBpbyUyMHRhbWIlQzMlQTltJTIwcmUlQzMlQkFuZSUyMG91dHJhcyUyMG1vZGFsaWRhZGVzJTIwZGUlMjB0dXJpc21vJTIwYSUyMHBhcnRpciUyMGRlJTIwZGVzdGlub3MlMjBoaXN0JUMzJUIzcmljb3MlMjBlJTIwY3VsdHVyYWlzJTJDJTIwY29tbyUyMHBvciUyMGV4ZW1wbG8lMkMlMjBvJTIwQ2VudHJvJTIwZGUlMjBSZWZlciVDMyVBQW5jaWElMjBkZSUyMEVzdHVkbyUyMEFmcm8lMjBkbyUyMFN1bCUyMEZsdW1pbmVuc2UlMjAlRTIlODAlOTMlMjBPJTIwQ3JlYXNmJTIwZm9pJTIwZnVuZGFkbyUyMGVtJTIwMTk5OCUyMHBhcmElMjBwcmVzZXJ2YXIlMjBvJTIwam9uZ28lMjBlJTIwc3VhcyUyMHRyYWRpJUMzJUE3JUMzJUI1ZXMlM0IlMjBGb2xpYSUyMGRlJTIwUmVpcyUyMEpvcm5hZGElMjBFc3RyZWxhJTIwR3VpYSUyMGRvJTIwT3JpZW50ZSUyMCVFMiU4MCU5MyUyMEZ1bmRhZGElMjBlbSUyMDE5ODQlM0IlMjBSdSVDMyVBRG5hcyUyMGRvJTIwQ2FzYXIlQzMlQTNvJTIwZSUyMGElMjBJZ3JlamElMjBkYSUyME5vc3NhJTIwU2VuaG9yYSUyMGRhJTIwQ29uY2VpJUMzJUE3JUMzJUEzby4lMjBBbCVDMyVBOW0lMjBkaXNzbyUyQyUyMGV4aXN0ZW0lMjBtb3JhZG9yZXMlMjBxdWUlMjBzZSUyMGRlZGljYW0lMjBhJTIwcHIlQzMlQTF0aWNhJTIwZGElMjBhZ3JpY3VsdHVyYSUyMG9yZyVDMyVBMm5pY2ElMjBkZSUyMGhvcnRhbGklQzMlQTdhcyUyQyUyMHVtYSUyMG1vcmFkb3JhJTIwcXVlJTIwcHJvZHV6JTIwZmFyaW5oYSUyMGRlJTIwbWFuZGlvY2ElMjBhcnRlc2FuYWxtZW50ZSUyMGUlMjB1bSUyMHByb2R1dG9yJTIwZGUlMjBwbGFudGFzJTIwbWVkaWNpbmFpcyUyMHBhcmElMjBmYXJtJUMzJUExY2lhcyUyMGRlJTIwbWFuaXB1bGElQzMlQTclQzMlQTNvJTIwbG9jYWwuJTNDJTJGcCUzRSUwQSUzQyUyRmRpdiUzRQ==[\/vc_raw_html]","protected":false},"author":1,"featured_media":0,"parent":22929,"menu_order":0,"comment_status":"closed","ping_status":"closed","template":"","meta":{"inline_featured_image":false,"footnotes":""},"class_list":["post-23391","page","type-page","status-publish","hentry"],"_links":{"self":[{"href":"https:\/\/oruralcomopaisagem.com.br\/atlas\/wp-json\/wp\/v2\/pages\/23391"}],"collection":[{"href":"https:\/\/oruralcomopaisagem.com.br\/atlas\/wp-json\/wp\/v2\/pages"}],"about":[{"href":"https:\/\/oruralcomopaisagem.com.br\/atlas\/wp-json\/wp\/v2\/types\/page"}],"author":[{"embeddable":true,"href":"https:\/\/oruralcomopaisagem.com.br\/atlas\/wp-json\/wp\/v2\/users\/1"}],"replies":[{"embeddable":true,"href":"https:\/\/oruralcomopaisagem.com.br\/atlas\/wp-json\/wp\/v2\/comments?post=23391"}],"version-history":[{"count":5,"href":"https:\/\/oruralcomopaisagem.com.br\/atlas\/wp-json\/wp\/v2\/pages\/23391\/revisions"}],"predecessor-version":[{"id":24007,"href":"https:\/\/oruralcomopaisagem.com.br\/atlas\/wp-json\/wp\/v2\/pages\/23391\/revisions\/24007"}],"up":[{"embeddable":true,"href":"https:\/\/oruralcomopaisagem.com.br\/atlas\/wp-json\/wp\/v2\/pages\/22929"}],"wp:attachment":[{"href":"https:\/\/oruralcomopaisagem.com.br\/atlas\/wp-json\/wp\/v2\/media?parent=23391"}],"curies":[{"name":"wp","href":"https:\/\/api.w.org\/{rel}","templated":true}]}}