{"id":23393,"date":"2025-05-14T16:08:06","date_gmt":"2025-05-14T19:08:06","guid":{"rendered":"https:\/\/oruralcomopaisagem.com.br\/atlas\/?page_id=23393"},"modified":"2025-06-06T14:40:40","modified_gmt":"2025-06-06T17:40:40","slug":"barra-do-pirai","status":"publish","type":"page","link":"https:\/\/oruralcomopaisagem.com.br\/atlas\/vale-do-cafe\/barra-do-pirai\/","title":{"rendered":"Barra do Pira\u00ed"},"content":{"rendered":"<section id=\"about\" data-vc-full-width=\"true\" data-vc-full-width-init=\"false\" class=\"vc_row wpb_row vc_row-fluid  vc_custom_1651890656987 wow fadeIn vc_row-has-fill pofo-stretch-content pofo-stretch-row-container pofo-row-responsive-69d97a08c0eb3\"><div class=\"wpb_column vc_column_container vc_col-sm-4 vc_col-xs-12 pofo-column-responsive-69d97a08c0ef9\"><div class=\"vc_column-inner \"><div class=\"wpb_wrapper\">[vc_single_image image=&#8221;23491&#8243; img_size=&#8221;full&#8221; css_animation=&#8221;left-to-right&#8221; css=&#8221;.vc_custom_1748549373530{padding-right: 35px !important;}&#8221;]<\/div><\/div><\/div><div class=\"wpb_column vc_column_container vc_col-sm-8  col-xs-mobile-fullwidth\"><div class=\"vc_column-inner \"><div class=\"wpb_wrapper\"><div class=\" vc_custom_1747251361522 last-paragraph-no-margin\" style=\"color: #ffffff;\"><p><span class=\"alt-font text-large width-100 line-height-40 display-table-cell vertical-align-middle\" style=\"font-size: 33px;\">Barra do Pira\u00ed<\/span><\/p>\n<\/div>[vc_separator color=&#8221;white&#8221; align=&#8221;align_left&#8221; el_class=&#8221;separator-line-horrizontal-medium-light3&#8243;]<div class=\" vc_custom_1747251385849 last-paragraph-no-margin\" style=\"color: #ffffff;\"><p><a class=\"section-link text-white text-black-hover\" href=\"#texto\">Barra do Pira\u00ed ou a \u201cP\u00e9rola do Vale\u201d \u00e9 um importante munic\u00edpio da regi\u00e3o tur\u00edstica do Vale do Caf\u00e9. Emancipado em 10 de mar\u00e7o de 1890, Badopi como \u00e9 chamado carinhosamente est\u00e1 120 km distante da capital fluminense. Em seus distritos, distribuem-se, de acordo com o Censo Demogr\u00e1fico do Instituto Brasileiro de Geografia&#8230; [ + ]<\/a><\/p>\n<\/div><\/div><\/div><\/div><\/section><div class=\"vc_row-full-width vc_clearfix\"><\/div><section data-vc-full-width=\"true\" data-vc-full-width-init=\"false\" class=\"vc_row wpb_row vc_row-fluid  vc_custom_1651890667031 wow fadeIn vc_row-has-fill pofo-stretch-content pofo-stretch-row-container pofo-row-responsive-69d97a08c0f99\"><div class=\"wpb_column vc_column_container vc_col-sm-12  col-xs-mobile-fullwidth\"><div class=\"vc_column-inner vc_custom_1636927375865\"><div class=\"wpb_wrapper\">[vc_raw_html]JTVCaW5jbHVkZW1lJTIwZmlsZSUzRCUyMiUyRm1hcGFzJTJGdmFsZS1jYWZlJTJGc3ZnLW1hcGEtcmotdmFsZS1jYWZlLWJhcnJhLWRvLXBpcmFpLmh0bWwlMjIlNUQ=[\/vc_raw_html]<\/div><\/div><\/div><\/section><div class=\"vc_row-full-width vc_clearfix\"><\/div><section data-vc-full-width=\"true\" data-vc-full-width-init=\"false\" class=\"vc_row wpb_row vc_row-fluid  vc_custom_1636927135699 wow fadeIn pofo-stretch-content pofo-stretch-row-container pofo-row-responsive-69d97a08c0fde\"><div class=\"wpb_column vc_column_container vc_col-sm-12  col-xs-mobile-fullwidth\"><div class=\"vc_column-inner \"><div class=\"wpb_wrapper\"><div class=\"tab-style2\"><div class=\"row\"><div class=\"col-md-12 col-sm-12\"><ul class=\"nav nav-tabs alt-font text-small display-inherit font-weight-600 text-left text-uppercase\"><li  class=\"active\"><a href=\"#pofotabitem-21697208438-1-10-0\" data-toggle=\"tab\" class=\"\"><span>Fazenda Allian\u00e7a<\/span><\/a><\/li><li ><a href=\"#pofotabitem-21697208438-2-25-1\" data-toggle=\"tab\" class=\"\"><span>Propriedade Evelyn e R\u00f4mulo<\/span><\/a><\/li><li ><a href=\"#pofotabitem-21749231603868-2-6-2\" data-toggle=\"tab\" class=\"\"><span>Propriedade Rosangela e Jean<\/span><\/a><\/li><li ><a href=\"#pofotabitem-21749231629712-3-1-3\" data-toggle=\"tab\" class=\"\"><span>Propriedade V\u00e2nia e Eduardo<\/span><\/a><\/li><\/ul><div class=\"tab-content position-relative overflow-hidden\"><div class=\"tab-pane fade in active\" id=\"pofotabitem-21697208438-1-10-0\"><ul  class=\"portfolio-grid hover-option10 metro-gallery lightbox-portfolio work-3col gutter-medium\"><li class=\"grid-sizer\"><\/li><li class=\"grid-item\"><figure><div class=\"portfolio-img pofo-portfolio-page-background bg-black\"><img loading=\"lazy\" decoding=\"async\" src=\"https:\/\/oruralcomopaisagem.com.br\/atlas\/wp-content\/uploads\/2017\/08\/800x1600-ph.jpg\"  alt=\"\" width=\"800\" height=\"1600\" sizes=\"(max-width: 800px) 100vw, 800px\" class=\"project-img-gallery\" data-no-retina=\"\" \/><\/div><figcaption><div class=\"portfolio-hover-main text-center\"><div class=\"portfolio-hover-box vertical-align-middle\"><div class=\"portfolio-icon\"><a href=\"https:\/\/oruralcomopaisagem.com.br\/atlas\/wp-content\/uploads\/2017\/08\/800x1600-ph.jpg\" class=\"gallery-link\" data-group=\"pofo-lightbox-1\"  title=\"pofo 800&#215;1600-ph\"><i class=\"ti-zoom-in text-white fa-2x\" aria-hidden=\"true\"><\/i><\/a><\/div><\/div><\/div><\/figcaption><figure><\/li><\/ul><\/div><div class=\"tab-pane fade\" id=\"pofotabitem-21697208438-2-25-1\"><ul  class=\"portfolio-grid hover-option10 metro-gallery lightbox-portfolio work-3col gutter-medium\"><li class=\"grid-sizer\"><\/li><li class=\"grid-item\"><figure><div class=\"portfolio-img pofo-portfolio-page-background bg-black\"><img loading=\"lazy\" decoding=\"async\" src=\"https:\/\/oruralcomopaisagem.com.br\/atlas\/wp-content\/uploads\/2017\/08\/850x1000-ph.jpg\"  alt=\"\" width=\"850\" height=\"1000\" sizes=\"(max-width: 850px) 100vw, 850px\" class=\"project-img-gallery\" data-no-retina=\"\" \/><\/div><figcaption><div class=\"portfolio-hover-main text-center\"><div class=\"portfolio-hover-box vertical-align-middle\"><div class=\"portfolio-icon\"><a href=\"https:\/\/oruralcomopaisagem.com.br\/atlas\/wp-content\/uploads\/2017\/08\/850x1000-ph.jpg\" class=\"gallery-link\" data-group=\"pofo-lightbox-2\"  title=\"pofo 850&#215;1000-ph\"><i class=\"ti-zoom-in text-white fa-2x\" aria-hidden=\"true\"><\/i><\/a><\/div><\/div><\/div><\/figcaption><figure><\/li><\/ul><\/div><div class=\"tab-pane fade\" id=\"pofotabitem-21749231603868-2-6-2\"><ul  class=\"portfolio-grid hover-option10 metro-gallery lightbox-portfolio work-3col gutter-medium\"><li class=\"grid-sizer\"><\/li><li class=\"grid-item\"><figure><div class=\"portfolio-img pofo-portfolio-page-background bg-black\"><img loading=\"lazy\" decoding=\"async\" src=\"https:\/\/oruralcomopaisagem.com.br\/atlas\/wp-content\/uploads\/2017\/08\/850x1000-ph.jpg\"  alt=\"\" width=\"850\" height=\"1000\" sizes=\"(max-width: 850px) 100vw, 850px\" class=\"project-img-gallery\" data-no-retina=\"\" \/><\/div><figcaption><div class=\"portfolio-hover-main text-center\"><div class=\"portfolio-hover-box vertical-align-middle\"><div class=\"portfolio-icon\"><a href=\"https:\/\/oruralcomopaisagem.com.br\/atlas\/wp-content\/uploads\/2017\/08\/850x1000-ph.jpg\" class=\"gallery-link\" data-group=\"pofo-lightbox-3\"  title=\"pofo 850&#215;1000-ph\"><i class=\"ti-zoom-in text-white fa-2x\" aria-hidden=\"true\"><\/i><\/a><\/div><\/div><\/div><\/figcaption><figure><\/li><\/ul><\/div><div class=\"tab-pane fade\" id=\"pofotabitem-21749231629712-3-1-3\"><ul  class=\"portfolio-grid hover-option10 metro-gallery lightbox-portfolio work-3col gutter-medium\"><li class=\"grid-sizer\"><\/li><li class=\"grid-item\"><figure><div class=\"portfolio-img pofo-portfolio-page-background bg-black\"><img loading=\"lazy\" decoding=\"async\" src=\"https:\/\/oruralcomopaisagem.com.br\/atlas\/wp-content\/uploads\/2017\/08\/850x1000-ph.jpg\"  alt=\"\" width=\"850\" height=\"1000\" sizes=\"(max-width: 850px) 100vw, 850px\" class=\"project-img-gallery\" data-no-retina=\"\" \/><\/div><figcaption><div class=\"portfolio-hover-main text-center\"><div class=\"portfolio-hover-box vertical-align-middle\"><div class=\"portfolio-icon\"><a href=\"https:\/\/oruralcomopaisagem.com.br\/atlas\/wp-content\/uploads\/2017\/08\/850x1000-ph.jpg\" class=\"gallery-link\" data-group=\"pofo-lightbox-4\"  title=\"pofo 850&#215;1000-ph\"><i class=\"ti-zoom-in text-white fa-2x\" aria-hidden=\"true\"><\/i><\/a><\/div><\/div><\/div><\/figcaption><figure><\/li><\/ul><\/div><\/div><\/div><\/div><\/div><\/div><\/div><\/div><\/section><div class=\"vc_row-full-width vc_clearfix\"><\/div><section id=\"texto\" data-vc-full-width=\"true\" data-vc-full-width-init=\"false\" class=\"vc_row wpb_row vc_row-fluid  vc_custom_1697208513334 vc_row-has-fill pofo-stretch-content pofo-stretch-row-container vc_row-o-content-middle vc_row-flex pofo-row-responsive-69d97a08c1761\"><div class=\"wpb_column vc_column_container vc_col-sm-12  col-xs-mobile-fullwidth wow fadeInUp pofo-column-responsive-69d97a08c1795\"><div class=\"vc_column-inner \"><div class=\"wpb_wrapper\">[vc_raw_html]JTNDZGl2JTIwc3R5bGUlM0QlMjItd2Via2l0LWNvbHVtbnMlM0ElMjAzJTIwMzAwcHglM0ItbW96LWNvbHVtbnMlM0ElMjAzJTIwMzAwcHglM0IlMjAlMjBjb2x1bW5zJTNBJTIwMyUyMDMwMHB4JTNCJTIwLXdlYmtpdC1jb2x1bW4tZ2FwJTNBJTIwNGVtJTNCJTIwLW1vei1jb2x1bW4tZ2FwJTNBJTIwNGVtJTNCJTIwY29sdW1uLWdhcCUzQSUyMDRlbSUzQiUyMC13ZWJraXQtY29sdW1uLXJ1bGUlM0ElMjAxcHglMjBkb3R0ZWQlMjAlMjMyYzJjMmMlM0IlMjAtbW96LWNvbHVtbi1ydWxlJTNBJTIwMXB4JTIwZG90dGVkJTIwJTIzMmMyYzJjJTNCJTIwY29sdW1uLXJ1bGUlM0ElMjAxcHglMjBkb3R0ZWQlMjAlMjMyYzJjMmMlM0IlMjIlM0UlMEElMEElM0NzcGFuJTIwY2xhc3MlM0QlMjJ0ZXh0LWV4dHJhLWxhcmdlJTIwbWFyZ2luLTI1cHgtYm90dG9tJTIwZGlzcGxheS1pbmxpbmUtYmxvY2slMjBhbHQtZm9udCUyMGhlYWRpbmctc3R5bGUzJTIwcG9mby1idXR0b24tcmVzcG9uc2l2ZS02MmIyM2E3MTVlNDViJTIwJTIwaGVhZGluZy0xJTIyJTIwJTIwc3R5bGUlM0QlMjJjb2xvciUzQSUyMCUyM2ZmZmZmZiUzQiUyMiUzRUJhcnJhJTIwZG8lMjBQaXJhJUMzJUFEJTNDJTJGc3BhbiUzRSUwQSUwQSUzQ2RpdiUyMGNsYXNzJTNEJTIydmNfc2VwYXJhdG9yJTIwd3BiX2NvbnRlbnRfZWxlbWVudCUyMHZjX3NlcGFyYXRvcl9hbGlnbl9jZW50ZXIlMjB2Y19zZXBfd2lkdGhfMTAwJTIwdmNfc2VwX3Bvc19hbGlnbl9sZWZ0JTIwdmNfc2VwYXJhdG9yX25vX3RleHQlMjB2Y19jdXN0b21fMTYzMzU1Mjk0MDUwOCUyMCUyMHZjX2N1c3RvbV8xNjMzNTUyOTQwNTA4JTIwc2VwYXJhdG9yLWxpbmUtaG9ycml6b250YWwtbWVkaXVtLWxpZ2h0MyUyMiUyMCUzRSUzQ3NwYW4lMjBjbGFzcyUzRCUyMnZjX3NlcF9ob2xkZXIlMjB2Y19zZXBfaG9sZGVyX2wlMjIlM0UlM0NzcGFuJTIwJTIwc3R5bGUlM0QlMjJib3JkZXItY29sb3IlM0ElMjNhMzJmMmYlM0IlMjIlMjBjbGFzcyUzRCUyMnZjX3NlcF9saW5lJTIyJTNFJTNDJTJGc3BhbiUzRSUzQyUyRnNwYW4lM0UlM0NzcGFuJTIwY2xhc3MlM0QlMjJ2Y19zZXBfaG9sZGVyJTIwdmNfc2VwX2hvbGRlcl9yJTIyJTNFJTNDc3BhbiUyMCUyMHN0eWxlJTNEJTIyYm9yZGVyLWNvbG9yJTNBJTIzYTMyZjJmJTNCJTIyJTIwY2xhc3MlM0QlMjJ2Y19zZXBfbGluZSUyMiUzRSUzQyUyRnNwYW4lM0UlM0MlMkZzcGFuJTNFJTBBJTNDJTJGZGl2JTNFJTBBJTBBJTNDcCUyMGNsYXNzJTNEJTIybWFyZ2luLTI1cHgtdG9wJTIyJTNFQmFycmElMjBkbyUyMFBpcmElQzMlQUQlMjBvdSUyMGElMjAlRTIlODAlOUNQJUMzJUE5cm9sYSUyMGRvJTIwVmFsZSVFMiU4MCU5RCUyMCVDMyVBOSUyMHVtJTIwaW1wb3J0YW50ZSUyMG11bmljJUMzJUFEcGlvJTIwZGElMjByZWdpJUMzJUEzbyUyMHR1ciVDMyVBRHN0aWNhJTIwZG8lMjBWYWxlJTIwZG8lMjBDYWYlQzMlQTkuJTIwRW1hbmNpcGFkbyUyMGVtJTIwMTAlMjBkZSUyMG1hciVDMyVBN28lMjBkZSUyMDE4OTAlMkMlMjBCYWRvcGklMjBjb21vJTIwJUMzJUE5JTIwY2hhbWFkbyUyMGNhcmluaG9zYW1lbnRlJTIwZXN0JUMzJUExJTIwMTIwJTIwa20lMjBkaXN0YW50ZSUyMGRhJTIwY2FwaXRhbCUyMGZsdW1pbmVuc2UuJTIwRW0lMjBzZXVzJTIwZGlzdHJpdG9zJTJDJTIwZGlzdHJpYnVlbS1zZSUyQyUyMGRlJTIwYWNvcmRvJTIwY29tJTIwbyUyMENlbnNvJTIwRGVtb2dyJUMzJUExZmljbyUyMGRvJTIwSW5zdGl0dXRvJTIwQnJhc2lsZWlybyUyMGRlJTIwR2VvZ3JhZmlhJTIwRXN0YXQlQzMlQURzdGljYSUyMCVFMiU4MCU5MyUyMElCR0UlMjAlMjgyMDIyJTI5JTJDJTIwOTIuODgzJTIwaGFiaXRhbnRlcyUyQyUyMGRpc3RyaWJ1JUMzJUFEZG8lMjBwb3IlMjA1ODQlMkM2MTBrbSVDMiVCMi4lMjBFbSUyMHJlbGElQzMlQTclQzMlQTNvJTIwYSUyMHJlbXVuZXJhJUMzJUE3JUMzJUEzbyUyQyUyMGVtJTIwMjAxOCUyQyUyMG8lMjBzYWwlQzMlQTFyaW8lMjBtJUMzJUE5ZGlvJTIwbWVuc2FsJTIwbXVuaWNpcGFsJTIwZXJhJTIwZGUlMjAxLjklMjBzYWwlQzMlQTFyaW9zLW0lQzMlQURuaW1vcyUyMGUlMjBvJTIwUHJvZHV0byUyMEludGVybm8lMjBCcnV0byUyMC0lMjBQSUIlMjBwZXIlMjBjYXBpdGElMjBkZSUyMFIlMjQlMjAyMC42MDIlMkMyNC4lMjBPJTIwbXVuaWMlQzMlQURwaW8lMjBwb3NzdWklMjBUYXhhJTIwZGUlMjBFc2NvbGFyaXphJUMzJUE3JUMzJUEzbyUyMGRlJTIwNiUyMGElMjAxNCUyMGFub3MlMjBkZSUyMGlkYWRlJTIwZGUlMjA5OCUyQzclMjUlMjAlMjhkZSUyMGFjb3JkbyUyMGNvbSUyMGRhZG9zJTIwZG8lMjBjZW5zbyUyMGRlJTIwMjAxMCUyOS4lM0MlMkZwJTNFJTBBJTBBJTNDcCUzRU8lMjBtdW5pYyVDMyVBRHBpbyUyMHBvc3N1aSUyMGdyYW5kZSUyMHJpcXVlemElMjBoaXN0JUMzJUIzcmljYSUyMGV4cHJlc3NhJTIwbmElMjBtYXRlcmlhbGlkYWRlJTIwZSUyMGltYXRlcmlhbGlkYWRlLiUyMFMlQzMlQTNvJTIwcHIlQzMlQTlkaW9zJTIwaGlzdCVDMyVCM3JpY29zJTIwbmElMjAlQzMlQTFyZWElMjB1cmJhbmElMjBkb3MlMjBkaXN0cml0b3MlMkMlMjBmYXplbmRhcyUyMGRvJTIwY2ljbG8lMjBkbyUyMGNhZiVDMyVBOSUyQyUyMGFzJTIwcHIlQzMlQTF0aWNhcyUyMGN1bHR1cmFpcyUyMGRhcyUyMGZvbGlhcyUyMGRlJTIwcmVpcyUyQyUyMGRvJTIwam9uZ28lMjBlJTIwbWFuaWZlc3RhJUMzJUE3JUMzJUI1ZXMlMjByZWxpZ2lvc2FzLiUyMEFsJUMzJUE5bSUyMGRpc3NvJTJDJTIwQmFycmElMjBkbyUyMFBpcmElQzMlQUQlMjB2ZW0lMjBzZSUyMGRlc3RhY2FuZG8lMjBlbSUyMGElQzMlQTclQzMlQjVlcyUyMGRlJTIwZXN0JUMzJUFEbXVsbyUyMGFvJTIwdHVyaXNtbyUyMGVtJTIwc2V1cyUyMHYlQzMlQTFyaW9zJTIwcmFtb3MlMkMlMjBjb21vJTIwcG9yJTIwZXhlbXBsbyUyQyUyMG8lMjB0dXJpc21vJTIwZGUlMjBtYXNzYSUyMG5vJTIwZGlzdHJpdG8lMjBkZSUyMElwaWFiYXMlMkMlMjBvJTIwZGUlMjBsYXplciUyMGUlMjBydXJhbCUyMGVtJTIwRG9yJUMzJUEybmRpYSUyMGUlMjBvJTIwaGlzdCVDMyVCM3JpY28lMjBlbSUyMHRvZG8lMjBtdW5pYyVDMyVBRHBpby4lMjBObyUyMHF1ZSUyMHNlJTIwcmVmZXJlJTIwYW8lMjB0dXJpc21vJTIwcnVyYWwlMkMlMjBvJTIwbXVuaWMlQzMlQURwaW8lMjBjb250YSUyMGNvbSUyMGluaWNpYXRpdmElMjBxdWUlMjBwb3NzdWVtJTIwbyUyMHBvdGVuY2lhbCUyMGRlJTIwb2ZlcnRhJTIwZGVzc2UlMjBzZXJ2aSVDMyVBN28lMkMlMjBlc3BlY2lhbG1lbnRlJTIwZW0lMjBwciVDMyVBMXRpY2FzJTIwdm9sdGFkYXMlMjBwYXJhJTIwYSUyMGFncmljdWx0dXJhJTIwZmFtaWxpYXIlMjBvcmclQzMlQTJuaWNhJTIwZSUyRm91JTIwYWdyb2Vjb2wlQzMlQjNnaWNhLiUyMEluY2x1c2l2ZSUyQyUyMHBhcnRlJTIwZGElMjBtZXJlbmRhJTIwZG8lMjBtdW5pYyVDMyVBRHBpbyUyMCVDMyVBOSUyMGZvcm5lY2lkYSUyMHBlbGElMjBhZ3JpY3VsdHVyYSUyMGZhbWlsaWFyJTIwYXRyYXYlQzMlQTlzJTIwZG8lMjBQcm9ncmFtYSUyME5hY2lvbmFsJTIwZGUlMjBBbGltZW50YSVDMyVBNyVDMyVBM28lMjBFc2NvbGFyJTIwJUUyJTgwJTkzJTIwUE5BRS4lM0MlMkZwJTNFJTBBJTBBJTNDcCUzRUFzc2ltJTJDJTIwQmFycmElMjBkbyUyMFBpcmElQzMlQUQlMjAlQzMlQTklMjB1bSUyMGV4ZW1wbG8lMjBkZSUyMGNvbW8lMjBlbGVtZW50b3MlMjBkbyUyMHBhc3NhZG8lMjBlJTIwZG8lMjBwcmVzZW50ZSUyMGNvbXAlQzMlQjVlbSUyMGElMjBwYWlzYWdlbSUyMGUlMjBlbGV2YW0lMjBvJTIwbXVuaWMlQzMlQURwaW8lMjBhJTIwY29uZGklQzMlQTclQzMlQTNvJTIwZGUlMjBwb3NzdWlkb3IlMjBkZSUyMGF0cmF0aXZvcyUyMGRlc3Rpbm9zJTIwZGUlMjB0dXJpc21vJTJDJTIwZXNwZWNpYWwlMjBvJTIwcnVyYWwlMjBleHByZXNzbyUyMGVtJTIwcG91c2FkYXMlMkMlMjBob3QlQzMlQTlpcy1mYXplbmRhJTIwZSUyMHJlc3RhdXJhbnRlcyUyMHF1ZSUyMHZhbG9yaXphbSUyMGElMjBjdWxpbiVDMyVBMXJpYSUyMGxvY2FsJTJDJTIwZGVzdGFjYW5kby1zZSUyMHBlbGElMjBob3NwaXRhbGlkYWRlJTIwZSUyMHBlbGElMjBpbnRlZ3JhJUMzJUE3JUMzJUEzbyUyMGNvbSUyMG8lMjBhbWJpZW50ZSUyMG5hdHVyYWwuJTNDJTJGcCUzRSUwQSUzQyUyRmRpdiUzRQ==[\/vc_raw_html]<\/div><\/div><\/div><\/section><div class=\"vc_row-full-width vc_clearfix\"><\/div>\n","protected":false},"excerpt":{"rendered":"[vc_single_image image=\"23491\" img_size=\"full\" css_animation=\"left-to-right\" css=\".vc_custom_1748549373530{padding-right: 35px !important;}\"]Barra do Pira\u00ed [vc_separator color=\"white\" align=\"align_left\" el_class=\"separator-line-horrizontal-medium-light3\"]Barra do Pira\u00ed ou a \u201cP\u00e9rola do Vale\u201d \u00e9 um importante munic\u00edpio da regi\u00e3o tur\u00edstica do Vale do Caf\u00e9. Emancipado em 10 de mar\u00e7o de 1890, Badopi como \u00e9 chamado carinhosamente est\u00e1 120 km distante da capital fluminense. Em seus distritos, distribuem-se, de acordo com o Censo Demogr\u00e1fico do Instituto Brasileiro de Geografia... [ + ] [vc_raw_html]JTVCaW5jbHVkZW1lJTIwZmlsZSUzRCUyMiUyRm1hcGFzJTJGdmFsZS1jYWZlJTJGc3ZnLW1hcGEtcmotdmFsZS1jYWZlLWJhcnJhLWRvLXBpcmFpLmh0bWwlMjIlNUQ=[\/vc_raw_html]Fazenda Allian\u00e7aPropriedade Evelyn e R\u00f4muloPropriedade Rosangela e JeanPropriedade V\u00e2nia e Eduardo[vc_raw_html]JTNDZGl2JTIwc3R5bGUlM0QlMjItd2Via2l0LWNvbHVtbnMlM0ElMjAzJTIwMzAwcHglM0ItbW96LWNvbHVtbnMlM0ElMjAzJTIwMzAwcHglM0IlMjAlMjBjb2x1bW5zJTNBJTIwMyUyMDMwMHB4JTNCJTIwLXdlYmtpdC1jb2x1bW4tZ2FwJTNBJTIwNGVtJTNCJTIwLW1vei1jb2x1bW4tZ2FwJTNBJTIwNGVtJTNCJTIwY29sdW1uLWdhcCUzQSUyMDRlbSUzQiUyMC13ZWJraXQtY29sdW1uLXJ1bGUlM0ElMjAxcHglMjBkb3R0ZWQlMjAlMjMyYzJjMmMlM0IlMjAtbW96LWNvbHVtbi1ydWxlJTNBJTIwMXB4JTIwZG90dGVkJTIwJTIzMmMyYzJjJTNCJTIwY29sdW1uLXJ1bGUlM0ElMjAxcHglMjBkb3R0ZWQlMjAlMjMyYzJjMmMlM0IlMjIlM0UlMEElMEElM0NzcGFuJTIwY2xhc3MlM0QlMjJ0ZXh0LWV4dHJhLWxhcmdlJTIwbWFyZ2luLTI1cHgtYm90dG9tJTIwZGlzcGxheS1pbmxpbmUtYmxvY2slMjBhbHQtZm9udCUyMGhlYWRpbmctc3R5bGUzJTIwcG9mby1idXR0b24tcmVzcG9uc2l2ZS02MmIyM2E3MTVlNDViJTIwJTIwaGVhZGluZy0xJTIyJTIwJTIwc3R5bGUlM0QlMjJjb2xvciUzQSUyMCUyM2ZmZmZmZiUzQiUyMiUzRUJhcnJhJTIwZG8lMjBQaXJhJUMzJUFEJTNDJTJGc3BhbiUzRSUwQSUwQSUzQ2RpdiUyMGNsYXNzJTNEJTIydmNfc2VwYXJhdG9yJTIwd3BiX2NvbnRlbnRfZWxlbWVudCUyMHZjX3NlcGFyYXRvcl9hbGlnbl9jZW50ZXIlMjB2Y19zZXBfd2lkdGhfMTAwJTIwdmNfc2VwX3Bvc19hbGlnbl9sZWZ0JTIwdmNfc2VwYXJhdG9yX25vX3RleHQlMjB2Y19jdXN0b21fMTYzMzU1Mjk0MDUwOCUyMCUyMHZjX2N1c3RvbV8xNjMzNTUyOTQwNTA4JTIwc2VwYXJhdG9yLWxpbmUtaG9ycml6b250YWwtbWVkaXVtLWxpZ2h0MyUyMiUyMCUzRSUzQ3NwYW4lMjBjbGFzcyUzRCUyMnZjX3NlcF9ob2xkZXIlMjB2Y19zZXBfaG9sZGVyX2wlMjIlM0UlM0NzcGFuJTIwJTIwc3R5bGUlM0QlMjJib3JkZXItY29sb3IlM0ElMjNhMzJmMmYlM0IlMjIlMjBjbGFzcyUzRCUyMnZjX3NlcF9saW5lJTIyJTNFJTNDJTJGc3BhbiUzRSUzQyUyRnNwYW4lM0UlM0NzcGFuJTIwY2xhc3MlM0QlMjJ2Y19zZXBfaG9sZGVyJTIwdmNfc2VwX2hvbGRlcl9yJTIyJTNFJTNDc3BhbiUyMCUyMHN0eWxlJTNEJTIyYm9yZGVyLWNvbG9yJTNBJTIzYTMyZjJmJTNCJTIyJTIwY2xhc3MlM0QlMjJ2Y19zZXBfbGluZSUyMiUzRSUzQyUyRnNwYW4lM0UlM0MlMkZzcGFuJTNFJTBBJTNDJTJGZGl2JTNFJTBBJTBBJTNDcCUyMGNsYXNzJTNEJTIybWFyZ2luLTI1cHgtdG9wJTIyJTNFQmFycmElMjBkbyUyMFBpcmElQzMlQUQlMjBvdSUyMGElMjAlRTIlODAlOUNQJUMzJUE5cm9sYSUyMGRvJTIwVmFsZSVFMiU4MCU5RCUyMCVDMyVBOSUyMHVtJTIwaW1wb3J0YW50ZSUyMG11bmljJUMzJUFEcGlvJTIwZGElMjByZWdpJUMzJUEzbyUyMHR1ciVDMyVBRHN0aWNhJTIwZG8lMjBWYWxlJTIwZG8lMjBDYWYlQzMlQTkuJTIwRW1hbmNpcGFkbyUyMGVtJTIwMTAlMjBkZSUyMG1hciVDMyVBN28lMjBkZSUyMDE4OTAlMkMlMjBCYWRvcGklMjBjb21vJTIwJUMzJUE5JTIwY2hhbWFkbyUyMGNhcmluaG9zYW1lbnRlJTIwZXN0JUMzJUExJTIwMTIwJTIwa20lMjBkaXN0YW50ZSUyMGRhJTIwY2FwaXRhbCUyMGZsdW1pbmVuc2UuJTIwRW0lMjBzZXVzJTIwZGlzdHJpdG9zJTJDJTIwZGlzdHJpYnVlbS1zZSUyQyUyMGRlJTIwYWNvcmRvJTIwY29tJTIwbyUyMENlbnNvJTIwRGVtb2dyJUMzJUExZmljbyUyMGRvJTIwSW5zdGl0dXRvJTIwQnJhc2lsZWlybyUyMGRlJTIwR2VvZ3JhZmlhJTIwRXN0YXQlQzMlQURzdGljYSUyMCVFMiU4MCU5MyUyMElCR0UlMjAlMjgyMDIyJTI5JTJDJTIwOTIuODgzJTIwaGFiaXRhbnRlcyUyQyUyMGRpc3RyaWJ1JUMzJUFEZG8lMjBwb3IlMjA1ODQlMkM2MTBrbSVDMiVCMi4lMjBFbSUyMHJlbGElQzMlQTclQzMlQTNvJTIwYSUyMHJlbXVuZXJhJUMzJUE3JUMzJUEzbyUyQyUyMGVtJTIwMjAxOCUyQyUyMG8lMjBzYWwlQzMlQTFyaW8lMjBtJUMzJUE5ZGlvJTIwbWVuc2FsJTIwbXVuaWNpcGFsJTIwZXJhJTIwZGUlMjAxLjklMjBzYWwlQzMlQTFyaW9zLW0lQzMlQURuaW1vcyUyMGUlMjBvJTIwUHJvZHV0byUyMEludGVybm8lMjBCcnV0byUyMC0lMjBQSUIlMjBwZXIlMjBjYXBpdGElMjBkZSUyMFIlMjQlMjAyMC42MDIlMkMyNC4lMjBPJTIwbXVuaWMlQzMlQURwaW8lMjBwb3NzdWklMjBUYXhhJTIwZGUlMjBFc2NvbGFyaXphJUMzJUE3JUMzJUEzbyUyMGRlJTIwNiUyMGElMjAxNCUyMGFub3MlMjBkZSUyMGlkYWRlJTIwZGUlMjA5OCUyQzclMjUlMjAlMjhkZSUyMGFjb3JkbyUyMGNvbSUyMGRhZG9zJTIwZG8lMjBjZW5zbyUyMGRlJTIwMjAxMCUyOS4lM0MlMkZwJTNFJTBBJTBBJTNDcCUzRU8lMjBtdW5pYyVDMyVBRHBpbyUyMHBvc3N1aSUyMGdyYW5kZSUyMHJpcXVlemElMjBoaXN0JUMzJUIzcmljYSUyMGV4cHJlc3NhJTIwbmElMjBtYXRlcmlhbGlkYWRlJTIwZSUyMGltYXRlcmlhbGlkYWRlLiUyMFMlQzMlQTNvJTIwcHIlQzMlQTlkaW9zJTIwaGlzdCVDMyVCM3JpY29zJTIwbmElMjAlQzMlQTFyZWElMjB1cmJhbmElMjBkb3MlMjBkaXN0cml0b3MlMkMlMjBmYXplbmRhcyUyMGRvJTIwY2ljbG8lMjBkbyUyMGNhZiVDMyVBOSUyQyUyMGFzJTIwcHIlQzMlQTF0aWNhcyUyMGN1bHR1cmFpcyUyMGRhcyUyMGZvbGlhcyUyMGRlJTIwcmVpcyUyQyUyMGRvJTIwam9uZ28lMjBlJTIwbWFuaWZlc3RhJUMzJUE3JUMzJUI1ZXMlMjByZWxpZ2lvc2FzLiUyMEFsJUMzJUE5bSUyMGRpc3NvJTJDJTIwQmFycmElMjBkbyUyMFBpcmElQzMlQUQlMjB2ZW0lMjBzZSUyMGRlc3RhY2FuZG8lMjBlbSUyMGElQzMlQTclQzMlQjVlcyUyMGRlJTIwZXN0JUMzJUFEbXVsbyUyMGFvJTIwdHVyaXNtbyUyMGVtJTIwc2V1cyUyMHYlQzMlQTFyaW9zJTIwcmFtb3MlMkMlMjBjb21vJTIwcG9yJTIwZXhlbXBsbyUyQyUyMG8lMjB0dXJpc21vJTIwZGUlMjBtYXNzYSUyMG5vJTIwZGlzdHJpdG8lMjBkZSUyMElwaWFiYXMlMkMlMjBvJTIwZGUlMjBsYXplciUyMGUlMjBydXJhbCUyMGVtJTIwRG9yJUMzJUEybmRpYSUyMGUlMjBvJTIwaGlzdCVDMyVCM3JpY28lMjBlbSUyMHRvZG8lMjBtdW5pYyVDMyVBRHBpby4lMjBObyUyMHF1ZSUyMHNlJTIwcmVmZXJlJTIwYW8lMjB0dXJpc21vJTIwcnVyYWwlMkMlMjBvJTIwbXVuaWMlQzMlQURwaW8lMjBjb250YSUyMGNvbSUyMGluaWNpYXRpdmElMjBxdWUlMjBwb3NzdWVtJTIwbyUyMHBvdGVuY2lhbCUyMGRlJTIwb2ZlcnRhJTIwZGVzc2UlMjBzZXJ2aSVDMyVBN28lMkMlMjBlc3BlY2lhbG1lbnRlJTIwZW0lMjBwciVDMyVBMXRpY2FzJTIwdm9sdGFkYXMlMjBwYXJhJTIwYSUyMGFncmljdWx0dXJhJTIwZmFtaWxpYXIlMjBvcmclQzMlQTJuaWNhJTIwZSUyRm91JTIwYWdyb2Vjb2wlQzMlQjNnaWNhLiUyMEluY2x1c2l2ZSUyQyUyMHBhcnRlJTIwZGElMjBtZXJlbmRhJTIwZG8lMjBtdW5pYyVDMyVBRHBpbyUyMCVDMyVBOSUyMGZvcm5lY2lkYSUyMHBlbGElMjBhZ3JpY3VsdHVyYSUyMGZhbWlsaWFyJTIwYXRyYXYlQzMlQTlzJTIwZG8lMjBQcm9ncmFtYSUyME5hY2lvbmFsJTIwZGUlMjBBbGltZW50YSVDMyVBNyVDMyVBM28lMjBFc2NvbGFyJTIwJUUyJTgwJTkzJTIwUE5BRS4lM0MlMkZwJTNFJTBBJTBBJTNDcCUzRUFzc2ltJTJDJTIwQmFycmElMjBkbyUyMFBpcmElQzMlQUQlMjAlQzMlQTklMjB1bSUyMGV4ZW1wbG8lMjBkZSUyMGNvbW8lMjBlbGVtZW50b3MlMjBkbyUyMHBhc3NhZG8lMjBlJTIwZG8lMjBwcmVzZW50ZSUyMGNvbXAlQzMlQjVlbSUyMGElMjBwYWlzYWdlbSUyMGUlMjBlbGV2YW0lMjBvJTIwbXVuaWMlQzMlQURwaW8lMjBhJTIwY29uZGklQzMlQTclQzMlQTNvJTIwZGUlMjBwb3NzdWlkb3IlMjBkZSUyMGF0cmF0aXZvcyUyMGRlc3Rpbm9zJTIwZGUlMjB0dXJpc21vJTJDJTIwZXNwZWNpYWwlMjBvJTIwcnVyYWwlMjBleHByZXNzbyUyMGVtJTIwcG91c2FkYXMlMkMlMjBob3QlQzMlQTlpcy1mYXplbmRhJTIwZSUyMHJlc3RhdXJhbnRlcyUyMHF1ZSUyMHZhbG9yaXphbSUyMGElMjBjdWxpbiVDMyVBMXJpYSUyMGxvY2FsJTJDJTIwZGVzdGFjYW5kby1zZSUyMHBlbGElMjBob3NwaXRhbGlkYWRlJTIwZSUyMHBlbGElMjBpbnRlZ3JhJUMzJUE3JUMzJUEzbyUyMGNvbSUyMG8lMjBhbWJpZW50ZSUyMG5hdHVyYWwuJTNDJTJGcCUzRSUwQSUzQyUyRmRpdiUzRQ==[\/vc_raw_html]","protected":false},"author":1,"featured_media":0,"parent":22929,"menu_order":0,"comment_status":"closed","ping_status":"closed","template":"","meta":{"inline_featured_image":false,"footnotes":""},"class_list":["post-23393","page","type-page","status-publish","hentry"],"_links":{"self":[{"href":"https:\/\/oruralcomopaisagem.com.br\/atlas\/wp-json\/wp\/v2\/pages\/23393"}],"collection":[{"href":"https:\/\/oruralcomopaisagem.com.br\/atlas\/wp-json\/wp\/v2\/pages"}],"about":[{"href":"https:\/\/oruralcomopaisagem.com.br\/atlas\/wp-json\/wp\/v2\/types\/page"}],"author":[{"embeddable":true,"href":"https:\/\/oruralcomopaisagem.com.br\/atlas\/wp-json\/wp\/v2\/users\/1"}],"replies":[{"embeddable":true,"href":"https:\/\/oruralcomopaisagem.com.br\/atlas\/wp-json\/wp\/v2\/comments?post=23393"}],"version-history":[{"count":7,"href":"https:\/\/oruralcomopaisagem.com.br\/atlas\/wp-json\/wp\/v2\/pages\/23393\/revisions"}],"predecessor-version":[{"id":23997,"href":"https:\/\/oruralcomopaisagem.com.br\/atlas\/wp-json\/wp\/v2\/pages\/23393\/revisions\/23997"}],"up":[{"embeddable":true,"href":"https:\/\/oruralcomopaisagem.com.br\/atlas\/wp-json\/wp\/v2\/pages\/22929"}],"wp:attachment":[{"href":"https:\/\/oruralcomopaisagem.com.br\/atlas\/wp-json\/wp\/v2\/media?parent=23393"}],"curies":[{"name":"wp","href":"https:\/\/api.w.org\/{rel}","templated":true}]}}