{"id":23395,"date":"2025-05-14T16:08:24","date_gmt":"2025-05-14T19:08:24","guid":{"rendered":"https:\/\/oruralcomopaisagem.com.br\/atlas\/?page_id=23395"},"modified":"2025-06-06T15:02:33","modified_gmt":"2025-06-06T18:02:33","slug":"valenca","status":"publish","type":"page","link":"https:\/\/oruralcomopaisagem.com.br\/atlas\/vale-do-cafe\/valenca\/","title":{"rendered":"Valen\u00e7a"},"content":{"rendered":"<section id=\"about\" data-vc-full-width=\"true\" data-vc-full-width-init=\"false\" class=\"vc_row wpb_row vc_row-fluid  vc_custom_1651890656987 wow fadeIn vc_row-has-fill pofo-stretch-content pofo-stretch-row-container pofo-row-responsive-69d97a55cafa5\"><div class=\"wpb_column vc_column_container vc_col-sm-4 vc_col-xs-12 pofo-column-responsive-69d97a55caff7\"><div class=\"vc_column-inner \"><div class=\"wpb_wrapper\">[vc_single_image image=&#8221;23508&#8243; img_size=&#8221;full&#8221; css_animation=&#8221;left-to-right&#8221; css=&#8221;.vc_custom_1748550511323{padding-right: 35px !important;}&#8221;]<\/div><\/div><\/div><div class=\"wpb_column vc_column_container vc_col-sm-8  col-xs-mobile-fullwidth\"><div class=\"vc_column-inner \"><div class=\"wpb_wrapper\"><div class=\" vc_custom_1747252805899 last-paragraph-no-margin\" style=\"color: #ffffff;\"><p><span class=\"alt-font text-large width-100 line-height-40 display-table-cell vertical-align-middle\" style=\"font-size: 33px;\">Valen\u00e7a<\/span><\/p>\n<\/div>[vc_separator color=&#8221;white&#8221; align=&#8221;align_left&#8221; el_class=&#8221;separator-line-horrizontal-medium-light3&#8243;]<div class=\" vc_custom_1747252831449 last-paragraph-no-margin\" style=\"color: #ffffff;\"><p><a class=\"section-link text-white text-black-hover\" href=\"#texto\">Valen\u00e7a ou \u201cPrincesinha da Serra\u201d como tamb\u00e9m \u00e9 conhecida, \u00e9 um munic\u00edpio localizado na regi\u00e3o de governo do M\u00e9dio Para\u00edba fluminense. Sua extens\u00e3o territorial de 1 312,000 km\u00b2 lhe confere a segunda posi\u00e7\u00e3o na classifica\u00e7\u00e3o dos munic\u00edpios fluminenses por extens\u00e3o, com altitude m\u00e9dia de 560 metros e dist\u00e2ncia de aproximadamente&#8230; [ + ]<\/a><\/p>\n<\/div><\/div><\/div><\/div><\/section><div class=\"vc_row-full-width vc_clearfix\"><\/div><section data-vc-full-width=\"true\" data-vc-full-width-init=\"false\" class=\"vc_row wpb_row vc_row-fluid  vc_custom_1651890667031 wow fadeIn vc_row-has-fill pofo-stretch-content pofo-stretch-row-container pofo-row-responsive-69d97a55cb0b2\"><div class=\"wpb_column vc_column_container vc_col-sm-12  col-xs-mobile-fullwidth\"><div class=\"vc_column-inner vc_custom_1636927375865\"><div class=\"wpb_wrapper\">[vc_raw_html]JTVCaW5jbHVkZW1lJTIwZmlsZSUzRCUyMiUyRm1hcGFzJTJGdmFsZS1jYWZlJTJGc3ZnLW1hcGEtcmotdmFsZS1jYWZlLXZhbGVuY2EuaHRtbCUyMiU1RA==[\/vc_raw_html]<\/div><\/div><\/div><\/section><div class=\"vc_row-full-width vc_clearfix\"><\/div><section data-vc-full-width=\"true\" data-vc-full-width-init=\"false\" class=\"vc_row wpb_row vc_row-fluid  vc_custom_1636927135699 wow fadeIn pofo-stretch-content pofo-stretch-row-container pofo-row-responsive-69d97a55cb0fb\"><div class=\"wpb_column vc_column_container vc_col-sm-12  col-xs-mobile-fullwidth\"><div class=\"vc_column-inner \"><div class=\"wpb_wrapper\"><div class=\"tab-style2\"><div class=\"row\"><div class=\"col-md-12 col-sm-12\"><ul class=\"nav nav-tabs alt-font text-small display-inherit font-weight-600 text-left text-uppercase\"><li  class=\"active\"><a href=\"#pofotabitem-21697208438-1-10-0\" data-toggle=\"tab\" class=\"\"><span>Fazenda Floren\u00e7a<\/span><\/a><\/li><li ><a href=\"#pofotabitem-21697208438-2-25-1\" data-toggle=\"tab\" class=\"\"><span>Quilombo S\u00e3o Jos\u00e9 da Serra<\/span><\/a><\/li><li ><a href=\"#pofotabitem-21749232896315-2-4-2\" data-toggle=\"tab\" class=\"\"><span>Fazenda Boa Esperan\u00e7a<\/span><\/a><\/li><li ><a href=\"#pofotabitem-21749232897940-3-9-3\" data-toggle=\"tab\" class=\"\"><span>S\u00edtio Vista Alegre<\/span><\/a><\/li><\/ul><div class=\"tab-content position-relative overflow-hidden\"><div class=\"tab-pane fade in active\" id=\"pofotabitem-21697208438-1-10-0\"><ul  class=\"portfolio-grid hover-option10 metro-gallery lightbox-portfolio work-3col gutter-medium\"><li class=\"grid-sizer\"><\/li><li class=\"grid-item\"><figure><div class=\"portfolio-img pofo-portfolio-page-background bg-black\"><img loading=\"lazy\" decoding=\"async\" src=\"https:\/\/oruralcomopaisagem.com.br\/atlas\/wp-content\/uploads\/2017\/08\/800x1600-ph.jpg\"  alt=\"\" width=\"800\" height=\"1600\" sizes=\"(max-width: 800px) 100vw, 800px\" class=\"project-img-gallery\" data-no-retina=\"\" \/><\/div><figcaption><div class=\"portfolio-hover-main text-center\"><div class=\"portfolio-hover-box vertical-align-middle\"><div class=\"portfolio-icon\"><a href=\"https:\/\/oruralcomopaisagem.com.br\/atlas\/wp-content\/uploads\/2017\/08\/800x1600-ph.jpg\" class=\"gallery-link\" data-group=\"pofo-lightbox-1\"  title=\"pofo 800&#215;1600-ph\"><i class=\"ti-zoom-in text-white fa-2x\" aria-hidden=\"true\"><\/i><\/a><\/div><\/div><\/div><\/figcaption><figure><\/li><\/ul><\/div><div class=\"tab-pane fade\" id=\"pofotabitem-21697208438-2-25-1\"><ul  class=\"portfolio-grid hover-option10 metro-gallery lightbox-portfolio work-3col gutter-medium\"><li class=\"grid-sizer\"><\/li><li class=\"grid-item\"><figure><div class=\"portfolio-img pofo-portfolio-page-background bg-black\"><img loading=\"lazy\" decoding=\"async\" src=\"https:\/\/oruralcomopaisagem.com.br\/atlas\/wp-content\/uploads\/2017\/08\/850x1000-ph.jpg\"  alt=\"\" width=\"850\" height=\"1000\" sizes=\"(max-width: 850px) 100vw, 850px\" class=\"project-img-gallery\" data-no-retina=\"\" \/><\/div><figcaption><div class=\"portfolio-hover-main text-center\"><div class=\"portfolio-hover-box vertical-align-middle\"><div class=\"portfolio-icon\"><a href=\"https:\/\/oruralcomopaisagem.com.br\/atlas\/wp-content\/uploads\/2017\/08\/850x1000-ph.jpg\" class=\"gallery-link\" data-group=\"pofo-lightbox-2\"  title=\"pofo 850&#215;1000-ph\"><i class=\"ti-zoom-in text-white fa-2x\" aria-hidden=\"true\"><\/i><\/a><\/div><\/div><\/div><\/figcaption><figure><\/li><\/ul><\/div><div class=\"tab-pane fade\" id=\"pofotabitem-21749232896315-2-4-2\"><ul  class=\"portfolio-grid hover-option10 metro-gallery lightbox-portfolio work-3col gutter-medium\"><li class=\"grid-sizer\"><\/li><li class=\"grid-item\"><figure><div class=\"portfolio-img pofo-portfolio-page-background bg-black\"><img loading=\"lazy\" decoding=\"async\" src=\"https:\/\/oruralcomopaisagem.com.br\/atlas\/wp-content\/uploads\/2017\/08\/850x1000-ph.jpg\"  alt=\"\" width=\"850\" height=\"1000\" sizes=\"(max-width: 850px) 100vw, 850px\" class=\"project-img-gallery\" data-no-retina=\"\" \/><\/div><figcaption><div class=\"portfolio-hover-main text-center\"><div class=\"portfolio-hover-box vertical-align-middle\"><div class=\"portfolio-icon\"><a href=\"https:\/\/oruralcomopaisagem.com.br\/atlas\/wp-content\/uploads\/2017\/08\/850x1000-ph.jpg\" class=\"gallery-link\" data-group=\"pofo-lightbox-3\"  title=\"pofo 850&#215;1000-ph\"><i class=\"ti-zoom-in text-white fa-2x\" aria-hidden=\"true\"><\/i><\/a><\/div><\/div><\/div><\/figcaption><figure><\/li><\/ul><\/div><div class=\"tab-pane fade\" id=\"pofotabitem-21749232897940-3-9-3\"><ul  class=\"portfolio-grid hover-option10 metro-gallery lightbox-portfolio work-3col gutter-medium\"><li class=\"grid-sizer\"><\/li><li class=\"grid-item\"><figure><div class=\"portfolio-img pofo-portfolio-page-background bg-black\"><img loading=\"lazy\" decoding=\"async\" src=\"https:\/\/oruralcomopaisagem.com.br\/atlas\/wp-content\/uploads\/2017\/08\/850x1000-ph.jpg\"  alt=\"\" width=\"850\" height=\"1000\" sizes=\"(max-width: 850px) 100vw, 850px\" class=\"project-img-gallery\" data-no-retina=\"\" \/><\/div><figcaption><div class=\"portfolio-hover-main text-center\"><div class=\"portfolio-hover-box vertical-align-middle\"><div class=\"portfolio-icon\"><a href=\"https:\/\/oruralcomopaisagem.com.br\/atlas\/wp-content\/uploads\/2017\/08\/850x1000-ph.jpg\" class=\"gallery-link\" data-group=\"pofo-lightbox-4\"  title=\"pofo 850&#215;1000-ph\"><i class=\"ti-zoom-in text-white fa-2x\" aria-hidden=\"true\"><\/i><\/a><\/div><\/div><\/div><\/figcaption><figure><\/li><\/ul><\/div><\/div><\/div><\/div><\/div><\/div><\/div><\/div><\/section><div class=\"vc_row-full-width vc_clearfix\"><\/div><section id=\"texto\" data-vc-full-width=\"true\" data-vc-full-width-init=\"false\" class=\"vc_row wpb_row vc_row-fluid  vc_custom_1697208513334 vc_row-has-fill pofo-stretch-content pofo-stretch-row-container vc_row-o-content-middle vc_row-flex pofo-row-responsive-69d97a55cba52\"><div class=\"wpb_column vc_column_container vc_col-sm-12  col-xs-mobile-fullwidth wow fadeInUp pofo-column-responsive-69d97a55cba97\"><div class=\"vc_column-inner \"><div class=\"wpb_wrapper\">[vc_raw_html]JTNDZGl2JTIwc3R5bGUlM0QlMjItd2Via2l0LWNvbHVtbnMlM0ElMjAzJTIwMzAwcHglM0ItbW96LWNvbHVtbnMlM0ElMjAzJTIwMzAwcHglM0IlMjAlMjBjb2x1bW5zJTNBJTIwMyUyMDMwMHB4JTNCJTIwLXdlYmtpdC1jb2x1bW4tZ2FwJTNBJTIwNGVtJTNCJTIwLW1vei1jb2x1bW4tZ2FwJTNBJTIwNGVtJTNCJTIwY29sdW1uLWdhcCUzQSUyMDRlbSUzQiUyMC13ZWJraXQtY29sdW1uLXJ1bGUlM0ElMjAxcHglMjBkb3R0ZWQlMjAlMjMyYzJjMmMlM0IlMjAtbW96LWNvbHVtbi1ydWxlJTNBJTIwMXB4JTIwZG90dGVkJTIwJTIzMmMyYzJjJTNCJTIwY29sdW1uLXJ1bGUlM0ElMjAxcHglMjBkb3R0ZWQlMjAlMjMyYzJjMmMlM0IlMjIlM0UlMEElMEElM0NzcGFuJTIwY2xhc3MlM0QlMjJ0ZXh0LWV4dHJhLWxhcmdlJTIwbWFyZ2luLTI1cHgtYm90dG9tJTIwZGlzcGxheS1pbmxpbmUtYmxvY2slMjBhbHQtZm9udCUyMGhlYWRpbmctc3R5bGUzJTIwcG9mby1idXR0b24tcmVzcG9uc2l2ZS02MmIyM2E3MTVlNDViJTIwJTIwaGVhZGluZy0xJTIyJTIwJTIwc3R5bGUlM0QlMjJjb2xvciUzQSUyMCUyM2ZmZmZmZiUzQiUyMiUzRVZhbGVuJUMzJUE3YSUzQyUyRnNwYW4lM0UlMEElMEElM0NkaXYlMjBjbGFzcyUzRCUyMnZjX3NlcGFyYXRvciUyMHdwYl9jb250ZW50X2VsZW1lbnQlMjB2Y19zZXBhcmF0b3JfYWxpZ25fY2VudGVyJTIwdmNfc2VwX3dpZHRoXzEwMCUyMHZjX3NlcF9wb3NfYWxpZ25fbGVmdCUyMHZjX3NlcGFyYXRvcl9ub190ZXh0JTIwdmNfY3VzdG9tXzE2MzM1NTI5NDA1MDglMjAlMjB2Y19jdXN0b21fMTYzMzU1Mjk0MDUwOCUyMHNlcGFyYXRvci1saW5lLWhvcnJpem9udGFsLW1lZGl1bS1saWdodDMlMjIlMjAlM0UlM0NzcGFuJTIwY2xhc3MlM0QlMjJ2Y19zZXBfaG9sZGVyJTIwdmNfc2VwX2hvbGRlcl9sJTIyJTNFJTNDc3BhbiUyMCUyMHN0eWxlJTNEJTIyYm9yZGVyLWNvbG9yJTNBJTIzYTMyZjJmJTNCJTIyJTIwY2xhc3MlM0QlMjJ2Y19zZXBfbGluZSUyMiUzRSUzQyUyRnNwYW4lM0UlM0MlMkZzcGFuJTNFJTNDc3BhbiUyMGNsYXNzJTNEJTIydmNfc2VwX2hvbGRlciUyMHZjX3NlcF9ob2xkZXJfciUyMiUzRSUzQ3NwYW4lMjAlMjBzdHlsZSUzRCUyMmJvcmRlci1jb2xvciUzQSUyM2EzMmYyZiUzQiUyMiUyMGNsYXNzJTNEJTIydmNfc2VwX2xpbmUlMjIlM0UlM0MlMkZzcGFuJTNFJTNDJTJGc3BhbiUzRSUwQSUzQyUyRmRpdiUzRSUwQSUwQSUzQ3AlMjBjbGFzcyUzRCUyMm1hcmdpbi0yNXB4LXRvcCUyMiUzRVZhbGVuJUMzJUE3YSUyMG91JTIwJUUyJTgwJTlDUHJpbmNlc2luaGElMjBkYSUyMFNlcnJhJUUyJTgwJTlEJTIwY29tbyUyMHRhbWIlQzMlQTltJTIwJUMzJUE5JTIwY29uaGVjaWRhJTJDJTIwJUMzJUE5JTIwdW0lMjBtdW5pYyVDMyVBRHBpbyUyMGxvY2FsaXphZG8lMjBuYSUyMHJlZ2klQzMlQTNvJTIwZGUlMjBnb3Zlcm5vJTIwZG8lMjBNJUMzJUE5ZGlvJTIwUGFyYSVDMyVBRGJhJTIwZmx1bWluZW5zZS4lMjBTdWElMjBleHRlbnMlQzMlQTNvJTIwdGVycml0b3JpYWwlMjBkZSUyMDElMjAzMTIlMkMwMDAlMjBrbSVDMiVCMiUyMGxoZSUyMGNvbmZlcmUlMjBhJTIwc2VndW5kYSUyMHBvc2klQzMlQTclQzMlQTNvJTIwbmElMjBjbGFzc2lmaWNhJUMzJUE3JUMzJUEzbyUyMGRvcyUyMG11bmljJUMzJUFEcGlvcyUyMGZsdW1pbmVuc2VzJTIwcG9yJTIwZXh0ZW5zJUMzJUEzbyUyQyUyMGNvbSUyMGFsdGl0dWRlJTIwbSVDMyVBOWRpYSUyMGRlJTIwNTYwJTIwbWV0cm9zJTIwZSUyMGRpc3QlQzMlQTJuY2lhJTIwZGUlMjBhcHJveGltYWRhbWVudGUlMjAxNjBrbSUyMGRhJTIwY2FwaXRhbC4lMjBEb3MlMjB0ZW1wb3MlMjBkbyUyMGNhZiVDMyVBOSUyMGF0JUMzJUE5JTIwYSUyMGF0dWFsaWRhZGUlMjBvJTIwbXVuaWMlQzMlQURwaW8lMjBhc3N1bWUlMjBpbXBvcnRhbnRlJTIwZGVzdGFxdWUlMjBubyUyMGNvbnRleHRvJTIwcmVnaW9uYWwlMjBlJTIwZXN0YWR1YWwuJTNDJTJGcCUzRSUwQSUwQSUzQ3AlM0VWYWxlbiVDMyVBN2ElMjBwZXJ0ZW5jZSUyMCVDMyVBMCUyMFJlZ2klQzMlQTNvJTIwZG8lMjBNJUMzJUE5ZGlvJTIwUGFyYSVDMyVBRGJhJTJDJTIwcXVlJTIwdGFtYiVDMyVBOW0lMjBhYnJhbmdlJTIwb3MlMjBtdW5pYyVDMyVBRHBpb3MlMjBkZSUyMEJhcnJhJTIwZG8lMjBQaXJhJUMzJUFEJTJDJTIwQmFycmElMjBNYW5zYSUyQyUyMEl0YXRpYWlhJTJDJTIwUGluaGVpcmFsJTJDJTIwUGlyYSVDMyVBRCUyQyUyMFBvcnRvJTIwUmVhbCUyQyUyMFF1YXRpcyUyQyUyMFJlc2VuZGUlMkMlMjBSaW8lMjBDbGFybyUyQyUyMFJpbyUyMGRhcyUyMEZsb3JlcyUyMGUlMjBWb2x0YSUyMFJlZG9uZGEuJTIwU2V1cyUyMHZpemluaG9zJTIwbGltJUMzJUFEdHJvZmVzJTIwbm8lMjBlc3RhZG8lMjBkbyUyMFJpbyUyMGRlJTIwSmFuZWlybyUyMHMlQzMlQTNvJTIwUXVhdGlzJTJDJTIwQmFycmElMjBNYW5zYSUyQyUyMEJhcnJhJTIwZG8lMjBQaXJhJUMzJUFEJTJDJTIwVmFzc291cmFzJTIwZSUyMFJpbyUyMGRhcyUyMEZsb3Jlcy4lMjBUZW5kbyUyMHRhbWIlQzMlQTltJTIwb3V0cm9zJTIwNCUyMG11bmljJUMzJUFEcGlvcyUyMGxpbSVDMyVBRHRyb2ZlcyUyMG5vJTIwRXN0YWRvJTIwZGUlMjBNaW5hcyUyMEdlcmFpcyUzQSUyMFBhc3NhJTIwVmludGUlMkMlMjBTYW50YSUyMFJpdGElMjBkZSUyMEphY3V0aW5nYSUyQyUyMFJpbyUyMFByZXRvJTJDJTIwU2FudGElMjBCJUMzJUExcmJhcmElMjBkbyUyME1vbnRlJTIwVmVyZGUuJTIwQSUyMHBhaXNhZ2VtJTIwcXVlJTIwY2lyY3VuZGElMjBvJTIwbXVuaWMlQzMlQURwaW8lMjAlQzMlQTklMjBjb21wb3N0YSUyMHBvciUyMGNvbGluYXMlMjBxdWUlMjBubyUyMHBhc3NhZG8lMjB0aXZlcmFtJTIwc3VhJTIwY29iZXJ0dXJhJTIwZGUlMjBtYXRhJTIwYXRsJUMzJUEybnRpY2ElMjBkZXZhc3RhZGElMjBwYXJhJTIwbyUyMGN1bHRpdm8lMjBkZSUyMGNhZiVDMyVBOS4lMjBMb2NhbGl6YWRhJTIwZW50cmUlMjBkaXZpc29yZXMlMjBkZSUyMCVDMyVBMWd1YSUyMGRvJTIwcmlvJTIwUGFyYSVDMyVBRGJhJTIwZG8lMjBTdWwlMjBlJTIwbyUyMHJpbyUyMFByZXRvJTJDJTIwVmFsZW4lQzMlQTdhJTIwdGFtYiVDMyVBOW0lMjBjb250YSUyMGNvbSUyMGltcG9ydGFudGVzJTIwZm9udGUlMjBkZSUyMCVDMyVBMWd1YSUyMGNvbW8lMjBvJTIwcmlvJTIwQm9uaXRvJTJDJTIwbyUyMHJpbyUyMGRhJTIwRmxvcmVzJTIwZSUyMG8lMjBhJUMzJUE3dWRlJTIwZGElMjBDb25jJUMzJUIzcmRpYS4lM0MlMkZwJTNFJTBBJTBBJTNDcCUzRUElMjBwb3B1bGElQzMlQTclQzMlQTNvJTIwZGUlMjA2OC4wODglMjBwZXNzb2FzJTIwZGlzdHJpYnVpLXNlJTIwcGVsYSUyMHNlZGUlMjAtJTIwVmFsZW4lQzMlQTdhJTJDJTIwQmFyJUMzJUEzbyUyMGRlJTIwSnVwYXJhbiVDMyVBMyUyQyUyMENvbnNlcnZhdCVDMyVCM3JpYSUyQyUyMFBlbnRhZ25hJTJDJTIwU2FudGElMjBJc2FiZWwlMjBkbyUyMFJpbyUyMFByZXRvJTIwZSUyMFBhcmFwZSVDMyVCQW5hLiUyMEElMjByZW5kYSUyMGJydXRhJTIwZG8lMjBtdW5pYyVDMyVBRHBpbyUyMCVDMyVBOSUyMGRlJTIwUiUyNCUyMDMwLjQ5Ni4wNjclMkM2MSUyMGNvbSUyMHByb2R1dG8lMjBpbnRlcm5vJTIwYnJ1dG8lMjBwZXIlMjBjYXBpdGElMjBkZSUyMFIlMjQlMjA0MC40NDclMkMyOS4lMjBWYWxlbiVDMyVBN2ElMjBjb20lMjBzdWFzJTIwaGlzdCVDMyVCM3JpYXMlMkMlMjBzZXJlc3RhcyUyQyUyMHF1ZWlqb3MlMjBlJTIwY2FmJUMzJUE5JTIwcmUlQzMlQkFuZSUyMGluJUMzJUJBbWVyb3MlMjBkZXN0aW5vcyUyMGNvbSUyMHBvdGVuY2lhaXMlMjBhdHJhdGl2b3MlMjBkZSUyMHR1cmlzbW8lMjBydXJhbCUyQyUyMHRhbnRvJTIwbmElMjBzZWRlJTIwcXVhbnRvJTIwbm9zJTIwZGlzdHJpdG9zLiUyMEhpc3RvcmljYW1lbnRlJTIwZ3JhbmRlJTIwcHJvZHV0b3JhJTIwZGUlMjBsZWl0ZSUyMGRlJTIwdmFjYSUyQyUyMFZhbGVuJUMzJUE3YSUyMHJlY2VudGVtZW50ZSUyMGZvaSUyMGNvbnNpZGVyYWRhJTIwJUUyJTgwJTlDQ2lkYWRlJTIwZG8lMjBRdWVpam8lRTIlODAlOUQuJTIwUyVDMyVBM28lMjBwcm9kdXRvcmVzJTIwZGUlMjBjYWYlQzMlQTklMjBnb3VybWV0JTJDJTIwZGVzdGlsYWRvcyUyQyUyMGhvcnRhbGklQzMlQTdhcyUyQyUyMHZlZ2V0YWlzJTIwZSUyMG91dHJvcyUyMGN1bHRpdm9zLiUyMEFsJUMzJUE5bSUyMGRvcyUyMGRlc3Rpbm9zJTIwZGUlMjB0dXJpc21vJTIwcnVyYWwlMkMlMjB0YW1iJUMzJUE5bSUyMGVuY29udHJhbW9zJTIwaW4lQzMlQkFtZXJvcyUyMHByJUMzJUE5ZGlvcyUyQyUyMGZhemVuZGFzJTIwZSUyMGlncmVqYXMlMjBxdWUlMjBzZSUyMGFwcmVzZW50YW0lMjBjb21vJTIwcGF0cmltJUMzJUI0bmlvJTIwY3VsdHVyYWwlMjBpbWF0ZXJpYWwlMjBkbyUyMG11bmljJUMzJUFEcGlvLiUyMEVtJTIwdGVybW9zJTIwaW1hdGVyaWFpcyUyQyUyMGVtJTIwVmFsZW4lQzMlQTdhJTIwcG9zc3VpJTIwdW1hJTIwY29tdW5pZGFkZSUyMHF1aWxvbWJvbGElMkMlMjBmb2xpYXMlMjBkZSUyMHJlaXMlMjBlJTIwZGUlMjBTJUMzJUEzbyUyMFNlYmFzdGklQzMlQTNvJTIwZSUyMHNlcmVzdGFzLiUzQyUyRnAlM0UlMEElM0MlMkZkaXYlM0U=[\/vc_raw_html]<\/div><\/div><\/div><\/section><div class=\"vc_row-full-width vc_clearfix\"><\/div>\n","protected":false},"excerpt":{"rendered":"[vc_single_image image=\"23508\" img_size=\"full\" css_animation=\"left-to-right\" css=\".vc_custom_1748550511323{padding-right: 35px !important;}\"]Valen\u00e7a [vc_separator color=\"white\" align=\"align_left\" el_class=\"separator-line-horrizontal-medium-light3\"]Valen\u00e7a ou \u201cPrincesinha da Serra\u201d como tamb\u00e9m \u00e9 conhecida, \u00e9 um munic\u00edpio localizado na regi\u00e3o de governo do M\u00e9dio Para\u00edba fluminense. Sua extens\u00e3o territorial de 1 312,000 km\u00b2 lhe confere a segunda posi\u00e7\u00e3o na classifica\u00e7\u00e3o dos munic\u00edpios fluminenses por extens\u00e3o, com altitude m\u00e9dia de 560 metros e dist\u00e2ncia de aproximadamente... [ + ] [vc_raw_html]JTVCaW5jbHVkZW1lJTIwZmlsZSUzRCUyMiUyRm1hcGFzJTJGdmFsZS1jYWZlJTJGc3ZnLW1hcGEtcmotdmFsZS1jYWZlLXZhbGVuY2EuaHRtbCUyMiU1RA==[\/vc_raw_html]Fazenda Floren\u00e7aQuilombo S\u00e3o Jos\u00e9 da SerraFazenda Boa Esperan\u00e7aS\u00edtio Vista Alegre[vc_raw_html]JTNDZGl2JTIwc3R5bGUlM0QlMjItd2Via2l0LWNvbHVtbnMlM0ElMjAzJTIwMzAwcHglM0ItbW96LWNvbHVtbnMlM0ElMjAzJTIwMzAwcHglM0IlMjAlMjBjb2x1bW5zJTNBJTIwMyUyMDMwMHB4JTNCJTIwLXdlYmtpdC1jb2x1bW4tZ2FwJTNBJTIwNGVtJTNCJTIwLW1vei1jb2x1bW4tZ2FwJTNBJTIwNGVtJTNCJTIwY29sdW1uLWdhcCUzQSUyMDRlbSUzQiUyMC13ZWJraXQtY29sdW1uLXJ1bGUlM0ElMjAxcHglMjBkb3R0ZWQlMjAlMjMyYzJjMmMlM0IlMjAtbW96LWNvbHVtbi1ydWxlJTNBJTIwMXB4JTIwZG90dGVkJTIwJTIzMmMyYzJjJTNCJTIwY29sdW1uLXJ1bGUlM0ElMjAxcHglMjBkb3R0ZWQlMjAlMjMyYzJjMmMlM0IlMjIlM0UlMEElMEElM0NzcGFuJTIwY2xhc3MlM0QlMjJ0ZXh0LWV4dHJhLWxhcmdlJTIwbWFyZ2luLTI1cHgtYm90dG9tJTIwZGlzcGxheS1pbmxpbmUtYmxvY2slMjBhbHQtZm9udCUyMGhlYWRpbmctc3R5bGUzJTIwcG9mby1idXR0b24tcmVzcG9uc2l2ZS02MmIyM2E3MTVlNDViJTIwJTIwaGVhZGluZy0xJTIyJTIwJTIwc3R5bGUlM0QlMjJjb2xvciUzQSUyMCUyM2ZmZmZmZiUzQiUyMiUzRVZhbGVuJUMzJUE3YSUzQyUyRnNwYW4lM0UlMEElMEElM0NkaXYlMjBjbGFzcyUzRCUyMnZjX3NlcGFyYXRvciUyMHdwYl9jb250ZW50X2VsZW1lbnQlMjB2Y19zZXBhcmF0b3JfYWxpZ25fY2VudGVyJTIwdmNfc2VwX3dpZHRoXzEwMCUyMHZjX3NlcF9wb3NfYWxpZ25fbGVmdCUyMHZjX3NlcGFyYXRvcl9ub190ZXh0JTIwdmNfY3VzdG9tXzE2MzM1NTI5NDA1MDglMjAlMjB2Y19jdXN0b21fMTYzMzU1Mjk0MDUwOCUyMHNlcGFyYXRvci1saW5lLWhvcnJpem9udGFsLW1lZGl1bS1saWdodDMlMjIlMjAlM0UlM0NzcGFuJTIwY2xhc3MlM0QlMjJ2Y19zZXBfaG9sZGVyJTIwdmNfc2VwX2hvbGRlcl9sJTIyJTNFJTNDc3BhbiUyMCUyMHN0eWxlJTNEJTIyYm9yZGVyLWNvbG9yJTNBJTIzYTMyZjJmJTNCJTIyJTIwY2xhc3MlM0QlMjJ2Y19zZXBfbGluZSUyMiUzRSUzQyUyRnNwYW4lM0UlM0MlMkZzcGFuJTNFJTNDc3BhbiUyMGNsYXNzJTNEJTIydmNfc2VwX2hvbGRlciUyMHZjX3NlcF9ob2xkZXJfciUyMiUzRSUzQ3NwYW4lMjAlMjBzdHlsZSUzRCUyMmJvcmRlci1jb2xvciUzQSUyM2EzMmYyZiUzQiUyMiUyMGNsYXNzJTNEJTIydmNfc2VwX2xpbmUlMjIlM0UlM0MlMkZzcGFuJTNFJTNDJTJGc3BhbiUzRSUwQSUzQyUyRmRpdiUzRSUwQSUwQSUzQ3AlMjBjbGFzcyUzRCUyMm1hcmdpbi0yNXB4LXRvcCUyMiUzRVZhbGVuJUMzJUE3YSUyMG91JTIwJUUyJTgwJTlDUHJpbmNlc2luaGElMjBkYSUyMFNlcnJhJUUyJTgwJTlEJTIwY29tbyUyMHRhbWIlQzMlQTltJTIwJUMzJUE5JTIwY29uaGVjaWRhJTJDJTIwJUMzJUE5JTIwdW0lMjBtdW5pYyVDMyVBRHBpbyUyMGxvY2FsaXphZG8lMjBuYSUyMHJlZ2klQzMlQTNvJTIwZGUlMjBnb3Zlcm5vJTIwZG8lMjBNJUMzJUE5ZGlvJTIwUGFyYSVDMyVBRGJhJTIwZmx1bWluZW5zZS4lMjBTdWElMjBleHRlbnMlQzMlQTNvJTIwdGVycml0b3JpYWwlMjBkZSUyMDElMjAzMTIlMkMwMDAlMjBrbSVDMiVCMiUyMGxoZSUyMGNvbmZlcmUlMjBhJTIwc2VndW5kYSUyMHBvc2klQzMlQTclQzMlQTNvJTIwbmElMjBjbGFzc2lmaWNhJUMzJUE3JUMzJUEzbyUyMGRvcyUyMG11bmljJUMzJUFEcGlvcyUyMGZsdW1pbmVuc2VzJTIwcG9yJTIwZXh0ZW5zJUMzJUEzbyUyQyUyMGNvbSUyMGFsdGl0dWRlJTIwbSVDMyVBOWRpYSUyMGRlJTIwNTYwJTIwbWV0cm9zJTIwZSUyMGRpc3QlQzMlQTJuY2lhJTIwZGUlMjBhcHJveGltYWRhbWVudGUlMjAxNjBrbSUyMGRhJTIwY2FwaXRhbC4lMjBEb3MlMjB0ZW1wb3MlMjBkbyUyMGNhZiVDMyVBOSUyMGF0JUMzJUE5JTIwYSUyMGF0dWFsaWRhZGUlMjBvJTIwbXVuaWMlQzMlQURwaW8lMjBhc3N1bWUlMjBpbXBvcnRhbnRlJTIwZGVzdGFxdWUlMjBubyUyMGNvbnRleHRvJTIwcmVnaW9uYWwlMjBlJTIwZXN0YWR1YWwuJTNDJTJGcCUzRSUwQSUwQSUzQ3AlM0VWYWxlbiVDMyVBN2ElMjBwZXJ0ZW5jZSUyMCVDMyVBMCUyMFJlZ2klQzMlQTNvJTIwZG8lMjBNJUMzJUE5ZGlvJTIwUGFyYSVDMyVBRGJhJTJDJTIwcXVlJTIwdGFtYiVDMyVBOW0lMjBhYnJhbmdlJTIwb3MlMjBtdW5pYyVDMyVBRHBpb3MlMjBkZSUyMEJhcnJhJTIwZG8lMjBQaXJhJUMzJUFEJTJDJTIwQmFycmElMjBNYW5zYSUyQyUyMEl0YXRpYWlhJTJDJTIwUGluaGVpcmFsJTJDJTIwUGlyYSVDMyVBRCUyQyUyMFBvcnRvJTIwUmVhbCUyQyUyMFF1YXRpcyUyQyUyMFJlc2VuZGUlMkMlMjBSaW8lMjBDbGFybyUyQyUyMFJpbyUyMGRhcyUyMEZsb3JlcyUyMGUlMjBWb2x0YSUyMFJlZG9uZGEuJTIwU2V1cyUyMHZpemluaG9zJTIwbGltJUMzJUFEdHJvZmVzJTIwbm8lMjBlc3RhZG8lMjBkbyUyMFJpbyUyMGRlJTIwSmFuZWlybyUyMHMlQzMlQTNvJTIwUXVhdGlzJTJDJTIwQmFycmElMjBNYW5zYSUyQyUyMEJhcnJhJTIwZG8lMjBQaXJhJUMzJUFEJTJDJTIwVmFzc291cmFzJTIwZSUyMFJpbyUyMGRhcyUyMEZsb3Jlcy4lMjBUZW5kbyUyMHRhbWIlQzMlQTltJTIwb3V0cm9zJTIwNCUyMG11bmljJUMzJUFEcGlvcyUyMGxpbSVDMyVBRHRyb2ZlcyUyMG5vJTIwRXN0YWRvJTIwZGUlMjBNaW5hcyUyMEdlcmFpcyUzQSUyMFBhc3NhJTIwVmludGUlMkMlMjBTYW50YSUyMFJpdGElMjBkZSUyMEphY3V0aW5nYSUyQyUyMFJpbyUyMFByZXRvJTJDJTIwU2FudGElMjBCJUMzJUExcmJhcmElMjBkbyUyME1vbnRlJTIwVmVyZGUuJTIwQSUyMHBhaXNhZ2VtJTIwcXVlJTIwY2lyY3VuZGElMjBvJTIwbXVuaWMlQzMlQURwaW8lMjAlQzMlQTklMjBjb21wb3N0YSUyMHBvciUyMGNvbGluYXMlMjBxdWUlMjBubyUyMHBhc3NhZG8lMjB0aXZlcmFtJTIwc3VhJTIwY29iZXJ0dXJhJTIwZGUlMjBtYXRhJTIwYXRsJUMzJUEybnRpY2ElMjBkZXZhc3RhZGElMjBwYXJhJTIwbyUyMGN1bHRpdm8lMjBkZSUyMGNhZiVDMyVBOS4lMjBMb2NhbGl6YWRhJTIwZW50cmUlMjBkaXZpc29yZXMlMjBkZSUyMCVDMyVBMWd1YSUyMGRvJTIwcmlvJTIwUGFyYSVDMyVBRGJhJTIwZG8lMjBTdWwlMjBlJTIwbyUyMHJpbyUyMFByZXRvJTJDJTIwVmFsZW4lQzMlQTdhJTIwdGFtYiVDMyVBOW0lMjBjb250YSUyMGNvbSUyMGltcG9ydGFudGVzJTIwZm9udGUlMjBkZSUyMCVDMyVBMWd1YSUyMGNvbW8lMjBvJTIwcmlvJTIwQm9uaXRvJTJDJTIwbyUyMHJpbyUyMGRhJTIwRmxvcmVzJTIwZSUyMG8lMjBhJUMzJUE3dWRlJTIwZGElMjBDb25jJUMzJUIzcmRpYS4lM0MlMkZwJTNFJTBBJTBBJTNDcCUzRUElMjBwb3B1bGElQzMlQTclQzMlQTNvJTIwZGUlMjA2OC4wODglMjBwZXNzb2FzJTIwZGlzdHJpYnVpLXNlJTIwcGVsYSUyMHNlZGUlMjAtJTIwVmFsZW4lQzMlQTdhJTJDJTIwQmFyJUMzJUEzbyUyMGRlJTIwSnVwYXJhbiVDMyVBMyUyQyUyMENvbnNlcnZhdCVDMyVCM3JpYSUyQyUyMFBlbnRhZ25hJTJDJTIwU2FudGElMjBJc2FiZWwlMjBkbyUyMFJpbyUyMFByZXRvJTIwZSUyMFBhcmFwZSVDMyVCQW5hLiUyMEElMjByZW5kYSUyMGJydXRhJTIwZG8lMjBtdW5pYyVDMyVBRHBpbyUyMCVDMyVBOSUyMGRlJTIwUiUyNCUyMDMwLjQ5Ni4wNjclMkM2MSUyMGNvbSUyMHByb2R1dG8lMjBpbnRlcm5vJTIwYnJ1dG8lMjBwZXIlMjBjYXBpdGElMjBkZSUyMFIlMjQlMjA0MC40NDclMkMyOS4lMjBWYWxlbiVDMyVBN2ElMjBjb20lMjBzdWFzJTIwaGlzdCVDMyVCM3JpYXMlMkMlMjBzZXJlc3RhcyUyQyUyMHF1ZWlqb3MlMjBlJTIwY2FmJUMzJUE5JTIwcmUlQzMlQkFuZSUyMGluJUMzJUJBbWVyb3MlMjBkZXN0aW5vcyUyMGNvbSUyMHBvdGVuY2lhaXMlMjBhdHJhdGl2b3MlMjBkZSUyMHR1cmlzbW8lMjBydXJhbCUyQyUyMHRhbnRvJTIwbmElMjBzZWRlJTIwcXVhbnRvJTIwbm9zJTIwZGlzdHJpdG9zLiUyMEhpc3RvcmljYW1lbnRlJTIwZ3JhbmRlJTIwcHJvZHV0b3JhJTIwZGUlMjBsZWl0ZSUyMGRlJTIwdmFjYSUyQyUyMFZhbGVuJUMzJUE3YSUyMHJlY2VudGVtZW50ZSUyMGZvaSUyMGNvbnNpZGVyYWRhJTIwJUUyJTgwJTlDQ2lkYWRlJTIwZG8lMjBRdWVpam8lRTIlODAlOUQuJTIwUyVDMyVBM28lMjBwcm9kdXRvcmVzJTIwZGUlMjBjYWYlQzMlQTklMjBnb3VybWV0JTJDJTIwZGVzdGlsYWRvcyUyQyUyMGhvcnRhbGklQzMlQTdhcyUyQyUyMHZlZ2V0YWlzJTIwZSUyMG91dHJvcyUyMGN1bHRpdm9zLiUyMEFsJUMzJUE5bSUyMGRvcyUyMGRlc3Rpbm9zJTIwZGUlMjB0dXJpc21vJTIwcnVyYWwlMkMlMjB0YW1iJUMzJUE5bSUyMGVuY29udHJhbW9zJTIwaW4lQzMlQkFtZXJvcyUyMHByJUMzJUE5ZGlvcyUyQyUyMGZhemVuZGFzJTIwZSUyMGlncmVqYXMlMjBxdWUlMjBzZSUyMGFwcmVzZW50YW0lMjBjb21vJTIwcGF0cmltJUMzJUI0bmlvJTIwY3VsdHVyYWwlMjBpbWF0ZXJpYWwlMjBkbyUyMG11bmljJUMzJUFEcGlvLiUyMEVtJTIwdGVybW9zJTIwaW1hdGVyaWFpcyUyQyUyMGVtJTIwVmFsZW4lQzMlQTdhJTIwcG9zc3VpJTIwdW1hJTIwY29tdW5pZGFkZSUyMHF1aWxvbWJvbGElMkMlMjBmb2xpYXMlMjBkZSUyMHJlaXMlMjBlJTIwZGUlMjBTJUMzJUEzbyUyMFNlYmFzdGklQzMlQTNvJTIwZSUyMHNlcmVzdGFzLiUzQyUyRnAlM0UlMEElM0MlMkZkaXYlM0U=[\/vc_raw_html]","protected":false},"author":1,"featured_media":0,"parent":22929,"menu_order":0,"comment_status":"closed","ping_status":"closed","template":"","meta":{"inline_featured_image":false,"footnotes":""},"class_list":["post-23395","page","type-page","status-publish","hentry"],"_links":{"self":[{"href":"https:\/\/oruralcomopaisagem.com.br\/atlas\/wp-json\/wp\/v2\/pages\/23395"}],"collection":[{"href":"https:\/\/oruralcomopaisagem.com.br\/atlas\/wp-json\/wp\/v2\/pages"}],"about":[{"href":"https:\/\/oruralcomopaisagem.com.br\/atlas\/wp-json\/wp\/v2\/types\/page"}],"author":[{"embeddable":true,"href":"https:\/\/oruralcomopaisagem.com.br\/atlas\/wp-json\/wp\/v2\/users\/1"}],"replies":[{"embeddable":true,"href":"https:\/\/oruralcomopaisagem.com.br\/atlas\/wp-json\/wp\/v2\/comments?post=23395"}],"version-history":[{"count":5,"href":"https:\/\/oruralcomopaisagem.com.br\/atlas\/wp-json\/wp\/v2\/pages\/23395\/revisions"}],"predecessor-version":[{"id":23999,"href":"https:\/\/oruralcomopaisagem.com.br\/atlas\/wp-json\/wp\/v2\/pages\/23395\/revisions\/23999"}],"up":[{"embeddable":true,"href":"https:\/\/oruralcomopaisagem.com.br\/atlas\/wp-json\/wp\/v2\/pages\/22929"}],"wp:attachment":[{"href":"https:\/\/oruralcomopaisagem.com.br\/atlas\/wp-json\/wp\/v2\/media?parent=23395"}],"curies":[{"name":"wp","href":"https:\/\/api.w.org\/{rel}","templated":true}]}}