{"id":23397,"date":"2025-05-14T16:09:49","date_gmt":"2025-05-14T19:09:49","guid":{"rendered":"https:\/\/oruralcomopaisagem.com.br\/atlas\/?page_id=23397"},"modified":"2025-06-11T10:52:30","modified_gmt":"2025-06-11T13:52:30","slug":"engenheiro-paulo-de-frontin","status":"publish","type":"page","link":"https:\/\/oruralcomopaisagem.com.br\/atlas\/vale-do-cafe\/engenheiro-paulo-de-frontin\/","title":{"rendered":"Engenheiro Paulo de Frontin"},"content":{"rendered":"<section id=\"about\" data-vc-full-width=\"true\" data-vc-full-width-init=\"false\" class=\"vc_row wpb_row vc_row-fluid  vc_custom_1651890656987 wow fadeIn vc_row-has-fill pofo-stretch-content pofo-stretch-row-container pofo-row-responsive-69d979ab194fb\"><div class=\"wpb_column vc_column_container vc_col-sm-4 vc_col-xs-12 pofo-column-responsive-69d979ab19560\"><div class=\"vc_column-inner \"><div class=\"wpb_wrapper\">[vc_single_image image=&#8221;23496&#8243; img_size=&#8221;full&#8221; css_animation=&#8221;left-to-right&#8221; css=&#8221;.vc_custom_1748550207020{padding-right: 35px !important;}&#8221;]<\/div><\/div><\/div><div class=\"wpb_column vc_column_container vc_col-sm-8  col-xs-mobile-fullwidth\"><div class=\"vc_column-inner \"><div class=\"wpb_wrapper\"><div class=\" vc_custom_1747251638289 last-paragraph-no-margin\" style=\"color: #ffffff;\"><p><span class=\"alt-font text-large width-100 line-height-40 display-table-cell vertical-align-middle\" style=\"font-size: 33px;\">Engenheiro Paulo de Frontin<\/span><\/p>\n<\/div>[vc_separator color=&#8221;white&#8221; align=&#8221;align_left&#8221; el_class=&#8221;separator-line-horrizontal-medium-light3&#8243;]<div class=\" vc_custom_1747251669448 last-paragraph-no-margin\" style=\"color: #ffffff;\"><p><a class=\"section-link text-white text-black-hover\" href=\"#texto\">Engenheiro Paulo de Frontin ou Rodeio como era conhecido antigamente, \u00e9 um encantador munic\u00edpio cuja sede est\u00e1 localizada entre os mares de morro das encostas da Serra do Mar e encrustada em um fundo de vale. A categoriza\u00e7\u00e3o como \u201cCidade Verde\u201d deriva da exist\u00eancia de reservas de Mata Atl\u00e2ntica onde \u00e9 poss\u00edvel visualizar&#8230; [ + ]<\/a><\/p>\n<\/div><\/div><\/div><\/div><\/section><div class=\"vc_row-full-width vc_clearfix\"><\/div><section data-vc-full-width=\"true\" data-vc-full-width-init=\"false\" class=\"vc_row wpb_row vc_row-fluid  vc_custom_1651890667031 wow fadeIn vc_row-has-fill pofo-stretch-content pofo-stretch-row-container pofo-row-responsive-69d979ab1964b\"><div class=\"wpb_column vc_column_container vc_col-sm-12  col-xs-mobile-fullwidth\"><div class=\"vc_column-inner vc_custom_1636927375865\"><div class=\"wpb_wrapper\">[vc_raw_html]JTVCaW5jbHVkZW1lJTIwZmlsZSUzRCUyMiUyRm1hcGFzJTJGdmFsZS1jYWZlJTJGc3ZnLW1hcGEtcmotdmFsZS1jYWZlLWVuZ2VuaGVpcm8tcGF1bG8tZGUtZnJvbnRpbi5odG1sJTIyJTVE[\/vc_raw_html]<\/div><\/div><\/div><\/section><div class=\"vc_row-full-width vc_clearfix\"><\/div><section data-vc-full-width=\"true\" data-vc-full-width-init=\"false\" class=\"vc_row wpb_row vc_row-fluid  vc_custom_1636927135699 wow fadeIn pofo-stretch-content pofo-stretch-row-container pofo-row-responsive-69d979ab1969e\"><div class=\"wpb_column vc_column_container vc_col-sm-12  col-xs-mobile-fullwidth\"><div class=\"vc_column-inner \"><div class=\"wpb_wrapper\"><div class=\"tab-style2\"><div class=\"row\"><div class=\"col-md-12 col-sm-12\"><ul class=\"nav nav-tabs alt-font text-small display-inherit font-weight-600 text-left text-uppercase\"><li  class=\"active\"><a href=\"#pofotabitem-21697208438-1-10-0\" data-toggle=\"tab\" class=\"\"><span>S\u00edtio Amazoel<\/span><\/a><\/li><\/ul><div class=\"tab-content position-relative overflow-hidden\"><div class=\"tab-pane fade in active\" id=\"pofotabitem-21697208438-1-10-0\"><ul  class=\"portfolio-grid hover-option10 metro-gallery lightbox-portfolio work-3col gutter-medium\"><li class=\"grid-sizer\"><\/li><li class=\"grid-item\"><figure><div class=\"portfolio-img pofo-portfolio-page-background bg-black\"><img loading=\"lazy\" decoding=\"async\" src=\"https:\/\/oruralcomopaisagem.com.br\/atlas\/wp-content\/uploads\/2017\/08\/800x1600-ph.jpg\"  alt=\"\" width=\"800\" height=\"1600\" sizes=\"(max-width: 800px) 100vw, 800px\" class=\"project-img-gallery\" data-no-retina=\"\" \/><\/div><figcaption><div class=\"portfolio-hover-main text-center\"><div class=\"portfolio-hover-box vertical-align-middle\"><div class=\"portfolio-icon\"><a href=\"https:\/\/oruralcomopaisagem.com.br\/atlas\/wp-content\/uploads\/2017\/08\/800x1600-ph.jpg\" class=\"gallery-link\" data-group=\"pofo-lightbox-1\"  title=\"pofo 800&#215;1600-ph\"><i class=\"ti-zoom-in text-white fa-2x\" aria-hidden=\"true\"><\/i><\/a><\/div><\/div><\/div><\/figcaption><figure><\/li><\/ul><\/div><\/div><\/div><\/div><\/div><\/div><\/div><\/div><\/section><div class=\"vc_row-full-width vc_clearfix\"><\/div><section id=\"texto\" data-vc-full-width=\"true\" data-vc-full-width-init=\"false\" class=\"vc_row wpb_row vc_row-fluid  vc_custom_1697208513334 vc_row-has-fill pofo-stretch-content pofo-stretch-row-container vc_row-o-content-middle vc_row-flex pofo-row-responsive-69d979ab19aee\"><div class=\"wpb_column vc_column_container vc_col-sm-12  col-xs-mobile-fullwidth wow fadeInUp pofo-column-responsive-69d979ab19b51\"><div class=\"vc_column-inner \"><div class=\"wpb_wrapper\">[vc_raw_html]JTNDZGl2JTIwc3R5bGUlM0QlMjItd2Via2l0LWNvbHVtbnMlM0ElMjAzJTIwMzAwcHglM0ItbW96LWNvbHVtbnMlM0ElMjAzJTIwMzAwcHglM0IlMjAlMjBjb2x1bW5zJTNBJTIwMyUyMDMwMHB4JTNCJTIwLXdlYmtpdC1jb2x1bW4tZ2FwJTNBJTIwNGVtJTNCJTIwLW1vei1jb2x1bW4tZ2FwJTNBJTIwNGVtJTNCJTIwY29sdW1uLWdhcCUzQSUyMDRlbSUzQiUyMC13ZWJraXQtY29sdW1uLXJ1bGUlM0ElMjAxcHglMjBkb3R0ZWQlMjAlMjMyYzJjMmMlM0IlMjAtbW96LWNvbHVtbi1ydWxlJTNBJTIwMXB4JTIwZG90dGVkJTIwJTIzMmMyYzJjJTNCJTIwY29sdW1uLXJ1bGUlM0ElMjAxcHglMjBkb3R0ZWQlMjAlMjMyYzJjMmMlM0IlMjIlM0UlMEElMEElM0NzcGFuJTIwY2xhc3MlM0QlMjJ0ZXh0LWV4dHJhLWxhcmdlJTIwbWFyZ2luLTI1cHgtYm90dG9tJTIwZGlzcGxheS1pbmxpbmUtYmxvY2slMjBhbHQtZm9udCUyMGhlYWRpbmctc3R5bGUzJTIwcG9mby1idXR0b24tcmVzcG9uc2l2ZS02MmIyM2E3MTVlNDViJTIwJTIwaGVhZGluZy0xJTIyJTIwJTIwc3R5bGUlM0QlMjJjb2xvciUzQSUyMCUyM2ZmZmZmZiUzQiUyMiUzRUVuZ2VuaGVpcm8lMjBQYXVsbyUyMGRlJTIwRnJvbnRpbiUzQyUyRnNwYW4lM0UlMEElMEElM0NkaXYlMjBjbGFzcyUzRCUyMnZjX3NlcGFyYXRvciUyMHdwYl9jb250ZW50X2VsZW1lbnQlMjB2Y19zZXBhcmF0b3JfYWxpZ25fY2VudGVyJTIwdmNfc2VwX3dpZHRoXzEwMCUyMHZjX3NlcF9wb3NfYWxpZ25fbGVmdCUyMHZjX3NlcGFyYXRvcl9ub190ZXh0JTIwdmNfY3VzdG9tXzE2MzM1NTI5NDA1MDglMjAlMjB2Y19jdXN0b21fMTYzMzU1Mjk0MDUwOCUyMHNlcGFyYXRvci1saW5lLWhvcnJpem9udGFsLW1lZGl1bS1saWdodDMlMjIlMjAlM0UlM0NzcGFuJTIwY2xhc3MlM0QlMjJ2Y19zZXBfaG9sZGVyJTIwdmNfc2VwX2hvbGRlcl9sJTIyJTNFJTNDc3BhbiUyMCUyMHN0eWxlJTNEJTIyYm9yZGVyLWNvbG9yJTNBJTIzYTMyZjJmJTNCJTIyJTIwY2xhc3MlM0QlMjJ2Y19zZXBfbGluZSUyMiUzRSUzQyUyRnNwYW4lM0UlM0MlMkZzcGFuJTNFJTNDc3BhbiUyMGNsYXNzJTNEJTIydmNfc2VwX2hvbGRlciUyMHZjX3NlcF9ob2xkZXJfciUyMiUzRSUzQ3NwYW4lMjAlMjBzdHlsZSUzRCUyMmJvcmRlci1jb2xvciUzQSUyM2EzMmYyZiUzQiUyMiUyMGNsYXNzJTNEJTIydmNfc2VwX2xpbmUlMjIlM0UlM0MlMkZzcGFuJTNFJTNDJTJGc3BhbiUzRSUwQSUzQyUyRmRpdiUzRSUwQSUwQSUzQ3AlMjBjbGFzcyUzRCUyMm1hcmdpbi0yNXB4LXRvcCUyMiUzRUVuZ2VuaGVpcm8lMjBQYXVsbyUyMGRlJTIwRnJvbnRpbiUyMG91JTIwUm9kZWlvJTIwY29tbyUyMGVyYSUyMGNvbmhlY2lkbyUyMGFudGlnYW1lbnRlJTJDJTIwJUMzJUE5JTIwdW0lMjBlbmNhbnRhZG9yJTIwbXVuaWMlQzMlQURwaW8lMjBjdWphJTIwc2VkZSUyMGVzdCVDMyVBMSUyMGxvY2FsaXphZGElMjBlbnRyZSUyMG9zJTIwbWFyZXMlMjBkZSUyMG1vcnJvJTIwZGFzJTIwZW5jb3N0YXMlMjBkYSUyMFNlcnJhJTIwZG8lMjBNYXIlMjBlJTIwZW5jcnVzdGFkYSUyMGVtJTIwdW0lMjBmdW5kbyUyMGRlJTIwdmFsZS4lMjBBJTIwY2F0ZWdvcml6YSVDMyVBNyVDMyVBM28lMjBjb21vJTIwJUUyJTgwJTlDQ2lkYWRlJTIwVmVyZGUlRTIlODAlOUQlMjBkZXJpdmElMjBkYSUyMGV4aXN0JUMzJUFBbmNpYSUyMGRlJTIwcmVzZXJ2YXMlMjBkZSUyME1hdGElMjBBdGwlQzMlQTJudGljYSUyMG9uZGUlMjAlQzMlQTklMjBwb3NzJUMzJUFEdmVsJTIwdmlzdWFsaXphciUyMGFuaW1haXMlMjBzaWx2ZXN0cmVzJTIwZW0lMjBzZXUlMjBoYWJpdGF0JTIwbmF0dXJhbCUyQyUyMGNhY2hvZWlyYXMlMjBlJTIwbGFnb3MlMkMlMjBmYXRvJTIwcXVlJTIwcmVuZGV1JTIwbyUyMHQlQzMlQUR0dWxvJTJDJTIwYSUyMHBhcnRpciUyMGRlJTIwMTk5NSUyQyUyMHBvciUyMG1laW8lMjBkZSUyMGxlaSUyMGVzdGFkdWFsLiUzQyUyRnAlM0UlMEElMEElM0NwJTNFRGlzdGFudGUlMjBkYSUyMGNhcGl0YWwlMjBjZXJjYSUyMGRlJTIwODQlMjBrbSUyQyUyMEVuZ2VuaGVpcm8lMjBQYXVsbyUyMGRlJTIwRnJvbnRpbiUyMGRlc2Vudm9sdmV1LXNlJTIwYW8lMjBsb25nbyUyMGRvcyUyMGVpeG9zJTIwZGUlMjBjaXJjdWxhJUMzJUE3JUMzJUEzbyUyMCVFMiU4MCU5MyUyMHZpYSUyMGYlQzMlQTlycmVhJTIwZSUyMHJvZG92aWFzJTIwUkotMTI3JTIwZSUyMFJKLTEyOSUyQyUyMHF1ZSUyMGFwcm92ZWl0YXJhbSUyMGFzJTIwYWJlcnR1cmFzJTIwZGlzcG9uJUMzJUFEdmVpcyUyMGRvJTIwcmVsZXZvLiUyMERlJTIwYWNvcmRvJTIwY29tJTIwZGFkb3MlMjBkbyUyMElCR0UlMjAlMjgyMDIzJTI5JTIwYSUyMHJlbmRhJTIwYnJ1dGElMjBkbyUyMG11bmljJUMzJUFEcGlvJTIwJUMzJUE5JTIwZGUlMjBSJTI0JTIwMTEyLjY0Ni4wMTIlMkM4MCUyQyUyMGVucXVhbnRvJTIwbyUyMHByb2R1dG8lMjBpbnRlcm5vJTIwYnJ1dG8lMjBwZXIlMjBjYXBpdGElMjAlQzMlQTklMjBkZSUyMFIlMjQlMjAyOC43NjklMkM1OS4lMjBTZWd1bmRvJTIwbyUyMENlbnNvJTIwSUJHRSUyMCUyODIwMjIlMjklMkMlMjBvJTIwbXVuaWMlQzMlQURwaW8lMjBwb3NzdWklMjB1bWElMjBwb3B1bGElQzMlQTclQzMlQTNvJTIwZGUlMjAxMi4yNDIlMjBoYWJpdGFudGVzJTIwZSUyMDExLjY5NCUyMGVsZWl0b3JlcyUyMCUyOFRTRSUyQyUyMDIwMjQlMjkuJTIwU3VhJTIwJUMzJUExcmVhJTIwdGVycml0b3JpYWwlMjBkZSUyMDEzOSUyQzM4MWttJUMyJUIyJTJDJTIwcGVybWl0ZSUyMHF1ZSUyMG8lMjBtdW5pYyVDMyVBRHBpbyUyMGZhJUMzJUE3YSUyMGxpbWl0ZSUyMGNvbSUyME1lbmRlcyUyQyUyME1pZ3VlbCUyMFBlcmVpcmElMkMlMjBQYXJhY2FtYmklMjBlJTIwVmFzc291cmFzLiUyMEVtJTIwcmVsYSVDMyVBNyVDMyVBM28lMjBhcyUyMHJlZ2klQzMlQjVlcyUyMGRlJTIwZ292ZXJubyUyMGRvJTIwZXN0YWRvJTIwZG8lMjBSaW8lMjBkZSUyMEphbmVpcm8lMkMlMjBvJTIwbXVuaWMlQzMlQURwaW8lMjBjb21wJUMzJUI1ZSUyMGElMjBSZWdpJUMzJUEzbyUyMENlbnRyby1TdWwlMjBGbHVtaW5lbnNlJTJDJTIwcXVlJTIwdGFtYiVDMyVBOW0lMjBhYnJhbmdlJTIwb3MlMjBtdW5pYyVDMyVBRHBpb3MlMjBkZSUyMEFyZWFsJTJDJTIwQ29tZW5kYWRvciUyMExldnklMjBHYXNwYXJpYW4lMkMlMjBNZW5kZXMlMkMlMjBNaWd1ZWwlMjBQZXJlaXJhJTJDJTIwUGFyYSVDMyVBRGJhJTIwZG8lMjBTdWwlMkMlMjBQYXR5JTIwZG8lMjBBbGZlcmVzJTJDJTIwU2FwdWNhaWElMkMlMjBUciVDMyVBQXMlMjBSaW9zJTIwZSUyMFZhc3NvdXJhcy4lMjBEYSUyMHBlcnNwZWN0aXZhJTIwZGFzJTIwcmVnaSVDMyVCNWVzJTIwdHVyJUMzJUFEc3RpY2FzJTIwZmx1bWluZW5zZXMlMkMlMjAlRTIlODAlOUNGcm9udGluJUUyJTgwJTlEJTIwZmF6JTIwcGFydGUlMjBkYSUyMHJlZ2klQzMlQTNvJTIwZG8lMjBWYWxlJTIwZG8lMjBDYWYlQzMlQTkuJTNDJTJGcCUzRSUwQSUwQSUzQ3AlM0VGcm9udGluJTIwcG9zc3VpJTIwYXRyaWJ1dG9zJTIwdHVyJUMzJUFEc3RpY29zJTIwZGUlMjBpbiVDMyVCQW1lcmFzJTIwbmF0dXJlemFzJTIwY29tbyUyMHBhdHJpbSVDMyVCNG5pbyUyMGYlQzMlQTlycmVvJTIwY29tcG9zdG8lMjBwb3IlMjB0JUMzJUJBbmVpcyUyMGUlMjBlc3RhJUMzJUE3JUMzJUI1ZXMlMkMlMjBwciVDMyVBOWRpb3MlMjBoaXN0JUMzJUIzcmljb3MlMjBkZSUyMGZhemVuZGFzJTIwZSUyMGlncmVqYXMuJTIwVGFtYiVDMyVBOW0lMjBnYW5oYSUyMGRlc3RhcXVlJTIwYSUyMG9jb3JyJUMzJUFBbmNpYSUyMGRlJTIwZXN0YWJlbGVjaW1lbnRvcyUyMGNvbSUyMGF0aXZpZGFkZXMlMjBjb20lMjBwb3RlbmNpYWwlMjBwYXJhJTIwb2ZlcnRhJTIwZGUlMjB0dXJpc21vJTIwcnVyYWwlMkMlMjBjb21vJTIwcG9yJTIwZXhlbXBsbyUyQyUyMGElMjBwcm9kdSVDMyVBNyVDMyVBM28lMjBkZSUyMGNvZ3VtZWxvJTIwc2hpdGFrZSUyQyUyMGN1bHRpdm8lMjBkZSUyMG9ycXUlQzMlQURkZWFzJTIwZSUyMGJyb20lQzMlQTlsaWEuJTIwQWwlQzMlQTltJTIwZGlzc28lMkMlMjB0YW1iJUMzJUE5bSUyMGV4aXN0ZW0lMjBpbiVDMyVCQW1lcm9zJTIwYXRyYXRpdm9zJTIwZW0lMjBlc3BhJUMzJUE3byUyMHJ1cmFsJTIwY29tbyUyMGhvdGVsJTIwZmF6ZW5kYSUyMGUlMjBwciVDMyVBMXRpY2FzJTIwZGUlMjBlY290dXJpc21vLiUyMCVDMyU4OSUyMHVtJTIwY29udml0ZSUyMCVDMyVBMCUyMHRyYW5xdWlsaWRhZGUlMjBwZXJ0aW5obyUyMGRhJTIwY2FwaXRhbC4lM0MlMkZwJTNFJTBBJTNDJTJGZGl2JTNF[\/vc_raw_html]<\/div><\/div><\/div><\/section><div class=\"vc_row-full-width vc_clearfix\"><\/div>\n","protected":false},"excerpt":{"rendered":"[vc_single_image image=\"23496\" img_size=\"full\" css_animation=\"left-to-right\" css=\".vc_custom_1748550207020{padding-right: 35px !important;}\"]Engenheiro Paulo de Frontin [vc_separator color=\"white\" align=\"align_left\" el_class=\"separator-line-horrizontal-medium-light3\"]Engenheiro Paulo de Frontin ou Rodeio como era conhecido antigamente, \u00e9 um encantador munic\u00edpio cuja sede est\u00e1 localizada entre os mares de morro das encostas da Serra do Mar e encrustada em um fundo de vale. A categoriza\u00e7\u00e3o como \u201cCidade Verde\u201d deriva da exist\u00eancia de reservas de Mata Atl\u00e2ntica onde \u00e9 poss\u00edvel visualizar... [ + ] [vc_raw_html]JTVCaW5jbHVkZW1lJTIwZmlsZSUzRCUyMiUyRm1hcGFzJTJGdmFsZS1jYWZlJTJGc3ZnLW1hcGEtcmotdmFsZS1jYWZlLWVuZ2VuaGVpcm8tcGF1bG8tZGUtZnJvbnRpbi5odG1sJTIyJTVE[\/vc_raw_html]S\u00edtio Amazoel[vc_raw_html]JTNDZGl2JTIwc3R5bGUlM0QlMjItd2Via2l0LWNvbHVtbnMlM0ElMjAzJTIwMzAwcHglM0ItbW96LWNvbHVtbnMlM0ElMjAzJTIwMzAwcHglM0IlMjAlMjBjb2x1bW5zJTNBJTIwMyUyMDMwMHB4JTNCJTIwLXdlYmtpdC1jb2x1bW4tZ2FwJTNBJTIwNGVtJTNCJTIwLW1vei1jb2x1bW4tZ2FwJTNBJTIwNGVtJTNCJTIwY29sdW1uLWdhcCUzQSUyMDRlbSUzQiUyMC13ZWJraXQtY29sdW1uLXJ1bGUlM0ElMjAxcHglMjBkb3R0ZWQlMjAlMjMyYzJjMmMlM0IlMjAtbW96LWNvbHVtbi1ydWxlJTNBJTIwMXB4JTIwZG90dGVkJTIwJTIzMmMyYzJjJTNCJTIwY29sdW1uLXJ1bGUlM0ElMjAxcHglMjBkb3R0ZWQlMjAlMjMyYzJjMmMlM0IlMjIlM0UlMEElMEElM0NzcGFuJTIwY2xhc3MlM0QlMjJ0ZXh0LWV4dHJhLWxhcmdlJTIwbWFyZ2luLTI1cHgtYm90dG9tJTIwZGlzcGxheS1pbmxpbmUtYmxvY2slMjBhbHQtZm9udCUyMGhlYWRpbmctc3R5bGUzJTIwcG9mby1idXR0b24tcmVzcG9uc2l2ZS02MmIyM2E3MTVlNDViJTIwJTIwaGVhZGluZy0xJTIyJTIwJTIwc3R5bGUlM0QlMjJjb2xvciUzQSUyMCUyM2ZmZmZmZiUzQiUyMiUzRUVuZ2VuaGVpcm8lMjBQYXVsbyUyMGRlJTIwRnJvbnRpbiUzQyUyRnNwYW4lM0UlMEElMEElM0NkaXYlMjBjbGFzcyUzRCUyMnZjX3NlcGFyYXRvciUyMHdwYl9jb250ZW50X2VsZW1lbnQlMjB2Y19zZXBhcmF0b3JfYWxpZ25fY2VudGVyJTIwdmNfc2VwX3dpZHRoXzEwMCUyMHZjX3NlcF9wb3NfYWxpZ25fbGVmdCUyMHZjX3NlcGFyYXRvcl9ub190ZXh0JTIwdmNfY3VzdG9tXzE2MzM1NTI5NDA1MDglMjAlMjB2Y19jdXN0b21fMTYzMzU1Mjk0MDUwOCUyMHNlcGFyYXRvci1saW5lLWhvcnJpem9udGFsLW1lZGl1bS1saWdodDMlMjIlMjAlM0UlM0NzcGFuJTIwY2xhc3MlM0QlMjJ2Y19zZXBfaG9sZGVyJTIwdmNfc2VwX2hvbGRlcl9sJTIyJTNFJTNDc3BhbiUyMCUyMHN0eWxlJTNEJTIyYm9yZGVyLWNvbG9yJTNBJTIzYTMyZjJmJTNCJTIyJTIwY2xhc3MlM0QlMjJ2Y19zZXBfbGluZSUyMiUzRSUzQyUyRnNwYW4lM0UlM0MlMkZzcGFuJTNFJTNDc3BhbiUyMGNsYXNzJTNEJTIydmNfc2VwX2hvbGRlciUyMHZjX3NlcF9ob2xkZXJfciUyMiUzRSUzQ3NwYW4lMjAlMjBzdHlsZSUzRCUyMmJvcmRlci1jb2xvciUzQSUyM2EzMmYyZiUzQiUyMiUyMGNsYXNzJTNEJTIydmNfc2VwX2xpbmUlMjIlM0UlM0MlMkZzcGFuJTNFJTNDJTJGc3BhbiUzRSUwQSUzQyUyRmRpdiUzRSUwQSUwQSUzQ3AlMjBjbGFzcyUzRCUyMm1hcmdpbi0yNXB4LXRvcCUyMiUzRUVuZ2VuaGVpcm8lMjBQYXVsbyUyMGRlJTIwRnJvbnRpbiUyMG91JTIwUm9kZWlvJTIwY29tbyUyMGVyYSUyMGNvbmhlY2lkbyUyMGFudGlnYW1lbnRlJTJDJTIwJUMzJUE5JTIwdW0lMjBlbmNhbnRhZG9yJTIwbXVuaWMlQzMlQURwaW8lMjBjdWphJTIwc2VkZSUyMGVzdCVDMyVBMSUyMGxvY2FsaXphZGElMjBlbnRyZSUyMG9zJTIwbWFyZXMlMjBkZSUyMG1vcnJvJTIwZGFzJTIwZW5jb3N0YXMlMjBkYSUyMFNlcnJhJTIwZG8lMjBNYXIlMjBlJTIwZW5jcnVzdGFkYSUyMGVtJTIwdW0lMjBmdW5kbyUyMGRlJTIwdmFsZS4lMjBBJTIwY2F0ZWdvcml6YSVDMyVBNyVDMyVBM28lMjBjb21vJTIwJUUyJTgwJTlDQ2lkYWRlJTIwVmVyZGUlRTIlODAlOUQlMjBkZXJpdmElMjBkYSUyMGV4aXN0JUMzJUFBbmNpYSUyMGRlJTIwcmVzZXJ2YXMlMjBkZSUyME1hdGElMjBBdGwlQzMlQTJudGljYSUyMG9uZGUlMjAlQzMlQTklMjBwb3NzJUMzJUFEdmVsJTIwdmlzdWFsaXphciUyMGFuaW1haXMlMjBzaWx2ZXN0cmVzJTIwZW0lMjBzZXUlMjBoYWJpdGF0JTIwbmF0dXJhbCUyQyUyMGNhY2hvZWlyYXMlMjBlJTIwbGFnb3MlMkMlMjBmYXRvJTIwcXVlJTIwcmVuZGV1JTIwbyUyMHQlQzMlQUR0dWxvJTJDJTIwYSUyMHBhcnRpciUyMGRlJTIwMTk5NSUyQyUyMHBvciUyMG1laW8lMjBkZSUyMGxlaSUyMGVzdGFkdWFsLiUzQyUyRnAlM0UlMEElMEElM0NwJTNFRGlzdGFudGUlMjBkYSUyMGNhcGl0YWwlMjBjZXJjYSUyMGRlJTIwODQlMjBrbSUyQyUyMEVuZ2VuaGVpcm8lMjBQYXVsbyUyMGRlJTIwRnJvbnRpbiUyMGRlc2Vudm9sdmV1LXNlJTIwYW8lMjBsb25nbyUyMGRvcyUyMGVpeG9zJTIwZGUlMjBjaXJjdWxhJUMzJUE3JUMzJUEzbyUyMCVFMiU4MCU5MyUyMHZpYSUyMGYlQzMlQTlycmVhJTIwZSUyMHJvZG92aWFzJTIwUkotMTI3JTIwZSUyMFJKLTEyOSUyQyUyMHF1ZSUyMGFwcm92ZWl0YXJhbSUyMGFzJTIwYWJlcnR1cmFzJTIwZGlzcG9uJUMzJUFEdmVpcyUyMGRvJTIwcmVsZXZvLiUyMERlJTIwYWNvcmRvJTIwY29tJTIwZGFkb3MlMjBkbyUyMElCR0UlMjAlMjgyMDIzJTI5JTIwYSUyMHJlbmRhJTIwYnJ1dGElMjBkbyUyMG11bmljJUMzJUFEcGlvJTIwJUMzJUE5JTIwZGUlMjBSJTI0JTIwMTEyLjY0Ni4wMTIlMkM4MCUyQyUyMGVucXVhbnRvJTIwbyUyMHByb2R1dG8lMjBpbnRlcm5vJTIwYnJ1dG8lMjBwZXIlMjBjYXBpdGElMjAlQzMlQTklMjBkZSUyMFIlMjQlMjAyOC43NjklMkM1OS4lMjBTZWd1bmRvJTIwbyUyMENlbnNvJTIwSUJHRSUyMCUyODIwMjIlMjklMkMlMjBvJTIwbXVuaWMlQzMlQURwaW8lMjBwb3NzdWklMjB1bWElMjBwb3B1bGElQzMlQTclQzMlQTNvJTIwZGUlMjAxMi4yNDIlMjBoYWJpdGFudGVzJTIwZSUyMDExLjY5NCUyMGVsZWl0b3JlcyUyMCUyOFRTRSUyQyUyMDIwMjQlMjkuJTIwU3VhJTIwJUMzJUExcmVhJTIwdGVycml0b3JpYWwlMjBkZSUyMDEzOSUyQzM4MWttJUMyJUIyJTJDJTIwcGVybWl0ZSUyMHF1ZSUyMG8lMjBtdW5pYyVDMyVBRHBpbyUyMGZhJUMzJUE3YSUyMGxpbWl0ZSUyMGNvbSUyME1lbmRlcyUyQyUyME1pZ3VlbCUyMFBlcmVpcmElMkMlMjBQYXJhY2FtYmklMjBlJTIwVmFzc291cmFzLiUyMEVtJTIwcmVsYSVDMyVBNyVDMyVBM28lMjBhcyUyMHJlZ2klQzMlQjVlcyUyMGRlJTIwZ292ZXJubyUyMGRvJTIwZXN0YWRvJTIwZG8lMjBSaW8lMjBkZSUyMEphbmVpcm8lMkMlMjBvJTIwbXVuaWMlQzMlQURwaW8lMjBjb21wJUMzJUI1ZSUyMGElMjBSZWdpJUMzJUEzbyUyMENlbnRyby1TdWwlMjBGbHVtaW5lbnNlJTJDJTIwcXVlJTIwdGFtYiVDMyVBOW0lMjBhYnJhbmdlJTIwb3MlMjBtdW5pYyVDMyVBRHBpb3MlMjBkZSUyMEFyZWFsJTJDJTIwQ29tZW5kYWRvciUyMExldnklMjBHYXNwYXJpYW4lMkMlMjBNZW5kZXMlMkMlMjBNaWd1ZWwlMjBQZXJlaXJhJTJDJTIwUGFyYSVDMyVBRGJhJTIwZG8lMjBTdWwlMkMlMjBQYXR5JTIwZG8lMjBBbGZlcmVzJTJDJTIwU2FwdWNhaWElMkMlMjBUciVDMyVBQXMlMjBSaW9zJTIwZSUyMFZhc3NvdXJhcy4lMjBEYSUyMHBlcnNwZWN0aXZhJTIwZGFzJTIwcmVnaSVDMyVCNWVzJTIwdHVyJUMzJUFEc3RpY2FzJTIwZmx1bWluZW5zZXMlMkMlMjAlRTIlODAlOUNGcm9udGluJUUyJTgwJTlEJTIwZmF6JTIwcGFydGUlMjBkYSUyMHJlZ2klQzMlQTNvJTIwZG8lMjBWYWxlJTIwZG8lMjBDYWYlQzMlQTkuJTNDJTJGcCUzRSUwQSUwQSUzQ3AlM0VGcm9udGluJTIwcG9zc3VpJTIwYXRyaWJ1dG9zJTIwdHVyJUMzJUFEc3RpY29zJTIwZGUlMjBpbiVDMyVCQW1lcmFzJTIwbmF0dXJlemFzJTIwY29tbyUyMHBhdHJpbSVDMyVCNG5pbyUyMGYlQzMlQTlycmVvJTIwY29tcG9zdG8lMjBwb3IlMjB0JUMzJUJBbmVpcyUyMGUlMjBlc3RhJUMzJUE3JUMzJUI1ZXMlMkMlMjBwciVDMyVBOWRpb3MlMjBoaXN0JUMzJUIzcmljb3MlMjBkZSUyMGZhemVuZGFzJTIwZSUyMGlncmVqYXMuJTIwVGFtYiVDMyVBOW0lMjBnYW5oYSUyMGRlc3RhcXVlJTIwYSUyMG9jb3JyJUMzJUFBbmNpYSUyMGRlJTIwZXN0YWJlbGVjaW1lbnRvcyUyMGNvbSUyMGF0aXZpZGFkZXMlMjBjb20lMjBwb3RlbmNpYWwlMjBwYXJhJTIwb2ZlcnRhJTIwZGUlMjB0dXJpc21vJTIwcnVyYWwlMkMlMjBjb21vJTIwcG9yJTIwZXhlbXBsbyUyQyUyMGElMjBwcm9kdSVDMyVBNyVDMyVBM28lMjBkZSUyMGNvZ3VtZWxvJTIwc2hpdGFrZSUyQyUyMGN1bHRpdm8lMjBkZSUyMG9ycXUlQzMlQURkZWFzJTIwZSUyMGJyb20lQzMlQTlsaWEuJTIwQWwlQzMlQTltJTIwZGlzc28lMkMlMjB0YW1iJUMzJUE5bSUyMGV4aXN0ZW0lMjBpbiVDMyVCQW1lcm9zJTIwYXRyYXRpdm9zJTIwZW0lMjBlc3BhJUMzJUE3byUyMHJ1cmFsJTIwY29tbyUyMGhvdGVsJTIwZmF6ZW5kYSUyMGUlMjBwciVDMyVBMXRpY2FzJTIwZGUlMjBlY290dXJpc21vLiUyMCVDMyU4OSUyMHVtJTIwY29udml0ZSUyMCVDMyVBMCUyMHRyYW5xdWlsaWRhZGUlMjBwZXJ0aW5obyUyMGRhJTIwY2FwaXRhbC4lM0MlMkZwJTNFJTBBJTNDJTJGZGl2JTNF[\/vc_raw_html]","protected":false},"author":1,"featured_media":0,"parent":22929,"menu_order":0,"comment_status":"closed","ping_status":"closed","template":"","meta":{"inline_featured_image":false,"footnotes":""},"class_list":["post-23397","page","type-page","status-publish","hentry"],"_links":{"self":[{"href":"https:\/\/oruralcomopaisagem.com.br\/atlas\/wp-json\/wp\/v2\/pages\/23397"}],"collection":[{"href":"https:\/\/oruralcomopaisagem.com.br\/atlas\/wp-json\/wp\/v2\/pages"}],"about":[{"href":"https:\/\/oruralcomopaisagem.com.br\/atlas\/wp-json\/wp\/v2\/types\/page"}],"author":[{"embeddable":true,"href":"https:\/\/oruralcomopaisagem.com.br\/atlas\/wp-json\/wp\/v2\/users\/1"}],"replies":[{"embeddable":true,"href":"https:\/\/oruralcomopaisagem.com.br\/atlas\/wp-json\/wp\/v2\/comments?post=23397"}],"version-history":[{"count":5,"href":"https:\/\/oruralcomopaisagem.com.br\/atlas\/wp-json\/wp\/v2\/pages\/23397\/revisions"}],"predecessor-version":[{"id":24005,"href":"https:\/\/oruralcomopaisagem.com.br\/atlas\/wp-json\/wp\/v2\/pages\/23397\/revisions\/24005"}],"up":[{"embeddable":true,"href":"https:\/\/oruralcomopaisagem.com.br\/atlas\/wp-json\/wp\/v2\/pages\/22929"}],"wp:attachment":[{"href":"https:\/\/oruralcomopaisagem.com.br\/atlas\/wp-json\/wp\/v2\/media?parent=23397"}],"curies":[{"name":"wp","href":"https:\/\/api.w.org\/{rel}","templated":true}]}}