{"id":23399,"date":"2025-05-14T16:10:22","date_gmt":"2025-05-14T19:10:22","guid":{"rendered":"https:\/\/oruralcomopaisagem.com.br\/atlas\/?page_id=23399"},"modified":"2025-06-06T15:00:31","modified_gmt":"2025-06-06T18:00:31","slug":"rio-das-flores","status":"publish","type":"page","link":"https:\/\/oruralcomopaisagem.com.br\/atlas\/vale-do-cafe\/rio-das-flores\/","title":{"rendered":"Rio das Flores"},"content":{"rendered":"<section id=\"about\" data-vc-full-width=\"true\" data-vc-full-width-init=\"false\" class=\"vc_row wpb_row vc_row-fluid  vc_custom_1651890656987 wow fadeIn vc_row-has-fill pofo-stretch-content pofo-stretch-row-container pofo-row-responsive-69d9796f12e99\"><div class=\"wpb_column vc_column_container vc_col-sm-4 vc_col-xs-12 pofo-column-responsive-69d9796f12edf\"><div class=\"vc_column-inner \"><div class=\"wpb_wrapper\">[vc_single_image image=&#8221;23506&#8243; img_size=&#8221;full&#8221; css_animation=&#8221;left-to-right&#8221; css=&#8221;.vc_custom_1748550462291{padding-right: 35px !important;}&#8221;]<\/div><\/div><\/div><div class=\"wpb_column vc_column_container vc_col-sm-8  col-xs-mobile-fullwidth\"><div class=\"vc_column-inner \"><div class=\"wpb_wrapper\"><div class=\" vc_custom_1747252693564 last-paragraph-no-margin\" style=\"color: #ffffff;\"><p><span class=\"alt-font text-large width-100 line-height-40 display-table-cell vertical-align-middle\" style=\"font-size: 33px;\">Rio das Flores<\/span><\/p>\n<\/div>[vc_separator color=&#8221;white&#8221; align=&#8221;align_left&#8221; el_class=&#8221;separator-line-horrizontal-medium-light3&#8243;]<div class=\" vc_custom_1747252717952 last-paragraph-no-margin\" style=\"color: #ffffff;\"><p><a class=\"section-link text-white text-black-hover\" href=\"#texto\">De clima ameno, localizado entre montanhas e com uma rica hist\u00f3ria materialmente presente nos pr\u00e9dios, casas e fazendas, Rio das Flores \u00e9 um munic\u00edpio fluminense distante da capital cerca de 180 km mas que configura-se como um delicioso destino aos amantes do turismo hist\u00f3rico em hot\u00e9is em antigas fazenda do tempo do caf\u00e9&#8230; [ + ]<\/a><\/p>\n<\/div><\/div><\/div><\/div><\/section><div class=\"vc_row-full-width vc_clearfix\"><\/div><section data-vc-full-width=\"true\" data-vc-full-width-init=\"false\" class=\"vc_row wpb_row vc_row-fluid  vc_custom_1651890667031 wow fadeIn vc_row-has-fill pofo-stretch-content pofo-stretch-row-container pofo-row-responsive-69d9796f12f9a\"><div class=\"wpb_column vc_column_container vc_col-sm-12  col-xs-mobile-fullwidth\"><div class=\"vc_column-inner vc_custom_1636927375865\"><div class=\"wpb_wrapper\">[vc_raw_html]JTVCaW5jbHVkZW1lJTIwZmlsZSUzRCUyMiUyRm1hcGFzJTJGdmFsZS1jYWZlJTJGc3ZnLW1hcGEtcmotdmFsZS1jYWZlLXJpby1kYXMtZmxvcmVzLmh0bWwlMjIlNUQ=[\/vc_raw_html]<\/div><\/div><\/div><\/section><div class=\"vc_row-full-width vc_clearfix\"><\/div><section data-vc-full-width=\"true\" data-vc-full-width-init=\"false\" class=\"vc_row wpb_row vc_row-fluid  vc_custom_1636927135699 wow fadeIn pofo-stretch-content pofo-stretch-row-container pofo-row-responsive-69d9796f12fe4\"><div class=\"wpb_column vc_column_container vc_col-sm-12  col-xs-mobile-fullwidth\"><div class=\"vc_column-inner \"><div class=\"wpb_wrapper\"><div class=\"tab-style2\"><div class=\"row\"><div class=\"col-md-12 col-sm-12\"><ul class=\"nav nav-tabs alt-font text-small display-inherit font-weight-600 text-left text-uppercase\"><li  class=\"active\"><a href=\"#pofotabitem-21697208438-1-10-0\" data-toggle=\"tab\" class=\"\"><span>S\u00edtio Sossego<\/span><\/a><\/li><li ><a href=\"#pofotabitem-21697208438-2-25-1\" data-toggle=\"tab\" class=\"\"><span>Alambique Vieira e Castro<\/span><\/a><\/li><li ><a href=\"#pofotabitem-21749232815315-2-7-2\" data-toggle=\"tab\" class=\"\"><span>Alambique Werneck<\/span><\/a><\/li><\/ul><div class=\"tab-content position-relative overflow-hidden\"><div class=\"tab-pane fade in active\" id=\"pofotabitem-21697208438-1-10-0\"><ul  class=\"portfolio-grid hover-option10 metro-gallery lightbox-portfolio work-3col gutter-medium\"><li class=\"grid-sizer\"><\/li><li class=\"grid-item\"><figure><div class=\"portfolio-img pofo-portfolio-page-background bg-black\"><img loading=\"lazy\" decoding=\"async\" src=\"https:\/\/oruralcomopaisagem.com.br\/atlas\/wp-content\/uploads\/2017\/08\/800x1600-ph.jpg\"  alt=\"\" width=\"800\" height=\"1600\" sizes=\"(max-width: 800px) 100vw, 800px\" class=\"project-img-gallery\" data-no-retina=\"\" \/><\/div><figcaption><div class=\"portfolio-hover-main text-center\"><div class=\"portfolio-hover-box vertical-align-middle\"><div class=\"portfolio-icon\"><a href=\"https:\/\/oruralcomopaisagem.com.br\/atlas\/wp-content\/uploads\/2017\/08\/800x1600-ph.jpg\" class=\"gallery-link\" data-group=\"pofo-lightbox-1\"  title=\"pofo 800&#215;1600-ph\"><i class=\"ti-zoom-in text-white fa-2x\" aria-hidden=\"true\"><\/i><\/a><\/div><\/div><\/div><\/figcaption><figure><\/li><\/ul><\/div><div class=\"tab-pane fade\" id=\"pofotabitem-21697208438-2-25-1\"><ul  class=\"portfolio-grid hover-option10 metro-gallery lightbox-portfolio work-3col gutter-medium\"><li class=\"grid-sizer\"><\/li><li class=\"grid-item\"><figure><div class=\"portfolio-img pofo-portfolio-page-background bg-black\"><img loading=\"lazy\" decoding=\"async\" src=\"https:\/\/oruralcomopaisagem.com.br\/atlas\/wp-content\/uploads\/2017\/08\/850x1000-ph.jpg\"  alt=\"\" width=\"850\" height=\"1000\" sizes=\"(max-width: 850px) 100vw, 850px\" class=\"project-img-gallery\" data-no-retina=\"\" \/><\/div><figcaption><div class=\"portfolio-hover-main text-center\"><div class=\"portfolio-hover-box vertical-align-middle\"><div class=\"portfolio-icon\"><a href=\"https:\/\/oruralcomopaisagem.com.br\/atlas\/wp-content\/uploads\/2017\/08\/850x1000-ph.jpg\" class=\"gallery-link\" data-group=\"pofo-lightbox-2\"  title=\"pofo 850&#215;1000-ph\"><i class=\"ti-zoom-in text-white fa-2x\" aria-hidden=\"true\"><\/i><\/a><\/div><\/div><\/div><\/figcaption><figure><\/li><\/ul><\/div><div class=\"tab-pane fade\" id=\"pofotabitem-21749232815315-2-7-2\"><ul  class=\"portfolio-grid hover-option10 metro-gallery lightbox-portfolio work-3col gutter-medium\"><li class=\"grid-sizer\"><\/li><li class=\"grid-item\"><figure><div class=\"portfolio-img pofo-portfolio-page-background bg-black\"><img loading=\"lazy\" decoding=\"async\" src=\"https:\/\/oruralcomopaisagem.com.br\/atlas\/wp-content\/uploads\/2017\/08\/850x1000-ph.jpg\"  alt=\"\" width=\"850\" height=\"1000\" sizes=\"(max-width: 850px) 100vw, 850px\" class=\"project-img-gallery\" data-no-retina=\"\" \/><\/div><figcaption><div class=\"portfolio-hover-main text-center\"><div class=\"portfolio-hover-box vertical-align-middle\"><div class=\"portfolio-icon\"><a href=\"https:\/\/oruralcomopaisagem.com.br\/atlas\/wp-content\/uploads\/2017\/08\/850x1000-ph.jpg\" class=\"gallery-link\" data-group=\"pofo-lightbox-3\"  title=\"pofo 850&#215;1000-ph\"><i class=\"ti-zoom-in text-white fa-2x\" aria-hidden=\"true\"><\/i><\/a><\/div><\/div><\/div><\/figcaption><figure><\/li><\/ul><\/div><\/div><\/div><\/div><\/div><\/div><\/div><\/div><\/section><div class=\"vc_row-full-width vc_clearfix\"><\/div><section id=\"texto\" data-vc-full-width=\"true\" data-vc-full-width-init=\"false\" class=\"vc_row wpb_row vc_row-fluid  vc_custom_1697208513334 vc_row-has-fill pofo-stretch-content pofo-stretch-row-container vc_row-o-content-middle vc_row-flex pofo-row-responsive-69d9796f137c5\"><div class=\"wpb_column vc_column_container vc_col-sm-12  col-xs-mobile-fullwidth wow fadeInUp pofo-column-responsive-69d9796f13804\"><div class=\"vc_column-inner \"><div class=\"wpb_wrapper\">[vc_raw_html]JTNDZGl2JTIwc3R5bGUlM0QlMjItd2Via2l0LWNvbHVtbnMlM0ElMjAzJTIwMzAwcHglM0ItbW96LWNvbHVtbnMlM0ElMjAzJTIwMzAwcHglM0IlMjAlMjBjb2x1bW5zJTNBJTIwMyUyMDMwMHB4JTNCJTIwLXdlYmtpdC1jb2x1bW4tZ2FwJTNBJTIwNGVtJTNCJTIwLW1vei1jb2x1bW4tZ2FwJTNBJTIwNGVtJTNCJTIwY29sdW1uLWdhcCUzQSUyMDRlbSUzQiUyMC13ZWJraXQtY29sdW1uLXJ1bGUlM0ElMjAxcHglMjBkb3R0ZWQlMjAlMjMyYzJjMmMlM0IlMjAtbW96LWNvbHVtbi1ydWxlJTNBJTIwMXB4JTIwZG90dGVkJTIwJTIzMmMyYzJjJTNCJTIwY29sdW1uLXJ1bGUlM0ElMjAxcHglMjBkb3R0ZWQlMjAlMjMyYzJjMmMlM0IlMjIlM0UlMEElMEElM0NzcGFuJTIwY2xhc3MlM0QlMjJ0ZXh0LWV4dHJhLWxhcmdlJTIwbWFyZ2luLTI1cHgtYm90dG9tJTIwZGlzcGxheS1pbmxpbmUtYmxvY2slMjBhbHQtZm9udCUyMGhlYWRpbmctc3R5bGUzJTIwcG9mby1idXR0b24tcmVzcG9uc2l2ZS02MmIyM2E3MTVlNDViJTIwJTIwaGVhZGluZy0xJTIyJTIwJTIwc3R5bGUlM0QlMjJjb2xvciUzQSUyMCUyM2ZmZmZmZiUzQiUyMiUzRVJpbyUyMGRhcyUyMEZsb3JlcyUzQyUyRnNwYW4lM0UlMEElMEElM0NkaXYlMjBjbGFzcyUzRCUyMnZjX3NlcGFyYXRvciUyMHdwYl9jb250ZW50X2VsZW1lbnQlMjB2Y19zZXBhcmF0b3JfYWxpZ25fY2VudGVyJTIwdmNfc2VwX3dpZHRoXzEwMCUyMHZjX3NlcF9wb3NfYWxpZ25fbGVmdCUyMHZjX3NlcGFyYXRvcl9ub190ZXh0JTIwdmNfY3VzdG9tXzE2MzM1NTI5NDA1MDglMjAlMjB2Y19jdXN0b21fMTYzMzU1Mjk0MDUwOCUyMHNlcGFyYXRvci1saW5lLWhvcnJpem9udGFsLW1lZGl1bS1saWdodDMlMjIlMjAlM0UlM0NzcGFuJTIwY2xhc3MlM0QlMjJ2Y19zZXBfaG9sZGVyJTIwdmNfc2VwX2hvbGRlcl9sJTIyJTNFJTNDc3BhbiUyMCUyMHN0eWxlJTNEJTIyYm9yZGVyLWNvbG9yJTNBJTIzYTMyZjJmJTNCJTIyJTIwY2xhc3MlM0QlMjJ2Y19zZXBfbGluZSUyMiUzRSUzQyUyRnNwYW4lM0UlM0MlMkZzcGFuJTNFJTNDc3BhbiUyMGNsYXNzJTNEJTIydmNfc2VwX2hvbGRlciUyMHZjX3NlcF9ob2xkZXJfciUyMiUzRSUzQ3NwYW4lMjAlMjBzdHlsZSUzRCUyMmJvcmRlci1jb2xvciUzQSUyM2EzMmYyZiUzQiUyMiUyMGNsYXNzJTNEJTIydmNfc2VwX2xpbmUlMjIlM0UlM0MlMkZzcGFuJTNFJTNDJTJGc3BhbiUzRSUwQSUzQyUyRmRpdiUzRSUwQSUwQSUzQ3AlMjBjbGFzcyUzRCUyMm1hcmdpbi0yNXB4LXRvcCUyMiUzRURlJTIwY2xpbWElMjBhbWVubyUyQyUyMGxvY2FsaXphZG8lMjBlbnRyZSUyMG1vbnRhbmhhcyUyMGUlMjBjb20lMjB1bWElMjByaWNhJTIwaGlzdCVDMyVCM3JpYSUyMG1hdGVyaWFsbWVudGUlMjBwcmVzZW50ZSUyMG5vcyUyMHByJUMzJUE5ZGlvcyUyQyUyMGNhc2FzJTIwZSUyMGZhemVuZGFzJTJDJTIwUmlvJTIwZGFzJTIwRmxvcmVzJTIwJUMzJUE5JTIwdW0lMjBtdW5pYyVDMyVBRHBpbyUyMGZsdW1pbmVuc2UlMjBkaXN0YW50ZSUyMGRhJTIwY2FwaXRhbCUyMGNlcmNhJTIwZGUlMjAxODAlMjBrbSUyMG1hcyUyMHF1ZSUyMGNvbmZpZ3VyYS1zZSUyMGNvbW8lMjB1bSUyMGRlbGljaW9zbyUyMGRlc3Rpbm8lMjBhb3MlMjBhbWFudGVzJTIwZG8lMjB0dXJpc21vJTIwaGlzdCVDMyVCM3JpY28lMjBlbSUyMGhvdCVDMyVBOWlzJTIwZW0lMjBhbnRpZ2FzJTIwZmF6ZW5kYSUyMGRvJTIwdGVtcG8lMjBkbyUyMGNhZiVDMyVBOSUyQyUyMGRvJTIwdHVyaXNtbyUyMHJ1cmFsJTIwZSUyMG8lMjBlY290dXJpc21vJTIwcmVwcmVzZW50YWRvJTIwcG9yJTIwZGl2ZXJzYXMlMjBjYWNob2VpcmFzJTJDJTIwdHJpbGhhcyUyMGUlMjBtaXJhbnRlcy4lM0MlMkZwJTNFJTBBJTBBJTNDcCUzRVJpbyUyMGRhcyUyMEZsb3JlcyUyMHBvc3N1aSUyMCVDMyVBMXJlYSUyMHRlcnJpdG9yaWFsJTIwZGUlMjA0NzglMkM3ODMlMjBrbSVDMiVCMiUyQyUyMG9uZGUlMjBsb2NhbGl6YW0tc2UlMjA4Ljk1NCUyMHBlc3NvYXMlMjAlMjhJQkdFJTJDJTIwMjAyMiUyOS4lMjBBJTIwcmVuZGElMjBicnV0YSUyMG11bmljaXBhbCUyMCVDMyVBOSUyMGRhJTIwb3JkZW0lMjBkZSUyMFIlMjQlMjAxMDUuNTgyLjM3MiUyQzM1JTJDJTIwZW5xdWFudG8lMjBvJTIwcHJvZHV0byUyMGludGVybm8lMjBicnV0byUyMHBlciUyMGNhcGl0YSUyMCVDMyVBOSUyMGRlJTIwUiUyNCUyMDMxLjMxNCUyQzgyLiUyMFNldXMlMjB2aXppbmhvcyUyMG11bmljaXBhaXMlMjBzJUMzJUEzbyUyMFBhcmElQzMlQURiYSUyMGRvJTIwU3VsJTJDJTIwVmFsZW4lQzMlQTdhJTIwZSUyMFZhc3NvdXJhcyUyMGUlMjBlbSUyME1pbmFzJTIwR2VyYWlzJTIwY29tJTIwQmVsbWlybyUyMEJyYWdhJTIwZSUyMFNhbnRhJTIwQiVDMyVBMXJiYXJhJTIwZG8lMjBNb250ZSUyMFZlcmRlLiUyME5vJTIwJUMzJUEybWJpdG8lMjBkYXMlMjByZWdpJUMzJUI1ZXMlMjBkZSUyMGdvdmVybm8lMjBkbyUyMGVzdGFkbyUyMGRvJTIwUmlvJTIwZGUlMjBKYW5laXJvJTJDJTIwUmlvJTIwZGFzJTIwRmxvcmVzJTIwZmF6JTIwcGFydGUlMjBkbyUyME0lQzMlQTlkaW8lMjBQYXJhJUMzJUFEYmElMkMlMjBxdWUlMjB0YW1iJUMzJUE5bSUyMGFicmFuZ2UlMjBvcyUyMG11bmljJUMzJUFEcGlvcyUyMGRlJTIwQmFycmElMjBkbyUyMFBpcmElQzMlQUQlMkMlMjBCYXJyYSUyME1hbnNhJTJDJTIwSXRhdGlhaWElMkMlMjBQaW5oZWlyYWwlMkMlMjBQaXJhJUMzJUFEJTJDJTIwUG9ydG8lMjBSZWFsJTJDJTIwUXVhdGlzJTJDJTIwUmVzZW5kZSUyQyUyMFJpbyUyMENsYXJvJTJDJTIwVmFsZW4lQzMlQTdhJTIwZSUyMFZvbHRhJTIwUmVkb25kYS4lM0MlMkZwJTNFJTBBJTBBJTNDcCUzRVJpbyUyMGRhcyUyMEZsb3JlcyUyMCVDMyVBOSUyMHVtJTIwY2hhcm1vc28lMjBtdW5pYyVDMyVBRHBpbyUyMGNvbSUyMHF1YXRybyUyMGRpc3RyaXRvcyUyQyUyMHMlQzMlQTNvJTIwZWxlcyUzQSUyMFJpbyUyMGRhcyUyMEZsb3JlcyUyQyUyMEFiYXJyYWNhbWVudG8lMkMlMjBNYW51ZWwlMjBEdWFydGUlMjBlJTIwVGFib2FzLiUyMFMlQzMlQTNvJTIwcHIlQzMlQTlkaW9zJTJDJTIwY2FsJUMzJUE3YW1lbnRvcyUyQyUyMGlncmVqYXMlMjBxdWUlMjBhdHJpYnVlbSUyMHVtYSUyMGF0bW9zZmVyYSUyMHJ1cmFsJTIwYSUyMGVzc2UlMjBwZWRhJUMzJUE3byUyMGRvJTIwUmlvJTIwZGUlMjBKYW5laXJvLiUyMEFsJUMzJUE5bSUyMGRpc3NvJTJDJTIwcGFyYSUyMGFxdWVsZXMlMjBxdWUlMjBnb3N0YW0lMjBkZSUyMHR1cmlzbW8lMjBydXJhbCUyQyUyMG8lMjBtdW5pYyVDMyVBRHBpbyUyMHBvc3N1aSUyMHRyYWJhbGhvcyUyMGFydGVzYW5haXMlMkMlMjBhbGFtYmlxdWVzJTIwdHJhZGljaW9uYWlzJTJDJTIwcHJlbWlhZG9zJTIwZSUyMGZhbWlsaWFyZXMlMkMlMjBhdGl2aWRhZGVzJTIwZW0lMjBzJUMzJUFEdGlvcyUyMHF1ZSUyMGFndSVDMyVBN2FtJTIwYXMlMjBzZW5zYSVDMyVBNyVDMyVCNWVzJTIwZG9zJTIwdmlzaXRhbnRlcy4lMjBSaW8lMjBkYXMlMjBGbG9yZXMlMjAlQzMlQTklMjB1bSUyMG11bmljJUMzJUFEcGlvJTIwcXVlJTIwbWVyZWNlJTIwc2VyJTIwY29uaGVjaWRvJTIwcG9yJTIwdG9kb3MuJTNDJTJGcCUzRSUwQSUzQyUyRmRpdiUzRQ==[\/vc_raw_html]<\/div><\/div><\/div><\/section><div class=\"vc_row-full-width vc_clearfix\"><\/div>\n","protected":false},"excerpt":{"rendered":"[vc_single_image image=\"23506\" img_size=\"full\" css_animation=\"left-to-right\" css=\".vc_custom_1748550462291{padding-right: 35px !important;}\"]Rio das Flores [vc_separator color=\"white\" align=\"align_left\" el_class=\"separator-line-horrizontal-medium-light3\"]De clima ameno, localizado entre montanhas e com uma rica hist\u00f3ria materialmente presente nos pr\u00e9dios, casas e fazendas, Rio das Flores \u00e9 um munic\u00edpio fluminense distante da capital cerca de 180 km mas que configura-se como um delicioso destino aos amantes do turismo hist\u00f3rico em hot\u00e9is em antigas fazenda do tempo do caf\u00e9... [ + ] [vc_raw_html]JTVCaW5jbHVkZW1lJTIwZmlsZSUzRCUyMiUyRm1hcGFzJTJGdmFsZS1jYWZlJTJGc3ZnLW1hcGEtcmotdmFsZS1jYWZlLXJpby1kYXMtZmxvcmVzLmh0bWwlMjIlNUQ=[\/vc_raw_html]S\u00edtio SossegoAlambique Vieira e CastroAlambique Werneck[vc_raw_html]JTNDZGl2JTIwc3R5bGUlM0QlMjItd2Via2l0LWNvbHVtbnMlM0ElMjAzJTIwMzAwcHglM0ItbW96LWNvbHVtbnMlM0ElMjAzJTIwMzAwcHglM0IlMjAlMjBjb2x1bW5zJTNBJTIwMyUyMDMwMHB4JTNCJTIwLXdlYmtpdC1jb2x1bW4tZ2FwJTNBJTIwNGVtJTNCJTIwLW1vei1jb2x1bW4tZ2FwJTNBJTIwNGVtJTNCJTIwY29sdW1uLWdhcCUzQSUyMDRlbSUzQiUyMC13ZWJraXQtY29sdW1uLXJ1bGUlM0ElMjAxcHglMjBkb3R0ZWQlMjAlMjMyYzJjMmMlM0IlMjAtbW96LWNvbHVtbi1ydWxlJTNBJTIwMXB4JTIwZG90dGVkJTIwJTIzMmMyYzJjJTNCJTIwY29sdW1uLXJ1bGUlM0ElMjAxcHglMjBkb3R0ZWQlMjAlMjMyYzJjMmMlM0IlMjIlM0UlMEElMEElM0NzcGFuJTIwY2xhc3MlM0QlMjJ0ZXh0LWV4dHJhLWxhcmdlJTIwbWFyZ2luLTI1cHgtYm90dG9tJTIwZGlzcGxheS1pbmxpbmUtYmxvY2slMjBhbHQtZm9udCUyMGhlYWRpbmctc3R5bGUzJTIwcG9mby1idXR0b24tcmVzcG9uc2l2ZS02MmIyM2E3MTVlNDViJTIwJTIwaGVhZGluZy0xJTIyJTIwJTIwc3R5bGUlM0QlMjJjb2xvciUzQSUyMCUyM2ZmZmZmZiUzQiUyMiUzRVJpbyUyMGRhcyUyMEZsb3JlcyUzQyUyRnNwYW4lM0UlMEElMEElM0NkaXYlMjBjbGFzcyUzRCUyMnZjX3NlcGFyYXRvciUyMHdwYl9jb250ZW50X2VsZW1lbnQlMjB2Y19zZXBhcmF0b3JfYWxpZ25fY2VudGVyJTIwdmNfc2VwX3dpZHRoXzEwMCUyMHZjX3NlcF9wb3NfYWxpZ25fbGVmdCUyMHZjX3NlcGFyYXRvcl9ub190ZXh0JTIwdmNfY3VzdG9tXzE2MzM1NTI5NDA1MDglMjAlMjB2Y19jdXN0b21fMTYzMzU1Mjk0MDUwOCUyMHNlcGFyYXRvci1saW5lLWhvcnJpem9udGFsLW1lZGl1bS1saWdodDMlMjIlMjAlM0UlM0NzcGFuJTIwY2xhc3MlM0QlMjJ2Y19zZXBfaG9sZGVyJTIwdmNfc2VwX2hvbGRlcl9sJTIyJTNFJTNDc3BhbiUyMCUyMHN0eWxlJTNEJTIyYm9yZGVyLWNvbG9yJTNBJTIzYTMyZjJmJTNCJTIyJTIwY2xhc3MlM0QlMjJ2Y19zZXBfbGluZSUyMiUzRSUzQyUyRnNwYW4lM0UlM0MlMkZzcGFuJTNFJTNDc3BhbiUyMGNsYXNzJTNEJTIydmNfc2VwX2hvbGRlciUyMHZjX3NlcF9ob2xkZXJfciUyMiUzRSUzQ3NwYW4lMjAlMjBzdHlsZSUzRCUyMmJvcmRlci1jb2xvciUzQSUyM2EzMmYyZiUzQiUyMiUyMGNsYXNzJTNEJTIydmNfc2VwX2xpbmUlMjIlM0UlM0MlMkZzcGFuJTNFJTNDJTJGc3BhbiUzRSUwQSUzQyUyRmRpdiUzRSUwQSUwQSUzQ3AlMjBjbGFzcyUzRCUyMm1hcmdpbi0yNXB4LXRvcCUyMiUzRURlJTIwY2xpbWElMjBhbWVubyUyQyUyMGxvY2FsaXphZG8lMjBlbnRyZSUyMG1vbnRhbmhhcyUyMGUlMjBjb20lMjB1bWElMjByaWNhJTIwaGlzdCVDMyVCM3JpYSUyMG1hdGVyaWFsbWVudGUlMjBwcmVzZW50ZSUyMG5vcyUyMHByJUMzJUE5ZGlvcyUyQyUyMGNhc2FzJTIwZSUyMGZhemVuZGFzJTJDJTIwUmlvJTIwZGFzJTIwRmxvcmVzJTIwJUMzJUE5JTIwdW0lMjBtdW5pYyVDMyVBRHBpbyUyMGZsdW1pbmVuc2UlMjBkaXN0YW50ZSUyMGRhJTIwY2FwaXRhbCUyMGNlcmNhJTIwZGUlMjAxODAlMjBrbSUyMG1hcyUyMHF1ZSUyMGNvbmZpZ3VyYS1zZSUyMGNvbW8lMjB1bSUyMGRlbGljaW9zbyUyMGRlc3Rpbm8lMjBhb3MlMjBhbWFudGVzJTIwZG8lMjB0dXJpc21vJTIwaGlzdCVDMyVCM3JpY28lMjBlbSUyMGhvdCVDMyVBOWlzJTIwZW0lMjBhbnRpZ2FzJTIwZmF6ZW5kYSUyMGRvJTIwdGVtcG8lMjBkbyUyMGNhZiVDMyVBOSUyQyUyMGRvJTIwdHVyaXNtbyUyMHJ1cmFsJTIwZSUyMG8lMjBlY290dXJpc21vJTIwcmVwcmVzZW50YWRvJTIwcG9yJTIwZGl2ZXJzYXMlMjBjYWNob2VpcmFzJTJDJTIwdHJpbGhhcyUyMGUlMjBtaXJhbnRlcy4lM0MlMkZwJTNFJTBBJTBBJTNDcCUzRVJpbyUyMGRhcyUyMEZsb3JlcyUyMHBvc3N1aSUyMCVDMyVBMXJlYSUyMHRlcnJpdG9yaWFsJTIwZGUlMjA0NzglMkM3ODMlMjBrbSVDMiVCMiUyQyUyMG9uZGUlMjBsb2NhbGl6YW0tc2UlMjA4Ljk1NCUyMHBlc3NvYXMlMjAlMjhJQkdFJTJDJTIwMjAyMiUyOS4lMjBBJTIwcmVuZGElMjBicnV0YSUyMG11bmljaXBhbCUyMCVDMyVBOSUyMGRhJTIwb3JkZW0lMjBkZSUyMFIlMjQlMjAxMDUuNTgyLjM3MiUyQzM1JTJDJTIwZW5xdWFudG8lMjBvJTIwcHJvZHV0byUyMGludGVybm8lMjBicnV0byUyMHBlciUyMGNhcGl0YSUyMCVDMyVBOSUyMGRlJTIwUiUyNCUyMDMxLjMxNCUyQzgyLiUyMFNldXMlMjB2aXppbmhvcyUyMG11bmljaXBhaXMlMjBzJUMzJUEzbyUyMFBhcmElQzMlQURiYSUyMGRvJTIwU3VsJTJDJTIwVmFsZW4lQzMlQTdhJTIwZSUyMFZhc3NvdXJhcyUyMGUlMjBlbSUyME1pbmFzJTIwR2VyYWlzJTIwY29tJTIwQmVsbWlybyUyMEJyYWdhJTIwZSUyMFNhbnRhJTIwQiVDMyVBMXJiYXJhJTIwZG8lMjBNb250ZSUyMFZlcmRlLiUyME5vJTIwJUMzJUEybWJpdG8lMjBkYXMlMjByZWdpJUMzJUI1ZXMlMjBkZSUyMGdvdmVybm8lMjBkbyUyMGVzdGFkbyUyMGRvJTIwUmlvJTIwZGUlMjBKYW5laXJvJTJDJTIwUmlvJTIwZGFzJTIwRmxvcmVzJTIwZmF6JTIwcGFydGUlMjBkbyUyME0lQzMlQTlkaW8lMjBQYXJhJUMzJUFEYmElMkMlMjBxdWUlMjB0YW1iJUMzJUE5bSUyMGFicmFuZ2UlMjBvcyUyMG11bmljJUMzJUFEcGlvcyUyMGRlJTIwQmFycmElMjBkbyUyMFBpcmElQzMlQUQlMkMlMjBCYXJyYSUyME1hbnNhJTJDJTIwSXRhdGlhaWElMkMlMjBQaW5oZWlyYWwlMkMlMjBQaXJhJUMzJUFEJTJDJTIwUG9ydG8lMjBSZWFsJTJDJTIwUXVhdGlzJTJDJTIwUmVzZW5kZSUyQyUyMFJpbyUyMENsYXJvJTJDJTIwVmFsZW4lQzMlQTdhJTIwZSUyMFZvbHRhJTIwUmVkb25kYS4lM0MlMkZwJTNFJTBBJTBBJTNDcCUzRVJpbyUyMGRhcyUyMEZsb3JlcyUyMCVDMyVBOSUyMHVtJTIwY2hhcm1vc28lMjBtdW5pYyVDMyVBRHBpbyUyMGNvbSUyMHF1YXRybyUyMGRpc3RyaXRvcyUyQyUyMHMlQzMlQTNvJTIwZWxlcyUzQSUyMFJpbyUyMGRhcyUyMEZsb3JlcyUyQyUyMEFiYXJyYWNhbWVudG8lMkMlMjBNYW51ZWwlMjBEdWFydGUlMjBlJTIwVGFib2FzLiUyMFMlQzMlQTNvJTIwcHIlQzMlQTlkaW9zJTJDJTIwY2FsJUMzJUE3YW1lbnRvcyUyQyUyMGlncmVqYXMlMjBxdWUlMjBhdHJpYnVlbSUyMHVtYSUyMGF0bW9zZmVyYSUyMHJ1cmFsJTIwYSUyMGVzc2UlMjBwZWRhJUMzJUE3byUyMGRvJTIwUmlvJTIwZGUlMjBKYW5laXJvLiUyMEFsJUMzJUE5bSUyMGRpc3NvJTJDJTIwcGFyYSUyMGFxdWVsZXMlMjBxdWUlMjBnb3N0YW0lMjBkZSUyMHR1cmlzbW8lMjBydXJhbCUyQyUyMG8lMjBtdW5pYyVDMyVBRHBpbyUyMHBvc3N1aSUyMHRyYWJhbGhvcyUyMGFydGVzYW5haXMlMkMlMjBhbGFtYmlxdWVzJTIwdHJhZGljaW9uYWlzJTJDJTIwcHJlbWlhZG9zJTIwZSUyMGZhbWlsaWFyZXMlMkMlMjBhdGl2aWRhZGVzJTIwZW0lMjBzJUMzJUFEdGlvcyUyMHF1ZSUyMGFndSVDMyVBN2FtJTIwYXMlMjBzZW5zYSVDMyVBNyVDMyVCNWVzJTIwZG9zJTIwdmlzaXRhbnRlcy4lMjBSaW8lMjBkYXMlMjBGbG9yZXMlMjAlQzMlQTklMjB1bSUyMG11bmljJUMzJUFEcGlvJTIwcXVlJTIwbWVyZWNlJTIwc2VyJTIwY29uaGVjaWRvJTIwcG9yJTIwdG9kb3MuJTNDJTJGcCUzRSUwQSUzQyUyRmRpdiUzRQ==[\/vc_raw_html]","protected":false},"author":1,"featured_media":0,"parent":22929,"menu_order":0,"comment_status":"closed","ping_status":"closed","template":"","meta":{"inline_featured_image":false,"footnotes":""},"class_list":["post-23399","page","type-page","status-publish","hentry"],"_links":{"self":[{"href":"https:\/\/oruralcomopaisagem.com.br\/atlas\/wp-json\/wp\/v2\/pages\/23399"}],"collection":[{"href":"https:\/\/oruralcomopaisagem.com.br\/atlas\/wp-json\/wp\/v2\/pages"}],"about":[{"href":"https:\/\/oruralcomopaisagem.com.br\/atlas\/wp-json\/wp\/v2\/types\/page"}],"author":[{"embeddable":true,"href":"https:\/\/oruralcomopaisagem.com.br\/atlas\/wp-json\/wp\/v2\/users\/1"}],"replies":[{"embeddable":true,"href":"https:\/\/oruralcomopaisagem.com.br\/atlas\/wp-json\/wp\/v2\/comments?post=23399"}],"version-history":[{"count":5,"href":"https:\/\/oruralcomopaisagem.com.br\/atlas\/wp-json\/wp\/v2\/pages\/23399\/revisions"}],"predecessor-version":[{"id":23998,"href":"https:\/\/oruralcomopaisagem.com.br\/atlas\/wp-json\/wp\/v2\/pages\/23399\/revisions\/23998"}],"up":[{"embeddable":true,"href":"https:\/\/oruralcomopaisagem.com.br\/atlas\/wp-json\/wp\/v2\/pages\/22929"}],"wp:attachment":[{"href":"https:\/\/oruralcomopaisagem.com.br\/atlas\/wp-json\/wp\/v2\/media?parent=23399"}],"curies":[{"name":"wp","href":"https:\/\/api.w.org\/{rel}","templated":true}]}}