{"id":23401,"date":"2025-05-14T16:11:23","date_gmt":"2025-05-14T19:11:23","guid":{"rendered":"https:\/\/oruralcomopaisagem.com.br\/atlas\/?page_id=23401"},"modified":"2025-06-06T15:04:12","modified_gmt":"2025-06-06T18:04:12","slug":"paty-do-alferes","status":"publish","type":"page","link":"https:\/\/oruralcomopaisagem.com.br\/atlas\/vale-do-cafe\/paty-do-alferes\/","title":{"rendered":"Paty do Alferes"},"content":{"rendered":"<section id=\"about\" data-vc-full-width=\"true\" data-vc-full-width-init=\"false\" class=\"vc_row wpb_row vc_row-fluid  vc_custom_1651890656987 wow fadeIn vc_row-has-fill pofo-stretch-content pofo-stretch-row-container pofo-row-responsive-69d979a983c1c\"><div class=\"wpb_column vc_column_container vc_col-sm-4 vc_col-xs-12 pofo-column-responsive-69d979a983c8b\"><div class=\"vc_column-inner \"><div class=\"wpb_wrapper\">[vc_single_image image=&#8221;23502&#8243; img_size=&#8221;full&#8221; css_animation=&#8221;left-to-right&#8221; css=&#8221;.vc_custom_1748550371010{padding-right: 35px !important;}&#8221;]<\/div><\/div><\/div><div class=\"wpb_column vc_column_container vc_col-sm-8  col-xs-mobile-fullwidth\"><div class=\"vc_column-inner \"><div class=\"wpb_wrapper\"><div class=\" vc_custom_1747252216154 last-paragraph-no-margin\" style=\"color: #ffffff;\"><p><span class=\"alt-font text-large width-100 line-height-40 display-table-cell vertical-align-middle\" style=\"font-size: 33px;\">Paty do Alferes<\/span><\/p>\n<\/div>[vc_separator color=&#8221;white&#8221; align=&#8221;align_left&#8221; el_class=&#8221;separator-line-horrizontal-medium-light3&#8243;]<div class=\" vc_custom_1747252241593 last-paragraph-no-margin\" style=\"color: #ffffff;\"><p><a class=\"section-link text-white text-black-hover\" href=\"#texto\">A regi\u00e3o onde se localiza Paty do Alferes sempre foi grande produtora agr\u00edcola, uma tradi\u00e7\u00e3o iniciada com o caf\u00e9 e posteriormente dedicada ao tomate, que o elevou ao status de maior produtor de tomate do estado do Rio de Janeiro e terceiro do Brasil (IBGE, 2023), inclusive o cultivo dessa fruta ocupa um lugar na tradi\u00e7\u00e3o&#8230; [ + ]<\/a><\/p>\n<\/div><\/div><\/div><\/div><\/section><div class=\"vc_row-full-width vc_clearfix\"><\/div><section data-vc-full-width=\"true\" data-vc-full-width-init=\"false\" class=\"vc_row wpb_row vc_row-fluid  vc_custom_1651890667031 wow fadeIn vc_row-has-fill pofo-stretch-content pofo-stretch-row-container pofo-row-responsive-69d979a983d99\"><div class=\"wpb_column vc_column_container vc_col-sm-12  col-xs-mobile-fullwidth\"><div class=\"vc_column-inner vc_custom_1636927375865\"><div class=\"wpb_wrapper\">[vc_raw_html]JTVCaW5jbHVkZW1lJTIwZmlsZSUzRCUyMiUyRm1hcGFzJTJGdmFsZS1jYWZlJTJGc3ZnLW1hcGEtcmotdmFsZS1jYWZlLXBhdHktZG8tYWxmZXJlcy5odG1sJTIyJTVE[\/vc_raw_html]<\/div><\/div><\/div><\/section><div class=\"vc_row-full-width vc_clearfix\"><\/div><section data-vc-full-width=\"true\" data-vc-full-width-init=\"false\" class=\"vc_row wpb_row vc_row-fluid  vc_custom_1636927135699 wow fadeIn pofo-stretch-content pofo-stretch-row-container pofo-row-responsive-69d979a983e0a\"><div class=\"wpb_column vc_column_container vc_col-sm-12  col-xs-mobile-fullwidth\"><div class=\"vc_column-inner \"><div class=\"wpb_wrapper\"><div class=\"tab-style2\"><div class=\"row\"><div class=\"col-md-12 col-sm-12\"><ul class=\"nav nav-tabs alt-font text-small display-inherit font-weight-600 text-left text-uppercase\"><li  class=\"active\"><a href=\"#pofotabitem-21697208438-1-10-0\" data-toggle=\"tab\" class=\"\"><span>Seal Hortifruti<\/span><\/a><\/li><li ><a href=\"#pofotabitem-21697208438-2-25-1\" data-toggle=\"tab\" class=\"\"><span>Rancho Quindiz<\/span><\/a><\/li><li ><a href=\"#pofotabitem-21749233024512-2-9-2\" data-toggle=\"tab\" class=\"\"><span>Brom\u00e9lias da Serra<\/span><\/a><\/li><li ><a href=\"#pofotabitem-21749233026852-3-10-3\" data-toggle=\"tab\" class=\"\"><span>Feira Agroecol\u00f3gica<\/span><\/a><\/li><\/ul><div class=\"tab-content position-relative overflow-hidden\"><div class=\"tab-pane fade in active\" id=\"pofotabitem-21697208438-1-10-0\"><ul  class=\"portfolio-grid hover-option10 metro-gallery lightbox-portfolio work-3col gutter-medium\"><li class=\"grid-sizer\"><\/li><li class=\"grid-item\"><figure><div class=\"portfolio-img pofo-portfolio-page-background bg-black\"><img loading=\"lazy\" decoding=\"async\" src=\"https:\/\/oruralcomopaisagem.com.br\/atlas\/wp-content\/uploads\/2017\/08\/800x1600-ph.jpg\"  alt=\"\" width=\"800\" height=\"1600\" sizes=\"(max-width: 800px) 100vw, 800px\" class=\"project-img-gallery\" data-no-retina=\"\" \/><\/div><figcaption><div class=\"portfolio-hover-main text-center\"><div class=\"portfolio-hover-box vertical-align-middle\"><div class=\"portfolio-icon\"><a href=\"https:\/\/oruralcomopaisagem.com.br\/atlas\/wp-content\/uploads\/2017\/08\/800x1600-ph.jpg\" class=\"gallery-link\" data-group=\"pofo-lightbox-1\"  title=\"pofo 800&#215;1600-ph\"><i class=\"ti-zoom-in text-white fa-2x\" aria-hidden=\"true\"><\/i><\/a><\/div><\/div><\/div><\/figcaption><figure><\/li><\/ul><\/div><div class=\"tab-pane fade\" id=\"pofotabitem-21697208438-2-25-1\"><ul  class=\"portfolio-grid hover-option10 metro-gallery lightbox-portfolio work-3col gutter-medium\"><li class=\"grid-sizer\"><\/li><li class=\"grid-item\"><figure><div class=\"portfolio-img pofo-portfolio-page-background bg-black\"><img loading=\"lazy\" decoding=\"async\" src=\"https:\/\/oruralcomopaisagem.com.br\/atlas\/wp-content\/uploads\/2017\/08\/850x1000-ph.jpg\"  alt=\"\" width=\"850\" height=\"1000\" sizes=\"(max-width: 850px) 100vw, 850px\" class=\"project-img-gallery\" data-no-retina=\"\" \/><\/div><figcaption><div class=\"portfolio-hover-main text-center\"><div class=\"portfolio-hover-box vertical-align-middle\"><div class=\"portfolio-icon\"><a href=\"https:\/\/oruralcomopaisagem.com.br\/atlas\/wp-content\/uploads\/2017\/08\/850x1000-ph.jpg\" class=\"gallery-link\" data-group=\"pofo-lightbox-2\"  title=\"pofo 850&#215;1000-ph\"><i class=\"ti-zoom-in text-white fa-2x\" aria-hidden=\"true\"><\/i><\/a><\/div><\/div><\/div><\/figcaption><figure><\/li><\/ul><\/div><div class=\"tab-pane fade\" id=\"pofotabitem-21749233024512-2-9-2\"><ul  class=\"portfolio-grid hover-option10 metro-gallery lightbox-portfolio work-3col gutter-medium\"><li class=\"grid-sizer\"><\/li><li class=\"grid-item\"><figure><div class=\"portfolio-img pofo-portfolio-page-background bg-black\"><img loading=\"lazy\" decoding=\"async\" src=\"https:\/\/oruralcomopaisagem.com.br\/atlas\/wp-content\/uploads\/2017\/08\/850x1000-ph.jpg\"  alt=\"\" width=\"850\" height=\"1000\" sizes=\"(max-width: 850px) 100vw, 850px\" class=\"project-img-gallery\" data-no-retina=\"\" \/><\/div><figcaption><div class=\"portfolio-hover-main text-center\"><div class=\"portfolio-hover-box vertical-align-middle\"><div class=\"portfolio-icon\"><a href=\"https:\/\/oruralcomopaisagem.com.br\/atlas\/wp-content\/uploads\/2017\/08\/850x1000-ph.jpg\" class=\"gallery-link\" data-group=\"pofo-lightbox-3\"  title=\"pofo 850&#215;1000-ph\"><i class=\"ti-zoom-in text-white fa-2x\" aria-hidden=\"true\"><\/i><\/a><\/div><\/div><\/div><\/figcaption><figure><\/li><\/ul><\/div><div class=\"tab-pane fade\" id=\"pofotabitem-21749233026852-3-10-3\"><ul  class=\"portfolio-grid hover-option10 metro-gallery lightbox-portfolio work-3col gutter-medium\"><li class=\"grid-sizer\"><\/li><li class=\"grid-item\"><figure><div class=\"portfolio-img pofo-portfolio-page-background bg-black\"><img loading=\"lazy\" decoding=\"async\" src=\"https:\/\/oruralcomopaisagem.com.br\/atlas\/wp-content\/uploads\/2017\/08\/850x1000-ph.jpg\"  alt=\"\" width=\"850\" height=\"1000\" sizes=\"(max-width: 850px) 100vw, 850px\" class=\"project-img-gallery\" data-no-retina=\"\" \/><\/div><figcaption><div class=\"portfolio-hover-main text-center\"><div class=\"portfolio-hover-box vertical-align-middle\"><div class=\"portfolio-icon\"><a href=\"https:\/\/oruralcomopaisagem.com.br\/atlas\/wp-content\/uploads\/2017\/08\/850x1000-ph.jpg\" class=\"gallery-link\" data-group=\"pofo-lightbox-4\"  title=\"pofo 850&#215;1000-ph\"><i class=\"ti-zoom-in text-white fa-2x\" aria-hidden=\"true\"><\/i><\/a><\/div><\/div><\/div><\/figcaption><figure><\/li><\/ul><\/div><\/div><\/div><\/div><\/div><\/div><\/div><\/div><\/section><div class=\"vc_row-full-width vc_clearfix\"><\/div><section id=\"texto\" data-vc-full-width=\"true\" data-vc-full-width-init=\"false\" class=\"vc_row wpb_row vc_row-fluid  vc_custom_1697208513334 vc_row-has-fill pofo-stretch-content pofo-stretch-row-container vc_row-o-content-middle vc_row-flex pofo-row-responsive-69d979a984a21\"><div class=\"wpb_column vc_column_container vc_col-sm-12  col-xs-mobile-fullwidth wow fadeInUp pofo-column-responsive-69d979a984a7e\"><div class=\"vc_column-inner \"><div class=\"wpb_wrapper\">[vc_raw_html]JTNDZGl2JTIwc3R5bGUlM0QlMjItd2Via2l0LWNvbHVtbnMlM0ElMjAzJTIwMzAwcHglM0ItbW96LWNvbHVtbnMlM0ElMjAzJTIwMzAwcHglM0IlMjAlMjBjb2x1bW5zJTNBJTIwMyUyMDMwMHB4JTNCJTIwLXdlYmtpdC1jb2x1bW4tZ2FwJTNBJTIwNGVtJTNCJTIwLW1vei1jb2x1bW4tZ2FwJTNBJTIwNGVtJTNCJTIwY29sdW1uLWdhcCUzQSUyMDRlbSUzQiUyMC13ZWJraXQtY29sdW1uLXJ1bGUlM0ElMjAxcHglMjBkb3R0ZWQlMjAlMjMyYzJjMmMlM0IlMjAtbW96LWNvbHVtbi1ydWxlJTNBJTIwMXB4JTIwZG90dGVkJTIwJTIzMmMyYzJjJTNCJTIwY29sdW1uLXJ1bGUlM0ElMjAxcHglMjBkb3R0ZWQlMjAlMjMyYzJjMmMlM0IlMjIlM0UlMEElMEElM0NzcGFuJTIwY2xhc3MlM0QlMjJ0ZXh0LWV4dHJhLWxhcmdlJTIwbWFyZ2luLTI1cHgtYm90dG9tJTIwZGlzcGxheS1pbmxpbmUtYmxvY2slMjBhbHQtZm9udCUyMGhlYWRpbmctc3R5bGUzJTIwcG9mby1idXR0b24tcmVzcG9uc2l2ZS02MmIyM2E3MTVlNDViJTIwJTIwaGVhZGluZy0xJTIyJTIwJTIwc3R5bGUlM0QlMjJjb2xvciUzQSUyMCUyM2ZmZmZmZiUzQiUyMiUzRVBhdHklMjBkbyUyMEFsZmVyZXMlM0MlMkZzcGFuJTNFJTBBJTBBJTNDZGl2JTIwY2xhc3MlM0QlMjJ2Y19zZXBhcmF0b3IlMjB3cGJfY29udGVudF9lbGVtZW50JTIwdmNfc2VwYXJhdG9yX2FsaWduX2NlbnRlciUyMHZjX3NlcF93aWR0aF8xMDAlMjB2Y19zZXBfcG9zX2FsaWduX2xlZnQlMjB2Y19zZXBhcmF0b3Jfbm9fdGV4dCUyMHZjX2N1c3RvbV8xNjMzNTUyOTQwNTA4JTIwJTIwdmNfY3VzdG9tXzE2MzM1NTI5NDA1MDglMjBzZXBhcmF0b3ItbGluZS1ob3JyaXpvbnRhbC1tZWRpdW0tbGlnaHQzJTIyJTIwJTNFJTNDc3BhbiUyMGNsYXNzJTNEJTIydmNfc2VwX2hvbGRlciUyMHZjX3NlcF9ob2xkZXJfbCUyMiUzRSUzQ3NwYW4lMjAlMjBzdHlsZSUzRCUyMmJvcmRlci1jb2xvciUzQSUyM2EzMmYyZiUzQiUyMiUyMGNsYXNzJTNEJTIydmNfc2VwX2xpbmUlMjIlM0UlM0MlMkZzcGFuJTNFJTNDJTJGc3BhbiUzRSUzQ3NwYW4lMjBjbGFzcyUzRCUyMnZjX3NlcF9ob2xkZXIlMjB2Y19zZXBfaG9sZGVyX3IlMjIlM0UlM0NzcGFuJTIwJTIwc3R5bGUlM0QlMjJib3JkZXItY29sb3IlM0ElMjNhMzJmMmYlM0IlMjIlMjBjbGFzcyUzRCUyMnZjX3NlcF9saW5lJTIyJTNFJTNDJTJGc3BhbiUzRSUzQyUyRnNwYW4lM0UlMEElM0MlMkZkaXYlM0UlMEElMEElM0NwJTIwY2xhc3MlM0QlMjJtYXJnaW4tMjVweC10b3AlMjIlM0VBJTIwcmVnaSVDMyVBM28lMjBvbmRlJTIwc2UlMjBsb2NhbGl6YSUyMFBhdHklMjBkbyUyMEFsZmVyZXMlMjBzZW1wcmUlMjBmb2klMjBncmFuZGUlMjBwcm9kdXRvcmElMjBhZ3IlQzMlQURjb2xhJTJDJTIwdW1hJTIwdHJhZGklQzMlQTclQzMlQTNvJTIwaW5pY2lhZGElMjBjb20lMjBvJTIwY2FmJUMzJUE5JTIwZSUyMHBvc3Rlcmlvcm1lbnRlJTIwZGVkaWNhZGElMjBhbyUyMHRvbWF0ZSUyQyUyMHF1ZSUyMG8lMjBlbGV2b3UlMjBhbyUyMHN0YXR1cyUyMGRlJTIwbWFpb3IlMjBwcm9kdXRvciUyMGRlJTIwdG9tYXRlJTIwZG8lMjBlc3RhZG8lMjBkbyUyMFJpbyUyMGRlJTIwSmFuZWlybyUyMGUlMjB0ZXJjZWlybyUyMGRvJTIwQnJhc2lsJTIwJTI4SUJHRSUyQyUyMDIwMjMlMjklMkMlMjBpbmNsdXNpdmUlMjBvJTIwY3VsdGl2byUyMGRlc3NhJTIwZnJ1dGElMjBvY3VwYSUyMHVtJTIwbHVnYXIlMjBuYSUyMHRyYWRpJUMzJUE3JUMzJUEzbyUyMGUlMjBuYSUyMGRpbWVucyVDMyVBM28lMjBzaW1iJUMzJUIzbGljYSUyMG5hJTIwaGlzdCVDMyVCM3JpYSUyMGUlMjBuYSUyMGN1bHR1cmElMjBnYXN0cm9uJUMzJUI0bWljYSUyMGRvJTIwbXVuaWMlQzMlQURwaW8uJTNDJTJGcCUzRSUwQSUwQSUzQ3AlM0VBaW5kYSUyMHF1ZSUyMHBlcnRlbiVDMyVBN2ElMjBhJTIwcmVnaSVDMyVBM28lMjB0dXIlQzMlQURzdGljYSUyMGRvJTIwdmFsZSUyMGRvJTIwY2FmJUMzJUE5JTJDJTIwUGF0eSUyMGRvJTIwQWxmZXJlcyUyMHBlcnRlbmNlJTIwJUMzJUEwJTIwUmVnaSVDMyVBM28lMjBkZSUyMEdvdmVybm8lMjBDZW50cm8tU3VsJTIwRmx1bWluZW5zZSUyQyUyMHF1ZSUyMHRhbWIlQzMlQTltJTIwYWJyYW5nZSUyMG9zJTIwbXVuaWMlQzMlQURwaW9zJTIwZGUlMjBBcmVhbCUyQyUyMENvbWVuZGFkb3IlMjBMZXZ5JTIwR2FzcGFyaWFuJTJDJTIwRW5nZW5oZWlybyUyMFBhdWxvJTIwZGUlMjBGcm9udGluJTJDJTIwTWVuZGVzJTJDJTIwTWlndWVsJTIwUGVyZWlyYSUyQyUyMFBhcmElQzMlQURiYSUyMGRvJTIwU3VsJTJDJTIwU2FwdWNhaWElMkMlMjBUciVDMyVBQXMlMjBSaW9zJTIwZSUyMFZhc3NvdXJhcyUyQyUyMGZhemVuZG8lMjBsaW1pdGVzJTIwY29tJTIwb3MlMjBtdW5pYyVDMyVBRHBpb3MlMjBkZSUyMFZhc3NvdXJhcyUyQyUyMFBhcmElQzMlQURiYSUyMGRvJTIwU3VsJTJDJTIwUGV0ciVDMyVCM3BvbGlzJTIwZSUyME1pZ3VlbCUyMFBlcmVpcmEuJTNDJTJGcCUzRSUwQSUwQSUzQ3AlM0VDb20lMjB1bWElMjAlQzMlQTFyZWElMjBkZSUyMDMxNCUyQzM0MWttJUMyJUIyJTIwZSUyMHVtYSUyMHBvcHVsYSVDMyVBNyVDMyVBM28lMjBkZSUyMDI5LjYxOSUyMHBlc3NvYXMuJTIwQ29tJTIwdW1hJTIwcmVuZGElMjBicnV0YSUyMGRlJTIwUiUyNCUyMDIyMS45MzEuNzM4JTJDOTglMjBlJTIwUHJvZHV0byUyMEludGVybm8lMjBCcnV0byUyMHBlciUyMGNhcGl0YSUyMGRlJTIwUiUyNCUyMDI0LjUxMCUyQzE2JTIwbyUyMG11bmljJUMzJUFEcGlvJTIwZGVzcG9udGElMjBjb21vJTIwdW0lMjBpbXBvcnRhbnRlJTIwcHJvZHV0b3IlMjBkZSUyMGclQzMlQUFuZXJvcyUyMGRlJTIwYWdyJUMzJUFEY29sYXMlMjBkZSUyMGJhc2UlMjBmYW1pbGlhciUyQyUyMG9yZyVDMyVBMm5pY2ElMjBlJTJGb3UlMjBhZ3JvZWNvbCVDMyVCM2dpY2EuJTIwQSUyMHByZXNlbiVDMyVBN2ElMjBkYSUyMGFncmljdWx0dXJhJTIwZmFtaWxpYXIlMjAlQzMlQTklMjB0JUMzJUEzbyUyMGZvcnRlJTIwbm8lMjBtdW5pYyVDMyVBRHBpbyUyMHF1ZSUyMGVtJTIwMjAxOCUyMGZvaSUyMGNyaWFkYSUyMGElMjBGZWlyYSUyMEFncm9lY29sJUMzJUIzZ2ljYSUyMGRlJTIwUGF0eSUyMGRvJTIwQWxmZXJlcyUyMGNvbW8lMjB1bWElMjBmb3JtYSUyMGRlJTIwdmFsb3JpemFyJTIwYSUyMHByb2R1JUMzJUE3JUMzJUEzbyUyMGxvY2FsJTIwZSUyMGVzdGltdWxhciUyMHByb2R1JUMzJUE3JUMzJUI1ZXMlMjBzdXN0ZW50JUMzJUExdmVpcyUyMGUlMjBjb25zdW1vJTIwc2F1ZCVDMyVBMXZlbCUyMGRlJTIwYWxpbWVudG9zLiUzQyUyRnAlM0UlMEElMEElM0NwJTNFUGF0eSUyMGRvJTIwQWxmZXJlcyUyMCVDMyVBOSUyMHVtJTIwbXVuaWMlQzMlQURwaW8lMjBxdWUlMjBvcmlnaW5hbG1lbnRlJTIwZXN0YXZhJTIwYXRyZWxhZG8lMjBhJTIwVmFzc291cmFzJTJDJTIwZSUyMGFjaGEtc2UlMjBsaWdhZG8lMjAlQzMlQTAlMjBleHBhbnMlQzMlQTNvJTIwZGElMjBjdWx0dXJhJTIwY2FmZWVpcmElMjBubyUyMHZhbGUlMjBmbHVtaW5lbnNlJTIwZG8lMjByaW8lMjBQYXJhJUMzJUFEYmElMjBkbyUyMFN1bC4lMjBGb2klMjBuZXNzZSUyMG11bmljJUMzJUFEcGlvJTIwcXVlJTIwdml2ZXUlMjBvJTIwbCVDMyVBRGRlciUyMG5lZ3JvJTIwZGUlMjBlc2NyYXZvcyUyME1hbm9lbCUyMENvbmdvJTIwcXVlJTIwcmV1bml1JTIwc29iJTIwc3VhJTIwbGlkZXJhbiVDMyVBN2ElMjBlc2NyYXZvcyUyMGFtb3RpbmFkb3MlMjBmdWdpdGl2b3MlMjBkZSUyMGRpdmVyc2FzJTIwZmF6ZW5kYXMlMjBkYSUyMHJlZ2klQzMlQTNvJTJDJTIwdGVuZG8lMjBzaWRvJTIwcHJlc28lMjBlJTIwZW5mb3JjYWRvJTIwZW0lMjAxODM5LiUyMFBhdHklMjBkbyUyMEFsZmVyZXMlMjBwb3NzdWklMjBhdHJpYnV0b3MlMjBoaXN0JUMzJUIzcmljb3MlMjBtYXRlcmlhaXMlMjBjb21vJTIwYSUyMElncmVqYSUyMGRlJTIwTm9zc2ElMjBTZW5ob3JhJTIwZGElMjBDb25jZWklQzMlQTclQzMlQTNvJTJDJTIwYSUyMEMlQzMlQTJtYXJhJTIwTXVuaWNpcGFsJTIwZSUyMGElMjBGYXplbmRhJTIwUCVDMyVBM28lMjBHcmFuZGUuJTIwTm9zJTIwYXRyaWJ1dG9zJTIwaW1hdGVyaWFpcyUyMEJhbmRhJTIwTWFlc3RybyUyMEpvcyVDMyVBOSUyMEZpZ3VlaXJhJTJDJTIwYSUyMEZvbGlhJTIwZGUlMjBSZWlzJTJDJTIwYSUyMEZlc3RhJTIwZG8lMjBUb21hdGUlMjBlJTIwQWxkZWlhJTIwZGUlMjBBcmNvemVsbyUyMG9uZGUlMjBleGlzdGUlMjBvJTIwTWVtb3JpYWwlMjBNYW5vZWwlMjBDb25nby4lMjBGdW5kYW1lbnRhbCUyMGRlc3RhY2FyJTIwcXVlJTIwc3VyZ2UlMjBuZXNzZSUyMGNvbnRleHRvJTIwdW0lMjBub3ZvJTIwZWxlbWVudG8lMjBxdWUlMjBhZ3JlZ2ElMjBkZXN0YXF1ZSUyMG5vJTIwbXVuaWMlQzMlQURwaW8lMkMlMjB0cmF0YS1zZSUyMGRvJTIwdHVyaXNtbyUyMHJ1cmFsLiUyMCVDMyU4OSUyMHBvc3MlQzMlQUR2ZWwlMjBlbmNvbnRyYXIlMjBlbSUyMCVFMiU4MCU5Q1BhdHklRTIlODAlOUQlMjBkZXN0aW5vcyUyMGRlJTIwdHVyaXNtbyUyMHJ1cmFsJTIwcXVlJTIwZGVzdGFjYW0lMjBuYSUyMHByb2R1JUMzJUE3JUMzJUEzbyUyMGRlJTIwdG9tYXRlcyUyQyUyMG5vJTIwY3VsdGl2byUyMGRlJTIwb3JxdSVDMyVBRGRlYXMlMjBlJTIwYnJvbSVDMyVBOWxpYXMlMjBlJTIwYXMlMjB2aXNpdGFzJTIwYXMlMjBlc3R1ZmFzJTIwZGUlMjB0b21hdGUlMkMlMjBiZW0lMjBjb21vJTIwb3MlMjBwYXNzZWlvcyUyMG5hcyUyMGxhdm91cmFzJTIwZGUlMjBsb3VybyUyMHF1ZSUyMHRvcm5hJTIwbyUyMG11bmljJUMzJUFEcGlvJTIwdW0lMjBncmFuZGUlMjBwcm9kdXRvciUyMGNvbSUyMG1haXMlMjBkZSUyMDMwMCUyMG1pbCUyMHAlQzMlQTlzLiUzQyUyRnAlM0UlMEElM0MlMkZkaXYlM0U=[\/vc_raw_html]<\/div><\/div><\/div><\/section><div class=\"vc_row-full-width vc_clearfix\"><\/div>\n","protected":false},"excerpt":{"rendered":"[vc_single_image image=\"23502\" img_size=\"full\" css_animation=\"left-to-right\" css=\".vc_custom_1748550371010{padding-right: 35px !important;}\"]Paty do Alferes [vc_separator color=\"white\" align=\"align_left\" el_class=\"separator-line-horrizontal-medium-light3\"]A regi\u00e3o onde se localiza Paty do Alferes sempre foi grande produtora agr\u00edcola, uma tradi\u00e7\u00e3o iniciada com o caf\u00e9 e posteriormente dedicada ao tomate, que o elevou ao status de maior produtor de tomate do estado do Rio de Janeiro e terceiro do Brasil (IBGE, 2023), inclusive o cultivo dessa fruta ocupa um lugar na tradi\u00e7\u00e3o... [ + ] [vc_raw_html]JTVCaW5jbHVkZW1lJTIwZmlsZSUzRCUyMiUyRm1hcGFzJTJGdmFsZS1jYWZlJTJGc3ZnLW1hcGEtcmotdmFsZS1jYWZlLXBhdHktZG8tYWxmZXJlcy5odG1sJTIyJTVE[\/vc_raw_html]Seal HortifrutiRancho QuindizBrom\u00e9lias da SerraFeira Agroecol\u00f3gica[vc_raw_html]JTNDZGl2JTIwc3R5bGUlM0QlMjItd2Via2l0LWNvbHVtbnMlM0ElMjAzJTIwMzAwcHglM0ItbW96LWNvbHVtbnMlM0ElMjAzJTIwMzAwcHglM0IlMjAlMjBjb2x1bW5zJTNBJTIwMyUyMDMwMHB4JTNCJTIwLXdlYmtpdC1jb2x1bW4tZ2FwJTNBJTIwNGVtJTNCJTIwLW1vei1jb2x1bW4tZ2FwJTNBJTIwNGVtJTNCJTIwY29sdW1uLWdhcCUzQSUyMDRlbSUzQiUyMC13ZWJraXQtY29sdW1uLXJ1bGUlM0ElMjAxcHglMjBkb3R0ZWQlMjAlMjMyYzJjMmMlM0IlMjAtbW96LWNvbHVtbi1ydWxlJTNBJTIwMXB4JTIwZG90dGVkJTIwJTIzMmMyYzJjJTNCJTIwY29sdW1uLXJ1bGUlM0ElMjAxcHglMjBkb3R0ZWQlMjAlMjMyYzJjMmMlM0IlMjIlM0UlMEElMEElM0NzcGFuJTIwY2xhc3MlM0QlMjJ0ZXh0LWV4dHJhLWxhcmdlJTIwbWFyZ2luLTI1cHgtYm90dG9tJTIwZGlzcGxheS1pbmxpbmUtYmxvY2slMjBhbHQtZm9udCUyMGhlYWRpbmctc3R5bGUzJTIwcG9mby1idXR0b24tcmVzcG9uc2l2ZS02MmIyM2E3MTVlNDViJTIwJTIwaGVhZGluZy0xJTIyJTIwJTIwc3R5bGUlM0QlMjJjb2xvciUzQSUyMCUyM2ZmZmZmZiUzQiUyMiUzRVBhdHklMjBkbyUyMEFsZmVyZXMlM0MlMkZzcGFuJTNFJTBBJTBBJTNDZGl2JTIwY2xhc3MlM0QlMjJ2Y19zZXBhcmF0b3IlMjB3cGJfY29udGVudF9lbGVtZW50JTIwdmNfc2VwYXJhdG9yX2FsaWduX2NlbnRlciUyMHZjX3NlcF93aWR0aF8xMDAlMjB2Y19zZXBfcG9zX2FsaWduX2xlZnQlMjB2Y19zZXBhcmF0b3Jfbm9fdGV4dCUyMHZjX2N1c3RvbV8xNjMzNTUyOTQwNTA4JTIwJTIwdmNfY3VzdG9tXzE2MzM1NTI5NDA1MDglMjBzZXBhcmF0b3ItbGluZS1ob3JyaXpvbnRhbC1tZWRpdW0tbGlnaHQzJTIyJTIwJTNFJTNDc3BhbiUyMGNsYXNzJTNEJTIydmNfc2VwX2hvbGRlciUyMHZjX3NlcF9ob2xkZXJfbCUyMiUzRSUzQ3NwYW4lMjAlMjBzdHlsZSUzRCUyMmJvcmRlci1jb2xvciUzQSUyM2EzMmYyZiUzQiUyMiUyMGNsYXNzJTNEJTIydmNfc2VwX2xpbmUlMjIlM0UlM0MlMkZzcGFuJTNFJTNDJTJGc3BhbiUzRSUzQ3NwYW4lMjBjbGFzcyUzRCUyMnZjX3NlcF9ob2xkZXIlMjB2Y19zZXBfaG9sZGVyX3IlMjIlM0UlM0NzcGFuJTIwJTIwc3R5bGUlM0QlMjJib3JkZXItY29sb3IlM0ElMjNhMzJmMmYlM0IlMjIlMjBjbGFzcyUzRCUyMnZjX3NlcF9saW5lJTIyJTNFJTNDJTJGc3BhbiUzRSUzQyUyRnNwYW4lM0UlMEElM0MlMkZkaXYlM0UlMEElMEElM0NwJTIwY2xhc3MlM0QlMjJtYXJnaW4tMjVweC10b3AlMjIlM0VBJTIwcmVnaSVDMyVBM28lMjBvbmRlJTIwc2UlMjBsb2NhbGl6YSUyMFBhdHklMjBkbyUyMEFsZmVyZXMlMjBzZW1wcmUlMjBmb2klMjBncmFuZGUlMjBwcm9kdXRvcmElMjBhZ3IlQzMlQURjb2xhJTJDJTIwdW1hJTIwdHJhZGklQzMlQTclQzMlQTNvJTIwaW5pY2lhZGElMjBjb20lMjBvJTIwY2FmJUMzJUE5JTIwZSUyMHBvc3Rlcmlvcm1lbnRlJTIwZGVkaWNhZGElMjBhbyUyMHRvbWF0ZSUyQyUyMHF1ZSUyMG8lMjBlbGV2b3UlMjBhbyUyMHN0YXR1cyUyMGRlJTIwbWFpb3IlMjBwcm9kdXRvciUyMGRlJTIwdG9tYXRlJTIwZG8lMjBlc3RhZG8lMjBkbyUyMFJpbyUyMGRlJTIwSmFuZWlybyUyMGUlMjB0ZXJjZWlybyUyMGRvJTIwQnJhc2lsJTIwJTI4SUJHRSUyQyUyMDIwMjMlMjklMkMlMjBpbmNsdXNpdmUlMjBvJTIwY3VsdGl2byUyMGRlc3NhJTIwZnJ1dGElMjBvY3VwYSUyMHVtJTIwbHVnYXIlMjBuYSUyMHRyYWRpJUMzJUE3JUMzJUEzbyUyMGUlMjBuYSUyMGRpbWVucyVDMyVBM28lMjBzaW1iJUMzJUIzbGljYSUyMG5hJTIwaGlzdCVDMyVCM3JpYSUyMGUlMjBuYSUyMGN1bHR1cmElMjBnYXN0cm9uJUMzJUI0bWljYSUyMGRvJTIwbXVuaWMlQzMlQURwaW8uJTNDJTJGcCUzRSUwQSUwQSUzQ3AlM0VBaW5kYSUyMHF1ZSUyMHBlcnRlbiVDMyVBN2ElMjBhJTIwcmVnaSVDMyVBM28lMjB0dXIlQzMlQURzdGljYSUyMGRvJTIwdmFsZSUyMGRvJTIwY2FmJUMzJUE5JTJDJTIwUGF0eSUyMGRvJTIwQWxmZXJlcyUyMHBlcnRlbmNlJTIwJUMzJUEwJTIwUmVnaSVDMyVBM28lMjBkZSUyMEdvdmVybm8lMjBDZW50cm8tU3VsJTIwRmx1bWluZW5zZSUyQyUyMHF1ZSUyMHRhbWIlQzMlQTltJTIwYWJyYW5nZSUyMG9zJTIwbXVuaWMlQzMlQURwaW9zJTIwZGUlMjBBcmVhbCUyQyUyMENvbWVuZGFkb3IlMjBMZXZ5JTIwR2FzcGFyaWFuJTJDJTIwRW5nZW5oZWlybyUyMFBhdWxvJTIwZGUlMjBGcm9udGluJTJDJTIwTWVuZGVzJTJDJTIwTWlndWVsJTIwUGVyZWlyYSUyQyUyMFBhcmElQzMlQURiYSUyMGRvJTIwU3VsJTJDJTIwU2FwdWNhaWElMkMlMjBUciVDMyVBQXMlMjBSaW9zJTIwZSUyMFZhc3NvdXJhcyUyQyUyMGZhemVuZG8lMjBsaW1pdGVzJTIwY29tJTIwb3MlMjBtdW5pYyVDMyVBRHBpb3MlMjBkZSUyMFZhc3NvdXJhcyUyQyUyMFBhcmElQzMlQURiYSUyMGRvJTIwU3VsJTJDJTIwUGV0ciVDMyVCM3BvbGlzJTIwZSUyME1pZ3VlbCUyMFBlcmVpcmEuJTNDJTJGcCUzRSUwQSUwQSUzQ3AlM0VDb20lMjB1bWElMjAlQzMlQTFyZWElMjBkZSUyMDMxNCUyQzM0MWttJUMyJUIyJTIwZSUyMHVtYSUyMHBvcHVsYSVDMyVBNyVDMyVBM28lMjBkZSUyMDI5LjYxOSUyMHBlc3NvYXMuJTIwQ29tJTIwdW1hJTIwcmVuZGElMjBicnV0YSUyMGRlJTIwUiUyNCUyMDIyMS45MzEuNzM4JTJDOTglMjBlJTIwUHJvZHV0byUyMEludGVybm8lMjBCcnV0byUyMHBlciUyMGNhcGl0YSUyMGRlJTIwUiUyNCUyMDI0LjUxMCUyQzE2JTIwbyUyMG11bmljJUMzJUFEcGlvJTIwZGVzcG9udGElMjBjb21vJTIwdW0lMjBpbXBvcnRhbnRlJTIwcHJvZHV0b3IlMjBkZSUyMGclQzMlQUFuZXJvcyUyMGRlJTIwYWdyJUMzJUFEY29sYXMlMjBkZSUyMGJhc2UlMjBmYW1pbGlhciUyQyUyMG9yZyVDMyVBMm5pY2ElMjBlJTJGb3UlMjBhZ3JvZWNvbCVDMyVCM2dpY2EuJTIwQSUyMHByZXNlbiVDMyVBN2ElMjBkYSUyMGFncmljdWx0dXJhJTIwZmFtaWxpYXIlMjAlQzMlQTklMjB0JUMzJUEzbyUyMGZvcnRlJTIwbm8lMjBtdW5pYyVDMyVBRHBpbyUyMHF1ZSUyMGVtJTIwMjAxOCUyMGZvaSUyMGNyaWFkYSUyMGElMjBGZWlyYSUyMEFncm9lY29sJUMzJUIzZ2ljYSUyMGRlJTIwUGF0eSUyMGRvJTIwQWxmZXJlcyUyMGNvbW8lMjB1bWElMjBmb3JtYSUyMGRlJTIwdmFsb3JpemFyJTIwYSUyMHByb2R1JUMzJUE3JUMzJUEzbyUyMGxvY2FsJTIwZSUyMGVzdGltdWxhciUyMHByb2R1JUMzJUE3JUMzJUI1ZXMlMjBzdXN0ZW50JUMzJUExdmVpcyUyMGUlMjBjb25zdW1vJTIwc2F1ZCVDMyVBMXZlbCUyMGRlJTIwYWxpbWVudG9zLiUzQyUyRnAlM0UlMEElMEElM0NwJTNFUGF0eSUyMGRvJTIwQWxmZXJlcyUyMCVDMyVBOSUyMHVtJTIwbXVuaWMlQzMlQURwaW8lMjBxdWUlMjBvcmlnaW5hbG1lbnRlJTIwZXN0YXZhJTIwYXRyZWxhZG8lMjBhJTIwVmFzc291cmFzJTJDJTIwZSUyMGFjaGEtc2UlMjBsaWdhZG8lMjAlQzMlQTAlMjBleHBhbnMlQzMlQTNvJTIwZGElMjBjdWx0dXJhJTIwY2FmZWVpcmElMjBubyUyMHZhbGUlMjBmbHVtaW5lbnNlJTIwZG8lMjByaW8lMjBQYXJhJUMzJUFEYmElMjBkbyUyMFN1bC4lMjBGb2klMjBuZXNzZSUyMG11bmljJUMzJUFEcGlvJTIwcXVlJTIwdml2ZXUlMjBvJTIwbCVDMyVBRGRlciUyMG5lZ3JvJTIwZGUlMjBlc2NyYXZvcyUyME1hbm9lbCUyMENvbmdvJTIwcXVlJTIwcmV1bml1JTIwc29iJTIwc3VhJTIwbGlkZXJhbiVDMyVBN2ElMjBlc2NyYXZvcyUyMGFtb3RpbmFkb3MlMjBmdWdpdGl2b3MlMjBkZSUyMGRpdmVyc2FzJTIwZmF6ZW5kYXMlMjBkYSUyMHJlZ2klQzMlQTNvJTJDJTIwdGVuZG8lMjBzaWRvJTIwcHJlc28lMjBlJTIwZW5mb3JjYWRvJTIwZW0lMjAxODM5LiUyMFBhdHklMjBkbyUyMEFsZmVyZXMlMjBwb3NzdWklMjBhdHJpYnV0b3MlMjBoaXN0JUMzJUIzcmljb3MlMjBtYXRlcmlhaXMlMjBjb21vJTIwYSUyMElncmVqYSUyMGRlJTIwTm9zc2ElMjBTZW5ob3JhJTIwZGElMjBDb25jZWklQzMlQTclQzMlQTNvJTJDJTIwYSUyMEMlQzMlQTJtYXJhJTIwTXVuaWNpcGFsJTIwZSUyMGElMjBGYXplbmRhJTIwUCVDMyVBM28lMjBHcmFuZGUuJTIwTm9zJTIwYXRyaWJ1dG9zJTIwaW1hdGVyaWFpcyUyMEJhbmRhJTIwTWFlc3RybyUyMEpvcyVDMyVBOSUyMEZpZ3VlaXJhJTJDJTIwYSUyMEZvbGlhJTIwZGUlMjBSZWlzJTJDJTIwYSUyMEZlc3RhJTIwZG8lMjBUb21hdGUlMjBlJTIwQWxkZWlhJTIwZGUlMjBBcmNvemVsbyUyMG9uZGUlMjBleGlzdGUlMjBvJTIwTWVtb3JpYWwlMjBNYW5vZWwlMjBDb25nby4lMjBGdW5kYW1lbnRhbCUyMGRlc3RhY2FyJTIwcXVlJTIwc3VyZ2UlMjBuZXNzZSUyMGNvbnRleHRvJTIwdW0lMjBub3ZvJTIwZWxlbWVudG8lMjBxdWUlMjBhZ3JlZ2ElMjBkZXN0YXF1ZSUyMG5vJTIwbXVuaWMlQzMlQURwaW8lMkMlMjB0cmF0YS1zZSUyMGRvJTIwdHVyaXNtbyUyMHJ1cmFsLiUyMCVDMyU4OSUyMHBvc3MlQzMlQUR2ZWwlMjBlbmNvbnRyYXIlMjBlbSUyMCVFMiU4MCU5Q1BhdHklRTIlODAlOUQlMjBkZXN0aW5vcyUyMGRlJTIwdHVyaXNtbyUyMHJ1cmFsJTIwcXVlJTIwZGVzdGFjYW0lMjBuYSUyMHByb2R1JUMzJUE3JUMzJUEzbyUyMGRlJTIwdG9tYXRlcyUyQyUyMG5vJTIwY3VsdGl2byUyMGRlJTIwb3JxdSVDMyVBRGRlYXMlMjBlJTIwYnJvbSVDMyVBOWxpYXMlMjBlJTIwYXMlMjB2aXNpdGFzJTIwYXMlMjBlc3R1ZmFzJTIwZGUlMjB0b21hdGUlMkMlMjBiZW0lMjBjb21vJTIwb3MlMjBwYXNzZWlvcyUyMG5hcyUyMGxhdm91cmFzJTIwZGUlMjBsb3VybyUyMHF1ZSUyMHRvcm5hJTIwbyUyMG11bmljJUMzJUFEcGlvJTIwdW0lMjBncmFuZGUlMjBwcm9kdXRvciUyMGNvbSUyMG1haXMlMjBkZSUyMDMwMCUyMG1pbCUyMHAlQzMlQTlzLiUzQyUyRnAlM0UlMEElM0MlMkZkaXYlM0U=[\/vc_raw_html]","protected":false},"author":1,"featured_media":0,"parent":22929,"menu_order":0,"comment_status":"closed","ping_status":"closed","template":"","meta":{"inline_featured_image":false,"footnotes":""},"class_list":["post-23401","page","type-page","status-publish","hentry"],"_links":{"self":[{"href":"https:\/\/oruralcomopaisagem.com.br\/atlas\/wp-json\/wp\/v2\/pages\/23401"}],"collection":[{"href":"https:\/\/oruralcomopaisagem.com.br\/atlas\/wp-json\/wp\/v2\/pages"}],"about":[{"href":"https:\/\/oruralcomopaisagem.com.br\/atlas\/wp-json\/wp\/v2\/types\/page"}],"author":[{"embeddable":true,"href":"https:\/\/oruralcomopaisagem.com.br\/atlas\/wp-json\/wp\/v2\/users\/1"}],"replies":[{"embeddable":true,"href":"https:\/\/oruralcomopaisagem.com.br\/atlas\/wp-json\/wp\/v2\/comments?post=23401"}],"version-history":[{"count":5,"href":"https:\/\/oruralcomopaisagem.com.br\/atlas\/wp-json\/wp\/v2\/pages\/23401\/revisions"}],"predecessor-version":[{"id":24000,"href":"https:\/\/oruralcomopaisagem.com.br\/atlas\/wp-json\/wp\/v2\/pages\/23401\/revisions\/24000"}],"up":[{"embeddable":true,"href":"https:\/\/oruralcomopaisagem.com.br\/atlas\/wp-json\/wp\/v2\/pages\/22929"}],"wp:attachment":[{"href":"https:\/\/oruralcomopaisagem.com.br\/atlas\/wp-json\/wp\/v2\/media?parent=23401"}],"curies":[{"name":"wp","href":"https:\/\/api.w.org\/{rel}","templated":true}]}}