{"id":23403,"date":"2025-05-14T16:11:45","date_gmt":"2025-05-14T19:11:45","guid":{"rendered":"https:\/\/oruralcomopaisagem.com.br\/atlas\/?page_id=23403"},"modified":"2025-06-06T15:18:40","modified_gmt":"2025-06-06T18:18:40","slug":"miguel-pereira","status":"publish","type":"page","link":"https:\/\/oruralcomopaisagem.com.br\/atlas\/vale-do-cafe\/miguel-pereira\/","title":{"rendered":"Miguel Pereira"},"content":{"rendered":"<section id=\"about\" data-vc-full-width=\"true\" data-vc-full-width-init=\"false\" class=\"vc_row wpb_row vc_row-fluid  vc_custom_1651890656987 wow fadeIn vc_row-has-fill pofo-stretch-content pofo-stretch-row-container pofo-row-responsive-69d979aadc536\"><div class=\"wpb_column vc_column_container vc_col-sm-4 vc_col-xs-12 pofo-column-responsive-69d979aadc574\"><div class=\"vc_column-inner \"><div class=\"wpb_wrapper\">[vc_single_image image=&#8221;23500&#8243; img_size=&#8221;full&#8221; css_animation=&#8221;left-to-right&#8221; css=&#8221;.vc_custom_1748550321992{padding-right: 35px !important;}&#8221;]<\/div><\/div><\/div><div class=\"wpb_column vc_column_container vc_col-sm-8  col-xs-mobile-fullwidth\"><div class=\"vc_column-inner \"><div class=\"wpb_wrapper\"><div class=\" vc_custom_1747251757403 last-paragraph-no-margin\" style=\"color: #ffffff;\"><p><span class=\"alt-font text-large width-100 line-height-40 display-table-cell vertical-align-middle\" style=\"font-size: 33px;\">Miguel Pereira<\/span><\/p>\n<\/div>[vc_separator color=&#8221;white&#8221; align=&#8221;align_left&#8221; el_class=&#8221;separator-line-horrizontal-medium-light3&#8243;]<div class=\" vc_custom_1747251784544 last-paragraph-no-margin\" style=\"color: #ffffff;\"><p><a class=\"section-link text-white text-black-hover\" href=\"#texto\">O caf\u00e9 teve grande import\u00e2ncia econ\u00f4mica no Brasil, sobretudo no s\u00e9culo XIX, quando foi seu apogeu. Ap\u00f3s expandir pelo territ\u00f3rio fluminense, chega ao m\u00e9dio vale do Para\u00edba, onde foi produzido em larga escala, fazendo com que a prov\u00edncia do Rio de Janeiro se transformasse no maior produtor do Brasil at\u00e9 praticamente o fim do&#8230; [ + ]<\/a><\/p>\n<\/div><\/div><\/div><\/div><\/section><div class=\"vc_row-full-width vc_clearfix\"><\/div><section data-vc-full-width=\"true\" data-vc-full-width-init=\"false\" class=\"vc_row wpb_row vc_row-fluid  vc_custom_1651890667031 wow fadeIn vc_row-has-fill pofo-stretch-content pofo-stretch-row-container pofo-row-responsive-69d979aadc61b\"><div class=\"wpb_column vc_column_container vc_col-sm-12  col-xs-mobile-fullwidth\"><div class=\"vc_column-inner vc_custom_1636927375865\"><div class=\"wpb_wrapper\">[vc_raw_html]JTVCaW5jbHVkZW1lJTIwZmlsZSUzRCUyMiUyRm1hcGFzJTJGdmFsZS1jYWZlJTJGc3ZnLW1hcGEtcmotdmFsZS1jYWZlLW1pZ3VlbC1wZXJlaXJhLmh0bWwlMjIlNUQ=[\/vc_raw_html]<\/div><\/div><\/div><\/section><div class=\"vc_row-full-width vc_clearfix\"><\/div><section data-vc-full-width=\"true\" data-vc-full-width-init=\"false\" class=\"vc_row wpb_row vc_row-fluid  vc_custom_1636927135699 wow fadeIn pofo-stretch-content pofo-stretch-row-container pofo-row-responsive-69d979aadc65d\"><div class=\"wpb_column vc_column_container vc_col-sm-12  col-xs-mobile-fullwidth\"><div class=\"vc_column-inner \"><div class=\"wpb_wrapper\"><div class=\"tab-style2\"><div class=\"row\"><div class=\"col-md-12 col-sm-12\"><ul class=\"nav nav-tabs alt-font text-small display-inherit font-weight-600 text-left text-uppercase\"><li  class=\"active\"><a href=\"#pofotabitem-21697208438-1-10-0\" data-toggle=\"tab\" class=\"\"><span>S\u00edtio Rancho Verde<\/span><\/a><\/li><li ><a href=\"#pofotabitem-21697208438-2-25-1\" data-toggle=\"tab\" class=\"\"><span>Rancho MC Taiana Correa<\/span><\/a><\/li><li ><a href=\"#pofotabitem-21749233877298-2-0-2\" data-toggle=\"tab\" class=\"\"><span>S\u00edtio das Rosas<\/span><\/a><\/li><li ><a href=\"#pofotabitem-21749233891932-3-6-3\" data-toggle=\"tab\" class=\"\"><span>S\u00edtio Floresta Daniel e Teresa<\/span><\/a><\/li><li ><a href=\"#pofotabitem-21749233905257-4-5-4\" data-toggle=\"tab\" class=\"\"><span>Cacha\u00e7a Magn\u00edfica<\/span><\/a><\/li><\/ul><div class=\"tab-content position-relative overflow-hidden\"><div class=\"tab-pane fade in active\" id=\"pofotabitem-21697208438-1-10-0\"><ul  class=\"portfolio-grid hover-option10 metro-gallery lightbox-portfolio work-3col gutter-medium\"><li class=\"grid-sizer\"><\/li><li class=\"grid-item\"><figure><div class=\"portfolio-img pofo-portfolio-page-background bg-black\"><img loading=\"lazy\" decoding=\"async\" src=\"https:\/\/oruralcomopaisagem.com.br\/atlas\/wp-content\/uploads\/2017\/08\/800x1600-ph.jpg\"  alt=\"\" width=\"800\" height=\"1600\" sizes=\"(max-width: 800px) 100vw, 800px\" class=\"project-img-gallery\" data-no-retina=\"\" \/><\/div><figcaption><div class=\"portfolio-hover-main text-center\"><div class=\"portfolio-hover-box vertical-align-middle\"><div class=\"portfolio-icon\"><a href=\"https:\/\/oruralcomopaisagem.com.br\/atlas\/wp-content\/uploads\/2017\/08\/800x1600-ph.jpg\" class=\"gallery-link\" data-group=\"pofo-lightbox-1\"  title=\"pofo 800&#215;1600-ph\"><i class=\"ti-zoom-in text-white fa-2x\" aria-hidden=\"true\"><\/i><\/a><\/div><\/div><\/div><\/figcaption><figure><\/li><\/ul><\/div><div class=\"tab-pane fade\" id=\"pofotabitem-21697208438-2-25-1\"><ul  class=\"portfolio-grid hover-option10 metro-gallery lightbox-portfolio work-3col gutter-medium\"><li class=\"grid-sizer\"><\/li><li class=\"grid-item\"><figure><div class=\"portfolio-img pofo-portfolio-page-background bg-black\"><img loading=\"lazy\" decoding=\"async\" src=\"https:\/\/oruralcomopaisagem.com.br\/atlas\/wp-content\/uploads\/2017\/08\/850x1000-ph.jpg\"  alt=\"\" width=\"850\" height=\"1000\" sizes=\"(max-width: 850px) 100vw, 850px\" class=\"project-img-gallery\" data-no-retina=\"\" \/><\/div><figcaption><div class=\"portfolio-hover-main text-center\"><div class=\"portfolio-hover-box vertical-align-middle\"><div class=\"portfolio-icon\"><a href=\"https:\/\/oruralcomopaisagem.com.br\/atlas\/wp-content\/uploads\/2017\/08\/850x1000-ph.jpg\" class=\"gallery-link\" data-group=\"pofo-lightbox-2\"  title=\"pofo 850&#215;1000-ph\"><i class=\"ti-zoom-in text-white fa-2x\" aria-hidden=\"true\"><\/i><\/a><\/div><\/div><\/div><\/figcaption><figure><\/li><\/ul><\/div><div class=\"tab-pane fade\" id=\"pofotabitem-21749233877298-2-0-2\"><ul  class=\"portfolio-grid hover-option10 metro-gallery lightbox-portfolio work-3col gutter-medium\"><li class=\"grid-sizer\"><\/li><li class=\"grid-item\"><figure><div class=\"portfolio-img pofo-portfolio-page-background bg-black\"><img loading=\"lazy\" decoding=\"async\" src=\"https:\/\/oruralcomopaisagem.com.br\/atlas\/wp-content\/uploads\/2017\/08\/850x1000-ph.jpg\"  alt=\"\" width=\"850\" height=\"1000\" sizes=\"(max-width: 850px) 100vw, 850px\" class=\"project-img-gallery\" data-no-retina=\"\" \/><\/div><figcaption><div class=\"portfolio-hover-main text-center\"><div class=\"portfolio-hover-box vertical-align-middle\"><div class=\"portfolio-icon\"><a href=\"https:\/\/oruralcomopaisagem.com.br\/atlas\/wp-content\/uploads\/2017\/08\/850x1000-ph.jpg\" class=\"gallery-link\" data-group=\"pofo-lightbox-3\"  title=\"pofo 850&#215;1000-ph\"><i class=\"ti-zoom-in text-white fa-2x\" aria-hidden=\"true\"><\/i><\/a><\/div><\/div><\/div><\/figcaption><figure><\/li><\/ul><\/div><div class=\"tab-pane fade\" id=\"pofotabitem-21749233891932-3-6-3\"><ul  class=\"portfolio-grid hover-option10 metro-gallery lightbox-portfolio work-3col gutter-medium\"><li class=\"grid-sizer\"><\/li><li class=\"grid-item\"><figure><div class=\"portfolio-img pofo-portfolio-page-background bg-black\"><img loading=\"lazy\" decoding=\"async\" src=\"https:\/\/oruralcomopaisagem.com.br\/atlas\/wp-content\/uploads\/2017\/08\/850x1000-ph.jpg\"  alt=\"\" width=\"850\" height=\"1000\" sizes=\"(max-width: 850px) 100vw, 850px\" class=\"project-img-gallery\" data-no-retina=\"\" \/><\/div><figcaption><div class=\"portfolio-hover-main text-center\"><div class=\"portfolio-hover-box vertical-align-middle\"><div class=\"portfolio-icon\"><a href=\"https:\/\/oruralcomopaisagem.com.br\/atlas\/wp-content\/uploads\/2017\/08\/850x1000-ph.jpg\" class=\"gallery-link\" data-group=\"pofo-lightbox-4\"  title=\"pofo 850&#215;1000-ph\"><i class=\"ti-zoom-in text-white fa-2x\" aria-hidden=\"true\"><\/i><\/a><\/div><\/div><\/div><\/figcaption><figure><\/li><\/ul><\/div><div class=\"tab-pane fade\" id=\"pofotabitem-21749233905257-4-5-4\"><ul  class=\"portfolio-grid hover-option10 metro-gallery lightbox-portfolio work-3col gutter-medium\"><li class=\"grid-sizer\"><\/li><li class=\"grid-item\"><figure><div class=\"portfolio-img pofo-portfolio-page-background bg-black\"><img loading=\"lazy\" decoding=\"async\" src=\"https:\/\/oruralcomopaisagem.com.br\/atlas\/wp-content\/uploads\/2017\/08\/850x1000-ph.jpg\"  alt=\"\" width=\"850\" height=\"1000\" sizes=\"(max-width: 850px) 100vw, 850px\" class=\"project-img-gallery\" data-no-retina=\"\" \/><\/div><figcaption><div class=\"portfolio-hover-main text-center\"><div class=\"portfolio-hover-box vertical-align-middle\"><div class=\"portfolio-icon\"><a href=\"https:\/\/oruralcomopaisagem.com.br\/atlas\/wp-content\/uploads\/2017\/08\/850x1000-ph.jpg\" class=\"gallery-link\" data-group=\"pofo-lightbox-5\"  title=\"pofo 850&#215;1000-ph\"><i class=\"ti-zoom-in text-white fa-2x\" aria-hidden=\"true\"><\/i><\/a><\/div><\/div><\/div><\/figcaption><figure><\/li><\/ul><\/div><\/div><\/div><\/div><\/div><\/div><\/div><\/div><\/section><div class=\"vc_row-full-width vc_clearfix\"><\/div><section id=\"texto\" data-vc-full-width=\"true\" data-vc-full-width-init=\"false\" class=\"vc_row wpb_row vc_row-fluid  vc_custom_1697208513334 vc_row-has-fill pofo-stretch-content pofo-stretch-row-container vc_row-o-content-middle vc_row-flex pofo-row-responsive-69d979aadcf77\"><div class=\"wpb_column vc_column_container vc_col-sm-12  col-xs-mobile-fullwidth wow fadeInUp pofo-column-responsive-69d979aadcfc4\"><div class=\"vc_column-inner \"><div class=\"wpb_wrapper\">[vc_raw_html]JTNDZGl2JTIwc3R5bGUlM0QlMjItd2Via2l0LWNvbHVtbnMlM0ElMjAzJTIwMzAwcHglM0ItbW96LWNvbHVtbnMlM0ElMjAzJTIwMzAwcHglM0IlMjAlMjBjb2x1bW5zJTNBJTIwMyUyMDMwMHB4JTNCJTIwLXdlYmtpdC1jb2x1bW4tZ2FwJTNBJTIwNGVtJTNCJTIwLW1vei1jb2x1bW4tZ2FwJTNBJTIwNGVtJTNCJTIwY29sdW1uLWdhcCUzQSUyMDRlbSUzQiUyMC13ZWJraXQtY29sdW1uLXJ1bGUlM0ElMjAxcHglMjBkb3R0ZWQlMjAlMjMyYzJjMmMlM0IlMjAtbW96LWNvbHVtbi1ydWxlJTNBJTIwMXB4JTIwZG90dGVkJTIwJTIzMmMyYzJjJTNCJTIwY29sdW1uLXJ1bGUlM0ElMjAxcHglMjBkb3R0ZWQlMjAlMjMyYzJjMmMlM0IlMjIlM0UlMEElMEElM0NzcGFuJTIwY2xhc3MlM0QlMjJ0ZXh0LWV4dHJhLWxhcmdlJTIwbWFyZ2luLTI1cHgtYm90dG9tJTIwZGlzcGxheS1pbmxpbmUtYmxvY2slMjBhbHQtZm9udCUyMGhlYWRpbmctc3R5bGUzJTIwcG9mby1idXR0b24tcmVzcG9uc2l2ZS02MmIyM2E3MTVlNDViJTIwJTIwaGVhZGluZy0xJTIyJTIwJTIwc3R5bGUlM0QlMjJjb2xvciUzQSUyMCUyM2ZmZmZmZiUzQiUyMiUzRU1pZ3VlbCUyMFBlcmVpcmElM0MlMkZzcGFuJTNFJTBBJTBBJTNDZGl2JTIwY2xhc3MlM0QlMjJ2Y19zZXBhcmF0b3IlMjB3cGJfY29udGVudF9lbGVtZW50JTIwdmNfc2VwYXJhdG9yX2FsaWduX2NlbnRlciUyMHZjX3NlcF93aWR0aF8xMDAlMjB2Y19zZXBfcG9zX2FsaWduX2xlZnQlMjB2Y19zZXBhcmF0b3Jfbm9fdGV4dCUyMHZjX2N1c3RvbV8xNjMzNTUyOTQwNTA4JTIwJTIwdmNfY3VzdG9tXzE2MzM1NTI5NDA1MDglMjBzZXBhcmF0b3ItbGluZS1ob3JyaXpvbnRhbC1tZWRpdW0tbGlnaHQzJTIyJTIwJTNFJTNDc3BhbiUyMGNsYXNzJTNEJTIydmNfc2VwX2hvbGRlciUyMHZjX3NlcF9ob2xkZXJfbCUyMiUzRSUzQ3NwYW4lMjAlMjBzdHlsZSUzRCUyMmJvcmRlci1jb2xvciUzQSUyM2EzMmYyZiUzQiUyMiUyMGNsYXNzJTNEJTIydmNfc2VwX2xpbmUlMjIlM0UlM0MlMkZzcGFuJTNFJTNDJTJGc3BhbiUzRSUzQ3NwYW4lMjBjbGFzcyUzRCUyMnZjX3NlcF9ob2xkZXIlMjB2Y19zZXBfaG9sZGVyX3IlMjIlM0UlM0NzcGFuJTIwJTIwc3R5bGUlM0QlMjJib3JkZXItY29sb3IlM0ElMjNhMzJmMmYlM0IlMjIlMjBjbGFzcyUzRCUyMnZjX3NlcF9saW5lJTIyJTNFJTNDJTJGc3BhbiUzRSUzQyUyRnNwYW4lM0UlMEElM0MlMkZkaXYlM0UlMEElMEElM0NwJTIwY2xhc3MlM0QlMjJtYXJnaW4tMjVweC10b3AlMjIlM0VPJTIwY2FmJUMzJUE5JTIwdGV2ZSUyMGdyYW5kZSUyMGltcG9ydCVDMyVBMm5jaWElMjBlY29uJUMzJUI0bWljYSUyMG5vJTIwQnJhc2lsJTJDJTIwc29icmV0dWRvJTIwbm8lMjBzJUMzJUE5Y3VsbyUyMFhJWCUyQyUyMHF1YW5kbyUyMGZvaSUyMHNldSUyMGFwb2dldS4lMjBBcCVDMyVCM3MlMjBleHBhbmRpciUyMHBlbG8lMjB0ZXJyaXQlQzMlQjNyaW8lMjBmbHVtaW5lbnNlJTJDJTIwY2hlZ2ElMjBhbyUyMG0lQzMlQTlkaW8lMjB2YWxlJTIwZG8lMjBQYXJhJUMzJUFEYmElMkMlMjBvbmRlJTIwZm9pJTIwcHJvZHV6aWRvJTIwZW0lMjBsYXJnYSUyMGVzY2FsYSUyQyUyMGZhemVuZG8lMjBjb20lMjBxdWUlMjBhJTIwcHJvdiVDMyVBRG5jaWElMjBkbyUyMFJpbyUyMGRlJTIwSmFuZWlybyUyMHNlJTIwdHJhbnNmb3JtYXNzZSUyMG5vJTIwbWFpb3IlMjBwcm9kdXRvciUyMGRvJTIwQnJhc2lsJTIwYXQlQzMlQTklMjBwcmF0aWNhbWVudGUlMjBvJTIwZmltJTIwZG8lMjBzJUMzJUE5Y3VsbyUyMFhJWCUyMFBhcmFjYW1iaS4lMjBBJTIwaGlzdCVDMyVCM3JpYSUyMGRlJTIwTWlndWVsJTIwUGVyZWlyYSUyMGluc2VyZS1zZSUyMG5lc3NhJTIwY29uanVudHVyYSUyMGUlMjBlc3QlQzMlQTElMjBsaWdhZGElMjBhJTIwVmFzc291cmFzJTIwZSUyMGRlJTIwUGF0eSUyMGRvJTIwQWxmZXJlcy4lMjBBJTIwb2N1cGElQzMlQTclQzMlQTNvJTIwZGFzJTIwJUMzJUExcmVhcyUyMHF1ZSUyMHBvc3Rlcmlvcm1lbnRlJTIwY29tcG9yaWFtJTIwbyUyMG11bmljJUMzJUFEcGlvJTIwdGV2ZSUyMG9yaWdlbSUyMG5hcyUyMHByaW1laXJhcyUyMGV4cGxvcmElQzMlQTclQzMlQjVlcyUyMHF1ZSUyMHZpc2F2YW0lMjBhJTIwdHJhbnNwb3IlMjBhJTIwc2VycmElMjBkbyUyME1hciUyQyUyMGNvbSUyMGElMjBhYmVydHVyYSUyMGRvJTIwQ2FtaW5obyUyME5vdm8lMjBkbyUyMFRpbmd1JUMzJUExJTIwcG9yJTIwR2FyY2lhJTIwUm9kcmlndWVzJTIwUGFlcy4lMjBNZXNtbyUyMHF1ZSUyMHN1YSUyMGhpc3QlQzMlQjNyaWElMjBlbnRyZWxhY2Utc2UlMjBjb20lMjBWYXNzb3VyYXMlMkMlMjBlbSUyMDI2JTIwZGUlMjBqdWxobyUyMGRlJTIwMTk1NiUyME1pZ3VlbCUyMFBlcmVpcmElMjB0b3JuYS1zZSUyMGluZGVwZW5kZW50ZS4lM0MlMkZwJTNFJTBBJTBBJTNDcCUzRU8lMjBtdW5pYyVDMyVBRHBpbyUyMHBlcnRlbmNlJTIwJUMzJUEwJTIwUmVnaSVDMyVBM28lMjBDZW50cm8tU3VsJTIwRmx1bWluZW5zZSUyQyUyMHF1ZSUyMHRhbWIlQzMlQTltJTIwYWJyYW5nZSUyMG9zJTIwbXVuaWMlQzMlQURwaW9zJTIwZGUlMjBBcmVhbCUyQyUyMENvbWVuZGFkb3IlMjBMZXZ5JTIwR2FzcGFyaWFuJTJDJTIwRW5nZW5oZWlybyUyMFBhdWxvJTIwZGUlMjBGcm9udGluJTJDJTIwTWVuZGVzJTJDJTIwUGFyYSVDMyVBRGJhJTIwZG8lMjBTdWwlMkMlMjBQYXR5JTIwZG8lMjBBbGZlcmVzJTJDJTIwU2FwdWNhaWElMkMlMjBUciVDMyVBQXMlMjBSaW9zJTIwZSUyMFZhc3NvdXJhcy4lMjBDb20lMjB1bWElMjAlQzMlQTFyZWElMjBkZSUyMDI4NyUyQzkzMyUyMGttJUMyJUIyJTIwZSUyMHVtYSUyMHBvcHVsYSVDMyVBNyVDMyVBM28lMjBkZSUyMDI2LjU4MiUyMHBlc3NvYXMlMjBzZWd1bmRvJTIwbyUyMENlbnNvJTIwZGUlMjAyMDIyJTJDJTIwbyUyMG11bmljJUMzJUFEcGlvJTIwZmF6JTIwbGltaXRlcyUyMGNvbSUyMER1cXVlJTIwZGUlMjBDYXhpYXMlMkMlMjBFbmdlbmhlaXJvJTIwUGF1bG8lMjBkZSUyMEZyb250aW4lMkMlMjBKYXBlcmklMkMlMjBOb3ZhJTIwSWd1YSVDMyVBN3UlMkMlMjBQYXJhY2FtYmklMkMlMjBQYXR5JTIwZG8lMjBBbGZlcmVzJTJDJTIwUGV0ciVDMyVCM3BvbGlzJTIwZSUyMFZhc3NvdXJhcy4lMjBFbSUyMHRlcm1vcyUyMGVjb24lQzMlQjRtaWNvcyUyMG8lMjBtdW5pYyVDMyVBRHBpbyUyMHBvc3N1aSUyMHJlbmRhJTIwYnJ1dGElMjBkZSUyMFIlMjQlMjAzMDAuNTQzLjMyMSUyQzkzJTJDJTIwcHJvamV0YW5kbyUyMHVtJTIwcHJvZHV0byUyMGludGVybm8lMjBicnV0byUyMHBlciUyMGNhcGl0YSUyMGRlJTIwUiUyNCUyMDI0LjY4NiUyQzIxLiUyME5vJTIwY29udGV4dG8lMjBkb3MlMjBtdW5pYyVDMyVBRHBpb3MlMjBkbyUyMENlbnRyby1TdWwlMjBGbHVtaW5lbnNlJTJDJTIwTWlndWVsJTIwUGVyZWlyYSUyMHZlbSUyMHNlJTIwZGVzdGFjYW5kbyUyMG5vcyUyMGludmVzdGltZW50b3MlMjByZWFsaXphZG9zJTIwcGVsbyUyMGV4ZWN1dGl2byUyMG11bmljaXBhbCUyQyUyMGVzcGVjaWFsbWVudGUlMjBhdHJhdGl2b3MlMjB0dXIlQzMlQURzdGljb3MlMjB1cmJhbm9zJTIwZGUlMjBtYXNzYS4lM0MlMkZwJTNFJTBBJTBBJTNDcCUzRU1hcyUyMGElMjBpbXBvcnQlQzMlQTJuY2lhJTIwZGUlMjBNaWd1ZWwlMjBQZXJlaXJhJTIwdWx0cmFwYXNzYSUyMG9zJTIwYXRyYXRpdm9zJTIwZGUlMjBtYXNzYSUyMG1haXMlMjByZWNlbnRlcy4lMjBEaXN0YW50ZSUyMGFwZW5hcyUyMDEyMCUyMGttJTIwZGElMjBjYXBpdGFsJTIwZmx1bWluZW5zZSUyQyUyMG8lMjBxdWUlMjBvJTIwdG9ybmElMjByZWxhdGl2YW1lbnRlJTIwJUUyJTgwJTlDcHIlQzMlQjN4aW1vJUUyJTgwJTlEJTIwYSUyMG1ldHIlQzMlQjNwb2xlJTJDJTIwYWNhYm91JTIwdG9ybmFuZG8lMjB1bSUyMGRlc3Rpbm8lMjBwYXJhJTIwYXF1ZWxlcyUyMGludGVyZXNzYWRvcyUyMG5vcyUyMGF0cmlidXRvcyUyMHR1ciVDMyVBRHN0aWNvcyUyMGRvJTIwbHVnYXIlMkMlMjBzZWphJTIwdW0lMjB0dXJpc21vJTIwaGlzdCVDMyVCM3JpY28lMkMlMjB1bSUyMHR1cmlzbW8lMjBkZSUyMG1hc3NhJTJDJTIwZWNvdHVyaXNtbyUyMGUlMjB0dXJpc21vJTIwcnVyYWwuJTIwJUMzJTg5JTIwcG9zcyVDMyVBRHZlbCUyMGNvbmhlY2VyJTIwbyUyMFZhbGUlMjBkYXMlMjBQcmluY2VzYXMlMjBubyUyMENhbWluaG8lMjBkbyUyMEltcGVyYWRvciUyMGUlMjByZXBvdXNhciUyMGVtJTIwdW1hJTIwcG91c2FkYSUyMHJ1cmFsJTJDJTIwdml2ZXIlMjBhJTIwZXhwZXJpJUMzJUFBbmNpYSUyMGRlJTIwY29saGUlMjBlJTIwcGFndWUlMjBkZSUyMGZsb3JlcyUyMGUlMjBjb25oZWNlciUyMHVtJTIwbGF0aWMlQzMlQURuaW8lMjBmYW1pbGlhci4lMjBNYXMlMjB0YW1iJUMzJUE5bSUyQyUyMG8lMjB2aXNpdGFudGUlMjB0ZW0lMjBhJTIwb3AlQzMlQTclQzMlQTNvJTIwZGUlMjB2aXNpdGFyJTIwZXN0dWZhcyUyMGRlJTIwdG9tYXRlJTJDJTIwYWRtaXJhciUyMGUlMjBhZHF1aXJpciUyMHJvc2FzJTIwZSUyMGNvbmhlY2VyJTIwYWxhbWJpcXVlcyUyMGNhbWluaGFuZG8lMjBwZWxvJTIwY2FuYXZpYWwuJTIwJUMzJTg5JTIwdW1hJTIwZXhwZXJpJUMzJUFBbmNpYSUyMCVDMyVCQW5pY2EuJTNDJTJGcCUzRSUwQSUzQyUyRmRpdiUzRQ==[\/vc_raw_html]<\/div><\/div><\/div><\/section><div class=\"vc_row-full-width vc_clearfix\"><\/div>\n","protected":false},"excerpt":{"rendered":"[vc_single_image image=\"23500\" img_size=\"full\" css_animation=\"left-to-right\" css=\".vc_custom_1748550321992{padding-right: 35px !important;}\"]Miguel Pereira [vc_separator color=\"white\" align=\"align_left\" el_class=\"separator-line-horrizontal-medium-light3\"]O caf\u00e9 teve grande import\u00e2ncia econ\u00f4mica no Brasil, sobretudo no s\u00e9culo XIX, quando foi seu apogeu. Ap\u00f3s expandir pelo territ\u00f3rio fluminense, chega ao m\u00e9dio vale do Para\u00edba, onde foi produzido em larga escala, fazendo com que a prov\u00edncia do Rio de Janeiro se transformasse no maior produtor do Brasil at\u00e9 praticamente o fim do... [ + ] [vc_raw_html]JTVCaW5jbHVkZW1lJTIwZmlsZSUzRCUyMiUyRm1hcGFzJTJGdmFsZS1jYWZlJTJGc3ZnLW1hcGEtcmotdmFsZS1jYWZlLW1pZ3VlbC1wZXJlaXJhLmh0bWwlMjIlNUQ=[\/vc_raw_html]S\u00edtio Rancho VerdeRancho MC Taiana CorreaS\u00edtio das RosasS\u00edtio Floresta Daniel e TeresaCacha\u00e7a Magn\u00edfica[vc_raw_html]JTNDZGl2JTIwc3R5bGUlM0QlMjItd2Via2l0LWNvbHVtbnMlM0ElMjAzJTIwMzAwcHglM0ItbW96LWNvbHVtbnMlM0ElMjAzJTIwMzAwcHglM0IlMjAlMjBjb2x1bW5zJTNBJTIwMyUyMDMwMHB4JTNCJTIwLXdlYmtpdC1jb2x1bW4tZ2FwJTNBJTIwNGVtJTNCJTIwLW1vei1jb2x1bW4tZ2FwJTNBJTIwNGVtJTNCJTIwY29sdW1uLWdhcCUzQSUyMDRlbSUzQiUyMC13ZWJraXQtY29sdW1uLXJ1bGUlM0ElMjAxcHglMjBkb3R0ZWQlMjAlMjMyYzJjMmMlM0IlMjAtbW96LWNvbHVtbi1ydWxlJTNBJTIwMXB4JTIwZG90dGVkJTIwJTIzMmMyYzJjJTNCJTIwY29sdW1uLXJ1bGUlM0ElMjAxcHglMjBkb3R0ZWQlMjAlMjMyYzJjMmMlM0IlMjIlM0UlMEElMEElM0NzcGFuJTIwY2xhc3MlM0QlMjJ0ZXh0LWV4dHJhLWxhcmdlJTIwbWFyZ2luLTI1cHgtYm90dG9tJTIwZGlzcGxheS1pbmxpbmUtYmxvY2slMjBhbHQtZm9udCUyMGhlYWRpbmctc3R5bGUzJTIwcG9mby1idXR0b24tcmVzcG9uc2l2ZS02MmIyM2E3MTVlNDViJTIwJTIwaGVhZGluZy0xJTIyJTIwJTIwc3R5bGUlM0QlMjJjb2xvciUzQSUyMCUyM2ZmZmZmZiUzQiUyMiUzRU1pZ3VlbCUyMFBlcmVpcmElM0MlMkZzcGFuJTNFJTBBJTBBJTNDZGl2JTIwY2xhc3MlM0QlMjJ2Y19zZXBhcmF0b3IlMjB3cGJfY29udGVudF9lbGVtZW50JTIwdmNfc2VwYXJhdG9yX2FsaWduX2NlbnRlciUyMHZjX3NlcF93aWR0aF8xMDAlMjB2Y19zZXBfcG9zX2FsaWduX2xlZnQlMjB2Y19zZXBhcmF0b3Jfbm9fdGV4dCUyMHZjX2N1c3RvbV8xNjMzNTUyOTQwNTA4JTIwJTIwdmNfY3VzdG9tXzE2MzM1NTI5NDA1MDglMjBzZXBhcmF0b3ItbGluZS1ob3JyaXpvbnRhbC1tZWRpdW0tbGlnaHQzJTIyJTIwJTNFJTNDc3BhbiUyMGNsYXNzJTNEJTIydmNfc2VwX2hvbGRlciUyMHZjX3NlcF9ob2xkZXJfbCUyMiUzRSUzQ3NwYW4lMjAlMjBzdHlsZSUzRCUyMmJvcmRlci1jb2xvciUzQSUyM2EzMmYyZiUzQiUyMiUyMGNsYXNzJTNEJTIydmNfc2VwX2xpbmUlMjIlM0UlM0MlMkZzcGFuJTNFJTNDJTJGc3BhbiUzRSUzQ3NwYW4lMjBjbGFzcyUzRCUyMnZjX3NlcF9ob2xkZXIlMjB2Y19zZXBfaG9sZGVyX3IlMjIlM0UlM0NzcGFuJTIwJTIwc3R5bGUlM0QlMjJib3JkZXItY29sb3IlM0ElMjNhMzJmMmYlM0IlMjIlMjBjbGFzcyUzRCUyMnZjX3NlcF9saW5lJTIyJTNFJTNDJTJGc3BhbiUzRSUzQyUyRnNwYW4lM0UlMEElM0MlMkZkaXYlM0UlMEElMEElM0NwJTIwY2xhc3MlM0QlMjJtYXJnaW4tMjVweC10b3AlMjIlM0VPJTIwY2FmJUMzJUE5JTIwdGV2ZSUyMGdyYW5kZSUyMGltcG9ydCVDMyVBMm5jaWElMjBlY29uJUMzJUI0bWljYSUyMG5vJTIwQnJhc2lsJTJDJTIwc29icmV0dWRvJTIwbm8lMjBzJUMzJUE5Y3VsbyUyMFhJWCUyQyUyMHF1YW5kbyUyMGZvaSUyMHNldSUyMGFwb2dldS4lMjBBcCVDMyVCM3MlMjBleHBhbmRpciUyMHBlbG8lMjB0ZXJyaXQlQzMlQjNyaW8lMjBmbHVtaW5lbnNlJTJDJTIwY2hlZ2ElMjBhbyUyMG0lQzMlQTlkaW8lMjB2YWxlJTIwZG8lMjBQYXJhJUMzJUFEYmElMkMlMjBvbmRlJTIwZm9pJTIwcHJvZHV6aWRvJTIwZW0lMjBsYXJnYSUyMGVzY2FsYSUyQyUyMGZhemVuZG8lMjBjb20lMjBxdWUlMjBhJTIwcHJvdiVDMyVBRG5jaWElMjBkbyUyMFJpbyUyMGRlJTIwSmFuZWlybyUyMHNlJTIwdHJhbnNmb3JtYXNzZSUyMG5vJTIwbWFpb3IlMjBwcm9kdXRvciUyMGRvJTIwQnJhc2lsJTIwYXQlQzMlQTklMjBwcmF0aWNhbWVudGUlMjBvJTIwZmltJTIwZG8lMjBzJUMzJUE5Y3VsbyUyMFhJWCUyMFBhcmFjYW1iaS4lMjBBJTIwaGlzdCVDMyVCM3JpYSUyMGRlJTIwTWlndWVsJTIwUGVyZWlyYSUyMGluc2VyZS1zZSUyMG5lc3NhJTIwY29uanVudHVyYSUyMGUlMjBlc3QlQzMlQTElMjBsaWdhZGElMjBhJTIwVmFzc291cmFzJTIwZSUyMGRlJTIwUGF0eSUyMGRvJTIwQWxmZXJlcy4lMjBBJTIwb2N1cGElQzMlQTclQzMlQTNvJTIwZGFzJTIwJUMzJUExcmVhcyUyMHF1ZSUyMHBvc3Rlcmlvcm1lbnRlJTIwY29tcG9yaWFtJTIwbyUyMG11bmljJUMzJUFEcGlvJTIwdGV2ZSUyMG9yaWdlbSUyMG5hcyUyMHByaW1laXJhcyUyMGV4cGxvcmElQzMlQTclQzMlQjVlcyUyMHF1ZSUyMHZpc2F2YW0lMjBhJTIwdHJhbnNwb3IlMjBhJTIwc2VycmElMjBkbyUyME1hciUyQyUyMGNvbSUyMGElMjBhYmVydHVyYSUyMGRvJTIwQ2FtaW5obyUyME5vdm8lMjBkbyUyMFRpbmd1JUMzJUExJTIwcG9yJTIwR2FyY2lhJTIwUm9kcmlndWVzJTIwUGFlcy4lMjBNZXNtbyUyMHF1ZSUyMHN1YSUyMGhpc3QlQzMlQjNyaWElMjBlbnRyZWxhY2Utc2UlMjBjb20lMjBWYXNzb3VyYXMlMkMlMjBlbSUyMDI2JTIwZGUlMjBqdWxobyUyMGRlJTIwMTk1NiUyME1pZ3VlbCUyMFBlcmVpcmElMjB0b3JuYS1zZSUyMGluZGVwZW5kZW50ZS4lM0MlMkZwJTNFJTBBJTBBJTNDcCUzRU8lMjBtdW5pYyVDMyVBRHBpbyUyMHBlcnRlbmNlJTIwJUMzJUEwJTIwUmVnaSVDMyVBM28lMjBDZW50cm8tU3VsJTIwRmx1bWluZW5zZSUyQyUyMHF1ZSUyMHRhbWIlQzMlQTltJTIwYWJyYW5nZSUyMG9zJTIwbXVuaWMlQzMlQURwaW9zJTIwZGUlMjBBcmVhbCUyQyUyMENvbWVuZGFkb3IlMjBMZXZ5JTIwR2FzcGFyaWFuJTJDJTIwRW5nZW5oZWlybyUyMFBhdWxvJTIwZGUlMjBGcm9udGluJTJDJTIwTWVuZGVzJTJDJTIwUGFyYSVDMyVBRGJhJTIwZG8lMjBTdWwlMkMlMjBQYXR5JTIwZG8lMjBBbGZlcmVzJTJDJTIwU2FwdWNhaWElMkMlMjBUciVDMyVBQXMlMjBSaW9zJTIwZSUyMFZhc3NvdXJhcy4lMjBDb20lMjB1bWElMjAlQzMlQTFyZWElMjBkZSUyMDI4NyUyQzkzMyUyMGttJUMyJUIyJTIwZSUyMHVtYSUyMHBvcHVsYSVDMyVBNyVDMyVBM28lMjBkZSUyMDI2LjU4MiUyMHBlc3NvYXMlMjBzZWd1bmRvJTIwbyUyMENlbnNvJTIwZGUlMjAyMDIyJTJDJTIwbyUyMG11bmljJUMzJUFEcGlvJTIwZmF6JTIwbGltaXRlcyUyMGNvbSUyMER1cXVlJTIwZGUlMjBDYXhpYXMlMkMlMjBFbmdlbmhlaXJvJTIwUGF1bG8lMjBkZSUyMEZyb250aW4lMkMlMjBKYXBlcmklMkMlMjBOb3ZhJTIwSWd1YSVDMyVBN3UlMkMlMjBQYXJhY2FtYmklMkMlMjBQYXR5JTIwZG8lMjBBbGZlcmVzJTJDJTIwUGV0ciVDMyVCM3BvbGlzJTIwZSUyMFZhc3NvdXJhcy4lMjBFbSUyMHRlcm1vcyUyMGVjb24lQzMlQjRtaWNvcyUyMG8lMjBtdW5pYyVDMyVBRHBpbyUyMHBvc3N1aSUyMHJlbmRhJTIwYnJ1dGElMjBkZSUyMFIlMjQlMjAzMDAuNTQzLjMyMSUyQzkzJTJDJTIwcHJvamV0YW5kbyUyMHVtJTIwcHJvZHV0byUyMGludGVybm8lMjBicnV0byUyMHBlciUyMGNhcGl0YSUyMGRlJTIwUiUyNCUyMDI0LjY4NiUyQzIxLiUyME5vJTIwY29udGV4dG8lMjBkb3MlMjBtdW5pYyVDMyVBRHBpb3MlMjBkbyUyMENlbnRyby1TdWwlMjBGbHVtaW5lbnNlJTJDJTIwTWlndWVsJTIwUGVyZWlyYSUyMHZlbSUyMHNlJTIwZGVzdGFjYW5kbyUyMG5vcyUyMGludmVzdGltZW50b3MlMjByZWFsaXphZG9zJTIwcGVsbyUyMGV4ZWN1dGl2byUyMG11bmljaXBhbCUyQyUyMGVzcGVjaWFsbWVudGUlMjBhdHJhdGl2b3MlMjB0dXIlQzMlQURzdGljb3MlMjB1cmJhbm9zJTIwZGUlMjBtYXNzYS4lM0MlMkZwJTNFJTBBJTBBJTNDcCUzRU1hcyUyMGElMjBpbXBvcnQlQzMlQTJuY2lhJTIwZGUlMjBNaWd1ZWwlMjBQZXJlaXJhJTIwdWx0cmFwYXNzYSUyMG9zJTIwYXRyYXRpdm9zJTIwZGUlMjBtYXNzYSUyMG1haXMlMjByZWNlbnRlcy4lMjBEaXN0YW50ZSUyMGFwZW5hcyUyMDEyMCUyMGttJTIwZGElMjBjYXBpdGFsJTIwZmx1bWluZW5zZSUyQyUyMG8lMjBxdWUlMjBvJTIwdG9ybmElMjByZWxhdGl2YW1lbnRlJTIwJUUyJTgwJTlDcHIlQzMlQjN4aW1vJUUyJTgwJTlEJTIwYSUyMG1ldHIlQzMlQjNwb2xlJTJDJTIwYWNhYm91JTIwdG9ybmFuZG8lMjB1bSUyMGRlc3Rpbm8lMjBwYXJhJTIwYXF1ZWxlcyUyMGludGVyZXNzYWRvcyUyMG5vcyUyMGF0cmlidXRvcyUyMHR1ciVDMyVBRHN0aWNvcyUyMGRvJTIwbHVnYXIlMkMlMjBzZWphJTIwdW0lMjB0dXJpc21vJTIwaGlzdCVDMyVCM3JpY28lMkMlMjB1bSUyMHR1cmlzbW8lMjBkZSUyMG1hc3NhJTJDJTIwZWNvdHVyaXNtbyUyMGUlMjB0dXJpc21vJTIwcnVyYWwuJTIwJUMzJTg5JTIwcG9zcyVDMyVBRHZlbCUyMGNvbmhlY2VyJTIwbyUyMFZhbGUlMjBkYXMlMjBQcmluY2VzYXMlMjBubyUyMENhbWluaG8lMjBkbyUyMEltcGVyYWRvciUyMGUlMjByZXBvdXNhciUyMGVtJTIwdW1hJTIwcG91c2FkYSUyMHJ1cmFsJTJDJTIwdml2ZXIlMjBhJTIwZXhwZXJpJUMzJUFBbmNpYSUyMGRlJTIwY29saGUlMjBlJTIwcGFndWUlMjBkZSUyMGZsb3JlcyUyMGUlMjBjb25oZWNlciUyMHVtJTIwbGF0aWMlQzMlQURuaW8lMjBmYW1pbGlhci4lMjBNYXMlMjB0YW1iJUMzJUE5bSUyQyUyMG8lMjB2aXNpdGFudGUlMjB0ZW0lMjBhJTIwb3AlQzMlQTclQzMlQTNvJTIwZGUlMjB2aXNpdGFyJTIwZXN0dWZhcyUyMGRlJTIwdG9tYXRlJTJDJTIwYWRtaXJhciUyMGUlMjBhZHF1aXJpciUyMHJvc2FzJTIwZSUyMGNvbmhlY2VyJTIwYWxhbWJpcXVlcyUyMGNhbWluaGFuZG8lMjBwZWxvJTIwY2FuYXZpYWwuJTIwJUMzJTg5JTIwdW1hJTIwZXhwZXJpJUMzJUFBbmNpYSUyMCVDMyVCQW5pY2EuJTNDJTJGcCUzRSUwQSUzQyUyRmRpdiUzRQ==[\/vc_raw_html]","protected":false},"author":1,"featured_media":0,"parent":22929,"menu_order":0,"comment_status":"closed","ping_status":"closed","template":"","meta":{"inline_featured_image":false,"footnotes":""},"class_list":["post-23403","page","type-page","status-publish","hentry"],"_links":{"self":[{"href":"https:\/\/oruralcomopaisagem.com.br\/atlas\/wp-json\/wp\/v2\/pages\/23403"}],"collection":[{"href":"https:\/\/oruralcomopaisagem.com.br\/atlas\/wp-json\/wp\/v2\/pages"}],"about":[{"href":"https:\/\/oruralcomopaisagem.com.br\/atlas\/wp-json\/wp\/v2\/types\/page"}],"author":[{"embeddable":true,"href":"https:\/\/oruralcomopaisagem.com.br\/atlas\/wp-json\/wp\/v2\/users\/1"}],"replies":[{"embeddable":true,"href":"https:\/\/oruralcomopaisagem.com.br\/atlas\/wp-json\/wp\/v2\/comments?post=23403"}],"version-history":[{"count":5,"href":"https:\/\/oruralcomopaisagem.com.br\/atlas\/wp-json\/wp\/v2\/pages\/23403\/revisions"}],"predecessor-version":[{"id":24003,"href":"https:\/\/oruralcomopaisagem.com.br\/atlas\/wp-json\/wp\/v2\/pages\/23403\/revisions\/24003"}],"up":[{"embeddable":true,"href":"https:\/\/oruralcomopaisagem.com.br\/atlas\/wp-json\/wp\/v2\/pages\/22929"}],"wp:attachment":[{"href":"https:\/\/oruralcomopaisagem.com.br\/atlas\/wp-json\/wp\/v2\/media?parent=23403"}],"curies":[{"name":"wp","href":"https:\/\/api.w.org\/{rel}","templated":true}]}}