{"id":23423,"date":"2025-05-14T16:52:00","date_gmt":"2025-05-14T19:52:00","guid":{"rendered":"https:\/\/oruralcomopaisagem.com.br\/atlas\/?page_id=23423"},"modified":"2025-06-11T10:56:25","modified_gmt":"2025-06-11T13:56:25","slug":"mendes","status":"publish","type":"page","link":"https:\/\/oruralcomopaisagem.com.br\/atlas\/vale-do-cafe\/mendes\/","title":{"rendered":"Mendes"},"content":{"rendered":"<section id=\"about\" data-vc-full-width=\"true\" data-vc-full-width-init=\"false\" class=\"vc_row wpb_row vc_row-fluid  vc_custom_1651890656987 wow fadeIn vc_row-has-fill pofo-stretch-content pofo-stretch-row-container pofo-row-responsive-69d97a7958bdd\"><div class=\"wpb_column vc_column_container vc_col-sm-4 vc_col-xs-12 pofo-column-responsive-69d97a7958c25\"><div class=\"vc_column-inner \"><div class=\"wpb_wrapper\">[vc_single_image image=&#8221;23498&#8243; img_size=&#8221;full&#8221; css_animation=&#8221;left-to-right&#8221; css=&#8221;.vc_custom_1748550264842{padding-right: 35px !important;}&#8221;]<\/div><\/div><\/div><div class=\"wpb_column vc_column_container vc_col-sm-8  col-xs-mobile-fullwidth\"><div class=\"vc_column-inner \"><div class=\"wpb_wrapper\"><div class=\" vc_custom_1747252418586 last-paragraph-no-margin\" style=\"color: #ffffff;\"><p><span class=\"alt-font text-large width-100 line-height-40 display-table-cell vertical-align-middle\" style=\"font-size: 33px;\">Mendes<\/span><\/p>\n<\/div>[vc_separator color=&#8221;white&#8221; align=&#8221;align_left&#8221; el_class=&#8221;separator-line-horrizontal-medium-light3&#8243;]<div class=\" vc_custom_1747252443449 last-paragraph-no-margin\" style=\"color: #ffffff;\"><p><a class=\"section-link text-white text-black-hover\" href=\"#texto\">A hist\u00f3ria do munic\u00edpio de Mendes remonta o in\u00edcio do s\u00e9culo XX quando se estabeleceu como um rancho para pouso de tropas erguido \u00e0s margens do Caminho Novo do Tingu\u00e1, num atalho que ligava a aldeia de Valen\u00e7a \u00e0 cidade do Rio de Janeiro. Sua hist\u00f3ria est\u00e1 diretamente ligada \u00e0 distribui\u00e7\u00e3o de terras de sesmarias&#8230; [ + ]<\/a><\/p>\n<\/div><\/div><\/div><\/div><\/section><div class=\"vc_row-full-width vc_clearfix\"><\/div><section data-vc-full-width=\"true\" data-vc-full-width-init=\"false\" class=\"vc_row wpb_row vc_row-fluid  vc_custom_1651890667031 wow fadeIn vc_row-has-fill pofo-stretch-content pofo-stretch-row-container pofo-row-responsive-69d97a7958ccf\"><div class=\"wpb_column vc_column_container vc_col-sm-12  col-xs-mobile-fullwidth\"><div class=\"vc_column-inner vc_custom_1636927375865\"><div class=\"wpb_wrapper\">[vc_raw_html]JTVCaW5jbHVkZW1lJTIwZmlsZSUzRCUyMiUyRm1hcGFzJTJGdmFsZS1jYWZlJTJGc3ZnLW1hcGEtcmotdmFsZS1jYWZlLW1lbmRlcy5odG1sJTIyJTVE[\/vc_raw_html]<\/div><\/div><\/div><\/section><div class=\"vc_row-full-width vc_clearfix\"><\/div><section data-vc-full-width=\"true\" data-vc-full-width-init=\"false\" class=\"vc_row wpb_row vc_row-fluid  vc_custom_1636927135699 wow fadeIn pofo-stretch-content pofo-stretch-row-container pofo-row-responsive-69d97a7958d16\"><div class=\"wpb_column vc_column_container vc_col-sm-12  col-xs-mobile-fullwidth\"><div class=\"vc_column-inner \"><div class=\"wpb_wrapper\"><div class=\"tab-style2\"><div class=\"row\"><div class=\"col-md-12 col-sm-12\"><ul class=\"nav nav-tabs alt-font text-small display-inherit font-weight-600 text-left text-uppercase\"><li  class=\"active\"><a href=\"#pofotabitem-21697208438-1-10-0\" data-toggle=\"tab\" class=\"\"><span>S\u00edtio Paioti, M\u00e3idi e Tionadi<\/span><\/a><\/li><li ><a href=\"#pofotabitem-21697208438-2-25-1\" data-toggle=\"tab\" class=\"\"><span>Fazenda Entresserros<\/span><\/a><\/li><\/ul><div class=\"tab-content position-relative overflow-hidden\"><div class=\"tab-pane fade in active\" id=\"pofotabitem-21697208438-1-10-0\"><ul  class=\"portfolio-grid hover-option10 metro-gallery lightbox-portfolio work-3col gutter-medium\"><li class=\"grid-sizer\"><\/li><li class=\"grid-item\"><figure><div class=\"portfolio-img pofo-portfolio-page-background bg-black\"><img loading=\"lazy\" decoding=\"async\" src=\"https:\/\/oruralcomopaisagem.com.br\/atlas\/wp-content\/uploads\/2017\/08\/800x1600-ph.jpg\"  alt=\"\" width=\"800\" height=\"1600\" sizes=\"(max-width: 800px) 100vw, 800px\" class=\"project-img-gallery\" data-no-retina=\"\" \/><\/div><figcaption><div class=\"portfolio-hover-main text-center\"><div class=\"portfolio-hover-box vertical-align-middle\"><div class=\"portfolio-icon\"><a href=\"https:\/\/oruralcomopaisagem.com.br\/atlas\/wp-content\/uploads\/2017\/08\/800x1600-ph.jpg\" class=\"gallery-link\" data-group=\"pofo-lightbox-1\"  title=\"pofo 800&#215;1600-ph\"><i class=\"ti-zoom-in text-white fa-2x\" aria-hidden=\"true\"><\/i><\/a><\/div><\/div><\/div><\/figcaption><figure><\/li><\/ul><\/div><div class=\"tab-pane fade\" id=\"pofotabitem-21697208438-2-25-1\"><ul  class=\"portfolio-grid hover-option10 metro-gallery lightbox-portfolio work-3col gutter-medium\"><li class=\"grid-sizer\"><\/li><li class=\"grid-item\"><figure><div class=\"portfolio-img pofo-portfolio-page-background bg-black\"><img loading=\"lazy\" decoding=\"async\" src=\"https:\/\/oruralcomopaisagem.com.br\/atlas\/wp-content\/uploads\/2017\/08\/850x1000-ph.jpg\"  alt=\"\" width=\"850\" height=\"1000\" sizes=\"(max-width: 850px) 100vw, 850px\" class=\"project-img-gallery\" data-no-retina=\"\" \/><\/div><figcaption><div class=\"portfolio-hover-main text-center\"><div class=\"portfolio-hover-box vertical-align-middle\"><div class=\"portfolio-icon\"><a href=\"https:\/\/oruralcomopaisagem.com.br\/atlas\/wp-content\/uploads\/2017\/08\/850x1000-ph.jpg\" class=\"gallery-link\" data-group=\"pofo-lightbox-2\"  title=\"pofo 850&#215;1000-ph\"><i class=\"ti-zoom-in text-white fa-2x\" aria-hidden=\"true\"><\/i><\/a><\/div><\/div><\/div><\/figcaption><figure><\/li><\/ul><\/div><\/div><\/div><\/div><\/div><\/div><\/div><\/div><\/section><div class=\"vc_row-full-width vc_clearfix\"><\/div><section id=\"texto\" data-vc-full-width=\"true\" data-vc-full-width-init=\"false\" class=\"vc_row wpb_row vc_row-fluid  vc_custom_1697208513334 vc_row-has-fill pofo-stretch-content pofo-stretch-row-container vc_row-o-content-middle vc_row-flex pofo-row-responsive-69d97a7959330\"><div class=\"wpb_column vc_column_container vc_col-sm-12  col-xs-mobile-fullwidth wow fadeInUp pofo-column-responsive-69d97a7959373\"><div class=\"vc_column-inner \"><div class=\"wpb_wrapper\">[vc_raw_html]JTNDZGl2JTIwc3R5bGUlM0QlMjItd2Via2l0LWNvbHVtbnMlM0ElMjAzJTIwMzAwcHglM0ItbW96LWNvbHVtbnMlM0ElMjAzJTIwMzAwcHglM0IlMjAlMjBjb2x1bW5zJTNBJTIwMyUyMDMwMHB4JTNCJTIwLXdlYmtpdC1jb2x1bW4tZ2FwJTNBJTIwNGVtJTNCJTIwLW1vei1jb2x1bW4tZ2FwJTNBJTIwNGVtJTNCJTIwY29sdW1uLWdhcCUzQSUyMDRlbSUzQiUyMC13ZWJraXQtY29sdW1uLXJ1bGUlM0ElMjAxcHglMjBkb3R0ZWQlMjAlMjMyYzJjMmMlM0IlMjAtbW96LWNvbHVtbi1ydWxlJTNBJTIwMXB4JTIwZG90dGVkJTIwJTIzMmMyYzJjJTNCJTIwY29sdW1uLXJ1bGUlM0ElMjAxcHglMjBkb3R0ZWQlMjAlMjMyYzJjMmMlM0IlMjIlM0UlMEElMEElM0NzcGFuJTIwY2xhc3MlM0QlMjJ0ZXh0LWV4dHJhLWxhcmdlJTIwbWFyZ2luLTI1cHgtYm90dG9tJTIwZGlzcGxheS1pbmxpbmUtYmxvY2slMjBhbHQtZm9udCUyMGhlYWRpbmctc3R5bGUzJTIwcG9mby1idXR0b24tcmVzcG9uc2l2ZS02MmIyM2E3MTVlNDViJTIwJTIwaGVhZGluZy0xJTIyJTIwJTIwc3R5bGUlM0QlMjJjb2xvciUzQSUyMCUyM2ZmZmZmZiUzQiUyMiUzRU1lbmRlcyUzQyUyRnNwYW4lM0UlMEElMEElM0NkaXYlMjBjbGFzcyUzRCUyMnZjX3NlcGFyYXRvciUyMHdwYl9jb250ZW50X2VsZW1lbnQlMjB2Y19zZXBhcmF0b3JfYWxpZ25fY2VudGVyJTIwdmNfc2VwX3dpZHRoXzEwMCUyMHZjX3NlcF9wb3NfYWxpZ25fbGVmdCUyMHZjX3NlcGFyYXRvcl9ub190ZXh0JTIwdmNfY3VzdG9tXzE2MzM1NTI5NDA1MDglMjAlMjB2Y19jdXN0b21fMTYzMzU1Mjk0MDUwOCUyMHNlcGFyYXRvci1saW5lLWhvcnJpem9udGFsLW1lZGl1bS1saWdodDMlMjIlMjAlM0UlM0NzcGFuJTIwY2xhc3MlM0QlMjJ2Y19zZXBfaG9sZGVyJTIwdmNfc2VwX2hvbGRlcl9sJTIyJTNFJTNDc3BhbiUyMCUyMHN0eWxlJTNEJTIyYm9yZGVyLWNvbG9yJTNBJTIzYTMyZjJmJTNCJTIyJTIwY2xhc3MlM0QlMjJ2Y19zZXBfbGluZSUyMiUzRSUzQyUyRnNwYW4lM0UlM0MlMkZzcGFuJTNFJTNDc3BhbiUyMGNsYXNzJTNEJTIydmNfc2VwX2hvbGRlciUyMHZjX3NlcF9ob2xkZXJfciUyMiUzRSUzQ3NwYW4lMjAlMjBzdHlsZSUzRCUyMmJvcmRlci1jb2xvciUzQSUyM2EzMmYyZiUzQiUyMiUyMGNsYXNzJTNEJTIydmNfc2VwX2xpbmUlMjIlM0UlM0MlMkZzcGFuJTNFJTNDJTJGc3BhbiUzRSUwQSUzQyUyRmRpdiUzRSUwQSUwQSUzQ3AlMjBjbGFzcyUzRCUyMm1hcmdpbi0yNXB4LXRvcCUyMiUzRUElMjBoaXN0JUMzJUIzcmlhJTIwZG8lMjBtdW5pYyVDMyVBRHBpbyUyMGRlJTIwTWVuZGVzJTIwcmVtb250YSUyMG8lMjBpbiVDMyVBRGNpbyUyMGRvJTIwcyVDMyVBOWN1bG8lMjBYWCUyMHF1YW5kbyUyMHNlJTIwZXN0YWJlbGVjZXUlMjBjb21vJTIwdW0lMjByYW5jaG8lMjBwYXJhJTIwcG91c28lMjBkZSUyMHRyb3BhcyUyMGVyZ3VpZG8lMjAlQzMlQTBzJTIwbWFyZ2VucyUyMGRvJTIwQ2FtaW5obyUyME5vdm8lMjBkbyUyMFRpbmd1JUMzJUExJTJDJTIwbnVtJTIwYXRhbGhvJTIwcXVlJTIwbGlnYXZhJTIwYSUyMGFsZGVpYSUyMGRlJTIwVmFsZW4lQzMlQTdhJTIwJUMzJUEwJTIwY2lkYWRlJTIwZG8lMjBSaW8lMjBkZSUyMEphbmVpcm8uJTIwU3VhJTIwaGlzdCVDMyVCM3JpYSUyMGVzdCVDMyVBMSUyMGRpcmV0YW1lbnRlJTIwbGlnYWRhJTIwJUMzJUEwJTIwZGlzdHJpYnVpJUMzJUE3JUMzJUEzbyUyMGRlJTIwdGVycmFzJTIwZGUlMjBzZXNtYXJpYXMlMjBlJTIwYW8lMjBkZXNtZW1icmFtZW50byUyMGRhJTIwZ3JhbmRlJTIwRmF6ZW5kYSUyMGRlJTIwU2FudGElMjBDcnV6JTJDJTIwYW8lMjBsb25nbyUyMGRhJTIwc3VhJTIwaGlzdCVDMyVCM3JpYSUyMGolQzMlQTElMjBmb2klMjBwYXJ0ZSUyMGRlJTIwUGlyYSVDMyVBRCUyQyUyMFZhc3NvdXJhcyUyMGUlMjBCYXJyYSUyMGRvJTIwUGlyYSVDMyVBRCUyQyUyMG1hcyUyQyUyMGVtJTIwZnVuJUMzJUE3JUMzJUEzbyUyMGRlJTIwc2V1JTIwY3Jlc2NpbWVudG8lMjBlY29uJUMzJUI0bWljbyUyQyUyMGNvbnNlZ3VpdSUyMGVtYW5jaXBhJUMzJUE3JUMzJUEzbyUyMGVtJTIwMTk1Mi4lM0MlMkZwJTNFJTBBJTBBJTNDcCUzRURpc3RhbnRlJTIwZGElMjBjYXBpdGFsJTIwY2VyY2ElMjBkZSUyMDk2a20lMjB0ZW5kbyUyMGNvbW8lMjByZWZlciVDMyVBQW5jaWElMjBhJTIwUkolMjAxMjclMkMlMjBNZW5kZXMlMjBwZXJ0ZW5jZSUyMCVDMyVBMCUyMFJlZ2klQzMlQTNvJTIwQ2VudHJvLVN1bCUyMEZsdW1pbmVuc2UlMkMlMjBxdWUlMjB0YW1iJUMzJUE5bSUyMGFicmFuZ2UlMjBvcyUyMG11bmljJUMzJUFEcGlvcyUyMGRlJTIwQXJlYWwlMkMlMjBDb21lbmRhZG9yJTIwTGV2eSUyMEdhc3BhcmlhbiUyQyUyMEVuZ2VuaGVpcm8lMjBQYXVsbyUyMGRlJTIwRnJvbnRpbiUyQyUyME1pZ3VlbCUyMFBlcmVpcmElMkMlMjBQYXJhJUMzJUFEYmElMjBkbyUyMFN1bCUyQyUyMFBhdHklMjBkbyUyMEFsZmVyZXMlMkMlMjBTYXB1Y2FpYSUyQyUyMFRyJUMzJUFBcyUyMFJpb3MlMjBlJTIwVmFzc291cmFzLiUyMEVtJTIwc2V1cyUyMDk1JTJDMzI0JTIwa20lQzIlQjIlMjBkZSUyMGV4dGVucyVDMyVBM28lMkMlMjBNZW5kZXMlMjBmYXolMjBsaW1pdGVzJTIwY29tJTIwQmFycmElMjBkbyUyMFBpcmElQzMlQUQlMkMlMjBFbmdlbmhlaXJvJTIwUGF1bG8lMjBkZSUyMEZyb250aW4lMkMlMjBQYXJhY2FtYmklMkMlMjBQaXJhJUMzJUFEJTIwZSUyMFZhc3NvdXJhcy4lMjBTdWElMjBwb3B1bGElQzMlQTclQzMlQTNvJTIwJUMzJUE5JTIwZGUlMjAxNy41MDIlMjBwZXNzb2FzJTIwZGUlMjBhY29yZG8lMjBjb20lMjBvcyUyMGRhZG9zJTIwZG8lMjBjZW5zbyUyMHBvcHVsYWNpb25hbCUyMGRlJTIwMjAyMiUyQyUyMGNvbSUyMHJlbmRhJTIwYnJ1dGElMjBkZSUyMFIlMjQlMjAxNDYuMTY4LjM3NiUyQzE0JTJDJTIwdW0lMjBwcm9kdXRvJTIwaW50ZXJubyUyMGJydXRvJTIwcGVyJTIwY2FwaXRhJTIwZGUlMjBSJTI0JTIwMTkuMTQ3JTJDNDclMjBlJTIwdW0lMjAlQzMlOERuZGljZSUyMGRlJTIwZGVzZW52b2x2aW1lbnRvJTIwaHVtYW5vJTIwbXVuaWNpcGFsJTIwJUUyJTgwJTkzJTIwSURITSUyMGRlJTIwMCUyQzczNiUyMCUyODIwMTAlMjkuJTNDJTJGcCUzRSUwQSUwQSUzQ3AlM0VDb21vJTIwb3MlMjBkZW1haXMlMjBtdW5pYyVDMyVBRHBpb3MlMjBkYSUyMHJlZ2klQzMlQTNvJTIwZG8lMjBWYWxlJTIwZG8lMjBDYWYlQzMlQTklMkMlMjBNZW5kZXMlMjBwb3NzdWklMjB1bWElMjBncmFuZGUlMjByaXF1ZXphJTIwbWF0ZXJpYWwlMjBlJTIwaW1hdGVyaWFsJTJDJTIwY29tJTIwYSUyMGV4aXN0JUMzJUFBbmNpYSUyMGRlJTIwYXRyaWJ1dG9zJTIwaGlzdCVDMyVCM3JpY29zJTIwZSUyMGJlbGV6YXMlMjBuYXR1cmFpcyUyMHF1ZSUyMHRvcm5hbSUyME1lbmRlcyUyMHVtJTIwaW1wb3J0YW50ZSUyMGRlc3Rpbm8lMjB0dXIlQzMlQURzdGljby4lMjBOYSUyMGQlQzMlQTljYWRhJTIwZGUlMjAxOTUwJTIwTmElMjBkJUMzJUE5Y2FkYSUyMGRlJTIwMTk1MCUyQyUyMGElMjBjaWRhZGUlMjBmb2klMjBjbGFzc2lmaWNhZGElMjBwZWxhJTIwVW5lc2NvJTIwJTI4T3JnYW5pemElQzMlQTclQzMlQTNvJTIwZGFzJTIwTmElQzMlQTclQzMlQjVlcyUyMFVuaWRhcyUyMHBhcmElMjBhJTIwRWR1Y2ElQzMlQTclQzMlQTNvJTJDJTIwQ2klQzMlQUFuY2lhJTIwZSUyMEN1bHR1cmElMjklMjBjb21vJTIwbyUyMHF1YXJ0byUyMG1lbGhvciUyMGNsaW1hJTIwZG8lMjBtdW5kbyUyQyUyMG8lMjBxdWUlMjBhY2Fib3UlMjBjcmlhbmRvJTIwdW1hJTIwbWVuJUMzJUE3JUMzJUEzbyUyMHF1ZSUyMHBlcm1hbmVjZSUyMGF0JUMzJUE5JTIwb3MlMjBkaWFzJTIwZGUlMjBob2plLiUyMCVDMyU4OSUyMGZ1bmRhbWVudGFsJTIwcmVnaXN0cmFyJTIwcXVlJTIwYXR1YWxtZW50ZSUyQyUyMG8lMjBtdW5pYyVDMyVBRHBpbyUyMGRlc2Vudm9sdmUlMjBhdGl2aWRhZGVzJTIwcnVyYWlzJTIwcXVlJTIwcGVybWl0ZW0lMjBjb25zaWRlcmEtbG8lMjBjb21vJTIwJUUyJTgwJTlDdW0lMjBwb3NzJUMzJUFEdmVsJTIwZGVzdGlubyUyMGRlJTIwdHVyaXNtbyUyMHJ1cmFsJUUyJTgwJTlEJTIwY29tbyUyMGElMjBwcm9kdSVDMyVBNyVDMyVBM28lMjBkZSUyMGxhdGljJUMzJUFEbmlvcyUyMG9yZyVDMyVBMm5pY28lMkMlMjBjb2xoZSUyMGUlMjBwYWd1ZSUyMGVtJTIwcGxhbnRhJUMzJUE3JUMzJUEzbyUyMG9yZyVDMyVBMm5pY2ElMjBkZSUyMHZlcmR1cmFzJTJDJTIwbGVndW1lcyUyQyUyMHBsYW50YXMlMjBhbGltZW50JUMzJUFEY2lhcyUyMG4lQzMlQTNvJTIwY29udmVuY2lvbmFpcyUyMCUyOFBhbmMlMjklMkMlMjBmcnV0YXMlMjBlJTIwYSUyMHByb2R1JUMzJUE3JUMzJUEzbyUyMGRlJTIwY29ndW1lbG8lMjBzaGlpdGFrZS4lM0MlMkZwJTNFJTBBJTNDJTJGZGl2JTNF[\/vc_raw_html]<\/div><\/div><\/div><\/section><div class=\"vc_row-full-width vc_clearfix\"><\/div>\n","protected":false},"excerpt":{"rendered":"[vc_single_image image=\"23498\" img_size=\"full\" css_animation=\"left-to-right\" css=\".vc_custom_1748550264842{padding-right: 35px !important;}\"]Mendes [vc_separator color=\"white\" align=\"align_left\" el_class=\"separator-line-horrizontal-medium-light3\"]A hist\u00f3ria do munic\u00edpio de Mendes remonta o in\u00edcio do s\u00e9culo XX quando se estabeleceu como um rancho para pouso de tropas erguido \u00e0s margens do Caminho Novo do Tingu\u00e1, num atalho que ligava a aldeia de Valen\u00e7a \u00e0 cidade do Rio de Janeiro. Sua hist\u00f3ria est\u00e1 diretamente ligada \u00e0 distribui\u00e7\u00e3o de terras de sesmarias... [ + ] [vc_raw_html]JTVCaW5jbHVkZW1lJTIwZmlsZSUzRCUyMiUyRm1hcGFzJTJGdmFsZS1jYWZlJTJGc3ZnLW1hcGEtcmotdmFsZS1jYWZlLW1lbmRlcy5odG1sJTIyJTVE[\/vc_raw_html]S\u00edtio Paioti, M\u00e3idi e TionadiFazenda Entresserros[vc_raw_html]JTNDZGl2JTIwc3R5bGUlM0QlMjItd2Via2l0LWNvbHVtbnMlM0ElMjAzJTIwMzAwcHglM0ItbW96LWNvbHVtbnMlM0ElMjAzJTIwMzAwcHglM0IlMjAlMjBjb2x1bW5zJTNBJTIwMyUyMDMwMHB4JTNCJTIwLXdlYmtpdC1jb2x1bW4tZ2FwJTNBJTIwNGVtJTNCJTIwLW1vei1jb2x1bW4tZ2FwJTNBJTIwNGVtJTNCJTIwY29sdW1uLWdhcCUzQSUyMDRlbSUzQiUyMC13ZWJraXQtY29sdW1uLXJ1bGUlM0ElMjAxcHglMjBkb3R0ZWQlMjAlMjMyYzJjMmMlM0IlMjAtbW96LWNvbHVtbi1ydWxlJTNBJTIwMXB4JTIwZG90dGVkJTIwJTIzMmMyYzJjJTNCJTIwY29sdW1uLXJ1bGUlM0ElMjAxcHglMjBkb3R0ZWQlMjAlMjMyYzJjMmMlM0IlMjIlM0UlMEElMEElM0NzcGFuJTIwY2xhc3MlM0QlMjJ0ZXh0LWV4dHJhLWxhcmdlJTIwbWFyZ2luLTI1cHgtYm90dG9tJTIwZGlzcGxheS1pbmxpbmUtYmxvY2slMjBhbHQtZm9udCUyMGhlYWRpbmctc3R5bGUzJTIwcG9mby1idXR0b24tcmVzcG9uc2l2ZS02MmIyM2E3MTVlNDViJTIwJTIwaGVhZGluZy0xJTIyJTIwJTIwc3R5bGUlM0QlMjJjb2xvciUzQSUyMCUyM2ZmZmZmZiUzQiUyMiUzRU1lbmRlcyUzQyUyRnNwYW4lM0UlMEElMEElM0NkaXYlMjBjbGFzcyUzRCUyMnZjX3NlcGFyYXRvciUyMHdwYl9jb250ZW50X2VsZW1lbnQlMjB2Y19zZXBhcmF0b3JfYWxpZ25fY2VudGVyJTIwdmNfc2VwX3dpZHRoXzEwMCUyMHZjX3NlcF9wb3NfYWxpZ25fbGVmdCUyMHZjX3NlcGFyYXRvcl9ub190ZXh0JTIwdmNfY3VzdG9tXzE2MzM1NTI5NDA1MDglMjAlMjB2Y19jdXN0b21fMTYzMzU1Mjk0MDUwOCUyMHNlcGFyYXRvci1saW5lLWhvcnJpem9udGFsLW1lZGl1bS1saWdodDMlMjIlMjAlM0UlM0NzcGFuJTIwY2xhc3MlM0QlMjJ2Y19zZXBfaG9sZGVyJTIwdmNfc2VwX2hvbGRlcl9sJTIyJTNFJTNDc3BhbiUyMCUyMHN0eWxlJTNEJTIyYm9yZGVyLWNvbG9yJTNBJTIzYTMyZjJmJTNCJTIyJTIwY2xhc3MlM0QlMjJ2Y19zZXBfbGluZSUyMiUzRSUzQyUyRnNwYW4lM0UlM0MlMkZzcGFuJTNFJTNDc3BhbiUyMGNsYXNzJTNEJTIydmNfc2VwX2hvbGRlciUyMHZjX3NlcF9ob2xkZXJfciUyMiUzRSUzQ3NwYW4lMjAlMjBzdHlsZSUzRCUyMmJvcmRlci1jb2xvciUzQSUyM2EzMmYyZiUzQiUyMiUyMGNsYXNzJTNEJTIydmNfc2VwX2xpbmUlMjIlM0UlM0MlMkZzcGFuJTNFJTNDJTJGc3BhbiUzRSUwQSUzQyUyRmRpdiUzRSUwQSUwQSUzQ3AlMjBjbGFzcyUzRCUyMm1hcmdpbi0yNXB4LXRvcCUyMiUzRUElMjBoaXN0JUMzJUIzcmlhJTIwZG8lMjBtdW5pYyVDMyVBRHBpbyUyMGRlJTIwTWVuZGVzJTIwcmVtb250YSUyMG8lMjBpbiVDMyVBRGNpbyUyMGRvJTIwcyVDMyVBOWN1bG8lMjBYWCUyMHF1YW5kbyUyMHNlJTIwZXN0YWJlbGVjZXUlMjBjb21vJTIwdW0lMjByYW5jaG8lMjBwYXJhJTIwcG91c28lMjBkZSUyMHRyb3BhcyUyMGVyZ3VpZG8lMjAlQzMlQTBzJTIwbWFyZ2VucyUyMGRvJTIwQ2FtaW5obyUyME5vdm8lMjBkbyUyMFRpbmd1JUMzJUExJTJDJTIwbnVtJTIwYXRhbGhvJTIwcXVlJTIwbGlnYXZhJTIwYSUyMGFsZGVpYSUyMGRlJTIwVmFsZW4lQzMlQTdhJTIwJUMzJUEwJTIwY2lkYWRlJTIwZG8lMjBSaW8lMjBkZSUyMEphbmVpcm8uJTIwU3VhJTIwaGlzdCVDMyVCM3JpYSUyMGVzdCVDMyVBMSUyMGRpcmV0YW1lbnRlJTIwbGlnYWRhJTIwJUMzJUEwJTIwZGlzdHJpYnVpJUMzJUE3JUMzJUEzbyUyMGRlJTIwdGVycmFzJTIwZGUlMjBzZXNtYXJpYXMlMjBlJTIwYW8lMjBkZXNtZW1icmFtZW50byUyMGRhJTIwZ3JhbmRlJTIwRmF6ZW5kYSUyMGRlJTIwU2FudGElMjBDcnV6JTJDJTIwYW8lMjBsb25nbyUyMGRhJTIwc3VhJTIwaGlzdCVDMyVCM3JpYSUyMGolQzMlQTElMjBmb2klMjBwYXJ0ZSUyMGRlJTIwUGlyYSVDMyVBRCUyQyUyMFZhc3NvdXJhcyUyMGUlMjBCYXJyYSUyMGRvJTIwUGlyYSVDMyVBRCUyQyUyMG1hcyUyQyUyMGVtJTIwZnVuJUMzJUE3JUMzJUEzbyUyMGRlJTIwc2V1JTIwY3Jlc2NpbWVudG8lMjBlY29uJUMzJUI0bWljbyUyQyUyMGNvbnNlZ3VpdSUyMGVtYW5jaXBhJUMzJUE3JUMzJUEzbyUyMGVtJTIwMTk1Mi4lM0MlMkZwJTNFJTBBJTBBJTNDcCUzRURpc3RhbnRlJTIwZGElMjBjYXBpdGFsJTIwY2VyY2ElMjBkZSUyMDk2a20lMjB0ZW5kbyUyMGNvbW8lMjByZWZlciVDMyVBQW5jaWElMjBhJTIwUkolMjAxMjclMkMlMjBNZW5kZXMlMjBwZXJ0ZW5jZSUyMCVDMyVBMCUyMFJlZ2klQzMlQTNvJTIwQ2VudHJvLVN1bCUyMEZsdW1pbmVuc2UlMkMlMjBxdWUlMjB0YW1iJUMzJUE5bSUyMGFicmFuZ2UlMjBvcyUyMG11bmljJUMzJUFEcGlvcyUyMGRlJTIwQXJlYWwlMkMlMjBDb21lbmRhZG9yJTIwTGV2eSUyMEdhc3BhcmlhbiUyQyUyMEVuZ2VuaGVpcm8lMjBQYXVsbyUyMGRlJTIwRnJvbnRpbiUyQyUyME1pZ3VlbCUyMFBlcmVpcmElMkMlMjBQYXJhJUMzJUFEYmElMjBkbyUyMFN1bCUyQyUyMFBhdHklMjBkbyUyMEFsZmVyZXMlMkMlMjBTYXB1Y2FpYSUyQyUyMFRyJUMzJUFBcyUyMFJpb3MlMjBlJTIwVmFzc291cmFzLiUyMEVtJTIwc2V1cyUyMDk1JTJDMzI0JTIwa20lQzIlQjIlMjBkZSUyMGV4dGVucyVDMyVBM28lMkMlMjBNZW5kZXMlMjBmYXolMjBsaW1pdGVzJTIwY29tJTIwQmFycmElMjBkbyUyMFBpcmElQzMlQUQlMkMlMjBFbmdlbmhlaXJvJTIwUGF1bG8lMjBkZSUyMEZyb250aW4lMkMlMjBQYXJhY2FtYmklMkMlMjBQaXJhJUMzJUFEJTIwZSUyMFZhc3NvdXJhcy4lMjBTdWElMjBwb3B1bGElQzMlQTclQzMlQTNvJTIwJUMzJUE5JTIwZGUlMjAxNy41MDIlMjBwZXNzb2FzJTIwZGUlMjBhY29yZG8lMjBjb20lMjBvcyUyMGRhZG9zJTIwZG8lMjBjZW5zbyUyMHBvcHVsYWNpb25hbCUyMGRlJTIwMjAyMiUyQyUyMGNvbSUyMHJlbmRhJTIwYnJ1dGElMjBkZSUyMFIlMjQlMjAxNDYuMTY4LjM3NiUyQzE0JTJDJTIwdW0lMjBwcm9kdXRvJTIwaW50ZXJubyUyMGJydXRvJTIwcGVyJTIwY2FwaXRhJTIwZGUlMjBSJTI0JTIwMTkuMTQ3JTJDNDclMjBlJTIwdW0lMjAlQzMlOERuZGljZSUyMGRlJTIwZGVzZW52b2x2aW1lbnRvJTIwaHVtYW5vJTIwbXVuaWNpcGFsJTIwJUUyJTgwJTkzJTIwSURITSUyMGRlJTIwMCUyQzczNiUyMCUyODIwMTAlMjkuJTNDJTJGcCUzRSUwQSUwQSUzQ3AlM0VDb21vJTIwb3MlMjBkZW1haXMlMjBtdW5pYyVDMyVBRHBpb3MlMjBkYSUyMHJlZ2klQzMlQTNvJTIwZG8lMjBWYWxlJTIwZG8lMjBDYWYlQzMlQTklMkMlMjBNZW5kZXMlMjBwb3NzdWklMjB1bWElMjBncmFuZGUlMjByaXF1ZXphJTIwbWF0ZXJpYWwlMjBlJTIwaW1hdGVyaWFsJTJDJTIwY29tJTIwYSUyMGV4aXN0JUMzJUFBbmNpYSUyMGRlJTIwYXRyaWJ1dG9zJTIwaGlzdCVDMyVCM3JpY29zJTIwZSUyMGJlbGV6YXMlMjBuYXR1cmFpcyUyMHF1ZSUyMHRvcm5hbSUyME1lbmRlcyUyMHVtJTIwaW1wb3J0YW50ZSUyMGRlc3Rpbm8lMjB0dXIlQzMlQURzdGljby4lMjBOYSUyMGQlQzMlQTljYWRhJTIwZGUlMjAxOTUwJTIwTmElMjBkJUMzJUE5Y2FkYSUyMGRlJTIwMTk1MCUyQyUyMGElMjBjaWRhZGUlMjBmb2klMjBjbGFzc2lmaWNhZGElMjBwZWxhJTIwVW5lc2NvJTIwJTI4T3JnYW5pemElQzMlQTclQzMlQTNvJTIwZGFzJTIwTmElQzMlQTclQzMlQjVlcyUyMFVuaWRhcyUyMHBhcmElMjBhJTIwRWR1Y2ElQzMlQTclQzMlQTNvJTJDJTIwQ2klQzMlQUFuY2lhJTIwZSUyMEN1bHR1cmElMjklMjBjb21vJTIwbyUyMHF1YXJ0byUyMG1lbGhvciUyMGNsaW1hJTIwZG8lMjBtdW5kbyUyQyUyMG8lMjBxdWUlMjBhY2Fib3UlMjBjcmlhbmRvJTIwdW1hJTIwbWVuJUMzJUE3JUMzJUEzbyUyMHF1ZSUyMHBlcm1hbmVjZSUyMGF0JUMzJUE5JTIwb3MlMjBkaWFzJTIwZGUlMjBob2plLiUyMCVDMyU4OSUyMGZ1bmRhbWVudGFsJTIwcmVnaXN0cmFyJTIwcXVlJTIwYXR1YWxtZW50ZSUyQyUyMG8lMjBtdW5pYyVDMyVBRHBpbyUyMGRlc2Vudm9sdmUlMjBhdGl2aWRhZGVzJTIwcnVyYWlzJTIwcXVlJTIwcGVybWl0ZW0lMjBjb25zaWRlcmEtbG8lMjBjb21vJTIwJUUyJTgwJTlDdW0lMjBwb3NzJUMzJUFEdmVsJTIwZGVzdGlubyUyMGRlJTIwdHVyaXNtbyUyMHJ1cmFsJUUyJTgwJTlEJTIwY29tbyUyMGElMjBwcm9kdSVDMyVBNyVDMyVBM28lMjBkZSUyMGxhdGljJUMzJUFEbmlvcyUyMG9yZyVDMyVBMm5pY28lMkMlMjBjb2xoZSUyMGUlMjBwYWd1ZSUyMGVtJTIwcGxhbnRhJUMzJUE3JUMzJUEzbyUyMG9yZyVDMyVBMm5pY2ElMjBkZSUyMHZlcmR1cmFzJTJDJTIwbGVndW1lcyUyQyUyMHBsYW50YXMlMjBhbGltZW50JUMzJUFEY2lhcyUyMG4lQzMlQTNvJTIwY29udmVuY2lvbmFpcyUyMCUyOFBhbmMlMjklMkMlMjBmcnV0YXMlMjBlJTIwYSUyMHByb2R1JUMzJUE3JUMzJUEzbyUyMGRlJTIwY29ndW1lbG8lMjBzaGlpdGFrZS4lM0MlMkZwJTNFJTBBJTNDJTJGZGl2JTNF[\/vc_raw_html]","protected":false},"author":1,"featured_media":0,"parent":22929,"menu_order":0,"comment_status":"closed","ping_status":"closed","template":"","meta":{"inline_featured_image":false,"footnotes":""},"class_list":["post-23423","page","type-page","status-publish","hentry"],"_links":{"self":[{"href":"https:\/\/oruralcomopaisagem.com.br\/atlas\/wp-json\/wp\/v2\/pages\/23423"}],"collection":[{"href":"https:\/\/oruralcomopaisagem.com.br\/atlas\/wp-json\/wp\/v2\/pages"}],"about":[{"href":"https:\/\/oruralcomopaisagem.com.br\/atlas\/wp-json\/wp\/v2\/types\/page"}],"author":[{"embeddable":true,"href":"https:\/\/oruralcomopaisagem.com.br\/atlas\/wp-json\/wp\/v2\/users\/1"}],"replies":[{"embeddable":true,"href":"https:\/\/oruralcomopaisagem.com.br\/atlas\/wp-json\/wp\/v2\/comments?post=23423"}],"version-history":[{"count":5,"href":"https:\/\/oruralcomopaisagem.com.br\/atlas\/wp-json\/wp\/v2\/pages\/23423\/revisions"}],"predecessor-version":[{"id":24006,"href":"https:\/\/oruralcomopaisagem.com.br\/atlas\/wp-json\/wp\/v2\/pages\/23423\/revisions\/24006"}],"up":[{"embeddable":true,"href":"https:\/\/oruralcomopaisagem.com.br\/atlas\/wp-json\/wp\/v2\/pages\/22929"}],"wp:attachment":[{"href":"https:\/\/oruralcomopaisagem.com.br\/atlas\/wp-json\/wp\/v2\/media?parent=23423"}],"curies":[{"name":"wp","href":"https:\/\/api.w.org\/{rel}","templated":true}]}}