{"id":23561,"date":"2025-05-30T11:46:04","date_gmt":"2025-05-30T14:46:04","guid":{"rendered":"https:\/\/oruralcomopaisagem.com.br\/atlas\/?page_id=23561"},"modified":"2025-05-30T12:14:49","modified_gmt":"2025-05-30T15:14:49","slug":"equipe","status":"publish","type":"page","link":"https:\/\/oruralcomopaisagem.com.br\/atlas\/equipe\/","title":{"rendered":"Equipe"},"content":{"rendered":"<section id=\"about\" data-vc-full-width=\"true\" data-vc-full-width-init=\"false\" class=\"vc_row wpb_row vc_row-fluid  vc_custom_1652718388994 wow fadeIn vc_row-has-fill pofo-stretch-content pofo-stretch-row-container pofo-row-responsive-69d97bb11b231\"><div class=\"wpb_column vc_column_container vc_col-sm-12 vc_col-xs-12 pofo-column-responsive-69d97bb11b290\"><div class=\"vc_column-inner \"><div class=\"wpb_wrapper\"><div class=\" vc_custom_1748616443523 last-paragraph-no-margin\" style=\"color: #ffffff;\"><p><span class=\"alt-font text-large width-100 line-height-40 display-table-cell vertical-align-middle\" style=\"font-size: 33px;\">Equipe Atlas das Paisagens Rurais<\/span><\/p>\n<\/div>[vc_separator color=&#8221;custom&#8221; align=&#8221;align_left&#8221; el_class=&#8221;separator-line-horrizontal-medium-light3&#8243; accent_color=&#8221;#ff355f&#8221;]<div class=\" vc_custom_1748618086802 last-paragraph-no-margin\" style=\"color: #ffffff;\"><\/div><\/div><\/div><\/div><\/section><div class=\"vc_row-full-width vc_clearfix\"><\/div><section data-vc-full-width=\"true\" data-vc-full-width-init=\"false\" class=\"vc_row wpb_row vc_row-fluid  vc_custom_1652725750748 wow fadeIn vc_column-gap-20 pofo-stretch-content pofo-stretch-row-container pofo-row-responsive-69d97bb11b340\"><div class=\"wpb_column vc_column_container vc_col-sm-3  col-xs-mobile-fullwidth\"><div class=\"vc_column-inner \"><div class=\"wpb_wrapper\"><div class=\"position-relative featurebox24-1 featurebox24 pofo-featurebox\" ><i class=\"link-icon margin-15px-bottom text-deep-pink fas fa-user-check icon-medium\"><\/i><div class=\"feature-content\"><span class=\"text-medium text-extra-dark-gray font-weight-600 display-inline-block margin-5px-bottom alt-font\">Glaucio Jose Marafon<\/span><div class=\"last-paragraph-no-margin\"><p>(organizador)<\/p>\n<\/div><\/div><\/div>[vc_separator color=&#8221;custom&#8221; align=&#8221;align_left&#8221; accent_color=&#8221;#e53935&#8243; el_class=&#8221;separator-line-horrizontal-medium-light3&#8243; css=&#8221;.vc_custom_1633552940508{padding-top: 25px !important;padding-bottom: 25px !important;}&#8221;]<\/div><\/div><\/div><div class=\"wpb_column vc_column_container vc_col-sm-3  col-xs-mobile-fullwidth\"><div class=\"vc_column-inner \"><div class=\"wpb_wrapper\"><div class=\"position-relative featurebox24-2 featurebox24 pofo-featurebox\" ><i class=\"link-icon margin-15px-bottom text-deep-pink fas fa-users icon-medium\"><\/i><div class=\"feature-content\"><span class=\"text-medium text-extra-dark-gray font-weight-600 display-inline-block margin-5px-bottom alt-font\">Autores<\/span><div class=\"last-paragraph-no-margin\"><p>Carlos Augusto dos santos Silva<br \/>\nCharbelly\u00a0 Estrella<br \/>\nGlaucio Jose Marafon<br \/>\nGustavo Bezerra de Brito<br \/>\nJos\u00e9 Silvan Borborema Ara\u00fajo<br \/>\nLuiz Carlos de Oliveira Lopes<br \/>\nS\u00e9rgio Monzato de Freitas J\u00fanior<\/p>\n<\/div><\/div><\/div>[vc_separator color=&#8221;custom&#8221; align=&#8221;align_left&#8221; accent_color=&#8221;#e53935&#8243; el_class=&#8221;separator-line-horrizontal-medium-light3&#8243; css=&#8221;.vc_custom_1633552940508{padding-top: 25px !important;padding-bottom: 25px !important;}&#8221;]<\/div><\/div><\/div><div class=\"wpb_column vc_column_container vc_col-sm-3  col-xs-mobile-fullwidth\"><div class=\"vc_column-inner \"><div class=\"wpb_wrapper\">[vc_empty_space height=&#8221;70px&#8221;]<\/div><\/div><\/div><div class=\"wpb_column vc_column_container vc_col-sm-3  col-xs-mobile-fullwidth\"><div class=\"vc_column-inner \"><div class=\"wpb_wrapper\"><\/div><\/div><\/div><div class=\"wpb_column vc_column_container vc_col-sm-3  col-xs-mobile-fullwidth\"><div class=\"vc_column-inner \"><div class=\"wpb_wrapper\"><\/div><\/div><\/div><div class=\"wpb_column vc_column_container vc_col-sm-3  col-xs-mobile-fullwidth\"><div class=\"vc_column-inner \"><div class=\"wpb_wrapper\"><\/div><\/div><\/div><div class=\"wpb_column vc_column_container vc_col-sm-3  col-xs-mobile-fullwidth\"><div class=\"vc_column-inner \"><div class=\"wpb_wrapper\"><\/div><\/div><\/div><\/section><div class=\"vc_row-full-width vc_clearfix\"><\/div>\n","protected":false},"excerpt":{"rendered":"Equipe Atlas das Paisagens Rurais [vc_separator color=\"custom\" align=\"align_left\" el_class=\"separator-line-horrizontal-medium-light3\" accent_color=\"#ff355f\"]Glaucio Jose Marafon(organizador) [vc_separator color=\"custom\" align=\"align_left\" accent_color=\"#e53935\" el_class=\"separator-line-horrizontal-medium-light3\" css=\".vc_custom_1633552940508{padding-top: 25px !important;padding-bottom: 25px !important;}\"]AutoresCarlos Augusto dos santos Silva Charbelly\u00a0 Estrella Glaucio Jose Marafon Gustavo Bezerra de Brito Jos\u00e9 Silvan Borborema Ara\u00fajo Luiz Carlos de Oliveira Lopes S\u00e9rgio Monzato de Freitas J\u00fanior [vc_separator color=\"custom\" align=\"align_left\" accent_color=\"#e53935\" el_class=\"separator-line-horrizontal-medium-light3\" css=\".vc_custom_1633552940508{padding-top: 25px !important;padding-bottom: 25px !important;}\"][vc_empty_space height=\"70px\"]","protected":false},"author":1,"featured_media":0,"parent":0,"menu_order":0,"comment_status":"closed","ping_status":"closed","template":"","meta":{"inline_featured_image":false,"footnotes":""},"class_list":["post-23561","page","type-page","status-publish","hentry"],"_links":{"self":[{"href":"https:\/\/oruralcomopaisagem.com.br\/atlas\/wp-json\/wp\/v2\/pages\/23561"}],"collection":[{"href":"https:\/\/oruralcomopaisagem.com.br\/atlas\/wp-json\/wp\/v2\/pages"}],"about":[{"href":"https:\/\/oruralcomopaisagem.com.br\/atlas\/wp-json\/wp\/v2\/types\/page"}],"author":[{"embeddable":true,"href":"https:\/\/oruralcomopaisagem.com.br\/atlas\/wp-json\/wp\/v2\/users\/1"}],"replies":[{"embeddable":true,"href":"https:\/\/oruralcomopaisagem.com.br\/atlas\/wp-json\/wp\/v2\/comments?post=23561"}],"version-history":[{"count":8,"href":"https:\/\/oruralcomopaisagem.com.br\/atlas\/wp-json\/wp\/v2\/pages\/23561\/revisions"}],"predecessor-version":[{"id":23569,"href":"https:\/\/oruralcomopaisagem.com.br\/atlas\/wp-json\/wp\/v2\/pages\/23561\/revisions\/23569"}],"wp:attachment":[{"href":"https:\/\/oruralcomopaisagem.com.br\/atlas\/wp-json\/wp\/v2\/media?parent=23561"}],"curies":[{"name":"wp","href":"https:\/\/api.w.org\/{rel}","templated":true}]}}